{"id":16004,"date":"2024-01-28T00:42:39","date_gmt":"2024-01-27T23:42:39","guid":{"rendered":"https:\/\/www.dein-stellplatz.de\/mitarbeiter-bei-dein-stellplatz\/"},"modified":"2025-03-31T22:57:14","modified_gmt":"2025-03-31T20:57:14","slug":"mitarbeiter-bei-dein-stellplatz","status":"publish","type":"page","link":"https:\/\/www.dein-stellplatz.de\/pl\/mitarbeiter-bei-dein-stellplatz\/","title":{"rendered":"Pracownicy w Dein Stellplatz"},"content":{"rendered":"<p>W Dein Stellplatz przywi\u0105zujemy du\u017c\u0105 wag\u0119 do osobistej obs\u0142ugi i dba\u0142o\u015bci o klienta. Nasi pracownicy s\u0105 na miejscu przez ca\u0142\u0105 dob\u0119, 24 godziny na dob\u0119, 7 dni w tygodniu, aby zapewni\u0107 wsparcie przez ca\u0142y czas i odpowiedzie\u0107 na pytania. Ten wysoki poziom osobistej obecno\u015bci i zorientowania na klienta odr\u00f3\u017cnia nas od wielu innych dostawc\u00f3w parking\u00f3w, kt\u00f3rzy w coraz wi\u0119kszym stopniu polegaj\u0105 na automatyzacji.<\/p>\n<p>&nbsp;<\/p>\n<h2>Obs\u0142uga na miejscu 24\/7<\/h2>\n<p><strong>Sta\u0142a dost\u0119pno\u015b\u0107:<\/strong> Nasi pracownicy na miejscu s\u0105 dost\u0119pni o ka\u017cdej porze dnia i nocy, aby zapewni\u0107 p\u0142ynne dzia\u0142anie i reagowa\u0107 na potrzeby naszych klient\u00f3w. Dotyczy to zar\u00f3wno naszej g\u0142\u00f3wnej lokalizacji P1, jak i innych parking\u00f3w.<\/p>\n<p><strong>Bezpiecze\u0144stwo i nadz\u00f3r:<\/strong> Opr\u00f3cz obs\u0142ugi klienta, nasi pracownicy monitoruj\u0105 r\u00f3wnie\u017c parkingi, zar\u00f3wno osobi\u015bcie, jak i za po\u015brednictwem monitoringu wideo. Zapewnia to naszym klientom dodatkowe bezpiecze\u0144stwo i spok\u00f3j ducha.<\/p>\n<p>&nbsp;<\/p>\n<h3>Obs\u0142uga biurowa i komunikacja<\/h3>\n<p><strong>Godziny pracy biura:<\/strong> Nasze biuro jest obs\u0142ugiwane od poniedzia\u0142ku do pi\u0105tku w godzinach od 9:00 do 17:30. W tym czasie jeste\u015bmy dost\u0119pni za po\u015brednictwem wszystkich kana\u0142\u00f3w komunikacji (telefon, czat na \u017cywo, e-mail).<\/p>\n<p><strong>Obs\u0142uga klienta w weekendy:<\/strong> Odpowiadamy r\u00f3wnie\u017c na wiadomo\u015bci e-mail w weekendy, aby zapewni\u0107 wsparcie poza regularnymi godzinami pracy.<\/p>\n<p>&nbsp;<\/p>\n<h3>Nasze zaanga\u017cowanie w spersonalizowan\u0105 obs\u0142ug\u0119<\/h3>\n<p>W Dein Stellplatz jeste\u015bmy dumni z zapewniania wysokiego standardu spersonalizowanej obs\u0142ugi i dba\u0142o\u015bci o klienta. Nasi pracownicy s\u0105 sercem naszych us\u0142ug i s\u0105 pod r\u0119k\u0105, aby uczyni\u0107 parkowanie i podr\u00f3\u017cowanie tak przyjemnym i bezstresowym, jak to tylko mo\u017cliwe.<\/p>\n<p>Niezale\u017cnie od tego, czy masz pytania, potrzebujesz wsparcia, czy po prostu chcesz wiedzie\u0107, \u017ce kto\u015b wys\u0142ucha Twoich obaw &#8211; nasz zesp\u00f3\u0142 jest zawsze do Twojej dyspozycji!<\/p>\n<p>&nbsp;<\/p>","protected":false},"excerpt":{"rendered":"<p>W Dein Stellplatz przywi\u0105zujemy du\u017c\u0105 wag\u0119 do osobistej obs\u0142ugi i dba\u0142o\u015bci o klienta. Nasi pracownicy s\u0105 na miejscu przez ca\u0142\u0105 dob\u0119, 24 godziny na dob\u0119, 7 dni w tygodniu, aby zapewni\u0107 wsparcie przez ca\u0142y czas i odpowiedzie\u0107 na pytania. Ten wysoki poziom osobistej obecno\u015bci i zorientowania na klienta odr\u00f3\u017cnia nas od wielu innych dostawc\u00f3w parking\u00f3w, [&hellip;]<\/p>\n","protected":false},"author":1,"featured_media":0,"parent":0,"menu_order":145,"comment_status":"closed","ping_status":"closed","template":"","meta":{"footnotes":""},"_links":{"self":[{"href":"https:\/\/www.dein-stellplatz.de\/pl\/wp-json\/wp\/v2\/pages\/16004"}],"collection":[{"href":"https:\/\/www.dein-stellplatz.de\/pl\/wp-json\/wp\/v2\/pages"}],"about":[{"href":"https:\/\/www.dein-stellplatz.de\/pl\/wp-json\/wp\/v2\/types\/page"}],"author":[{"embeddable":true,"href":"https:\/\/www.dein-stellplatz.de\/pl\/wp-json\/wp\/v2\/users\/1"}],"replies":[{"embeddable":true,"href":"https:\/\/www.dein-stellplatz.de\/pl\/wp-json\/wp\/v2\/comments?post=16004"}],"version-history":[{"count":1,"href":"https:\/\/www.dein-stellplatz.de\/pl\/wp-json\/wp\/v2\/pages\/16004\/revisions"}],"predecessor-version":[{"id":18392,"href":"https:\/\/www.dein-stellplatz.de\/pl\/wp-json\/wp\/v2\/pages\/16004\/revisions\/18392"}],"wp:attachment":[{"href":"https:\/\/www.dein-stellplatz.de\/pl\/wp-json\/wp\/v2\/media?parent=16004"}],"curies":[{"name":"wp","href":"https:\/\/api.w.org\/{rel}","templated":true}]}}