{"id":16003,"date":"2024-01-28T00:41:11","date_gmt":"2024-01-27T23:41:11","guid":{"rendered":"https:\/\/www.dein-stellplatz.de\/metro-kundenrabatt-bei-dein-stellplatz\/"},"modified":"2025-03-31T22:57:14","modified_gmt":"2025-03-31T20:57:14","slug":"metro-kundenrabatt-bei-dein-stellplatz","status":"publish","type":"page","link":"https:\/\/www.dein-stellplatz.de\/pl\/metro-kundenrabatt-bei-dein-stellplatz\/","title":{"rendered":"Zni\u017cka dla klient\u00f3w METRO w Dein Stellplatz"},"content":{"rendered":"<p>Dla posiadaczy karty klienta METRO oferujemy atrakcyjn\u0105 zni\u017ck\u0119 w wysoko\u015bci 10% na ka\u017cd\u0105 rezerwacj\u0119 na Dein Stellplatz. Zni\u017cka ta jest wyrazem uznania dla klient\u00f3w METRO i stanowi doskona\u0142\u0105 okazj\u0119 do zaoszcz\u0119dzenia na op\u0142atach parkingowych.<\/p>\n<p>&nbsp;<\/p>\n<h2>Jak zrealizowa\u0107 zni\u017ck\u0119 METRO<\/h2>\n<p><strong>Wpis w polu komentarzy:<\/strong> Aby skorzysta\u0107 ze zni\u017cki METRO, wystarczy wpisa\u0107 w polu komentarzy formularza rezerwacji, \u017ce jeste\u015b klientem METRO. Ten krok ma kluczowe znaczenie dla uzyskania zni\u017cki.<\/p>\n<p><strong>Wybierz metod\u0119 p\u0142atno\u015bci:<\/strong> Jako metod\u0119 p\u0142atno\u015bci wybierz got\u00f3wk\u0119 w dniu przyjazdu lub przedp\u0142at\u0119. Po sfinalizowaniu rezerwacji otrzymasz potwierdzenie rezerwacji e-mailem z informacj\u0105 o obni\u017conej kwocie p\u0142atno\u015bci.<\/p>\n<p>&nbsp;<\/p>\n<h3>Wa\u017cne uwagi dotycz\u0105ce zni\u017cki METRO<\/h3>\n<p><strong>Okazanie karty klienta METRO:<\/strong> W dniu przyjazdu nale\u017cy okaza\u0107 kart\u0119 klienta METRO. Wa\u017cne jest, aby osoba dokonuj\u0105ca rezerwacji by\u0142a posiadaczem karty klienta METRO.<\/p>\n<p><strong>Brak mo\u017cliwo\u015bci \u0142\u0105czenia z innymi zni\u017ckami:<\/strong> Zni\u017cki METRO nie mo\u017cna \u0142\u0105czy\u0107 z innymi zni\u017ckami. Gwarantuje to, \u017ce zni\u017cka jest zarezerwowana wy\u0142\u0105cznie dla klient\u00f3w METRO.<\/p>\n<p>&nbsp;<\/p>\n<h3>Nasze zobowi\u0105zanie wobec klient\u00f3w METRO<\/h3>\n<p>Jako partner METRO, w Dein Stellplatz staramy si\u0119 oferowa\u0107 klientom METRO specjalne korzy\u015bci i uznanie. Zni\u017cka METRO jest cz\u0119\u015bci\u0105 naszego zobowi\u0105zania do oferowania klientom doskona\u0142ego stosunku jako\u015bci do ceny oraz przyjemnego parkowania i podr\u00f3\u017cowania. Skorzystaj z tej korzy\u015bci i ciesz si\u0119 wygod\u0105 i bezpiecze\u0144stwem naszych parking\u00f3w po obni\u017conej cenie.<\/p>\n<p>&nbsp;<\/p>","protected":false},"excerpt":{"rendered":"<p>Dla posiadaczy karty klienta METRO oferujemy atrakcyjn\u0105 zni\u017ck\u0119 w wysoko\u015bci 10% na ka\u017cd\u0105 rezerwacj\u0119 na Dein Stellplatz. Zni\u017cka ta jest wyrazem uznania dla klient\u00f3w METRO i stanowi doskona\u0142\u0105 okazj\u0119 do zaoszcz\u0119dzenia na op\u0142atach parkingowych. &nbsp; Jak zrealizowa\u0107 zni\u017ck\u0119 METRO Wpis w polu komentarzy: Aby skorzysta\u0107 ze zni\u017cki METRO, wystarczy wpisa\u0107 w polu komentarzy formularza rezerwacji, [&hellip;]<\/p>\n","protected":false},"author":1,"featured_media":0,"parent":0,"menu_order":138,"comment_status":"closed","ping_status":"closed","template":"","meta":{"footnotes":""},"_links":{"self":[{"href":"https:\/\/www.dein-stellplatz.de\/pl\/wp-json\/wp\/v2\/pages\/16003"}],"collection":[{"href":"https:\/\/www.dein-stellplatz.de\/pl\/wp-json\/wp\/v2\/pages"}],"about":[{"href":"https:\/\/www.dein-stellplatz.de\/pl\/wp-json\/wp\/v2\/types\/page"}],"author":[{"embeddable":true,"href":"https:\/\/www.dein-stellplatz.de\/pl\/wp-json\/wp\/v2\/users\/1"}],"replies":[{"embeddable":true,"href":"https:\/\/www.dein-stellplatz.de\/pl\/wp-json\/wp\/v2\/comments?post=16003"}],"version-history":[{"count":1,"href":"https:\/\/www.dein-stellplatz.de\/pl\/wp-json\/wp\/v2\/pages\/16003\/revisions"}],"predecessor-version":[{"id":18390,"href":"https:\/\/www.dein-stellplatz.de\/pl\/wp-json\/wp\/v2\/pages\/16003\/revisions\/18390"}],"wp:attachment":[{"href":"https:\/\/www.dein-stellplatz.de\/pl\/wp-json\/wp\/v2\/media?parent=16003"}],"curies":[{"name":"wp","href":"https:\/\/api.w.org\/{rel}","templated":true}]}}