{"id":15998,"date":"2024-01-28T00:32:40","date_gmt":"2024-01-27T23:32:40","guid":{"rendered":"https:\/\/www.dein-stellplatz.de\/lohnt-sich-das-parken-bei-dein-stellplatz\/"},"modified":"2025-03-31T22:57:14","modified_gmt":"2025-03-31T20:57:14","slug":"lohnt-sich-das-parken-bei-dein-stellplatz","status":"publish","type":"page","link":"https:\/\/www.dein-stellplatz.de\/pl\/lohnt-sich-das-parken-bei-dein-stellplatz\/","title":{"rendered":"Czy warto parkowa\u0107 przy Dein Stellplatz?"},"content":{"rendered":"<p>Na pytanie, czy warto parkowa\u0107 na Dein Stellplatz, mo\u017cna odpowiedzie\u0107 twierdz\u0105co. Nasza us\u0142uga oferuje wiele zalet w por\u00f3wnaniu z oficjalnym parkingiem lotniskowym, dzi\u0119ki czemu parkowanie z nami jest nie tylko wygodne, ale tak\u017ce op\u0142acalne i bezpieczne. Oferujemy bezstresowe rozwi\u0105zanie do parkowania na lotnisku BER, dzi\u0119ki czemu mo\u017cesz w pe\u0142ni skoncentrowa\u0107 si\u0119 na podr\u00f3\u017cy.<\/p>\n<p>&nbsp;<\/p>\n<h2>Zalety parkowania na Dein Stellplatz<\/h2>\n<p><strong>Efektywno\u015b\u0107 kosztowa:<\/strong> Nasze stawki parkingowe s\u0105 konkurencyjne i cz\u0119sto ta\u0144sze ni\u017c na oficjalnych parkingach lotniskowych, zw\u0142aszcza w przypadku wcze\u015bniejszej rezerwacji. Oferujemy elastyczne stawki, kt\u00f3re dostosowuj\u0105 si\u0119 do popytu, dzi\u0119ki czemu zawsze otrzymujesz najlepszy stosunek jako\u015bci do ceny.<\/p>\n<p><strong>Bezpiecze\u0144stwo:<\/strong> Bezpiecze\u0144stwo Twoje i Twojego pojazdu jest naszym najwy\u017cszym priorytetem. Nasze parkingi s\u0105 obj\u0119te ca\u0142odobowym nadzorem wideo i regularnie obs\u0142ugiwane przez personel, co zapewnia dodatkowe bezpiecze\u0144stwo i spok\u00f3j ducha.<\/p>\n<p><strong>Wygodny transport wahad\u0142owy:<\/strong> Nasz bezp\u0142atny transport wahad\u0142owy zabierze Ci\u0119 szybko i wygodnie z parkingu na lotnisko BER i z powrotem w zaledwie kilka minut. Regularne godziny odjazdu naszych autobus\u00f3w wahad\u0142owych zapewniaj\u0105, \u017ce zawsze dotrzesz na czas na sw\u00f3j lot.<\/p>\n<p><strong>Elastyczne opcje parkowania:<\/strong> Oferujemy r\u00f3\u017cne opcje parkowania, w tym standardowe, komfortowe i XXL miejsca parkingowe, a tak\u017ce specjalne obszary dla pojazd\u00f3w elektrycznych. Mo\u017cesz wi\u0119c wybra\u0107 parking, kt\u00f3ry najlepiej odpowiada Twojemu pojazdowi i Twoim potrzebom.<\/p>\n<p><strong>Dodatkowe us\u0142ugi:<\/strong> Skorzystaj z naszych dodatkowych us\u0142ug, takich jak mycie pojazdu lub us\u0142uga \u0142adowania samochod\u00f3w elektrycznych, aby podr\u00f3\u017c by\u0142a jeszcze przyjemniejsza.<\/p>\n<p><strong>Obs\u0142uga zorientowana na klienta:<\/strong> W Dein Stellplatz nasz zesp\u00f3\u0142 obs\u0142ugi klienta jest zawsze pod r\u0119k\u0105, aby odpowiedzie\u0107 na wszelkie pytania lub w\u0105tpliwo\u015bci. Staramy si\u0119 zapewni\u0107 sprawn\u0105 i przyjemn\u0105 obs\u0142ug\u0119, kt\u00f3ra charakteryzuje si\u0119 tym, \u017ce jest szczeg\u00f3lnie przyjazna dla rodzin. Naszym celem jest zapewnienie wszystkim naszym klientom &#8211; od os\u00f3b indywidualnych po rodziny &#8211; bezstresowego i wygodnego parkowania i podr\u00f3\u017cowania.<\/p>\n<p>&nbsp;<\/p>","protected":false},"excerpt":{"rendered":"<p>Na pytanie, czy warto parkowa\u0107 na Dein Stellplatz, mo\u017cna odpowiedzie\u0107 twierdz\u0105co. Nasza us\u0142uga oferuje wiele zalet w por\u00f3wnaniu z oficjalnym parkingiem lotniskowym, dzi\u0119ki czemu parkowanie z nami jest nie tylko wygodne, ale tak\u017ce op\u0142acalne i bezpieczne. Oferujemy bezstresowe rozwi\u0105zanie do parkowania na lotnisku BER, dzi\u0119ki czemu mo\u017cesz w pe\u0142ni skoncentrowa\u0107 si\u0119 na podr\u00f3\u017cy. &nbsp; Zalety [&hellip;]<\/p>\n","protected":false},"author":1,"featured_media":0,"parent":0,"menu_order":130,"comment_status":"closed","ping_status":"closed","template":"","meta":{"footnotes":""},"_links":{"self":[{"href":"https:\/\/www.dein-stellplatz.de\/pl\/wp-json\/wp\/v2\/pages\/15998"}],"collection":[{"href":"https:\/\/www.dein-stellplatz.de\/pl\/wp-json\/wp\/v2\/pages"}],"about":[{"href":"https:\/\/www.dein-stellplatz.de\/pl\/wp-json\/wp\/v2\/types\/page"}],"author":[{"embeddable":true,"href":"https:\/\/www.dein-stellplatz.de\/pl\/wp-json\/wp\/v2\/users\/1"}],"replies":[{"embeddable":true,"href":"https:\/\/www.dein-stellplatz.de\/pl\/wp-json\/wp\/v2\/comments?post=15998"}],"version-history":[{"count":1,"href":"https:\/\/www.dein-stellplatz.de\/pl\/wp-json\/wp\/v2\/pages\/15998\/revisions"}],"predecessor-version":[{"id":18388,"href":"https:\/\/www.dein-stellplatz.de\/pl\/wp-json\/wp\/v2\/pages\/15998\/revisions\/18388"}],"wp:attachment":[{"href":"https:\/\/www.dein-stellplatz.de\/pl\/wp-json\/wp\/v2\/media?parent=15998"}],"curies":[{"name":"wp","href":"https:\/\/api.w.org\/{rel}","templated":true}]}}