{"id":15996,"date":"2024-01-28T00:29:53","date_gmt":"2024-01-27T23:29:53","guid":{"rendered":"https:\/\/www.dein-stellplatz.de\/lage-der-parkplaetze\/"},"modified":"2025-03-31T22:57:14","modified_gmt":"2025-03-31T20:57:14","slug":"lage-der-parkplaetze","status":"publish","type":"page","link":"https:\/\/www.dein-stellplatz.de\/pl\/lage-der-parkplaetze\/","title":{"rendered":"Lokalizacja parking\u00f3w"},"content":{"rendered":"<p>Nasze parkingi lotniskowe z \u0142\u0105cznie ponad 2100 miejscami parkingowymi dla lotniska BER znajduj\u0105 si\u0119 w Berlin-Bohnsdorf, zaledwie kilka kilometr\u00f3w od lotniska Berlin Brandenburg. Parkingi przy Dein Stellplatz, P1 i P2, oferuj\u0105 idealne opcje parkowania w pobli\u017cu lotniska Berlin Brandenburg (BER). Ta korzystna lokalizacja naszych parking\u00f3w oferuje liczne korzy\u015bci, zw\u0142aszcza je\u015bli chodzi o wygod\u0119 i szybki dost\u0119p do lotniska.<\/p>\n<p>&nbsp;<\/p>\n<h2>Parking P1<\/h2>\n<p><strong>Adres:<\/strong> Hufenweg 16, 12526 Berlin<\/p>\n<p><strong>Lokalizacja:<\/strong> Parking P1 znajduje si\u0119 w Berlin-Bohnsdorf, zaledwie kilka kilometr\u00f3w od lotniska BER. \u0141atwo do niego dojecha\u0107 autostrad\u0105 A113 lub A117 oraz drog\u0105 federaln\u0105 96a.<\/p>\n<p><strong>Cechy szczeg\u00f3lne:<\/strong> Ten parking oferuje wygodny i bezpieczny parking dla podr\u00f3\u017cnych korzystaj\u0105cych z lotniska BER. Dost\u0119pny jest tu r\u00f3wnie\u017c parking strze\u017cony, gdzie mo\u017cna odda\u0107 pojazd bezpo\u015brednio na lotnisku.<\/p>\n<p>&nbsp;<\/p>\n<h2>Parking P2<\/h2>\n<p><strong>Adres:<\/strong> Gr\u00fcnauer Stra\u00dfe 5, 12529 Sch\u00f6nefeld OT Waltersdorf<\/p>\n<p><strong>Lokalizacja:<\/strong> Parking P2 r\u00f3wnie\u017c znajduje si\u0119 w pobli\u017cu lotniska i mo\u017cna do niego dojecha\u0107 autostradami A113 i A117 oraz ulic\u0105 Gr\u00fcnauer Stra\u00dfe. Ta lokalizacja sprawia, \u017ce jest to wygodna opcja dla podr\u00f3\u017cnych.<\/p>\n<p><strong>Cechy szczeg\u00f3lne:<\/strong> P2 oferuje podobnie wygodne i bezpieczne rozwi\u0105zanie parkingowe jak P1 i jest idealny dla podr\u00f3\u017cnych szukaj\u0105cych szybkiego po\u0142\u0105czenia z lotniskiem BER.<\/p>\n<p>&nbsp;<\/p>\n<h3>Zalety lokalizacji parking\u00f3w<\/h3>\n<p><strong>Blisko\u015b\u0107 lotniska:<\/strong> Oba parkingi znajduj\u0105 si\u0119 w bezpo\u015brednim s\u0105siedztwie lotniska BER, co umo\u017cliwia kr\u00f3tki czas transferu na lotnisko.<\/p>\n<p><strong>\u0141atwy dojazd:<\/strong> Dzi\u0119ki dobrym po\u0142\u0105czeniom z autostradami i g\u0142\u00f3wnymi drogami dojazd do obu parking\u00f3w jest prosty.<\/p>\n<p><strong>Bezpiecze\u0144stwo i wygoda:<\/strong> Oba parkingi oferuj\u0105 wysokie standardy bezpiecze\u0144stwa i wygod\u0119, w tym regularny nadz\u00f3r i transfer na lotnisko.<\/p>\n<p>&nbsp;<\/p>\n<h3>Nawigacja i rezerwacja<\/h3>\n<p>Aby \u0142atwo nawigowa\u0107 do naszych parking\u00f3w, mo\u017cesz skorzysta\u0107 z planowania trasy GoogleMaps do parkingu P1 lub P2. Alternatywnie, nasza aplikacja Dein Stellplatz jest dost\u0119pna bezp\u0142atnie, aby rezerwacja parkingu by\u0142a jeszcze wygodniejsza. Nasze parkingi s\u0105 doskona\u0142ym wyborem dla podr\u00f3\u017cnych, kt\u00f3rzy ceni\u0105 sobie bezpiecze\u0144stwo, wygod\u0119 i szybki dost\u0119p do lotniska.<\/p>\n<p>&nbsp;<\/p>","protected":false},"excerpt":{"rendered":"<p>Nasze parkingi lotniskowe z \u0142\u0105cznie ponad 2100 miejscami parkingowymi dla lotniska BER znajduj\u0105 si\u0119 w Berlin-Bohnsdorf, zaledwie kilka kilometr\u00f3w od lotniska Berlin Brandenburg. Parkingi przy Dein Stellplatz, P1 i P2, oferuj\u0105 idealne opcje parkowania w pobli\u017cu lotniska Berlin Brandenburg (BER). Ta korzystna lokalizacja naszych parking\u00f3w oferuje liczne korzy\u015bci, zw\u0142aszcza je\u015bli chodzi o wygod\u0119 i szybki [&hellip;]<\/p>\n","protected":false},"author":1,"featured_media":0,"parent":0,"menu_order":125,"comment_status":"closed","ping_status":"closed","template":"","meta":{"footnotes":""},"_links":{"self":[{"href":"https:\/\/www.dein-stellplatz.de\/pl\/wp-json\/wp\/v2\/pages\/15996"}],"collection":[{"href":"https:\/\/www.dein-stellplatz.de\/pl\/wp-json\/wp\/v2\/pages"}],"about":[{"href":"https:\/\/www.dein-stellplatz.de\/pl\/wp-json\/wp\/v2\/types\/page"}],"author":[{"embeddable":true,"href":"https:\/\/www.dein-stellplatz.de\/pl\/wp-json\/wp\/v2\/users\/1"}],"replies":[{"embeddable":true,"href":"https:\/\/www.dein-stellplatz.de\/pl\/wp-json\/wp\/v2\/comments?post=15996"}],"version-history":[{"count":1,"href":"https:\/\/www.dein-stellplatz.de\/pl\/wp-json\/wp\/v2\/pages\/15996\/revisions"}],"predecessor-version":[{"id":18385,"href":"https:\/\/www.dein-stellplatz.de\/pl\/wp-json\/wp\/v2\/pages\/15996\/revisions\/18385"}],"wp:attachment":[{"href":"https:\/\/www.dein-stellplatz.de\/pl\/wp-json\/wp\/v2\/media?parent=15996"}],"curies":[{"name":"wp","href":"https:\/\/api.w.org\/{rel}","templated":true}]}}