{"id":15995,"date":"2024-01-28T00:27:18","date_gmt":"2024-01-27T23:27:18","guid":{"rendered":"https:\/\/www.dein-stellplatz.de\/ladesaeule-ladeservice\/"},"modified":"2025-03-31T22:57:14","modified_gmt":"2025-03-31T20:57:14","slug":"ladesaeule-ladeservice","status":"publish","type":"page","link":"https:\/\/www.dein-stellplatz.de\/pl\/ladesaeule-ladeservice\/","title":{"rendered":"Stacja \u0142adowania \/ us\u0142uga \u0142adowania"},"content":{"rendered":"<p>W Dein Stellplatz oferujemy kompleksow\u0105 us\u0142ug\u0119 \u0142adowania pojazd\u00f3w elektrycznych, kt\u00f3ra umo\u017cliwia pe\u0142ne na\u0142adowanie pojazdu elektrycznego podczas nieobecno\u015bci. Us\u0142uga ta jest idealna dla podr\u00f3\u017cuj\u0105cych samochodami elektrycznymi, kt\u00f3rzy ceni\u0105 sobie wygod\u0119 i wydajno\u015b\u0107.<\/p>\n<p>&nbsp;<\/p>\n<h2>Opcje dla pojazd\u00f3w elektrycznych<\/h2>\n<p><strong>Bezpo\u015brednia rezerwacja w strefie elektrycznej:<\/strong> Mo\u017cesz zarezerwowa\u0107 specjalne miejsce parkingowe w strefie dla pojazd\u00f3w elektrycznych. Us\u0142uga ta obejmuje nie tylko bezpieczny parking i nasz niezawodny transfer na lotnisko, ale tak\u017ce pe\u0142ne \u0142adowanie pojazdu elektrycznego.<\/p>\n<p><strong>Us\u0142uga \u0142adowania jako rozszerzenie:<\/strong> Je\u015bli zarezerwujesz zwyk\u0142y parking, masz mo\u017cliwo\u015b\u0107 zarezerwowania us\u0142ugi \u0142adowania jako dodatkowego rozszerzenia. Zapewnimy wtedy, \u017ce pojazd b\u0119dzie w pe\u0142ni na\u0142adowany i gotowy do jazdy po powrocie.<\/p>\n<p>&nbsp;<\/p>\n<h3>Nasze zaanga\u017cowanie na rzecz Twojej wygody<\/h3>\n<p><strong>Beztroskie podr\u00f3\u017cowanie:<\/strong> Dzi\u0119ki naszej us\u0142udze \u0142adowania mo\u017cesz podr\u00f3\u017cowa\u0107 spokojnie, poniewa\u017c my zajmiemy si\u0119 \u0142adowaniem Twojego pojazdu elektrycznego. Wr\u00f3cisz do w pe\u0142ni na\u0142adowanego samochodu, gotowego do podr\u00f3\u017cy do domu.<\/p>\n<p><strong>Wydajno\u015b\u0107 i wygoda:<\/strong> Nasza us\u0142uga \u0142adowania zosta\u0142a zaprojektowana tak, aby zapewni\u0107 maksymaln\u0105 wydajno\u015b\u0107 i wygod\u0119. Oszcz\u0119dzasz czas i energi\u0119, poniewa\u017c nie musisz martwi\u0107 si\u0119 o \u0142adowanie pojazdu.<\/p>\n<p><strong>Rezerwacja online:<\/strong> Podczas rezerwacji online wystarczy wybra\u0107 us\u0142ug\u0119 \u0142adowania jako opcj\u0119, aby zapewni\u0107 \u0142adowanie pojazdu elektrycznego podczas podr\u00f3\u017cy.<\/p>\n<p><strong>Elastyczno\u015b\u0107:<\/strong> Niezale\u017cnie od tego, czy zdecydujesz si\u0119 na dedykowany parking elektryczny, czy dodasz us\u0142ug\u0119 \u0142adowania jako ulepszenie do zwyk\u0142ego parkingu, oferujemy elastyczno\u015b\u0107, kt\u00f3ra najlepiej odpowiada Twoim potrzebom.<\/p>\n<p>W Dein Stellplatz naszym celem jest zapewnienie beztroskiego parkowania. Nasza us\u0142uga \u0142adowania pojazd\u00f3w elektrycznych jest kolejnym krokiem w tym kierunku, oferuj\u0105c nowoczesne rozwi\u0105zania dla wsp\u00f3\u0142czesnych potrzeb.<\/p>\n<p>&nbsp;<\/p>","protected":false},"excerpt":{"rendered":"<p>W Dein Stellplatz oferujemy kompleksow\u0105 us\u0142ug\u0119 \u0142adowania pojazd\u00f3w elektrycznych, kt\u00f3ra umo\u017cliwia pe\u0142ne na\u0142adowanie pojazdu elektrycznego podczas nieobecno\u015bci. Us\u0142uga ta jest idealna dla podr\u00f3\u017cuj\u0105cych samochodami elektrycznymi, kt\u00f3rzy ceni\u0105 sobie wygod\u0119 i wydajno\u015b\u0107. &nbsp; Opcje dla pojazd\u00f3w elektrycznych Bezpo\u015brednia rezerwacja w strefie elektrycznej: Mo\u017cesz zarezerwowa\u0107 specjalne miejsce parkingowe w strefie dla pojazd\u00f3w elektrycznych. Us\u0142uga ta obejmuje nie [&hellip;]<\/p>\n","protected":false},"author":1,"featured_media":0,"parent":0,"menu_order":123,"comment_status":"closed","ping_status":"closed","template":"","meta":{"footnotes":""},"_links":{"self":[{"href":"https:\/\/www.dein-stellplatz.de\/pl\/wp-json\/wp\/v2\/pages\/15995"}],"collection":[{"href":"https:\/\/www.dein-stellplatz.de\/pl\/wp-json\/wp\/v2\/pages"}],"about":[{"href":"https:\/\/www.dein-stellplatz.de\/pl\/wp-json\/wp\/v2\/types\/page"}],"author":[{"embeddable":true,"href":"https:\/\/www.dein-stellplatz.de\/pl\/wp-json\/wp\/v2\/users\/1"}],"replies":[{"embeddable":true,"href":"https:\/\/www.dein-stellplatz.de\/pl\/wp-json\/wp\/v2\/comments?post=15995"}],"version-history":[{"count":1,"href":"https:\/\/www.dein-stellplatz.de\/pl\/wp-json\/wp\/v2\/pages\/15995\/revisions"}],"predecessor-version":[{"id":18384,"href":"https:\/\/www.dein-stellplatz.de\/pl\/wp-json\/wp\/v2\/pages\/15995\/revisions\/18384"}],"wp:attachment":[{"href":"https:\/\/www.dein-stellplatz.de\/pl\/wp-json\/wp\/v2\/media?parent=15995"}],"curies":[{"name":"wp","href":"https:\/\/api.w.org\/{rel}","templated":true}]}}