{"id":15994,"date":"2024-01-28T00:25:37","date_gmt":"2024-01-27T23:25:37","guid":{"rendered":"https:\/\/www.dein-stellplatz.de\/kennzeichenerkennung\/"},"modified":"2025-03-31T22:57:14","modified_gmt":"2025-03-31T20:57:14","slug":"kennzeichenerkennung","status":"publish","type":"page","link":"https:\/\/www.dein-stellplatz.de\/pl\/kennzeichenerkennung\/","title":{"rendered":"Rozpoznawanie tablic rejestracyjnych"},"content":{"rendered":"<p>Rozpoznawanie tablic rejestracyjnych na naszym parkingu P1 jest przyk\u0142adem nowoczesnej technologii, kt\u00f3rej u\u017cywamy na Dein Stellplatz, aby zaoferowa\u0107 naszym klientom wyj\u0105tkowe i spersonalizowane wra\u017cenia z parkowania. Ta zaawansowana funkcja pomaga uczyni\u0107 proces parkowania nie tylko bardziej wydajnym, ale tak\u017ce przyjemniejszym.<\/p>\n<p>&nbsp;<\/p>\n<h2>Jak dzia\u0142a rozpoznawanie tablic rejestracyjnych<\/h2>\n<p><strong>Automatyczne otwieranie szlabanu:<\/strong> Kiedy wje\u017cd\u017casz na nasz parking P1, system automatycznie rozpoznaje tablice rejestracyjne Twojego pojazdu. Nast\u0119pnie szlaban otwiera si\u0119 bez konieczno\u015bci r\u0119cznego wprowadzania danych, umo\u017cliwiaj\u0105c p\u0142ynny i szybki dost\u0119p do naszego parkingu lotniskowego.<\/p>\n<p><strong>Spersonalizowane powitanie:<\/strong> Po rozpoznaniu pojazdu na ekranie powitalnym pojawia si\u0119 imi\u0119 i nazwisko klienta. To spersonalizowane powitanie nadaje naszej us\u0142udze osobisty charakter i zapewnia ciep\u0142e powitanie, gdy tylko pojazd wjedzie na parking.<\/p>\n<p>&nbsp;<\/p>\n<h3>Zalety rozpoznawania tablic rejestracyjnych<\/h3>\n<p><strong>Spersonalizowane powitanie:<\/strong> rozpoznawanie tablic rejestracyjnych umo\u017cliwia naszym pracownikom powitanie klienta bezpo\u015brednio po imieniu. To spersonalizowane podej\u015bcie jest bardzo cenione przez naszych klient\u00f3w i przyczynia si\u0119 do pozytywnego rozpocz\u0119cia podr\u00f3\u017cy.<\/p>\n<p><strong>Wydajno\u015b\u0107 i wygoda:<\/strong> Automatyczne rozpoznawanie pojazdu przyspiesza proces parkowania i zwi\u0119ksza wygod\u0119 po przyje\u017adzie.<\/p>\n<p>&nbsp;<\/p>\n<h3>Nasze zaanga\u017cowanie w nowoczesn\u0105 technologi\u0119<\/h3>\n<p>W Dein Stellplatz stawiamy na innowacje i najnowocze\u015bniejsze technologie, aby zapewni\u0107 wyj\u0105tkowe wra\u017cenia z parkowania. Wprowadzenie rozpoznawania tablic rejestracyjnych na naszym parkingu P1 jest doskona\u0142ym przyk\u0142adem naszego zaanga\u017cowania w bycie w czo\u0142\u00f3wce rozwoju technologicznego w zakresie us\u0142ug parkingowych. Staramy si\u0119 nie tylko stale ulepsza\u0107 nasze us\u0142ugi, ale tak\u017ce by\u0107 wiod\u0105cym i najbardziej zaawansowanym dostawc\u0105 parking\u00f3w na lotnisku Berlin Brandenburg (BER).<\/p>","protected":false},"excerpt":{"rendered":"<p>Rozpoznawanie tablic rejestracyjnych na naszym parkingu P1 jest przyk\u0142adem nowoczesnej technologii, kt\u00f3rej u\u017cywamy na Dein Stellplatz, aby zaoferowa\u0107 naszym klientom wyj\u0105tkowe i spersonalizowane wra\u017cenia z parkowania. Ta zaawansowana funkcja pomaga uczyni\u0107 proces parkowania nie tylko bardziej wydajnym, ale tak\u017ce przyjemniejszym. &nbsp; Jak dzia\u0142a rozpoznawanie tablic rejestracyjnych Automatyczne otwieranie szlabanu: Kiedy wje\u017cd\u017casz na nasz parking P1, [&hellip;]<\/p>\n","protected":false},"author":1,"featured_media":0,"parent":0,"menu_order":110,"comment_status":"closed","ping_status":"closed","template":"","meta":{"footnotes":""},"_links":{"self":[{"href":"https:\/\/www.dein-stellplatz.de\/pl\/wp-json\/wp\/v2\/pages\/15994"}],"collection":[{"href":"https:\/\/www.dein-stellplatz.de\/pl\/wp-json\/wp\/v2\/pages"}],"about":[{"href":"https:\/\/www.dein-stellplatz.de\/pl\/wp-json\/wp\/v2\/types\/page"}],"author":[{"embeddable":true,"href":"https:\/\/www.dein-stellplatz.de\/pl\/wp-json\/wp\/v2\/users\/1"}],"replies":[{"embeddable":true,"href":"https:\/\/www.dein-stellplatz.de\/pl\/wp-json\/wp\/v2\/comments?post=15994"}],"version-history":[{"count":1,"href":"https:\/\/www.dein-stellplatz.de\/pl\/wp-json\/wp\/v2\/pages\/15994\/revisions"}],"predecessor-version":[{"id":18365,"href":"https:\/\/www.dein-stellplatz.de\/pl\/wp-json\/wp\/v2\/pages\/15994\/revisions\/18365"}],"wp:attachment":[{"href":"https:\/\/www.dein-stellplatz.de\/pl\/wp-json\/wp\/v2\/media?parent=15994"}],"curies":[{"name":"wp","href":"https:\/\/api.w.org\/{rel}","templated":true}]}}