{"id":15993,"date":"2024-01-28T00:23:54","date_gmt":"2024-01-27T23:23:54","guid":{"rendered":"https:\/\/www.dein-stellplatz.de\/kundenlogin-2\/"},"modified":"2025-03-31T22:57:14","modified_gmt":"2025-03-31T20:57:14","slug":"kundenlogin-2","status":"publish","type":"page","link":"https:\/\/www.dein-stellplatz.de\/pl\/kundenlogin-2\/","title":{"rendered":"Logowanie klienta"},"content":{"rendered":"<p>Logowanie klienta na Dein Stellplatz jest centralnym elementem naszej us\u0142ugi, kt\u00f3ry umo\u017cliwia \u0142atwe i wygodne zarz\u0105dzanie rezerwacjami. Je\u015bli nie korzystasz z naszej aplikacji, login klienta na naszej stronie internetowej oferuje przyjazn\u0105 dla u\u017cytkownika platform\u0119 do zarz\u0105dzania rezerwacjami parkingowymi.<\/p>\n<p>&nbsp;<\/p>\n<h2>Funkcje logowania klienta<\/h2>\n<p><strong>Zarz\u0105dzanie rezerwacjami:<\/strong> W loginie klienta mo\u017cna szybko przegl\u0105da\u0107, zmienia\u0107 lub anulowa\u0107 istniej\u0105ce rezerwacje. Zapewnia to elastyczno\u015b\u0107 przegl\u0105dania plan\u00f3w podr\u00f3\u017cy online i dostosowywania ich w razie potrzeby.<\/p>\n<p><strong>Pobieranie faktur:<\/strong> Masz mo\u017cliwo\u015b\u0107 bezpo\u015bredniego pobrania swoich faktur. Jest to szczeg\u00f3lnie przydatne w przypadku raport\u00f3w koszt\u00f3w podr\u00f3\u017cy lub dokumentacji osobistej.<\/p>\n<p><strong>Zarz\u0105dzanie has\u0142em:<\/strong> Zarz\u0105dzaj swoim has\u0142em i upewnij si\u0119, \u017ce Twoje konto pozostaje chronione.<\/p>\n<p><strong>\u0141atwy i wygodny w u\u017cyciu:<\/strong> Logowanie klienta zosta\u0142o zaprojektowane tak, aby zapewni\u0107 przyjazne dla u\u017cytkownika do\u015bwiadczenie. Proces jest prosty, wystarczy kilka klikni\u0119\u0107, aby uzyska\u0107 wszystkie szczeg\u00f3\u0142y rezerwacji parkingu na pierwszy rzut oka.<\/p>\n<p>&nbsp;<\/p>\n<h3>Dost\u0119p do loginu klienta<\/h3>\n<p><strong>Strona internetowa:<\/strong> Odwied\u017a stron\u0119 <a href=\"https:\/\/www.dein-stellplatz.de\/pl\/kundenlogin\/\">logowania klienta<\/a> na parkingu, aby uzyska\u0107 dost\u0119p do strefy klienta. Mo\u017cna tam zalogowa\u0107 si\u0119 przy u\u017cyciu danych dost\u0119pu i zarz\u0105dza\u0107 rezerwacjami.<\/p>\n<p>&nbsp;<\/p>\n<p>&nbsp;<\/p>","protected":false},"excerpt":{"rendered":"<p>Logowanie klienta na Dein Stellplatz jest centralnym elementem naszej us\u0142ugi, kt\u00f3ry umo\u017cliwia \u0142atwe i wygodne zarz\u0105dzanie rezerwacjami. Je\u015bli nie korzystasz z naszej aplikacji, login klienta na naszej stronie internetowej oferuje przyjazn\u0105 dla u\u017cytkownika platform\u0119 do zarz\u0105dzania rezerwacjami parkingowymi. &nbsp; Funkcje logowania klienta Zarz\u0105dzanie rezerwacjami: W loginie klienta mo\u017cna szybko przegl\u0105da\u0107, zmienia\u0107 lub anulowa\u0107 istniej\u0105ce rezerwacje. [&hellip;]<\/p>\n","protected":false},"author":1,"featured_media":0,"parent":0,"menu_order":119,"comment_status":"closed","ping_status":"closed","template":"","meta":{"footnotes":""},"_links":{"self":[{"href":"https:\/\/www.dein-stellplatz.de\/pl\/wp-json\/wp\/v2\/pages\/15993"}],"collection":[{"href":"https:\/\/www.dein-stellplatz.de\/pl\/wp-json\/wp\/v2\/pages"}],"about":[{"href":"https:\/\/www.dein-stellplatz.de\/pl\/wp-json\/wp\/v2\/types\/page"}],"author":[{"embeddable":true,"href":"https:\/\/www.dein-stellplatz.de\/pl\/wp-json\/wp\/v2\/users\/1"}],"replies":[{"embeddable":true,"href":"https:\/\/www.dein-stellplatz.de\/pl\/wp-json\/wp\/v2\/comments?post=15993"}],"version-history":[{"count":1,"href":"https:\/\/www.dein-stellplatz.de\/pl\/wp-json\/wp\/v2\/pages\/15993\/revisions"}],"predecessor-version":[{"id":18382,"href":"https:\/\/www.dein-stellplatz.de\/pl\/wp-json\/wp\/v2\/pages\/15993\/revisions\/18382"}],"wp:attachment":[{"href":"https:\/\/www.dein-stellplatz.de\/pl\/wp-json\/wp\/v2\/media?parent=15993"}],"curies":[{"name":"wp","href":"https:\/\/api.w.org\/{rel}","templated":true}]}}