{"id":15992,"date":"2024-01-28T00:22:18","date_gmt":"2024-01-27T23:22:18","guid":{"rendered":"https:\/\/www.dein-stellplatz.de\/komfort-parkplatz\/"},"modified":"2025-03-31T22:57:14","modified_gmt":"2025-03-31T20:57:14","slug":"komfort-parkplatz","status":"publish","type":"page","link":"https:\/\/www.dein-stellplatz.de\/pl\/komfort-parkplatz\/","title":{"rendered":"Parking komfortowy"},"content":{"rendered":"<p>Komfortowy parking przy Dein Stellplatz to idealny wyb\u00f3r dla podr\u00f3\u017cnych, kt\u00f3rzy ceni\u0105 sobie dodatkowe bezpiecze\u0144stwo, wygod\u0119 i szybki dost\u0119p do naszych us\u0142ug. Parkingi te zosta\u0142y specjalnie zaprojektowane, aby zapewni\u0107 jeszcze przyjemniejsze parkowanie i podr\u00f3\u017cowanie.<\/p>\n<p>&nbsp;<\/p>\n<h2>Cechy parkingu komfortowego<\/h2>\n<p><strong>Zwi\u0119kszone bezpiecze\u0144stwo:<\/strong> W strefie komfortu i bezpiecze\u0144stwa mo\u017cna korzysta\u0107 z dodatkowego monitoringu wideo w jako\u015bci HD. Tw\u00f3j samoch\u00f3d jest zawsze w zasi\u0119gu wzroku, co zapewnia Ci dodatkowe bezpiecze\u0144stwo i spok\u00f3j podczas podr\u00f3\u017cy.<\/p>\n<p><strong>Wygodne wjazdy:<\/strong> Parkingi w strefie komfortu maj\u0105 szersze wjazdy, co u\u0142atwia parkowanie i wysiadanie. Jest to szczeg\u00f3lnie korzystne, je\u015bli prowadzisz wi\u0119kszy pojazd, masz na pok\u0142adzie niepor\u0119czny baga\u017c lub po prostu wolisz wi\u0119cej miejsca podczas parkowania.<\/p>\n<p><strong>Szybki dost\u0119p do autobusu wahad\u0142owego i odprawy:<\/strong> Komfortowe parkingi znajduj\u0105 si\u0119 w pierwszych rz\u0119dach, dzi\u0119ki czemu mo\u017cna przej\u015b\u0107 kr\u00f3tki dystans do autobusu wahad\u0142owego i odprawy. Oszcz\u0119dza to czas i u\u0142atwia transport baga\u017cu.<\/p>\n<p><strong>Wymiary parkingu:<\/strong> Parkingi w strefie komfortowej maj\u0105 wymiary 2,50 m x 5,50 m, dzi\u0119ki czemu s\u0105 odpowiednie dla r\u00f3\u017cnych typ\u00f3w pojazd\u00f3w.<\/p>\n<p>&nbsp;<\/p>\n<h3>Jak zarezerwowa\u0107 parking komfortowy<\/h3>\n<p><strong>Maska rezerwacji:<\/strong> Wybierz stref\u0119 komfortu i bezpiecze\u0144stwa w naszej masce rezerwacji, aby skorzysta\u0107 z tych dodatkowych korzy\u015bci.<\/p>\n<p><strong>Korzystanie z aplikacji:<\/strong> W naszej aplikacji znajdziesz szczeg\u00f3\u0142owe informacje i opcj\u0119 rezerwacji parkingu komfortowego w menu &#8222;Strefy parkowania&#8221;.<\/p>\n<p>&nbsp;<\/p>\n<p>Dzi\u0119ki dodatkowym funkcjom bezpiecze\u0144stwa, dogodnym warunkom parkowania oraz blisko\u015bci naszych autobus\u00f3w wahad\u0142owych i stanowisk odprawy, oferujemy najwy\u017cszej jako\u015bci parkingi komfortowe podczas podr\u00f3\u017cy na lotnisko Berlin BER.<\/p>","protected":false},"excerpt":{"rendered":"<p>Komfortowy parking przy Dein Stellplatz to idealny wyb\u00f3r dla podr\u00f3\u017cnych, kt\u00f3rzy ceni\u0105 sobie dodatkowe bezpiecze\u0144stwo, wygod\u0119 i szybki dost\u0119p do naszych us\u0142ug. Parkingi te zosta\u0142y specjalnie zaprojektowane, aby zapewni\u0107 jeszcze przyjemniejsze parkowanie i podr\u00f3\u017cowanie. &nbsp; Cechy parkingu komfortowego Zwi\u0119kszone bezpiecze\u0144stwo: W strefie komfortu i bezpiecze\u0144stwa mo\u017cna korzysta\u0107 z dodatkowego monitoringu wideo w jako\u015bci HD. Tw\u00f3j [&hellip;]<\/p>\n","protected":false},"author":1,"featured_media":0,"parent":0,"menu_order":116,"comment_status":"closed","ping_status":"closed","template":"","meta":{"footnotes":""},"_links":{"self":[{"href":"https:\/\/www.dein-stellplatz.de\/pl\/wp-json\/wp\/v2\/pages\/15992"}],"collection":[{"href":"https:\/\/www.dein-stellplatz.de\/pl\/wp-json\/wp\/v2\/pages"}],"about":[{"href":"https:\/\/www.dein-stellplatz.de\/pl\/wp-json\/wp\/v2\/types\/page"}],"author":[{"embeddable":true,"href":"https:\/\/www.dein-stellplatz.de\/pl\/wp-json\/wp\/v2\/users\/1"}],"replies":[{"embeddable":true,"href":"https:\/\/www.dein-stellplatz.de\/pl\/wp-json\/wp\/v2\/comments?post=15992"}],"version-history":[{"count":1,"href":"https:\/\/www.dein-stellplatz.de\/pl\/wp-json\/wp\/v2\/pages\/15992\/revisions"}],"predecessor-version":[{"id":18378,"href":"https:\/\/www.dein-stellplatz.de\/pl\/wp-json\/wp\/v2\/pages\/15992\/revisions\/18378"}],"wp:attachment":[{"href":"https:\/\/www.dein-stellplatz.de\/pl\/wp-json\/wp\/v2\/media?parent=15992"}],"curies":[{"name":"wp","href":"https:\/\/api.w.org\/{rel}","templated":true}]}}