{"id":15990,"date":"2024-01-28T00:17:53","date_gmt":"2024-01-27T23:17:53","guid":{"rendered":"https:\/\/www.dein-stellplatz.de\/kinderfreundlichkeit\/"},"modified":"2025-03-31T22:57:14","modified_gmt":"2025-03-31T20:57:14","slug":"kinderfreundlichkeit","status":"publish","type":"page","link":"https:\/\/www.dein-stellplatz.de\/pl\/kinderfreundlichkeit\/","title":{"rendered":"Przyjazno\u015b\u0107 dla dzieci"},"content":{"rendered":"<p>W Dein Stellplatz witamy rodziny i oferujemy przyjazne dla rodzin \u015brodowisko, kt\u00f3re sprawia, \u017ce podr\u00f3\u017cowanie jest przyjemne dla m\u0142odszych i starszych. Nawet je\u015bli nie mamy \u017cadnych specjalnych ofert rodzinnych, dbamy o to, aby rodziny czu\u0142y si\u0119 u nas jak w domu.<\/p>\n<p>&nbsp;<\/p>\n<h2>Dodatki przyjazne rodzinom<\/h2>\n<p>\u017belki w recepcji: Aby umili\u0107 czas oczekiwania naszym m\u0142odszym go\u015bciom oraz zapewni\u0107 odrobin\u0119 zabawy podczas startu i l\u0105dowania, oferujemy \u017celki w recepcji. Ma\u0142y gest, kt\u00f3ry cz\u0119sto sprawia, \u017ce oczy dzieci si\u0119 rozja\u015bniaj\u0105.<\/p>\n<p>Foteliki dzieci\u0119ce we wszystkich rozmiarach: Bezpiecze\u0144stwo jest naszym najwy\u017cszym priorytetem, zw\u0142aszcza je\u015bli chodzi o naszych m\u0142odszych go\u015bci. W naszych autobusach wahad\u0142owych dost\u0119pne s\u0105 foteliki dzieci\u0119ce w r\u00f3\u017cnych rozmiarach, aby zapewni\u0107 bezpieczny i wygodny transfer dzieciom w ka\u017cdym wieku.<\/p>\n<p>&nbsp;<\/p>\n<h2>Obs\u0142uga przyjazna rodzinie<\/h2>\n<p>Rozumiemy, \u017ce podr\u00f3\u017cowanie z rodzin\u0105 mo\u017ce czasami stanowi\u0107 wyzwanie. Dlatego dok\u0142adamy wszelkich stara\u0144, aby proces parkowania by\u0142 jak najbardziej p\u0142ynny i bezstresowy dla wszystkich cz\u0142onk\u00f3w rodziny. Nasz przyjazny personel jest pod r\u0119k\u0105, aby pom\u00f3c rodzinom we wszelkich pytaniach i potrzebach, a nasz transfer zapewnia wygodny transport z i na lotnisko Berlin Brandenburg (BER).<\/p>\n<p>&nbsp;<\/p>\n<p><a href=\"https:\/\/www.dein-stellplatz.de\/wp-content\/uploads\/2022\/06\/06-Dein-Stellplatz-Parken-am-Flughafen-Berlin-P1-Gummibaerchen-gegen-Ohrenschmerzen-bei-Start-und-Landung-2.jpg\"><img decoding=\"async\" class=\"alignnone wp-image-10726 size-full\" src=\"https:\/\/www.dein-stellplatz.de\/wp-content\/uploads\/2022\/06\/06-Dein-Stellplatz-Parken-am-Flughafen-Berlin-P1-Gummibaerchen-gegen-Ohrenschmerzen-bei-Start-und-Landung-2.jpg\" alt=\"Dein Stellplatz. Parken am Flughafen Berlin P1. Gummib\u00e4rchen gegen Ohrweh bei Start und Landung. Parking at Berlin P1 Airport. Gummybears for our Little against Earpain during take-off and landing. Parking przy lotnisku Berlin P1. Gummybears dla naszej ma\u0142ej przeciw b\u00f3lowi uszu podczas startu i l\u0105dowania\" width=\"1280\" height=\"853\" srcset=\"https:\/\/www.dein-stellplatz.de\/wp-content\/uploads\/2022\/06\/06-Dein-Stellplatz-Parken-am-Flughafen-Berlin-P1-Gummibaerchen-gegen-Ohrenschmerzen-bei-Start-und-Landung-2.jpg 1280w, https:\/\/www.dein-stellplatz.de\/wp-content\/uploads\/2022\/06\/06-Dein-Stellplatz-Parken-am-Flughafen-Berlin-P1-Gummibaerchen-gegen-Ohrenschmerzen-bei-Start-und-Landung-2-300x200.jpg 300w, https:\/\/www.dein-stellplatz.de\/wp-content\/uploads\/2022\/06\/06-Dein-Stellplatz-Parken-am-Flughafen-Berlin-P1-Gummibaerchen-gegen-Ohrenschmerzen-bei-Start-und-Landung-2-1024x682.jpg 1024w, https:\/\/www.dein-stellplatz.de\/wp-content\/uploads\/2022\/06\/06-Dein-Stellplatz-Parken-am-Flughafen-Berlin-P1-Gummibaerchen-gegen-Ohrenschmerzen-bei-Start-und-Landung-2-768x512.jpg 768w\" sizes=\"(max-width: 1280px) 100vw, 1280px\" \/><\/a><\/p>\n<p>&nbsp;<\/p>","protected":false},"excerpt":{"rendered":"<p>W Dein Stellplatz witamy rodziny i oferujemy przyjazne dla rodzin \u015brodowisko, kt\u00f3re sprawia, \u017ce podr\u00f3\u017cowanie jest przyjemne dla m\u0142odszych i starszych. Nawet je\u015bli nie mamy \u017cadnych specjalnych ofert rodzinnych, dbamy o to, aby rodziny czu\u0142y si\u0119 u nas jak w domu. &nbsp; Dodatki przyjazne rodzinom \u017belki w recepcji: Aby umili\u0107 czas oczekiwania naszym m\u0142odszym go\u015bciom [&hellip;]<\/p>\n","protected":false},"author":1,"featured_media":0,"parent":0,"menu_order":112,"comment_status":"closed","ping_status":"closed","template":"","meta":{"footnotes":""},"_links":{"self":[{"href":"https:\/\/www.dein-stellplatz.de\/pl\/wp-json\/wp\/v2\/pages\/15990"}],"collection":[{"href":"https:\/\/www.dein-stellplatz.de\/pl\/wp-json\/wp\/v2\/pages"}],"about":[{"href":"https:\/\/www.dein-stellplatz.de\/pl\/wp-json\/wp\/v2\/types\/page"}],"author":[{"embeddable":true,"href":"https:\/\/www.dein-stellplatz.de\/pl\/wp-json\/wp\/v2\/users\/1"}],"replies":[{"embeddable":true,"href":"https:\/\/www.dein-stellplatz.de\/pl\/wp-json\/wp\/v2\/comments?post=15990"}],"version-history":[{"count":1,"href":"https:\/\/www.dein-stellplatz.de\/pl\/wp-json\/wp\/v2\/pages\/15990\/revisions"}],"predecessor-version":[{"id":18366,"href":"https:\/\/www.dein-stellplatz.de\/pl\/wp-json\/wp\/v2\/pages\/15990\/revisions\/18366"}],"wp:attachment":[{"href":"https:\/\/www.dein-stellplatz.de\/pl\/wp-json\/wp\/v2\/media?parent=15990"}],"curies":[{"name":"wp","href":"https:\/\/api.w.org\/{rel}","templated":true}]}}