{"id":15989,"date":"2024-01-28T00:16:22","date_gmt":"2024-01-27T23:16:22","guid":{"rendered":"https:\/\/www.dein-stellplatz.de\/kundenbewertungen-bei-dein-stellplatz\/"},"modified":"2025-03-31T22:57:14","modified_gmt":"2025-03-31T20:57:14","slug":"kundenbewertungen-bei-dein-stellplatz","status":"publish","type":"page","link":"https:\/\/www.dein-stellplatz.de\/pl\/kundenbewertungen-bei-dein-stellplatz\/","title":{"rendered":"Ocena klient\u00f3w Dein Stellplatz"},"content":{"rendered":"<p>Opinie klient\u00f3w s\u0105 istotnym elementem i odzwierciedlaj\u0105 zadowolenie z naszej oferty i us\u0142ug. Zapewniaj\u0105 one cenny wgl\u0105d w do\u015bwiadczenia innych klient\u00f3w i pomagaj\u0105 w podj\u0119ciu \u015bwiadomej decyzji dotycz\u0105cej naszych us\u0142ug parkingowych. Tutaj dowiesz si\u0119, gdzie znale\u017a\u0107 te opinie i jak z nich korzysta\u0107.<\/p>\n<p>&nbsp;<\/p>\n<h2>Gdzie mo\u017cna znale\u017a\u0107 opinie naszych klient\u00f3w?<\/h2>\n<p><strong>Na naszej stronie internetowej:<\/strong> Odwied\u017a nasz\u0105 stron\u0119 g\u0142\u00f3wn\u0105 lub stron\u0119 docelow\u0105, aby zobaczy\u0107 opinie klient\u00f3w. Na komputerze stacjonarnym lub tablecie zobaczysz dwie recenzje, kt\u00f3re mo\u017cesz przegl\u0105da\u0107, tak jak na smartfonie.<\/p>\n<p>Aby uzyska\u0107 bardziej kompleksowy przegl\u0105d, odwied\u017a nasz\u0105 dedykowan\u0105 stron\u0119 ze wszystkimi opiniami klient\u00f3w pod adresem: <a href=\"https:\/\/www.dein-stellplatz.de\/pl\/kundenmeinungen\/?o=berlin-brandenburg-ber\">Opinie klient\u00f3w Dein Stellplatz<\/a>.<\/p>\n<p><strong>Trustpilot:<\/strong> Jeste\u015bmy bardzo aktywni na Trustpilot, wiod\u0105cej platformie opinii klient\u00f3w. <a href=\"https:\/\/de.trustpilot.com\/review\/www.dein-stellplatz.de\">Odwied\u017a Trustpilot &#8211; Dein Stellplatz<\/a>, aby przeczyta\u0107 opinie innych klient\u00f3w i pozna\u0107 nasze doskona\u0142e us\u0142ugi.<\/p>\n<p><strong>Opinie Google:<\/strong> Opr\u00f3cz Trustpilot, przywi\u0105zujemy du\u017c\u0105 wag\u0119 do recenzji Google. S\u0105 one szczeg\u00f3lnie pomocne w gromadzeniu i udost\u0119pnianiu najnowszych opinii i do\u015bwiadcze\u0144 naszych klient\u00f3w.<\/p>\n<p>&nbsp;<\/p>\n<h3>Dlaczego opinie klient\u00f3w s\u0105 dla nas tak wa\u017cne?<\/h3>\n<p><strong>Prawdziwe do\u015bwiadczenia:<\/strong> Opinie klient\u00f3w zapewniaj\u0105 wgl\u0105d w rzeczywiste do\u015bwiadczenia innych klient\u00f3w z naszymi us\u0142ugami parkingowymi.<\/p>\n<p><strong>Pomoc w podj\u0119ciu decyzji:<\/strong> Pomagaj\u0105 w podj\u0119ciu \u015bwiadomej decyzji, pokazuj\u0105c, czego mo\u017cna oczekiwa\u0107 od naszych us\u0142ug.<\/p>\n<p><strong>Budowanie zaufania:<\/strong> Pozytywne opinie buduj\u0105 zaufanie i pokazuj\u0105, \u017ce jeste\u015bmy niezawodnym i skoncentrowanym na kliencie serwisem parkingowym.<\/p>\n<p>&nbsp;<\/p>\n<h3>Nasze zobowi\u0105zanie do przejrzysto\u015bci<\/h3>\n<p>W Dein Stellplatz przywi\u0105zujemy du\u017c\u0105 wag\u0119 do przejrzysto\u015bci i zadowolenia klient\u00f3w. Zach\u0119camy naszych klient\u00f3w do dzielenia si\u0119 swoimi do\u015bwiadczeniami i wykorzystujemy te opinie do ci\u0105g\u0142ego dostosowywania i ulepszania naszych us\u0142ug. Opinie klient\u00f3w s\u0105 wa\u017cn\u0105 cz\u0119\u015bci\u0105 naszego zaanga\u017cowania w jako\u015b\u0107 i obs\u0142ug\u0119 klienta. Zach\u0119camy do zapoznania si\u0119 z nimi i przekonania si\u0119 o jako\u015bci naszych us\u0142ug.<\/p>\n<p>&nbsp;<\/p>","protected":false},"excerpt":{"rendered":"<p>Opinie klient\u00f3w s\u0105 istotnym elementem i odzwierciedlaj\u0105 zadowolenie z naszej oferty i us\u0142ug. Zapewniaj\u0105 one cenny wgl\u0105d w do\u015bwiadczenia innych klient\u00f3w i pomagaj\u0105 w podj\u0119ciu \u015bwiadomej decyzji dotycz\u0105cej naszych us\u0142ug parkingowych. Tutaj dowiesz si\u0119, gdzie znale\u017a\u0107 te opinie i jak z nich korzysta\u0107. &nbsp; Gdzie mo\u017cna znale\u017a\u0107 opinie naszych klient\u00f3w? Na naszej stronie internetowej: Odwied\u017a [&hellip;]<\/p>\n","protected":false},"author":1,"featured_media":0,"parent":0,"menu_order":139,"comment_status":"closed","ping_status":"closed","template":"","meta":{"footnotes":""},"_links":{"self":[{"href":"https:\/\/www.dein-stellplatz.de\/pl\/wp-json\/wp\/v2\/pages\/15989"}],"collection":[{"href":"https:\/\/www.dein-stellplatz.de\/pl\/wp-json\/wp\/v2\/pages"}],"about":[{"href":"https:\/\/www.dein-stellplatz.de\/pl\/wp-json\/wp\/v2\/types\/page"}],"author":[{"embeddable":true,"href":"https:\/\/www.dein-stellplatz.de\/pl\/wp-json\/wp\/v2\/users\/1"}],"replies":[{"embeddable":true,"href":"https:\/\/www.dein-stellplatz.de\/pl\/wp-json\/wp\/v2\/comments?post=15989"}],"version-history":[{"count":1,"href":"https:\/\/www.dein-stellplatz.de\/pl\/wp-json\/wp\/v2\/pages\/15989\/revisions"}],"predecessor-version":[{"id":18380,"href":"https:\/\/www.dein-stellplatz.de\/pl\/wp-json\/wp\/v2\/pages\/15989\/revisions\/18380"}],"wp:attachment":[{"href":"https:\/\/www.dein-stellplatz.de\/pl\/wp-json\/wp\/v2\/media?parent=15989"}],"curies":[{"name":"wp","href":"https:\/\/api.w.org\/{rel}","templated":true}]}}