{"id":15986,"date":"2024-01-28T00:04:41","date_gmt":"2024-01-27T23:04:41","guid":{"rendered":"https:\/\/www.dein-stellplatz.de\/freunde-werben-bei-dein-stellplatz\/"},"modified":"2025-03-31T22:57:13","modified_gmt":"2025-03-31T20:57:13","slug":"freunde-werben-bei-dein-stellplatz","status":"publish","type":"page","link":"https:\/\/www.dein-stellplatz.de\/pl\/freunde-werben-bei-dein-stellplatz\/","title":{"rendered":"Rekrutuj znajomych na Dein Stellplatz"},"content":{"rendered":"<p>Odkryj ekscytuj\u0105cy spos\u00f3b parkowania na Dein Stellplatz i jednocze\u015bnie oszcz\u0119dzaj pieni\u0105dze: Dzi\u0119ki naszemu programowi &#8222;Pole\u0107 znajomemu&#8221;. To satysfakcjonuj\u0105ca okazja, aby nie tylko skorzysta\u0107 z naszych wysokiej jako\u015bci us\u0142ug parkingowych na lotnisku Berlin Brandenburg (BER), ale tak\u017ce cieszy\u0107 si\u0119 zaletami bezp\u0142atnego parkowania, polecaj\u0105c us\u0142ug\u0119 Dein Stellplatz znajomym, rodzinie lub wsp\u00f3\u0142pracownikom.<\/p>\n<p>&nbsp;<\/p>\n<h2>Oto jak dzia\u0142a program Pole\u0107 znajomemu<\/h2>\n<p><strong>Wysy\u0142anie rekomendacji:<\/strong> W obszarze logowania klienta na naszej stronie internetowej lub w aplikacji masz mo\u017cliwo\u015b\u0107 wysy\u0142ania rekomendacji do swoich kontakt\u00f3w.<\/p>\n<p><strong>Zbieraj punkty:<\/strong> Za ka\u017cde udane polecenie, kt\u00f3re prowadzi do rezerwacji i podr\u00f3\u017cy dla znajomego, otrzymasz kredyt w wysoko\u015bci 5 \u20ac. Mo\u017cesz wykorzysta\u0107 ten kredyt na kolejn\u0105 rezerwacj\u0119 u nas.<\/p>\n<p>&nbsp;<\/p>\n<h3>Korzy\u015bci z Dein Stellplatz<\/h3>\n<p><strong>Wygodny i bezpieczny parking:<\/strong> Nasz parking znajduje si\u0119 w bezpo\u015brednim s\u0105siedztwie lotniska BER, co umo\u017cliwia szybki i wygodny transfer. Dzi\u0119ki naszej bezp\u0142atnej us\u0142udze transferu mo\u017cesz dotrze\u0107 na lotnisko bez dodatkowego stresu.<\/p>\n<p><strong>Bezpiecze\u0144stwo Twojego pojazdu:<\/strong> Przywi\u0105zujemy du\u017c\u0105 wag\u0119 do bezpiecze\u0144stwa Twojego samochodu. Nasze parkingi s\u0105 monitorowane wideo i przez ca\u0142y czas obs\u0142ugiwane przez personel, dzi\u0119ki czemu mo\u017cesz podr\u00f3\u017cowa\u0107 ze spokojem.<\/p>\n<p><strong>Uczciwe ceny:<\/strong> Nasze stawki parkingowe s\u0105 nie tylko konkurencyjne, ale tak\u017ce oferuj\u0105 doskona\u0142y stosunek jako\u015bci do ceny.<\/p>\n<p><strong>Obs\u0142uga klienta, kt\u00f3ra robi wra\u017cenie:<\/strong> Nasz zesp\u00f3\u0142 jest zawsze gotowy do pomocy w przypadku jakichkolwiek pyta\u0144 lub w\u0105tpliwo\u015bci, aby uczyni\u0107 parkowanie tak przyjemnym, jak to tylko mo\u017cliwe.<\/p>\n<p>&nbsp;<\/p>\n<h3>Dodatkowe udogodnienia<\/h3>\n<p><strong>Elastyczne anulowanie rezerwacji:<\/strong> Oferujemy mo\u017cliwo\u015b\u0107 bezp\u0142atnego anulowania rezerwacji do 24 godzin przed przyjazdem.<\/p>\n<p><strong>Rozszerzone us\u0142ugi:<\/strong> Skorzystaj z naszych dodatkowych us\u0142ug, takich jak myjnia samochodowa, sprz\u0105tanie wn\u0119trza i us\u0142uga \u0142adowania samochod\u00f3w elektrycznych, aby poprawi\u0107 swoje wra\u017cenia z parkowania.<\/p>\n<p>Pole\u0107 nas innym i sam przekonaj si\u0119 o korzy\u015bciach, jakie oferujemy. Z niecierpliwo\u015bci\u0105 czekamy na Ciebie i Twoich przyjaci\u00f3\u0142!<\/p>\n<p>&nbsp;<\/p>","protected":false},"excerpt":{"rendered":"<p>Odkryj ekscytuj\u0105cy spos\u00f3b parkowania na Dein Stellplatz i jednocze\u015bnie oszcz\u0119dzaj pieni\u0105dze: Dzi\u0119ki naszemu programowi &#8222;Pole\u0107 znajomemu&#8221;. To satysfakcjonuj\u0105ca okazja, aby nie tylko skorzysta\u0107 z naszych wysokiej jako\u015bci us\u0142ug parkingowych na lotnisku Berlin Brandenburg (BER), ale tak\u017ce cieszy\u0107 si\u0119 zaletami bezp\u0142atnego parkowania, polecaj\u0105c us\u0142ug\u0119 Dein Stellplatz znajomym, rodzinie lub wsp\u00f3\u0142pracownikom. &nbsp; Oto jak dzia\u0142a program Pole\u0107 [&hellip;]<\/p>\n","protected":false},"author":1,"featured_media":0,"parent":0,"menu_order":97,"comment_status":"closed","ping_status":"closed","template":"","meta":{"footnotes":""},"_links":{"self":[{"href":"https:\/\/www.dein-stellplatz.de\/pl\/wp-json\/wp\/v2\/pages\/15986"}],"collection":[{"href":"https:\/\/www.dein-stellplatz.de\/pl\/wp-json\/wp\/v2\/pages"}],"about":[{"href":"https:\/\/www.dein-stellplatz.de\/pl\/wp-json\/wp\/v2\/types\/page"}],"author":[{"embeddable":true,"href":"https:\/\/www.dein-stellplatz.de\/pl\/wp-json\/wp\/v2\/users\/1"}],"replies":[{"embeddable":true,"href":"https:\/\/www.dein-stellplatz.de\/pl\/wp-json\/wp\/v2\/comments?post=15986"}],"version-history":[{"count":1,"href":"https:\/\/www.dein-stellplatz.de\/pl\/wp-json\/wp\/v2\/pages\/15986\/revisions"}],"predecessor-version":[{"id":18196,"href":"https:\/\/www.dein-stellplatz.de\/pl\/wp-json\/wp\/v2\/pages\/15986\/revisions\/18196"}],"wp:attachment":[{"href":"https:\/\/www.dein-stellplatz.de\/pl\/wp-json\/wp\/v2\/media?parent=15986"}],"curies":[{"name":"wp","href":"https:\/\/api.w.org\/{rel}","templated":true}]}}