{"id":15985,"date":"2024-01-28T00:01:19","date_gmt":"2024-01-27T23:01:19","guid":{"rendered":"https:\/\/www.dein-stellplatz.de\/buchung\/"},"modified":"2025-03-31T22:57:13","modified_gmt":"2025-03-31T20:57:13","slug":"buchung","status":"publish","type":"page","link":"https:\/\/www.dein-stellplatz.de\/pl\/buchung\/","title":{"rendered":"Rezerwacja"},"content":{"rendered":"<p>Rezerwacja miejsca parkingowego w Dein Stellplatz jest szybkim i prostym procesem dzi\u0119ki naszym r\u00f3\u017cnorodnym i przyjaznym dla u\u017cytkownika opcjom. Oferujemy r\u00f3\u017cne sposoby, aby ka\u017cdy klient m\u00f3g\u0142 wybra\u0107 najwygodniejsz\u0105 dla siebie metod\u0119.<\/p>\n<p>&nbsp;<\/p>\n<h2>Rezerwacja online i aplikacja<\/h2>\n<p><strong>Strona internetowa:<\/strong> Odwied\u017a nasz\u0105 stron\u0119 internetow\u0105 www.dein-stellplatz.de, aby zarezerwowa\u0107 parking online. Nasza strona internetowa jest przyjazna dla u\u017cytkownika i sprawia, \u017ce rezerwacja jest szybka i \u0142atwa.<\/p>\n<p><strong>Aplikacja mobilna:<\/strong> Dla jeszcze wi\u0119kszej wygody mo\u017cesz skorzysta\u0107 z naszej aplikacji. Po utworzeniu profilu klienta rezerwacja za po\u015brednictwem aplikacji zajmuje mniej ni\u017c dwie minuty. Aplikacja jest idealna dla sta\u0142ych klient\u00f3w, kt\u00f3rzy ceni\u0105 sobie szybko\u015b\u0107 i wygod\u0119.<\/p>\n<p><strong>Pobierz j\u0105 tutaj za darmo:<\/strong><\/p>\n<p><img decoding=\"async\" class=\"hideonmobile alignnone\" src=\"https:\/\/www.dein-stellplatz.de\/wp-content\/uploads\/2023\/04\/Dein-Stellplatz-Parkplatz-Flughafen-Berlin-APP-QR-Code.png\" alt=\"Dein Stellplatz - QR Code f\u00fcr die Dein Stellplatz APP\" width=\"113\" height=\"113\" \/>\u00a0<a href=\"https:\/\/apps.apple.com\/de\/app\/dein-stellplatz\/id6443694921?ign-itscg=30200&amp;ign-itsct=apps_box_link\" target=\"_blank\" rel=\"noopener\"><img decoding=\"async\" class=\"alignnone\" src=\"https:\/\/www.dein-stellplatz.de\/wp-content\/uploads\/2022\/11\/Dein-Stellplatz-Parkplatz-Flughafen-BER-Button-App-Store-e1668086090236.png\" alt=\"Dein Stellplatz - Dein Stellplatz APP gratis Download im App Store\" width=\"136\" height=\"77\" \/><\/a>\u00a0<a href=\"https:\/\/play.google.com\/store\/apps\/details?id=de.deinstellplatz.app&amp;pli=1\" target=\"_blank\" rel=\"noopener\"><img decoding=\"async\" class=\"alignnone\" src=\"https:\/\/www.dein-stellplatz.de\/wp-content\/uploads\/2022\/11\/Dein-Stellplatz-Parkplatz-Flughafen-BER-Button-Play-Store-e1668086439954.png\" alt=\"Dein Stellplatz - Dein Stellplatz APP gratis Download im Play Store\" width=\"136\" height=\"77\" \/><\/a><\/p>\n<p>&nbsp;<\/p>\n<h3>Alternatywne metody rezerwacji<\/h3>\n<p><strong>Rezerwacja telefoniczna:<\/strong> Przywi\u0105zujemy du\u017c\u0105 wag\u0119 do osobistej obs\u0142ugi klienta. Dlatego te\u017c istnieje mo\u017cliwo\u015b\u0107 rezerwacji parkingu przez telefon. Ta metoda jest idealna dla klient\u00f3w, kt\u00f3rzy preferuj\u0105 bezpo\u015bredni kontakt lub maj\u0105 konkretne pytania.<\/p>\n<p><strong>E-mail i czat:<\/strong> Aby zarezerwowa\u0107 miejsce parkingowe, mo\u017cna r\u00f3wnie\u017c skontaktowa\u0107 si\u0119 z nami za po\u015brednictwem poczty elektronicznej lub czatu na naszej stronie internetowej. Opcje te zapewniaj\u0105 elastyczno\u015b\u0107 i mo\u017cliwo\u015b\u0107 wyja\u015bnienia dodatkowych informacji lub konkretnych pr\u00f3\u015bb.<\/p>\n<p>&nbsp;<\/p>\n<h3>Nasze zaanga\u017cowanie w dodatkow\u0105 obs\u0142ug\u0119 klienta<\/h3>\n<p>W Dein Stellplatz naszym celem jest uczynienie procesu rezerwacji tak \u0142atwym i przyjemnym, jak to tylko mo\u017cliwe. Niezale\u017cnie od tego, czy wolisz szybko\u015b\u0107 i wygod\u0119 rezerwacji online, czy osobisty kontakt telefoniczny, oferujemy szereg opcji rezerwacji odpowiedniego parkingu na podr\u00f3\u017c z lotniska BER.<\/p>\n<p>&nbsp;<\/p>","protected":false},"excerpt":{"rendered":"<p>Rezerwacja miejsca parkingowego w Dein Stellplatz jest szybkim i prostym procesem dzi\u0119ki naszym r\u00f3\u017cnorodnym i przyjaznym dla u\u017cytkownika opcjom. Oferujemy r\u00f3\u017cne sposoby, aby ka\u017cdy klient m\u00f3g\u0142 wybra\u0107 najwygodniejsz\u0105 dla siebie metod\u0119. &nbsp; Rezerwacja online i aplikacja Strona internetowa: Odwied\u017a nasz\u0105 stron\u0119 internetow\u0105 www.dein-stellplatz.de, aby zarezerwowa\u0107 parking online. Nasza strona internetowa jest przyjazna dla u\u017cytkownika i [&hellip;]<\/p>\n","protected":false},"author":1,"featured_media":0,"parent":0,"menu_order":88,"comment_status":"closed","ping_status":"closed","template":"","meta":{"footnotes":""},"_links":{"self":[{"href":"https:\/\/www.dein-stellplatz.de\/pl\/wp-json\/wp\/v2\/pages\/15985"}],"collection":[{"href":"https:\/\/www.dein-stellplatz.de\/pl\/wp-json\/wp\/v2\/pages"}],"about":[{"href":"https:\/\/www.dein-stellplatz.de\/pl\/wp-json\/wp\/v2\/types\/page"}],"author":[{"embeddable":true,"href":"https:\/\/www.dein-stellplatz.de\/pl\/wp-json\/wp\/v2\/users\/1"}],"replies":[{"embeddable":true,"href":"https:\/\/www.dein-stellplatz.de\/pl\/wp-json\/wp\/v2\/comments?post=15985"}],"version-history":[{"count":2,"href":"https:\/\/www.dein-stellplatz.de\/pl\/wp-json\/wp\/v2\/pages\/15985\/revisions"}],"predecessor-version":[{"id":18178,"href":"https:\/\/www.dein-stellplatz.de\/pl\/wp-json\/wp\/v2\/pages\/15985\/revisions\/18178"}],"wp:attachment":[{"href":"https:\/\/www.dein-stellplatz.de\/pl\/wp-json\/wp\/v2\/media?parent=15985"}],"curies":[{"name":"wp","href":"https:\/\/api.w.org\/{rel}","templated":true}]}}