{"id":15983,"date":"2024-01-27T23:53:46","date_gmt":"2024-01-27T22:53:46","guid":{"rendered":"https:\/\/www.dein-stellplatz.de\/barrierefreiheit\/"},"modified":"2025-03-31T22:57:13","modified_gmt":"2025-03-31T20:57:13","slug":"barrierefreiheit","status":"publish","type":"page","link":"https:\/\/www.dein-stellplatz.de\/pl\/barrierefreiheit\/","title":{"rendered":"Dost\u0119pno\u015b\u0107"},"content":{"rendered":"<p>W Dein Stellplatz przywi\u0105zujemy du\u017c\u0105 wag\u0119 do dost\u0119pno\u015bci i potrzeb os\u00f3b niepe\u0142nosprawnych. Dlatego nasz parking jest ca\u0142kowicie wypoziomowany, aby zapewni\u0107 \u0142atwy i wygodny dost\u0119p dla wszystkich naszych klient\u00f3w. Staramy si\u0119 zapewni\u0107 komfort parkowania i podr\u00f3\u017cowania ka\u017cdemu podr\u00f3\u017cnemu, niezale\u017cnie od ogranicze\u0144 fizycznych.<\/p>\n<p>&nbsp;<\/p>\n<h2>Parkingi bez barier<\/h2>\n<p><b>Parking poziomy:<\/b> Nasze parkingi s\u0105 zaprojektowane tak, aby by\u0142y \u0142atwo dost\u0119pne dla os\u00f3b niepe\u0142nosprawnych. Obejmuje to parkingi naziemne bez barier.<\/p>\n<p><b>Bezp\u0142atne przej\u015bcie na parking komfortowy i strze\u017cony:<\/b>Osobom niepe\u0142nosprawnym oferujemy bezp\u0142atne przej\u015bcie na parking komfortowy i strze\u017cony. Obszar ten znajduje si\u0119 bli\u017cej us\u0142ugi transportu wahad\u0142owego i oferuje kr\u00f3tsze odleg\u0142o\u015bci, a tak\u017ce dodatkowy komfort i bezpiecze\u0144stwo.<\/p>\n<p>&nbsp;<\/p>\n<h3>Transport w\u00f3zk\u00f3w inwalidzkich i w\u00f3zk\u00f3w na k\u00f3\u0142kach<\/h3>\n<p><b>Rejestracja jako baga\u017c wielkogabarytowy:<\/b> W\u00f3zki inwalidzkie i rollatory mo\u017cna zarejestrowa\u0107 jako baga\u017c wielkogabarytowy. Dzi\u0119ki temu mo\u017cemy dokona\u0107 niezb\u0119dnych ustale\u0144 dotycz\u0105cych wygodnego transportu naszymi autobusami wahad\u0142owymi.<\/p>\n<p><span style=\"font-weight: 400;\"><strong>Wygodny transport: <\/strong>W\u00f3zki inwalidzkie i chodziki zazwyczaj mieszcz\u0105 si\u0119 wygodnie w naszych autobusach wahad\u0142owych, ale je\u015bli jest ma\u0142o miejsca, nie stanowi to problemu. U\u017cywamy specjalnych przyczep baga\u017cowych do bezpiecznego i wygodnego transportu w\u00f3zk\u00f3w inwalidzkich i chodzik\u00f3w podczas transferu na lotnisko.<\/span><\/p>\n<p>&nbsp;<\/p>\n<h3>Nasze zaanga\u017cowanie na rzecz dost\u0119pno\u015bci<\/h3>\n<p>W Dein Stellplatz zdajemy sobie spraw\u0119 ze znaczenia dost\u0119pno\u015bci i jeste\u015bmy aktywnie zaanga\u017cowani w zapewnianie wysokiego poziomu komfortu i dost\u0119pno\u015bci wszystkim naszym klientom, niezale\u017cnie od ich indywidualnych potrzeb. Nasze parkingi bez barier i dostosowany transport dla w\u00f3zk\u00f3w inwalidzkich i chodzik\u00f3w s\u0105 cz\u0119\u015bci\u0105 naszego zaanga\u017cowania w tworzenie integracyjnego i dost\u0119pnego parkingu.<\/p>\n<p>&nbsp;<\/p>","protected":false},"excerpt":{"rendered":"<p>W Dein Stellplatz przywi\u0105zujemy du\u017c\u0105 wag\u0119 do dost\u0119pno\u015bci i potrzeb os\u00f3b niepe\u0142nosprawnych. Dlatego nasz parking jest ca\u0142kowicie wypoziomowany, aby zapewni\u0107 \u0142atwy i wygodny dost\u0119p dla wszystkich naszych klient\u00f3w. Staramy si\u0119 zapewni\u0107 komfort parkowania i podr\u00f3\u017cowania ka\u017cdemu podr\u00f3\u017cnemu, niezale\u017cnie od ogranicze\u0144 fizycznych. &nbsp; Parkingi bez barier Parking poziomy: Nasze parkingi s\u0105 zaprojektowane tak, aby by\u0142y \u0142atwo [&hellip;]<\/p>\n","protected":false},"author":1,"featured_media":0,"parent":0,"menu_order":82,"comment_status":"closed","ping_status":"closed","template":"","meta":{"footnotes":""},"_links":{"self":[{"href":"https:\/\/www.dein-stellplatz.de\/pl\/wp-json\/wp\/v2\/pages\/15983"}],"collection":[{"href":"https:\/\/www.dein-stellplatz.de\/pl\/wp-json\/wp\/v2\/pages"}],"about":[{"href":"https:\/\/www.dein-stellplatz.de\/pl\/wp-json\/wp\/v2\/types\/page"}],"author":[{"embeddable":true,"href":"https:\/\/www.dein-stellplatz.de\/pl\/wp-json\/wp\/v2\/users\/1"}],"replies":[{"embeddable":true,"href":"https:\/\/www.dein-stellplatz.de\/pl\/wp-json\/wp\/v2\/comments?post=15983"}],"version-history":[{"count":2,"href":"https:\/\/www.dein-stellplatz.de\/pl\/wp-json\/wp\/v2\/pages\/15983\/revisions"}],"predecessor-version":[{"id":18174,"href":"https:\/\/www.dein-stellplatz.de\/pl\/wp-json\/wp\/v2\/pages\/15983\/revisions\/18174"}],"wp:attachment":[{"href":"https:\/\/www.dein-stellplatz.de\/pl\/wp-json\/wp\/v2\/media?parent=15983"}],"curies":[{"name":"wp","href":"https:\/\/api.w.org\/{rel}","templated":true}]}}