{"id":15982,"date":"2023-12-14T20:48:46","date_gmt":"2023-12-14T19:48:46","guid":{"rendered":"https:\/\/www.dein-stellplatz.de\/kurzzeitparken-bei-dein-stellplatz\/"},"modified":"2025-03-31T22:57:16","modified_gmt":"2025-03-31T20:57:16","slug":"kurzzeitparken-bei-dein-stellplatz","status":"publish","type":"page","link":"https:\/\/www.dein-stellplatz.de\/pl\/kurzzeitparken-bei-dein-stellplatz\/","title":{"rendered":"Parking kr\u00f3tkoterminowy przy Dein Stellplatz"},"content":{"rendered":"<p>Na Dein Stellplatz oferujemy idealne rozwi\u0105zanie do kr\u00f3tkoterminowego parkowania, idealne dla ka\u017cdego, kto chce spokojnie odebra\u0107 przyjaci\u00f3\u0142, krewnych lub rodzin\u0119 z lotniska Berlin Brandenburg (BER). Nasz minimalny okres parkowania wynosz\u0105cy jeden dzie\u0144 cz\u0119sto okazuje si\u0119 ta\u0144sz\u0105 i mniej stresuj\u0105c\u0105 alternatyw\u0105 dla oficjalnego parkingu kr\u00f3tkoterminowego na lotnisku.<\/p>\n<p>&nbsp;<\/p>\n<h2>Zalety parkingu kr\u00f3tkoterminowego na Dein Stellplatz<\/h2>\n<p><strong>Minimalny czas parkowania jednego dnia:<\/strong> Je\u015bli chcesz zaparkowa\u0107 tylko na kr\u00f3tki czas, mo\u017cesz zarezerwowa\u0107 u nas miejsce parkingowe na co najmniej jeden dzie\u0144. Ta opcja daje swobod\u0119 dzia\u0142ania bez presji czasu na lotnisku, czy to na ciep\u0142e powitanie w hali przylot\u00f3w, czy na relaksuj\u0105c\u0105 kaw\u0119.<\/p>\n<p>&nbsp;<\/p>\n<h3>Por\u00f3wnanie cen z parkingiem lotniskowym<\/h3>\n<p>Oficjalny parking kr\u00f3tkoterminowy na lotnisku BER oferuje bezp\u0142atne korzystanie przez 10 minut, ale cz\u0119sto nie jest to wystarczaj\u0105cy czas, aby kogo\u015b odebra\u0107 lub sp\u0119dzi\u0107 czas na lotnisku.<\/p>\n<p><strong>Rosn\u0105ce koszty w przypadku d\u0142u\u017cszych okres\u00f3w parkowania:<\/strong> Po bezp\u0142atnych 10 minutach ceny na oficjalnym parkingu lotniskowym znacznie rosn\u0105. Jedna godzina parkowania kosztuje 23 euro, a za ca\u0142y dzie\u0144 koszty mog\u0105 wzrosn\u0105\u0107 do horrendalnych 552 euro.<\/p>\n<p>&nbsp;<\/p>","protected":false},"excerpt":{"rendered":"<p>Na Dein Stellplatz oferujemy idealne rozwi\u0105zanie do kr\u00f3tkoterminowego parkowania, idealne dla ka\u017cdego, kto chce spokojnie odebra\u0107 przyjaci\u00f3\u0142, krewnych lub rodzin\u0119 z lotniska Berlin Brandenburg (BER). Nasz minimalny okres parkowania wynosz\u0105cy jeden dzie\u0144 cz\u0119sto okazuje si\u0119 ta\u0144sz\u0105 i mniej stresuj\u0105c\u0105 alternatyw\u0105 dla oficjalnego parkingu kr\u00f3tkoterminowego na lotnisku. &nbsp; Zalety parkingu kr\u00f3tkoterminowego na Dein Stellplatz Minimalny czas [&hellip;]<\/p>\n","protected":false},"author":1,"featured_media":0,"parent":0,"menu_order":224,"comment_status":"closed","ping_status":"closed","template":"","meta":{"footnotes":""},"_links":{"self":[{"href":"https:\/\/www.dein-stellplatz.de\/pl\/wp-json\/wp\/v2\/pages\/15982"}],"collection":[{"href":"https:\/\/www.dein-stellplatz.de\/pl\/wp-json\/wp\/v2\/pages"}],"about":[{"href":"https:\/\/www.dein-stellplatz.de\/pl\/wp-json\/wp\/v2\/types\/page"}],"author":[{"embeddable":true,"href":"https:\/\/www.dein-stellplatz.de\/pl\/wp-json\/wp\/v2\/users\/1"}],"replies":[{"embeddable":true,"href":"https:\/\/www.dein-stellplatz.de\/pl\/wp-json\/wp\/v2\/comments?post=15982"}],"version-history":[{"count":1,"href":"https:\/\/www.dein-stellplatz.de\/pl\/wp-json\/wp\/v2\/pages\/15982\/revisions"}],"predecessor-version":[{"id":18383,"href":"https:\/\/www.dein-stellplatz.de\/pl\/wp-json\/wp\/v2\/pages\/15982\/revisions\/18383"}],"wp:attachment":[{"href":"https:\/\/www.dein-stellplatz.de\/pl\/wp-json\/wp\/v2\/media?parent=15982"}],"curies":[{"name":"wp","href":"https:\/\/api.w.org\/{rel}","templated":true}]}}