{"id":15981,"date":"2023-12-14T20:46:31","date_gmt":"2023-12-14T19:46:31","guid":{"rendered":"https:\/\/www.dein-stellplatz.de\/kosten-fuer-das-parken\/"},"modified":"2025-03-31T22:57:16","modified_gmt":"2025-03-31T20:57:16","slug":"kosten-fuer-das-parken","status":"publish","type":"page","link":"https:\/\/www.dein-stellplatz.de\/pl\/kosten-fuer-das-parken\/","title":{"rendered":"Koszty parkowania"},"content":{"rendered":"<p>Oczywi\u015bcie koszt parkingu jest wa\u017cnym czynnikiem podczas planowania podr\u00f3\u017cy. W Dein Stellplatz dbamy o uczciwe ceny, dlatego nasze op\u0142aty parkingowe s\u0105 elastyczne i r\u00f3\u017cni\u0105 si\u0119 w zale\u017cno\u015bci od ob\u0142o\u017cenia, aby zawsze oferowa\u0107 najlepszy stosunek jako\u015bci do ceny.<\/p>\n<p>&nbsp;<\/p>\n<h2>Elastyczne i przejrzyste ceny<\/h2>\n<p><strong>R\u00f3\u017cne op\u0142aty parkingowe:<\/strong> Koszt parkowania na Dein Stellplatz zale\u017cy od r\u00f3\u017cnych czynnik\u00f3w, w tym od aktualnego wykorzystania naszych parking\u00f3w. Dzi\u0119ki temu mo\u017cemy zaoferowa\u0107 konkurencyjne ceny, kt\u00f3re dostosowuj\u0105 si\u0119 do popytu.<\/p>\n<p><strong>Zapytanie o aktualn\u0105 cen\u0119:<\/strong> Aby dowiedzie\u0107 si\u0119 o aktualnych op\u0142atach za parkowanie, mo\u017cesz w dowolnym momencie odwiedzi\u0107 nasz\u0105 stron\u0119 internetow\u0105 i sprawdzi\u0107 aktualne ceny w nag\u0142\u00f3wku lub skorzysta\u0107 z aplikacji Dein Stellplatz. Obie opcje zapewniaj\u0105 ca\u0142odobowy dost\u0119p do najnowszych cen i pozwalaj\u0105 szybko i \u0142atwo sprawdzi\u0107 ceny.<\/p>\n<p>&nbsp;<\/p>\n<h3>Prosta rezerwacja online<\/h3>\n<p><strong>Kalkulacja ceny:<\/strong> Wystarczy wprowadzi\u0107 \u017c\u0105dane daty przyjazdu i wyjazdu w naszej masce rezerwacji online, a natychmiast otrzymasz przegl\u0105d cen za wybrany okres.<\/p>\n<p><strong>Brak ukrytych koszt\u00f3w:<\/strong> W Dein Stellplatz nie ma \u017cadnych ukrytych op\u0142at. Podane ceny s\u0105 rzeczywistym kosztem parkowania, bez dodatkowych niespodzianek.<\/p>\n<p>&nbsp;<\/p>","protected":false},"excerpt":{"rendered":"<p>Oczywi\u015bcie koszt parkingu jest wa\u017cnym czynnikiem podczas planowania podr\u00f3\u017cy. W Dein Stellplatz dbamy o uczciwe ceny, dlatego nasze op\u0142aty parkingowe s\u0105 elastyczne i r\u00f3\u017cni\u0105 si\u0119 w zale\u017cno\u015bci od ob\u0142o\u017cenia, aby zawsze oferowa\u0107 najlepszy stosunek jako\u015bci do ceny. &nbsp; Elastyczne i przejrzyste ceny R\u00f3\u017cne op\u0142aty parkingowe: Koszt parkowania na Dein Stellplatz zale\u017cy od r\u00f3\u017cnych czynnik\u00f3w, w [&hellip;]<\/p>\n","protected":false},"author":1,"featured_media":0,"parent":0,"menu_order":222,"comment_status":"closed","ping_status":"closed","template":"","meta":{"footnotes":""},"_links":{"self":[{"href":"https:\/\/www.dein-stellplatz.de\/pl\/wp-json\/wp\/v2\/pages\/15981"}],"collection":[{"href":"https:\/\/www.dein-stellplatz.de\/pl\/wp-json\/wp\/v2\/pages"}],"about":[{"href":"https:\/\/www.dein-stellplatz.de\/pl\/wp-json\/wp\/v2\/types\/page"}],"author":[{"embeddable":true,"href":"https:\/\/www.dein-stellplatz.de\/pl\/wp-json\/wp\/v2\/users\/1"}],"replies":[{"embeddable":true,"href":"https:\/\/www.dein-stellplatz.de\/pl\/wp-json\/wp\/v2\/comments?post=15981"}],"version-history":[{"count":1,"href":"https:\/\/www.dein-stellplatz.de\/pl\/wp-json\/wp\/v2\/pages\/15981\/revisions"}],"predecessor-version":[{"id":18379,"href":"https:\/\/www.dein-stellplatz.de\/pl\/wp-json\/wp\/v2\/pages\/15981\/revisions\/18379"}],"wp:attachment":[{"href":"https:\/\/www.dein-stellplatz.de\/pl\/wp-json\/wp\/v2\/media?parent=15981"}],"curies":[{"name":"wp","href":"https:\/\/api.w.org\/{rel}","templated":true}]}}