{"id":15980,"date":"2023-12-14T20:37:31","date_gmt":"2023-12-14T19:37:31","guid":{"rendered":"https:\/\/www.dein-stellplatz.de\/kameraueberwachung\/"},"modified":"2025-03-31T22:57:16","modified_gmt":"2025-03-31T20:57:16","slug":"kameraueberwachung","status":"publish","type":"page","link":"https:\/\/www.dein-stellplatz.de\/pl\/kameraueberwachung\/","title":{"rendered":"Nadz\u00f3r kamer"},"content":{"rendered":"<p>W Dein Stellplatz stawiamy na najwy\u017csze standardy bezpiecze\u0144stwa, zw\u0142aszcza je\u015bli chodzi o monitorowanie naszych parking\u00f3w. Nadz\u00f3r kamer jest istotn\u0105 cz\u0119\u015bci\u0105 naszej wyrafinowanej koncepcji bezpiecze\u0144stwa i zapewnia zar\u00f3wno naszym klientom, jak i nam, wysoki poziom bezpiecze\u0144stwa i zaufania.<\/p>\n<p>&nbsp;<\/p>\n<h2>Monitoring w wysokiej rozdzielczo\u015bci<\/h2>\n<p><strong>Rozdzielczo\u015b\u0107 wideo Full HD:<\/strong> Jeste\u015bmy dumni z tego, \u017ce oferujemy jedne z najlepszych system\u00f3w nadzoru wideo w sektorze us\u0142ug parkingowych, by\u0107 mo\u017ce nawet w ca\u0142ym kraju. Nasze kamery o rozdzielczo\u015bci Full HD rejestruj\u0105 nawet najdrobniejsze szczeg\u00f3\u0142y i zadrapania, dzi\u0119ki czemu nic nam nie umknie.<\/p>\n<p><strong>Kompleksowy monitoring:<\/strong> Zar\u00f3wno nasi pracownicy na miejscu, jak i pracownicy biura stale monitoruj\u0105 pojazdy za pomoc\u0105 kamer, aby upewni\u0107 si\u0119, \u017ce wszystko jest w porz\u0105dku.<\/p>\n<p>&nbsp;<\/p>\n<h3>Przegl\u0105d i analiza uszkodze\u0144<\/h3>\n<p><strong>Analiza historyczna:<\/strong> W przypadku zg\u0142oszonych uszkodze\u0144 mo\u017cemy zajrze\u0107 do czterech tygodni w przesz\u0142o\u015b\u0107, aby dowiedzie\u0107 si\u0119, co dok\u0142adnie si\u0119 wydarzy\u0142o. W wi\u0119kszo\u015bci przypadk\u00f3w okazuje si\u0119, \u017ce uszkodzenia by\u0142y ju\u017c obecne w momencie przybycia.<\/p>\n<p><strong>Ustalenie sprawcy szkody:<\/strong> Je\u015bli szkoda jest nowa, zazwyczaj jeste\u015bmy w stanie namierzy\u0107 osob\u0119, kt\u00f3ra j\u0105 spowodowa\u0142a. Jest to zdecydowana przewaga nad wieloma innymi parkingami, gdzie takie incydenty cz\u0119sto pozostaj\u0105 nierozwi\u0105zane.<\/p>\n<p>&nbsp;<\/p>\n<h3>Bezpiecze\u0144stwo i komfort parking\u00f3w<\/h3>\n<p><strong>Dodatkowe bezpiecze\u0144stwo:<\/strong> Dla dodatkowej wygody polecamy nasze parkingi bezpiecze\u0144stwa i komfortu. Znajduj\u0105 si\u0119 one tu\u017c obok obs\u0142ugi parkingu i w bezpo\u015brednim s\u0105siedztwie autobus\u00f3w wahad\u0142owych, co oznacza kr\u00f3tsze odleg\u0142o\u015bci i niemal ca\u0142odobowy monitoring pojazdu na \u017cywo.<\/p>\n<p>&nbsp;<\/p>","protected":false},"excerpt":{"rendered":"<p>W Dein Stellplatz stawiamy na najwy\u017csze standardy bezpiecze\u0144stwa, zw\u0142aszcza je\u015bli chodzi o monitorowanie naszych parking\u00f3w. Nadz\u00f3r kamer jest istotn\u0105 cz\u0119\u015bci\u0105 naszej wyrafinowanej koncepcji bezpiecze\u0144stwa i zapewnia zar\u00f3wno naszym klientom, jak i nam, wysoki poziom bezpiecze\u0144stwa i zaufania. &nbsp; Monitoring w wysokiej rozdzielczo\u015bci Rozdzielczo\u015b\u0107 wideo Full HD: Jeste\u015bmy dumni z tego, \u017ce oferujemy jedne z najlepszych [&hellip;]<\/p>\n","protected":false},"author":1,"featured_media":0,"parent":0,"menu_order":220,"comment_status":"closed","ping_status":"closed","template":"","meta":{"footnotes":""},"_links":{"self":[{"href":"https:\/\/www.dein-stellplatz.de\/pl\/wp-json\/wp\/v2\/pages\/15980"}],"collection":[{"href":"https:\/\/www.dein-stellplatz.de\/pl\/wp-json\/wp\/v2\/pages"}],"about":[{"href":"https:\/\/www.dein-stellplatz.de\/pl\/wp-json\/wp\/v2\/types\/page"}],"author":[{"embeddable":true,"href":"https:\/\/www.dein-stellplatz.de\/pl\/wp-json\/wp\/v2\/users\/1"}],"replies":[{"embeddable":true,"href":"https:\/\/www.dein-stellplatz.de\/pl\/wp-json\/wp\/v2\/comments?post=15980"}],"version-history":[{"count":1,"href":"https:\/\/www.dein-stellplatz.de\/pl\/wp-json\/wp\/v2\/pages\/15980\/revisions"}],"predecessor-version":[{"id":18377,"href":"https:\/\/www.dein-stellplatz.de\/pl\/wp-json\/wp\/v2\/pages\/15980\/revisions\/18377"}],"wp:attachment":[{"href":"https:\/\/www.dein-stellplatz.de\/pl\/wp-json\/wp\/v2\/media?parent=15980"}],"curies":[{"name":"wp","href":"https:\/\/api.w.org\/{rel}","templated":true}]}}