{"id":15979,"date":"2023-12-14T20:36:32","date_gmt":"2023-12-14T19:36:32","guid":{"rendered":"https:\/\/www.dein-stellplatz.de\/jetzt-buchen\/"},"modified":"2025-03-31T22:57:16","modified_gmt":"2025-03-31T20:57:16","slug":"jetzt-buchen","status":"publish","type":"page","link":"https:\/\/www.dein-stellplatz.de\/pl\/jetzt-buchen\/","title":{"rendered":"Zarezerwuj teraz"},"content":{"rendered":"<p>W Dein Stellplatz zalecamy jak najwcze\u015bniejsz\u0105 rezerwacj\u0119 miejsca parkingowego, najlepiej zaraz po otrzymaniu dokument\u00f3w podr\u00f3\u017cy. Wczesna rezerwacja przynosi wiele korzy\u015bci i zapewnia bezproblemowe planowanie podr\u00f3\u017cy.<\/p>\n<p>&nbsp;<\/p>\n<h2>Dlaczego warto rezerwowa\u0107 wcze\u015bniej?<\/h2>\n<p><strong>Oszcz\u0119dno\u015b\u0107 koszt\u00f3w:<\/strong> Podobnie jak w przypadku stawek za wczesn\u0105 rezerwacj\u0119 u dostawc\u00f3w us\u0142ug turystycznych, mo\u017cesz r\u00f3wnie\u017c skorzysta\u0107 z ni\u017cszych cen u nas, je\u015bli zarezerwujesz sw\u00f3j parking wcze\u015bniej. Osoby dokonuj\u0105ce wczesnych rezerwacji nie tylko ciesz\u0105 si\u0119 ni\u017cszymi stawkami, ale tak\u017ce unikaj\u0105 wy\u017cszych koszt\u00f3w, kt\u00f3re mog\u0105 wi\u0105za\u0107 si\u0119 z rezerwacjami w ostatniej chwili.<\/p>\n<p><strong>Zabezpiecz swoje miejsce parkingowe:<\/strong> Nasze parkingi mog\u0105 szybko si\u0119 zape\u0142nia\u0107, szczeg\u00f3lnie w godzinach szczytu. Dzi\u0119ki wcze\u015bniejszej rezerwacji masz pewno\u015b\u0107, \u017ce otrzymasz miejsce parkingowe na wybrany okres.<\/p>\n<p>&nbsp;<\/p>\n<h3>Prosty proces rezerwacji<\/h3>\n<p>Skorzystaj z naszej przyjaznej dla u\u017cytkownika platformy rezerwacji online lub naszej aplikacji Dein Stellplatz, aby wygodnie zarezerwowa\u0107 miejsce parkingowe wcze\u015bniej.<\/p>\n<p>&nbsp;<\/p>","protected":false},"excerpt":{"rendered":"<p>W Dein Stellplatz zalecamy jak najwcze\u015bniejsz\u0105 rezerwacj\u0119 miejsca parkingowego, najlepiej zaraz po otrzymaniu dokument\u00f3w podr\u00f3\u017cy. Wczesna rezerwacja przynosi wiele korzy\u015bci i zapewnia bezproblemowe planowanie podr\u00f3\u017cy. &nbsp; Dlaczego warto rezerwowa\u0107 wcze\u015bniej? Oszcz\u0119dno\u015b\u0107 koszt\u00f3w: Podobnie jak w przypadku stawek za wczesn\u0105 rezerwacj\u0119 u dostawc\u00f3w us\u0142ug turystycznych, mo\u017cesz r\u00f3wnie\u017c skorzysta\u0107 z ni\u017cszych cen u nas, je\u015bli zarezerwujesz sw\u00f3j [&hellip;]<\/p>\n","protected":false},"author":1,"featured_media":0,"parent":0,"menu_order":218,"comment_status":"closed","ping_status":"closed","template":"","meta":{"footnotes":""},"_links":{"self":[{"href":"https:\/\/www.dein-stellplatz.de\/pl\/wp-json\/wp\/v2\/pages\/15979"}],"collection":[{"href":"https:\/\/www.dein-stellplatz.de\/pl\/wp-json\/wp\/v2\/pages"}],"about":[{"href":"https:\/\/www.dein-stellplatz.de\/pl\/wp-json\/wp\/v2\/types\/page"}],"author":[{"embeddable":true,"href":"https:\/\/www.dein-stellplatz.de\/pl\/wp-json\/wp\/v2\/users\/1"}],"replies":[{"embeddable":true,"href":"https:\/\/www.dein-stellplatz.de\/pl\/wp-json\/wp\/v2\/comments?post=15979"}],"version-history":[{"count":1,"href":"https:\/\/www.dein-stellplatz.de\/pl\/wp-json\/wp\/v2\/pages\/15979\/revisions"}],"predecessor-version":[{"id":18376,"href":"https:\/\/www.dein-stellplatz.de\/pl\/wp-json\/wp\/v2\/pages\/15979\/revisions\/18376"}],"wp:attachment":[{"href":"https:\/\/www.dein-stellplatz.de\/pl\/wp-json\/wp\/v2\/media?parent=15979"}],"curies":[{"name":"wp","href":"https:\/\/api.w.org\/{rel}","templated":true}]}}