{"id":15978,"date":"2023-12-14T20:35:29","date_gmt":"2023-12-14T19:35:29","guid":{"rendered":"https:\/\/www.dein-stellplatz.de\/jahreskarte\/"},"modified":"2025-03-31T22:57:16","modified_gmt":"2025-03-31T20:57:16","slug":"jahreskarte","status":"publish","type":"page","link":"https:\/\/www.dein-stellplatz.de\/pl\/jahreskarte\/","title":{"rendered":"Karnet roczny"},"content":{"rendered":"<p>W Dein Stellplatz nie oferujemy obecnie specjalnych rocznych bilet\u00f3w parkingowych. Nasza filozofia opiera si\u0119 na elastyczno\u015bci i dostosowaniu do potrzeb naszych klient\u00f3w.<\/p>\n<p>&nbsp;<\/p>\n<h2>Parking d\u0142ugoterminowy wed\u0142ug potrzeb<\/h2>\n<p><strong>Indywidualna rezerwacja:<\/strong> Zamiast rocznego karnetu umo\u017cliwiamy naszym klientom rezerwacj\u0119 miejsc parkingowych na dowolny okres. Zapewnia to elastyczno\u015b\u0107 potrzebn\u0105 do realizacji indywidualnych plan\u00f3w podr\u00f3\u017cy, zar\u00f3wno w przypadku kr\u00f3tkich pobyt\u00f3w, jak i d\u0142ugoterminowego parkowania przez kilka miesi\u0119cy lub nawet rok.<\/p>\n<p><strong>Ceny dostosowane do indywidualnych potrzeb:<\/strong> Klienci zainteresowani specjaln\u0105 cen\u0105 na d\u0142u\u017csze okresy parkowania mog\u0105 skontaktowa\u0107 si\u0119 z nami z wyprzedzeniem. Jeste\u015bmy otwarci na zapytania i oferujemy rozwi\u0105zania dostosowane do indywidualnych potrzeb.<\/p>\n<p><strong>Przejrzysta rezerwacja:<\/strong> Rezerwacja parkingu na d\u0142u\u017cszy okres jest prosta i przejrzysta. Wybierz \u017c\u0105dan\u0105 dat\u0119 pocz\u0105tkow\u0105 i ko\u0144cow\u0105 w naszej masce rezerwacji, a system automatycznie obliczy op\u0142aty parkingowe za ca\u0142y okres bez \u017cadnych ukrytych koszt\u00f3w.<\/p>\n<p>&nbsp;<\/p>","protected":false},"excerpt":{"rendered":"<p>W Dein Stellplatz nie oferujemy obecnie specjalnych rocznych bilet\u00f3w parkingowych. Nasza filozofia opiera si\u0119 na elastyczno\u015bci i dostosowaniu do potrzeb naszych klient\u00f3w. &nbsp; Parking d\u0142ugoterminowy wed\u0142ug potrzeb Indywidualna rezerwacja: Zamiast rocznego karnetu umo\u017cliwiamy naszym klientom rezerwacj\u0119 miejsc parkingowych na dowolny okres. Zapewnia to elastyczno\u015b\u0107 potrzebn\u0105 do realizacji indywidualnych plan\u00f3w podr\u00f3\u017cy, zar\u00f3wno w przypadku kr\u00f3tkich pobyt\u00f3w, [&hellip;]<\/p>\n","protected":false},"author":1,"featured_media":0,"parent":0,"menu_order":216,"comment_status":"closed","ping_status":"closed","template":"","meta":{"footnotes":""},"_links":{"self":[{"href":"https:\/\/www.dein-stellplatz.de\/pl\/wp-json\/wp\/v2\/pages\/15978"}],"collection":[{"href":"https:\/\/www.dein-stellplatz.de\/pl\/wp-json\/wp\/v2\/pages"}],"about":[{"href":"https:\/\/www.dein-stellplatz.de\/pl\/wp-json\/wp\/v2\/types\/page"}],"author":[{"embeddable":true,"href":"https:\/\/www.dein-stellplatz.de\/pl\/wp-json\/wp\/v2\/users\/1"}],"replies":[{"embeddable":true,"href":"https:\/\/www.dein-stellplatz.de\/pl\/wp-json\/wp\/v2\/comments?post=15978"}],"version-history":[{"count":1,"href":"https:\/\/www.dein-stellplatz.de\/pl\/wp-json\/wp\/v2\/pages\/15978\/revisions"}],"predecessor-version":[{"id":18375,"href":"https:\/\/www.dein-stellplatz.de\/pl\/wp-json\/wp\/v2\/pages\/15978\/revisions\/18375"}],"wp:attachment":[{"href":"https:\/\/www.dein-stellplatz.de\/pl\/wp-json\/wp\/v2\/media?parent=15978"}],"curies":[{"name":"wp","href":"https:\/\/api.w.org\/{rel}","templated":true}]}}