{"id":15977,"date":"2023-12-14T20:33:37","date_gmt":"2023-12-14T19:33:37","guid":{"rendered":"https:\/\/www.dein-stellplatz.de\/informationen-wichtiges-auf-einen-blick\/"},"modified":"2025-03-31T22:57:16","modified_gmt":"2025-03-31T20:57:16","slug":"informationen-wichtiges-auf-einen-blick","status":"publish","type":"page","link":"https:\/\/www.dein-stellplatz.de\/pl\/informationen-wichtiges-auf-einen-blick\/","title":{"rendered":"Informacja &#8211; wa\u017cne informacje w skr\u00f3cie"},"content":{"rendered":"<p>Je\u015bli chcesz zarezerwowa\u0107 parking na lotnisku Berlin Brandenburg (BER) w Dein Stellplatz, oto najwa\u017cniejsze informacje, kt\u00f3re musisz zna\u0107:<\/p>\n<p>&nbsp;<\/p>\n<h2>Rezerwacja online<\/h2>\n<p>Zarezerwuj sw\u00f3j parking wygodnie online za po\u015brednictwem naszej strony internetowej. Nasz system rezerwacji jest \u0142atwy w u\u017cyciu i pozwala szybko znale\u017a\u0107 parking odpowiedni do Twoich potrzeb.<\/p>\n<p>&nbsp;<\/p>\n<h3>Opcje parking\u00f3w<\/h3>\n<p>Obs\u0142ugujemy dwa parkingi w BER &#8211; parking P1 i parking P2. Do wyboru s\u0105 r\u00f3\u017cne opcje parking\u00f3w, w tym parkingi standardowe, komfortowe i XXL, a tak\u017ce specjalne obszary dla pojazd\u00f3w elektrycznych.<\/p>\n<p>&nbsp;<\/p>\n<h3><b>Shuttle-Service<\/b><\/h3>\n<p>Nasz bezp\u0142atny transfer szybko i wygodnie zabierze Ci\u0119 z parkingu na lotnisko BER i z powrotem. Autobusy kursuj\u0105 regularnie, dzi\u0119ki czemu zawsze dotrzesz na czas na sw\u00f3j lot.<\/p>\n<p>&nbsp;<\/p>\n<h3>Bezpiecze\u0144stwo<\/h3>\n<p>Bezpiecze\u0144stwo Twoje i Twojego pojazdu jest naszym najwy\u017cszym priorytetem. Nasze parkingi s\u0105 obj\u0119te nadzorem wideo i regularnie monitorowane przez personel.<\/p>\n<p>&nbsp;<\/p>\n<h3>Us\u0142ugi dodatkowe<\/h3>\n<p>Skorzystaj z naszych dodatkowych us\u0142ug, takich jak czyszczenie pojazdu lub us\u0142uga \u0142adowania samochod\u00f3w elektrycznych, aby podr\u00f3\u017c by\u0142a jeszcze przyjemniejsza.<\/p>\n<p>&nbsp;<\/p>\n<h3>Obs\u0142uga klienta<\/h3>\n<p>Nasz dzia\u0142 obs\u0142ugi klienta jest do Twojej dyspozycji w przypadku jakichkolwiek pyta\u0144 lub w\u0105tpliwo\u015bci. Mo\u017cna si\u0119 z nami skontaktowa\u0107 telefonicznie pod <strong>numerem infolinii rezerwacyjnej 0049 30 66 40 40 99<\/strong> lub poczt\u0105 elektroniczn\u0105 pod adresem <strong>info@dein-stellplatz.de<\/strong>.<\/p>\n<p>&nbsp;<\/p>\n<h3>Elastyczne warunki anulowania rezerwacji<\/h3>\n<p>Oferujemy elastyczne warunki anulowania rezerwacji, dzi\u0119ki czemu mo\u017cna anulowa\u0107 rezerwacj\u0119 bezp\u0142atnie do 24 godzin przed rozpocz\u0119ciem okresu wynajmu.<\/p>\n<p>&nbsp;<\/p>\n<h3>Jak dojecha\u0107 do parkingu:<\/h3>\n<p><strong>Parking P1:<\/strong> Hufenweg 16, 12526 Berlin<\/p>\n<p><strong>Parking P2:<\/strong> Gr\u00fcnauer Stra\u00dfe 5, 12529 Sch\u00f6nefeld (OT Waltersdorf)<\/p>\n<p>&nbsp;<\/p>\n<p>Obie lokalizacje s\u0105 \u0142atwo dost\u0119pne <strong>autostrad\u0105 A113<\/strong> i oferuj\u0105 szybkie po\u0142\u0105czenie z lotniskiem BER.<\/p>\n<p><strong>Przyjazno\u015b\u0107 dla dzieci:<\/strong> Jeste\u015bmy przyja\u017ani dla rodzin i oferujemy foteliki dzieci\u0119ce w naszych autobusach wahad\u0142owych, aby zapewni\u0107 bezpieczny transport naszym m\u0142odszym go\u015bciom.<\/p>\n<p><strong>Klienci biznesowi:<\/strong> Dla klient\u00f3w biznesowych dost\u0119pne s\u0105 specjalne warunki i us\u0142ugi, w tym p\u0142atno\u015b\u0107 na podstawie miesi\u0119cznej faktury i specjalne warunki.<\/p>\n<p>&nbsp;<\/p>","protected":false},"excerpt":{"rendered":"<p>Je\u015bli chcesz zarezerwowa\u0107 parking na lotnisku Berlin Brandenburg (BER) w Dein Stellplatz, oto najwa\u017cniejsze informacje, kt\u00f3re musisz zna\u0107: &nbsp; Rezerwacja online Zarezerwuj sw\u00f3j parking wygodnie online za po\u015brednictwem naszej strony internetowej. Nasz system rezerwacji jest \u0142atwy w u\u017cyciu i pozwala szybko znale\u017a\u0107 parking odpowiedni do Twoich potrzeb. &nbsp; Opcje parking\u00f3w Obs\u0142ugujemy dwa parkingi w BER [&hellip;]<\/p>\n","protected":false},"author":1,"featured_media":0,"parent":0,"menu_order":214,"comment_status":"closed","ping_status":"closed","template":"","meta":{"footnotes":""},"_links":{"self":[{"href":"https:\/\/www.dein-stellplatz.de\/pl\/wp-json\/wp\/v2\/pages\/15977"}],"collection":[{"href":"https:\/\/www.dein-stellplatz.de\/pl\/wp-json\/wp\/v2\/pages"}],"about":[{"href":"https:\/\/www.dein-stellplatz.de\/pl\/wp-json\/wp\/v2\/types\/page"}],"author":[{"embeddable":true,"href":"https:\/\/www.dein-stellplatz.de\/pl\/wp-json\/wp\/v2\/users\/1"}],"replies":[{"embeddable":true,"href":"https:\/\/www.dein-stellplatz.de\/pl\/wp-json\/wp\/v2\/comments?post=15977"}],"version-history":[{"count":1,"href":"https:\/\/www.dein-stellplatz.de\/pl\/wp-json\/wp\/v2\/pages\/15977\/revisions"}],"predecessor-version":[{"id":18374,"href":"https:\/\/www.dein-stellplatz.de\/pl\/wp-json\/wp\/v2\/pages\/15977\/revisions\/18374"}],"wp:attachment":[{"href":"https:\/\/www.dein-stellplatz.de\/pl\/wp-json\/wp\/v2\/media?parent=15977"}],"curies":[{"name":"wp","href":"https:\/\/api.w.org\/{rel}","templated":true}]}}