{"id":15976,"date":"2023-12-14T20:30:45","date_gmt":"2023-12-14T19:30:45","guid":{"rendered":"https:\/\/www.dein-stellplatz.de\/identifikation\/"},"modified":"2025-03-31T22:57:16","modified_gmt":"2025-03-31T20:57:16","slug":"identifikation","status":"publish","type":"page","link":"https:\/\/www.dein-stellplatz.de\/pl\/identifikation\/","title":{"rendered":"Identyfikacja"},"content":{"rendered":"<p><\/p>\n<h2>Og\u00f3lna identyfikacja<\/h2>\n<p>Zasadniczo nasi klienci nie musz\u0105 identyfikowa\u0107 si\u0119 przy przyje\u017adzie lub wyje\u017adzie. Nasi klienci zatrzymuj\u0105 kluczyki do samochodu po zaparkowaniu, w zwi\u0105zku z czym identyfikacja za pomoc\u0105 dowodu osobistego lub paszportu nie jest konieczna.<\/p>\n<p>&nbsp;<\/p>\n<h3>Autoryzowany odbi\u00f3r<\/h3>\n<p>Je\u015bli jednak inna osoba odbiera pojazd w imieniu klienta, wymagana jest identyfikacja. W takim przypadku poprosimy o dow\u00f3d to\u017csamo\u015bci, aby upewni\u0107 si\u0119, \u017ce pojazd zostanie przekazany w\u0142a\u015bciwej osobie.<\/p>\n<p>&nbsp;<\/p>\n<h3>Depozyt kluczyk\u00f3w<\/h3>\n<p>Klienci, kt\u00f3rzy wybrali us\u0142ug\u0119 depozytu kluczyk\u00f3w jako ulepszenie, przekazuj\u0105 kluczyki osobi\u015bcie i odbieraj\u0105 je osobi\u015bcie w punkcie obs\u0142ugi klienta. Gwarantuje to, \u017ce tylko upowa\u017cniony klient ma dost\u0119p do kluczyka pojazdu.<\/p>\n<p>&nbsp;<\/p>","protected":false},"excerpt":{"rendered":"<p>Og\u00f3lna identyfikacja Zasadniczo nasi klienci nie musz\u0105 identyfikowa\u0107 si\u0119 przy przyje\u017adzie lub wyje\u017adzie. Nasi klienci zatrzymuj\u0105 kluczyki do samochodu po zaparkowaniu, w zwi\u0105zku z czym identyfikacja za pomoc\u0105 dowodu osobistego lub paszportu nie jest konieczna. &nbsp; Autoryzowany odbi\u00f3r Je\u015bli jednak inna osoba odbiera pojazd w imieniu klienta, wymagana jest identyfikacja. W takim przypadku poprosimy o [&hellip;]<\/p>\n","protected":false},"author":1,"featured_media":0,"parent":0,"menu_order":211,"comment_status":"closed","ping_status":"closed","template":"","meta":{"footnotes":""},"_links":{"self":[{"href":"https:\/\/www.dein-stellplatz.de\/pl\/wp-json\/wp\/v2\/pages\/15976"}],"collection":[{"href":"https:\/\/www.dein-stellplatz.de\/pl\/wp-json\/wp\/v2\/pages"}],"about":[{"href":"https:\/\/www.dein-stellplatz.de\/pl\/wp-json\/wp\/v2\/types\/page"}],"author":[{"embeddable":true,"href":"https:\/\/www.dein-stellplatz.de\/pl\/wp-json\/wp\/v2\/users\/1"}],"replies":[{"embeddable":true,"href":"https:\/\/www.dein-stellplatz.de\/pl\/wp-json\/wp\/v2\/comments?post=15976"}],"version-history":[{"count":1,"href":"https:\/\/www.dein-stellplatz.de\/pl\/wp-json\/wp\/v2\/pages\/15976\/revisions"}],"predecessor-version":[{"id":18373,"href":"https:\/\/www.dein-stellplatz.de\/pl\/wp-json\/wp\/v2\/pages\/15976\/revisions\/18373"}],"wp:attachment":[{"href":"https:\/\/www.dein-stellplatz.de\/pl\/wp-json\/wp\/v2\/media?parent=15976"}],"curies":[{"name":"wp","href":"https:\/\/api.w.org\/{rel}","templated":true}]}}