{"id":15974,"date":"2023-12-14T20:18:03","date_gmt":"2023-12-14T19:18:03","guid":{"rendered":"https:\/\/www.dein-stellplatz.de\/hoechstparkdauer\/"},"modified":"2025-03-31T22:57:16","modified_gmt":"2025-03-31T20:57:16","slug":"hoechstparkdauer","status":"publish","type":"page","link":"https:\/\/www.dein-stellplatz.de\/pl\/hoechstparkdauer\/","title":{"rendered":"Maksymalny czas parkowania"},"content":{"rendered":"<p>Na Dein Stellplatz nie ma ogranicze\u0144 dotycz\u0105cych maksymalnego czasu parkowania. Oferujemy elastyczne opcje parkowania, kt\u00f3re dostosowuj\u0105 si\u0119 do indywidualnych potrzeb &#8211; niezale\u017cnie od tego, czy chcesz zaparkowa\u0107 tylko na kilka dni, czy nawet na rok lub d\u0142u\u017cej.<\/p>\n<p>&nbsp;<\/p>\n<h2>D\u0142ugoterminowe parkowanie bez ogranicze\u0144<\/h2>\n<p><strong>Elastyczno\u015b\u0107:<\/strong> u nas mo\u017cesz zaparkowa\u0107 sw\u00f3j pojazd na dowolny czas. Zapewnia to maksymaln\u0105 elastyczno\u015b\u0107, zw\u0142aszcza je\u015bli planujesz d\u0142u\u017csze podr\u00f3\u017ce lub jeste\u015b nieobecny przez d\u0142u\u017cszy czas z powod\u00f3w zawodowych.<\/p>\n<p><strong>Bezpiecze\u0144stwo:<\/strong> Podczas Twojej nieobecno\u015bci zapewniamy, \u017ce Tw\u00f3j samoch\u00f3d jest bezpieczny i pod dobr\u0105 opiek\u0105. Nasze parkingi s\u0105 monitorowane wideo i regularnie obs\u0142ugiwane przez personel, dzi\u0119ki czemu mo\u017cesz mie\u0107 pewno\u015b\u0107, \u017ce Tw\u00f3j pojazd jest w bezpiecznych r\u0119kach.<\/p>\n<p>&nbsp;<\/p>\n<h3>Prosta rezerwacja i obliczanie op\u0142at parkingowych<\/h3>\n<p><strong>Proces rezerwacji:<\/strong> Rezerwacja miejsca parkingowego na d\u0142u\u017cszy okres jest \u0142atwa. Wystarczy wybra\u0107 \u017c\u0105dan\u0105 dat\u0119 pocz\u0105tkow\u0105 i ko\u0144cow\u0105 na naszym ekranie rezerwacji, a system automatycznie obliczy op\u0142aty parkingowe za ca\u0142y okres.<\/p>\n<p><strong>Brak ukrytych koszt\u00f3w:<\/strong> U nas nie ma \u017cadnych ukrytych op\u0142at ani dodatkowych koszt\u00f3w za d\u0142ugoterminowe parkowanie. Ceny s\u0105 przejrzyste i wyra\u017anie wy\u015bwietlane podczas procesu rezerwacji.<\/p>\n<p>&nbsp;<\/p>","protected":false},"excerpt":{"rendered":"<p>Na Dein Stellplatz nie ma ogranicze\u0144 dotycz\u0105cych maksymalnego czasu parkowania. Oferujemy elastyczne opcje parkowania, kt\u00f3re dostosowuj\u0105 si\u0119 do indywidualnych potrzeb &#8211; niezale\u017cnie od tego, czy chcesz zaparkowa\u0107 tylko na kilka dni, czy nawet na rok lub d\u0142u\u017cej. &nbsp; D\u0142ugoterminowe parkowanie bez ogranicze\u0144 Elastyczno\u015b\u0107: u nas mo\u017cesz zaparkowa\u0107 sw\u00f3j pojazd na dowolny czas. Zapewnia to maksymaln\u0105 [&hellip;]<\/p>\n","protected":false},"author":1,"featured_media":0,"parent":0,"menu_order":209,"comment_status":"closed","ping_status":"closed","template":"","meta":{"footnotes":""},"_links":{"self":[{"href":"https:\/\/www.dein-stellplatz.de\/pl\/wp-json\/wp\/v2\/pages\/15974"}],"collection":[{"href":"https:\/\/www.dein-stellplatz.de\/pl\/wp-json\/wp\/v2\/pages"}],"about":[{"href":"https:\/\/www.dein-stellplatz.de\/pl\/wp-json\/wp\/v2\/types\/page"}],"author":[{"embeddable":true,"href":"https:\/\/www.dein-stellplatz.de\/pl\/wp-json\/wp\/v2\/users\/1"}],"replies":[{"embeddable":true,"href":"https:\/\/www.dein-stellplatz.de\/pl\/wp-json\/wp\/v2\/comments?post=15974"}],"version-history":[{"count":0,"href":"https:\/\/www.dein-stellplatz.de\/pl\/wp-json\/wp\/v2\/pages\/15974\/revisions"}],"wp:attachment":[{"href":"https:\/\/www.dein-stellplatz.de\/pl\/wp-json\/wp\/v2\/media?parent=15974"}],"curies":[{"name":"wp","href":"https:\/\/api.w.org\/{rel}","templated":true}]}}