{"id":15973,"date":"2023-12-14T17:50:24","date_gmt":"2023-12-14T16:50:24","guid":{"rendered":"https:\/\/www.dein-stellplatz.de\/haftung-bei-dein-stellplatz\/"},"modified":"2025-03-31T22:57:16","modified_gmt":"2025-03-31T20:57:16","slug":"haftung-bei-dein-stellplatz","status":"publish","type":"page","link":"https:\/\/www.dein-stellplatz.de\/pl\/haftung-bei-dein-stellplatz\/","title":{"rendered":"Odpowiedzialno\u015b\u0107 za Dein Stellplatz"},"content":{"rendered":"<p>W Dein Stellplatz przywi\u0105zujemy du\u017c\u0105 wag\u0119 do bezpiecze\u0144stwa i zadowolenia naszych klient\u00f3w. Nasze zasady odpowiedzialno\u015bci, kt\u00f3re s\u0105 okre\u015blone w naszych <a href=\"https:\/\/www.dein-stellplatz.de\/pl\/agb\/\">Og\u00f3lnych Warunkach Handlowych (OWH)<\/a>, odzwierciedlaj\u0105 nasze zaanga\u017cowanie w \u015bwiadczenie odpowiedzialnych i skoncentrowanych na kliencie us\u0142ug.<\/p>\n<p>&nbsp;<\/p>\n<h3>Oto kilka kluczowych aspekt\u00f3w naszej polityki odpowiedzialno\u015bci, kt\u00f3re s\u0105 wa\u017cne dla Ciebie jako klienta:<\/h3>\n<p><strong>Odpowiedzialno\u015b\u0107 cywilna:<\/strong> ponosimy pe\u0142n\u0105 odpowiedzialno\u015b\u0107 za szkody spowodowane ra\u017c\u0105cym zaniedbaniem lub umy\u015blnym dzia\u0142aniem z naszej strony. Obejmuje to r\u00f3wnie\u017c szkody na \u017cyciu, ciele lub zdrowiu.<\/p>\n<p><strong>Uczciwe traktowanie szk\u00f3d:<\/strong> W przypadku szk\u00f3d spowodowanych lekkim zaniedbaniem nasza odpowiedzialno\u015b\u0107 jest ograniczona do typowych, przewidywalnych szk\u00f3d. Oznacza to, \u017ce ponosimy odpowiedzialno\u015b\u0107 za podstawowe zobowi\u0105zania umowne, kt\u00f3rych mo\u017cesz oczekiwa\u0107 jako klient.<\/p>\n<p><strong>Jasne warunki anulowania:<\/strong> Oferujemy elastyczne warunki anulowania. Umow\u0119 najmu mo\u017cna anulowa\u0107 bezp\u0142atnie do 24 godzin przed rozpocz\u0119ciem okresu najmu. Daje to swobod\u0119 dostosowania plan\u00f3w bez obawy o kary finansowe.<\/p>\n<p><strong>Brak ukrytych zobowi\u0105za\u0144:<\/strong> Nasze parkingi oferuj\u0105 bezpieczne miejsce do zaparkowania pojazdu. Nale\u017cy pami\u0119ta\u0107, \u017ce nasza us\u0142uga ogranicza si\u0119 do udost\u0119pnienia parkingu i nie obejmuje ochrony ani ubezpieczenia pojazdu.<\/p>\n<p><strong>Obs\u0142uga zorientowana na klienta:<\/strong> Naszym celem jest zapewnienie sprawnej i przyjemnej obs\u0142ugi. Je\u015bli masz jakiekolwiek pytania dotycz\u0105ce naszych warunk\u00f3w odpowiedzialno\u015bci lub potrzebujesz pomocy, nasz zesp\u00f3\u0142 <a href=\"https:\/\/www.dein-stellplatz.de\/pl\/haeufige-fragen\/\">obs\u0142ugi klienta zawsze<\/a> ch\u0119tnie pomo\u017ce.<\/p>\n<p>Zach\u0119camy do zapoznania si\u0119 z pe\u0142nym <a href=\"https:\/\/www.dein-stellplatz.de\/pl\/agb\/\">regulaminem na stronie Dein Stellplatz<\/a>, aby w pe\u0142ni zrozumie\u0107 nasze zasady.<\/p>\n<p>&nbsp;<\/p>","protected":false},"excerpt":{"rendered":"<p>W Dein Stellplatz przywi\u0105zujemy du\u017c\u0105 wag\u0119 do bezpiecze\u0144stwa i zadowolenia naszych klient\u00f3w. Nasze zasady odpowiedzialno\u015bci, kt\u00f3re s\u0105 okre\u015blone w naszych Og\u00f3lnych Warunkach Handlowych (OWH), odzwierciedlaj\u0105 nasze zaanga\u017cowanie w \u015bwiadczenie odpowiedzialnych i skoncentrowanych na kliencie us\u0142ug. &nbsp; Oto kilka kluczowych aspekt\u00f3w naszej polityki odpowiedzialno\u015bci, kt\u00f3re s\u0105 wa\u017cne dla Ciebie jako klienta: Odpowiedzialno\u015b\u0107 cywilna: ponosimy pe\u0142n\u0105 odpowiedzialno\u015b\u0107 [&hellip;]<\/p>\n","protected":false},"author":1,"featured_media":0,"parent":0,"menu_order":205,"comment_status":"closed","ping_status":"closed","template":"","meta":{"footnotes":""},"_links":{"self":[{"href":"https:\/\/www.dein-stellplatz.de\/pl\/wp-json\/wp\/v2\/pages\/15973"}],"collection":[{"href":"https:\/\/www.dein-stellplatz.de\/pl\/wp-json\/wp\/v2\/pages"}],"about":[{"href":"https:\/\/www.dein-stellplatz.de\/pl\/wp-json\/wp\/v2\/types\/page"}],"author":[{"embeddable":true,"href":"https:\/\/www.dein-stellplatz.de\/pl\/wp-json\/wp\/v2\/users\/1"}],"replies":[{"embeddable":true,"href":"https:\/\/www.dein-stellplatz.de\/pl\/wp-json\/wp\/v2\/comments?post=15973"}],"version-history":[{"count":1,"href":"https:\/\/www.dein-stellplatz.de\/pl\/wp-json\/wp\/v2\/pages\/15973\/revisions"}],"predecessor-version":[{"id":18371,"href":"https:\/\/www.dein-stellplatz.de\/pl\/wp-json\/wp\/v2\/pages\/15973\/revisions\/18371"}],"wp:attachment":[{"href":"https:\/\/www.dein-stellplatz.de\/pl\/wp-json\/wp\/v2\/media?parent=15973"}],"curies":[{"name":"wp","href":"https:\/\/api.w.org\/{rel}","templated":true}]}}