{"id":15972,"date":"2023-12-14T17:29:26","date_gmt":"2023-12-14T16:29:26","guid":{"rendered":"https:\/\/www.dein-stellplatz.de\/groesse-der-parkplaetze\/"},"modified":"2025-07-25T17:49:09","modified_gmt":"2025-07-25T15:49:09","slug":"groesse-der-parkplaetze","status":"publish","type":"page","link":"https:\/\/www.dein-stellplatz.de\/pl\/groesse-der-parkplaetze\/","title":{"rendered":"Rozmiar parking\u00f3w"},"content":{"rendered":"<p>Na Dein Stellplatz oferujemy r\u00f3\u017cne obszary parkingowe, kt\u00f3re s\u0105 dostosowane do r\u00f3\u017cnych potrzeb i rozmiar\u00f3w pojazd\u00f3w. Podczas rezerwacji mo\u017cesz wybra\u0107 obszar parkingu, kt\u00f3ry najlepiej pasuje do Twojego pojazdu. Oto szczeg\u00f3\u0142y dotycz\u0105ce r\u00f3\u017cnych rozmiar\u00f3w i obszar\u00f3w parkingowych:<\/p>\n<p>&nbsp;<\/p>\n<h2>Standardowy obszar na parkingu P1<\/h2>\n<p><a href=\"https:\/\/www.dein-stellplatz.de\/wp-content\/uploads\/2023\/08\/Bannerbild-Parkbereich-P1-Standard-802x521px.jpg\"><img decoding=\"async\" class=\"alignleft size-full wp-image-14677\" src=\"https:\/\/www.dein-stellplatz.de\/wp-content\/uploads\/2023\/08\/Bannerbild-Parkbereich-P1-Standard-802x521px.jpg\" alt=\"Dein Stellplatz Parken BER - Parkbereich-P1-Standard\" width=\"802\" height=\"521\" srcset=\"https:\/\/www.dein-stellplatz.de\/wp-content\/uploads\/2023\/08\/Bannerbild-Parkbereich-P1-Standard-802x521px.jpg 802w, https:\/\/www.dein-stellplatz.de\/wp-content\/uploads\/2023\/08\/Bannerbild-Parkbereich-P1-Standard-802x521px-300x195.jpg 300w, https:\/\/www.dein-stellplatz.de\/wp-content\/uploads\/2023\/08\/Bannerbild-Parkbereich-P1-Standard-802x521px-768x499.jpg 768w\" sizes=\"(max-width: 802px) 100vw, 802px\" \/><\/a><\/p>\n<p><strong>Opis:<\/strong> Standardowy obszar oferuje bezpieczny i op\u0142acalny parking. Tw\u00f3j samoch\u00f3d jest bezpiecznie zaparkowany dzi\u0119ki nowoczesnemu monitoringowi wideo i regularnym patrolom.<\/p>\n<p><strong>Wymiary miejsc parkingowych:<\/strong> Wymiary miejsc parkingowych w standardowym obszarze wynosz\u0105 2,50 m x 4,90 m, co jest idealne dla wi\u0119kszo\u015bci konwencjonalnych pojazd\u00f3w.<\/p>\n<p>&nbsp;<\/p>\n<h3>Strefa komfortu i bezpiecze\u0144stwa na parkingu P1<\/h3>\n<p><a href=\"https:\/\/www.dein-stellplatz.de\/wp-content\/uploads\/2023\/08\/Bannerbild-Parkbereich-P1-Komfort-802x521px.jpg\"><img decoding=\"async\" class=\"alignleft size-full wp-image-14679\" src=\"https:\/\/www.dein-stellplatz.de\/wp-content\/uploads\/2023\/08\/Bannerbild-Parkbereich-P1-Komfort-802x521px.jpg\" alt=\"Dein Stellplatz Parken BER - Parkbereich-P1-Komfort und Sicherheit\" width=\"802\" height=\"521\" srcset=\"https:\/\/www.dein-stellplatz.de\/wp-content\/uploads\/2023\/08\/Bannerbild-Parkbereich-P1-Komfort-802x521px.jpg 802w, https:\/\/www.dein-stellplatz.de\/wp-content\/uploads\/2023\/08\/Bannerbild-Parkbereich-P1-Komfort-802x521px-300x195.jpg 300w, https:\/\/www.dein-stellplatz.de\/wp-content\/uploads\/2023\/08\/Bannerbild-Parkbereich-P1-Komfort-802x521px-768x499.jpg 768w\" sizes=\"(max-width: 802px) 100vw, 802px\" \/><\/a><\/p>\n<p><strong>Opis:<\/strong> Ta strefa jest przeznaczona dla klient\u00f3w, kt\u00f3rzy ceni\u0105 sobie dodatkowe bezpiecze\u0144stwo i komfort. Zapewnia ona nadz\u00f3r wideo w jako\u015bci HD, szersze wej\u015bcia u\u0142atwiaj\u0105ce wchodzenie i wychodzenie oraz lokalizacj\u0119 w pierwszych rz\u0119dach, kt\u00f3ra pozwala na pokonanie niewielkiej odleg\u0142o\u015bci do autobusu wahad\u0142owego i odprawy.<\/p>\n<p><strong>Wymiary parkingu:<\/strong> Parkingi w strefie komfortu i bezpiecze\u0144stwa s\u0105 nieco wi\u0119ksze i maj\u0105 wymiary 2,50 m x 5,50 m, co zapewnia dodatkow\u0105 przestrze\u0144 dla wygody.<\/p>\n<p>&nbsp;<\/p>\n<h3>Obszar XXL na parkingu P1<\/h3>\n<p><a href=\"https:\/\/www.dein-stellplatz.de\/wp-content\/uploads\/2023\/08\/Bannerbild-Parkbereich-P1-XXL-802x521px.jpg\"><img decoding=\"async\" class=\"alignleft size-full wp-image-14681\" src=\"https:\/\/www.dein-stellplatz.de\/wp-content\/uploads\/2023\/08\/Bannerbild-Parkbereich-P1-XXL-802x521px.jpg\" alt=\"Dein Stellplatz Parken BER - Parkbereich-P1-XXP\" width=\"802\" height=\"521\" srcset=\"https:\/\/www.dein-stellplatz.de\/wp-content\/uploads\/2023\/08\/Bannerbild-Parkbereich-P1-XXL-802x521px.jpg 802w, https:\/\/www.dein-stellplatz.de\/wp-content\/uploads\/2023\/08\/Bannerbild-Parkbereich-P1-XXL-802x521px-300x195.jpg 300w, https:\/\/www.dein-stellplatz.de\/wp-content\/uploads\/2023\/08\/Bannerbild-Parkbereich-P1-XXL-802x521px-768x499.jpg 768w\" sizes=\"(max-width: 802px) 100vw, 802px\" \/><\/a><\/p>\n<p><strong>Opis:<\/strong> Obszar XXL jest idealny dla wi\u0119kszych pojazd\u00f3w, takich jak SUV-y, samochody dostawcze lub je\u015bli po prostu potrzebujesz wi\u0119cej miejsca do wsiadania i wysiadania.<\/p>\n<p><strong>Maksymalna d\u0142ugo\u015b\u0107 pojazdu:<\/strong> Ten obszar jest przeznaczony dla pojazd\u00f3w o maksymalnej d\u0142ugo\u015bci 6,00 metr\u00f3w.<\/p>\n<p>&nbsp;<\/p>\n<h3>Obszar dla pojazd\u00f3w elektrycznych na parkingu P1<\/h3>\n<p><a href=\"https:\/\/www.dein-stellplatz.de\/wp-content\/uploads\/2023\/08\/Bannerbild-Parkbereich-P1-E-Ladeservice-802x521px.jpg\"><img decoding=\"async\" class=\"alignleft size-full wp-image-14684\" src=\"https:\/\/www.dein-stellplatz.de\/wp-content\/uploads\/2023\/08\/Bannerbild-Parkbereich-P1-E-Ladeservice-802x521px.jpg\" alt=\"Dein Stellplatz Parken BER - Parkbereich-P1-Ladeservice\" width=\"802\" height=\"521\" srcset=\"https:\/\/www.dein-stellplatz.de\/wp-content\/uploads\/2023\/08\/Bannerbild-Parkbereich-P1-E-Ladeservice-802x521px.jpg 802w, https:\/\/www.dein-stellplatz.de\/wp-content\/uploads\/2023\/08\/Bannerbild-Parkbereich-P1-E-Ladeservice-802x521px-300x195.jpg 300w, https:\/\/www.dein-stellplatz.de\/wp-content\/uploads\/2023\/08\/Bannerbild-Parkbereich-P1-E-Ladeservice-802x521px-768x499.jpg 768w\" sizes=\"(max-width: 802px) 100vw, 802px\" \/><\/a><\/p>\n<p><strong>Opis:<\/strong> Niezale\u017cnie od wielko\u015bci pojazdu elektrycznego, oferujemy specjalne parkingi z mo\u017cliwo\u015bci\u0105 \u0142adowania. Parkingi te zosta\u0142y zaprojektowane tak, aby mo\u017cna by\u0142o na\u0142adowa\u0107 samoch\u00f3d elektryczny podczas nieobecno\u015bci.<\/p>\n<p>&nbsp;<\/p>\n<h3>Strefa Valet na parkingu P1<\/h3>\n<p><a href=\"https:\/\/www.dein-stellplatz.de\/wp-content\/uploads\/2023\/08\/Bannerbild-Parkbereich-P1-Valet-802x521px.jpg\"><img decoding=\"async\" class=\"alignleft size-full wp-image-14695\" src=\"https:\/\/www.dein-stellplatz.de\/wp-content\/uploads\/2023\/08\/Bannerbild-Parkbereich-P1-Valet-802x521px.jpg\" alt=\"Dein Stellplatz Parken BER - Parkbereich-P1-Valet Parking\" width=\"802\" height=\"521\" srcset=\"https:\/\/www.dein-stellplatz.de\/wp-content\/uploads\/2023\/08\/Bannerbild-Parkbereich-P1-Valet-802x521px.jpg 802w, https:\/\/www.dein-stellplatz.de\/wp-content\/uploads\/2023\/08\/Bannerbild-Parkbereich-P1-Valet-802x521px-300x195.jpg 300w, https:\/\/www.dein-stellplatz.de\/wp-content\/uploads\/2023\/08\/Bannerbild-Parkbereich-P1-Valet-802x521px-768x499.jpg 768w\" sizes=\"(max-width: 802px) 100vw, 802px\" \/><\/a><\/p>\n<p><strong>Opis:<\/strong> Strefa parkingowa jest niezale\u017cna od wielko\u015bci pojazdu. Tutaj oddajesz samoch\u00f3d bezpo\u015brednio przy terminalu, a my zajmujemy si\u0119 parkowaniem.<\/p>\n<p>&nbsp;<\/p>\n<h2>Standardowy obszar na parkingu P2<\/h2>\n<p><a href=\"https:\/\/www.dein-stellplatz.de\/wp-content\/uploads\/2023\/08\/Bannerbild-Parkbereich-P2-Standard-802x521px.jpg\"><img decoding=\"async\" class=\"alignleft size-full wp-image-14687\" src=\"https:\/\/www.dein-stellplatz.de\/wp-content\/uploads\/2023\/08\/Bannerbild-Parkbereich-P2-Standard-802x521px.jpg\" alt=\"Dein Stellplatz Parken BER - Parkbereich-P2-Standard\" width=\"802\" height=\"521\" srcset=\"https:\/\/www.dein-stellplatz.de\/wp-content\/uploads\/2023\/08\/Bannerbild-Parkbereich-P2-Standard-802x521px.jpg 802w, https:\/\/www.dein-stellplatz.de\/wp-content\/uploads\/2023\/08\/Bannerbild-Parkbereich-P2-Standard-802x521px-300x195.jpg 300w, https:\/\/www.dein-stellplatz.de\/wp-content\/uploads\/2023\/08\/Bannerbild-Parkbereich-P2-Standard-802x521px-768x499.jpg 768w\" sizes=\"(max-width: 802px) 100vw, 802px\" \/><\/a><\/p>\n<p><strong>Opis:<\/strong> Standardowy obszar oferuje bezpieczny i op\u0142acalny parking. Tw\u00f3j samoch\u00f3d jest bezpiecznie zaparkowany dzi\u0119ki nowoczesnemu monitoringowi wideo i regularnym patrolom.<\/p>\n<p><strong>Wymiary miejsc parkingowych:<\/strong> Wymiary miejsc parkingowych w standardowym obszarze wynosz\u0105 2,50 m x 4,90 m, co jest idealne dla wi\u0119kszo\u015bci konwencjonalnych pojazd\u00f3w.<\/p>\n<p>&nbsp;<\/p>\n<h3>Strefa komfortu i bezpiecze\u0144stwa na parkingu P2<\/h3>\n<p><a href=\"https:\/\/www.dein-stellplatz.de\/wp-content\/uploads\/2023\/08\/Bannerbild-Parkbereich-P2-Komfort-802x521px.jpg\"><img decoding=\"async\" class=\"alignleft size-full wp-image-14689\" src=\"https:\/\/www.dein-stellplatz.de\/wp-content\/uploads\/2023\/08\/Bannerbild-Parkbereich-P2-Komfort-802x521px.jpg\" alt=\"Dein Stellplatz Parken BER - Parkbereich-P2-Komfort und Sicherheit\" width=\"802\" height=\"521\" srcset=\"https:\/\/www.dein-stellplatz.de\/wp-content\/uploads\/2023\/08\/Bannerbild-Parkbereich-P2-Komfort-802x521px.jpg 802w, https:\/\/www.dein-stellplatz.de\/wp-content\/uploads\/2023\/08\/Bannerbild-Parkbereich-P2-Komfort-802x521px-300x195.jpg 300w, https:\/\/www.dein-stellplatz.de\/wp-content\/uploads\/2023\/08\/Bannerbild-Parkbereich-P2-Komfort-802x521px-768x499.jpg 768w\" sizes=\"(max-width: 802px) 100vw, 802px\" \/><\/a><\/p>\n<p><strong>Opis:<\/strong> Ta strefa jest przeznaczona dla klient\u00f3w, kt\u00f3rzy ceni\u0105 sobie dodatkowe bezpiecze\u0144stwo i komfort. Zapewnia ona nadz\u00f3r wideo w jako\u015bci HD, szersze wej\u015bcia u\u0142atwiaj\u0105ce wchodzenie i wychodzenie oraz lokalizacj\u0119 w pierwszych rz\u0119dach, kt\u00f3ra pozwala na pokonanie niewielkiej odleg\u0142o\u015bci do autobusu wahad\u0142owego i odprawy.<\/p>\n<p><strong>Wymiary parkingu:<\/strong> Parkingi w strefie komfortu i bezpiecze\u0144stwa s\u0105 nieco wi\u0119ksze i maj\u0105 wymiary 2,50 m x 5,50 m, co zapewnia dodatkow\u0105 przestrze\u0144 dla wygody.<\/p>\n<p>&nbsp;<\/p>\n<h3>Strefa XXL na parkingu P2<\/h3>\n<p><a href=\"https:\/\/www.dein-stellplatz.de\/wp-content\/uploads\/2023\/08\/Bannerbild-Parkbereich-P2-XXL-802x521px.jpg\"><img decoding=\"async\" class=\"alignleft size-full wp-image-14691\" src=\"https:\/\/www.dein-stellplatz.de\/wp-content\/uploads\/2023\/08\/Bannerbild-Parkbereich-P2-XXL-802x521px.jpg\" alt=\"Dein Stellplatz Parken BER - Parkbereich-P2-XXL\" width=\"802\" height=\"521\" srcset=\"https:\/\/www.dein-stellplatz.de\/wp-content\/uploads\/2023\/08\/Bannerbild-Parkbereich-P2-XXL-802x521px.jpg 802w, https:\/\/www.dein-stellplatz.de\/wp-content\/uploads\/2023\/08\/Bannerbild-Parkbereich-P2-XXL-802x521px-300x195.jpg 300w, https:\/\/www.dein-stellplatz.de\/wp-content\/uploads\/2023\/08\/Bannerbild-Parkbereich-P2-XXL-802x521px-768x499.jpg 768w\" sizes=\"(max-width: 802px) 100vw, 802px\" \/><\/a><\/p>\n<p><strong>Opis:<\/strong> Obszar XXL jest idealny dla wi\u0119kszych pojazd\u00f3w, takich jak SUV-y, samochody dostawcze lub je\u015bli po prostu potrzebujesz wi\u0119cej miejsca do wsiadania i wysiadania.<\/p>\n<p><strong>Maksymalna d\u0142ugo\u015b\u0107 pojazdu:<\/strong> Ten obszar jest przeznaczony dla pojazd\u00f3w o maksymalnej d\u0142ugo\u015bci 6,00 metr\u00f3w.<\/p>","protected":false},"excerpt":{"rendered":"<p>Na Dein Stellplatz oferujemy r\u00f3\u017cne obszary parkingowe, kt\u00f3re s\u0105 dostosowane do r\u00f3\u017cnych potrzeb i rozmiar\u00f3w pojazd\u00f3w. Podczas rezerwacji mo\u017cesz wybra\u0107 obszar parkingu, kt\u00f3ry najlepiej pasuje do Twojego pojazdu. Oto szczeg\u00f3\u0142y dotycz\u0105ce r\u00f3\u017cnych rozmiar\u00f3w i obszar\u00f3w parkingowych: &nbsp; Standardowy obszar na parkingu P1 Opis: Standardowy obszar oferuje bezpieczny i op\u0142acalny parking. Tw\u00f3j samoch\u00f3d jest bezpiecznie zaparkowany [&hellip;]<\/p>\n","protected":false},"author":1,"featured_media":0,"parent":0,"menu_order":203,"comment_status":"closed","ping_status":"closed","template":"","meta":{"footnotes":""},"_links":{"self":[{"href":"https:\/\/www.dein-stellplatz.de\/pl\/wp-json\/wp\/v2\/pages\/15972"}],"collection":[{"href":"https:\/\/www.dein-stellplatz.de\/pl\/wp-json\/wp\/v2\/pages"}],"about":[{"href":"https:\/\/www.dein-stellplatz.de\/pl\/wp-json\/wp\/v2\/types\/page"}],"author":[{"embeddable":true,"href":"https:\/\/www.dein-stellplatz.de\/pl\/wp-json\/wp\/v2\/users\/1"}],"replies":[{"embeddable":true,"href":"https:\/\/www.dein-stellplatz.de\/pl\/wp-json\/wp\/v2\/comments?post=15972"}],"version-history":[{"count":4,"href":"https:\/\/www.dein-stellplatz.de\/pl\/wp-json\/wp\/v2\/pages\/15972\/revisions"}],"predecessor-version":[{"id":21161,"href":"https:\/\/www.dein-stellplatz.de\/pl\/wp-json\/wp\/v2\/pages\/15972\/revisions\/21161"}],"wp:attachment":[{"href":"https:\/\/www.dein-stellplatz.de\/pl\/wp-json\/wp\/v2\/media?parent=15972"}],"curies":[{"name":"wp","href":"https:\/\/api.w.org\/{rel}","templated":true}]}}