{"id":15971,"date":"2023-12-14T17:24:02","date_gmt":"2023-12-14T16:24:02","guid":{"rendered":"https:\/\/www.dein-stellplatz.de\/geschaeftsreisende\/"},"modified":"2025-03-31T22:57:15","modified_gmt":"2025-03-31T20:57:15","slug":"geschaeftsreisende","status":"publish","type":"page","link":"https:\/\/www.dein-stellplatz.de\/pl\/geschaeftsreisende\/","title":{"rendered":"Osoby podr\u00f3\u017cuj\u0105ce s\u0142u\u017cbowo"},"content":{"rendered":"<p>Podr\u00f3\u017ce s\u0142u\u017cbowe cz\u0119sto wymagaj\u0105 napi\u0119tego harmonogramu i du\u017cej elastyczno\u015bci. W\u0142a\u015bnie dlatego opracowali\u015bmy specjalne oferty dla klient\u00f3w biznesowych i os\u00f3b cz\u0119sto podr\u00f3\u017cuj\u0105cych, aby podr\u00f3\u017c s\u0142u\u017cbowa z lotniska Berlin Brandenburg (BER) przebiega\u0142a tak sprawnie i bezstresowo, jak to tylko mo\u017cliwe. Skorzystaj z naszych niestandardowych rozwi\u0105za\u0144 i atrakcyjnych warunk\u00f3w!<\/p>\n<p>&nbsp;<\/p>\n<h2>Korzy\u015bci dla klient\u00f3w biznesowych<\/h2>\n<p><strong>Obs\u0142uga klienta 1A:<\/strong> Ciesz si\u0119 spokojnym pocz\u0105tkiem podr\u00f3\u017cy s\u0142u\u017cbowej bez konieczno\u015bci martwienia si\u0119 o znalezienie miejsca parkingowego na lotnisku. Nasze spersonalizowane transfery najnowocze\u015bniejszymi autobusami wahad\u0142owymi i korzy\u015bci dla klient\u00f3w biznesowych, w tym do 20% zni\u017cki, zapewniaj\u0105 pierwszorz\u0119dne wra\u017cenia z podr\u00f3\u017cy w imponuj\u0105cych cenach.<\/p>\n<p><strong>Wszystko na pierwszy rzut oka:<\/strong> Zachowaj pe\u0142n\u0105 kontrol\u0119 nad swoimi rezerwacjami dzi\u0119ki naszemu loginowi klienta. W tym miejscu mo\u017cna w dowolnym momencie przegl\u0105da\u0107 aktywne rezerwacje, ponownie rezerwowa\u0107 wcze\u015bniejsze rezerwacje lub szybko i \u0142atwo wprowadza\u0107 zmiany.<\/p>\n<p><strong>Maksymalna elastyczno\u015b\u0107:<\/strong> Wiemy, \u017ce elastyczno\u015b\u0107 jest niezb\u0119dna dla klient\u00f3w biznesowych. Zmiany plan\u00f3w w ostatniej chwili nie stanowi\u0105 dla nas problemu. Mo\u017cesz edytowa\u0107 lub anulowa\u0107 swoje rezerwacje do ostatniej sekundy w dowolnym momencie bezp\u0142atnie.<\/p>\n<p><strong>Dodatkowe us\u0142ugi:<\/strong> Opr\u00f3cz specjalnych warunk\u00f3w biznesowych, mo\u017cesz oczekiwa\u0107 dodatkowych us\u0142ug, takich jak konserwacja samochodu i us\u0142ugi gara\u017cowe. A mo\u017ce wolisz parkowanie przez obs\u0142ug\u0119? To r\u00f3wnie\u017c oferujemy.<\/p>\n<p>Aby uzyska\u0107 wi\u0119cej informacji i skorzysta\u0107 z naszych ofert specjalnych dla klient\u00f3w biznesowych, odwied\u017a stron\u0119 <a href=\"https:\/\/www.dein-stellplatz.de\/pl\/parken\/businesskunden\/\">Dein Stellplatz &#8211; Klienci biznesowi<\/a>.<\/p>\n<p>&nbsp;<\/p>\n<p><a href=\"https:\/\/www.dein-stellplatz.de\/wp-content\/uploads\/2022\/06\/08-Dein-Stellplatz-Valet-Parking-Flughafen-Berlin-Nach-der-Landung-kurz-informieren-wenn-Gepaeck-erhalten-1.jpg\"><img decoding=\"async\" class=\"size-full wp-image-10749\" src=\"https:\/\/www.dein-stellplatz.de\/wp-content\/uploads\/2022\/06\/08-Dein-Stellplatz-Valet-Parking-Flughafen-Berlin-Nach-der-Landung-kurz-informieren-wenn-Gepaeck-erhalten-1.jpg\" alt=\"Dein Stellplatz. Valet Parking Flughafen Berlin. Nach der Landung kurz informieren, wenn Gep\u00e4ck erhalten. Valet Parking Berlin Airport. After landing, let us know when you have received your luggage. Valet Parking Berlin Lotnisko. Po wyl\u0105dowaniu poinformuj nas o odbiorze baga\u017cu\" width=\"1280\" height=\"853\" srcset=\"https:\/\/www.dein-stellplatz.de\/wp-content\/uploads\/2022\/06\/08-Dein-Stellplatz-Valet-Parking-Flughafen-Berlin-Nach-der-Landung-kurz-informieren-wenn-Gepaeck-erhalten-1.jpg 1280w, https:\/\/www.dein-stellplatz.de\/wp-content\/uploads\/2022\/06\/08-Dein-Stellplatz-Valet-Parking-Flughafen-Berlin-Nach-der-Landung-kurz-informieren-wenn-Gepaeck-erhalten-1-300x200.jpg 300w, https:\/\/www.dein-stellplatz.de\/wp-content\/uploads\/2022\/06\/08-Dein-Stellplatz-Valet-Parking-Flughafen-Berlin-Nach-der-Landung-kurz-informieren-wenn-Gepaeck-erhalten-1-1024x682.jpg 1024w, https:\/\/www.dein-stellplatz.de\/wp-content\/uploads\/2022\/06\/08-Dein-Stellplatz-Valet-Parking-Flughafen-Berlin-Nach-der-Landung-kurz-informieren-wenn-Gepaeck-erhalten-1-768x512.jpg 768w\" sizes=\"(max-width: 1280px) 100vw, 1280px\" \/><\/a><\/p>\n<p>&nbsp;<\/p>","protected":false},"excerpt":{"rendered":"<p>Podr\u00f3\u017ce s\u0142u\u017cbowe cz\u0119sto wymagaj\u0105 napi\u0119tego harmonogramu i du\u017cej elastyczno\u015bci. W\u0142a\u015bnie dlatego opracowali\u015bmy specjalne oferty dla klient\u00f3w biznesowych i os\u00f3b cz\u0119sto podr\u00f3\u017cuj\u0105cych, aby podr\u00f3\u017c s\u0142u\u017cbowa z lotniska Berlin Brandenburg (BER) przebiega\u0142a tak sprawnie i bezstresowo, jak to tylko mo\u017cliwe. Skorzystaj z naszych niestandardowych rozwi\u0105za\u0144 i atrakcyjnych warunk\u00f3w! &nbsp; Korzy\u015bci dla klient\u00f3w biznesowych Obs\u0142uga klienta 1A: Ciesz [&hellip;]<\/p>\n","protected":false},"author":1,"featured_media":0,"parent":0,"menu_order":199,"comment_status":"closed","ping_status":"closed","template":"","meta":{"footnotes":""},"_links":{"self":[{"href":"https:\/\/www.dein-stellplatz.de\/pl\/wp-json\/wp\/v2\/pages\/15971"}],"collection":[{"href":"https:\/\/www.dein-stellplatz.de\/pl\/wp-json\/wp\/v2\/pages"}],"about":[{"href":"https:\/\/www.dein-stellplatz.de\/pl\/wp-json\/wp\/v2\/types\/page"}],"author":[{"embeddable":true,"href":"https:\/\/www.dein-stellplatz.de\/pl\/wp-json\/wp\/v2\/users\/1"}],"replies":[{"embeddable":true,"href":"https:\/\/www.dein-stellplatz.de\/pl\/wp-json\/wp\/v2\/comments?post=15971"}],"version-history":[{"count":1,"href":"https:\/\/www.dein-stellplatz.de\/pl\/wp-json\/wp\/v2\/pages\/15971\/revisions"}],"predecessor-version":[{"id":18369,"href":"https:\/\/www.dein-stellplatz.de\/pl\/wp-json\/wp\/v2\/pages\/15971\/revisions\/18369"}],"wp:attachment":[{"href":"https:\/\/www.dein-stellplatz.de\/pl\/wp-json\/wp\/v2\/media?parent=15971"}],"curies":[{"name":"wp","href":"https:\/\/api.w.org\/{rel}","templated":true}]}}