{"id":15970,"date":"2023-12-14T17:15:55","date_gmt":"2023-12-14T16:15:55","guid":{"rendered":"https:\/\/www.dein-stellplatz.de\/gepaeck\/"},"modified":"2025-03-31T22:57:15","modified_gmt":"2025-03-31T20:57:15","slug":"gepaeck","status":"publish","type":"page","link":"https:\/\/www.dein-stellplatz.de\/pl\/gepaeck\/","title":{"rendered":"Baga\u017c"},"content":{"rendered":"<p>Nasz transport wahad\u0142owy ma na celu wygodne i bezpieczne przewiezienie Ciebie i Twojego baga\u017cu na lotnisko Berlin Brandenburg (BER) i z powrotem.<\/p>\n<p>&nbsp;<\/p>\n<h2>Transport baga\u017cu w autobusie wahad\u0142owym<\/h2>\n<p><strong>Baga\u017c standardowy:<\/strong> W naszych du\u017cych i wygodnych autobusach wahad\u0142owych mo\u017cna bezp\u0142atnie przewie\u017a\u0107 du\u017c\u0105 walizk\u0119 i baga\u017c podr\u0119czny. Zapewniamy bezpieczny i wygodny transport standardowego baga\u017cu.<\/p>\n<p><strong>Baga\u017c wielkogabarytowy i przedmioty specjalne:<\/strong> Oferujemy r\u00f3wnie\u017c opcje transportu przedmiot\u00f3w specjalnych, takich jak deski surfingowe, baga\u017c golfowy, foteliki dzieci\u0119ce, w\u00f3zki dzieci\u0119ce lub inwalidzkie. Prosimy o zarejestrowanie takich przedmiot\u00f3w podczas rezerwacji miejsca parkingowego, aby\u015bmy mogli odpowiednio zaplanowa\u0107 wymagan\u0105 przestrze\u0144 w autobusie wahad\u0142owym.<\/p>\n<p><strong>Elastyczny transport baga\u017cu:<\/strong> Je\u015bli nie zarejestrujesz tych przedmiot\u00f3w podczas rezerwacji, znajdziemy rozwi\u0105zanie. Dzi\u0119ki naszym przywieszkom baga\u017cowym mo\u017cemy r\u00f3wnie\u017c bezproblemowo przewozi\u0107 niezapowiedziane baga\u017ce wielkogabarytowe i przedmioty specjalne.<\/p>\n<p>&nbsp;<\/p>","protected":false},"excerpt":{"rendered":"<p>Nasz transport wahad\u0142owy ma na celu wygodne i bezpieczne przewiezienie Ciebie i Twojego baga\u017cu na lotnisko Berlin Brandenburg (BER) i z powrotem. &nbsp; Transport baga\u017cu w autobusie wahad\u0142owym Baga\u017c standardowy: W naszych du\u017cych i wygodnych autobusach wahad\u0142owych mo\u017cna bezp\u0142atnie przewie\u017a\u0107 du\u017c\u0105 walizk\u0119 i baga\u017c podr\u0119czny. Zapewniamy bezpieczny i wygodny transport standardowego baga\u017cu. Baga\u017c wielkogabarytowy i [&hellip;]<\/p>\n","protected":false},"author":1,"featured_media":0,"parent":0,"menu_order":197,"comment_status":"closed","ping_status":"closed","template":"","meta":{"footnotes":""},"_links":{"self":[{"href":"https:\/\/www.dein-stellplatz.de\/pl\/wp-json\/wp\/v2\/pages\/15970"}],"collection":[{"href":"https:\/\/www.dein-stellplatz.de\/pl\/wp-json\/wp\/v2\/pages"}],"about":[{"href":"https:\/\/www.dein-stellplatz.de\/pl\/wp-json\/wp\/v2\/types\/page"}],"author":[{"embeddable":true,"href":"https:\/\/www.dein-stellplatz.de\/pl\/wp-json\/wp\/v2\/users\/1"}],"replies":[{"embeddable":true,"href":"https:\/\/www.dein-stellplatz.de\/pl\/wp-json\/wp\/v2\/comments?post=15970"}],"version-history":[{"count":1,"href":"https:\/\/www.dein-stellplatz.de\/pl\/wp-json\/wp\/v2\/pages\/15970\/revisions"}],"predecessor-version":[{"id":18368,"href":"https:\/\/www.dein-stellplatz.de\/pl\/wp-json\/wp\/v2\/pages\/15970\/revisions\/18368"}],"wp:attachment":[{"href":"https:\/\/www.dein-stellplatz.de\/pl\/wp-json\/wp\/v2\/media?parent=15970"}],"curies":[{"name":"wp","href":"https:\/\/api.w.org\/{rel}","templated":true}]}}