{"id":15965,"date":"2023-12-12T18:18:44","date_gmt":"2023-12-12T17:18:44","guid":{"rendered":"https:\/\/www.dein-stellplatz.de\/fruehbucherrabatt\/"},"modified":"2025-03-31T22:57:15","modified_gmt":"2025-03-31T20:57:15","slug":"fruehbucherrabatt","status":"publish","type":"page","link":"https:\/\/www.dein-stellplatz.de\/pl\/fruehbucherrabatt\/","title":{"rendered":"Rabat za wczesn\u0105 rezerwacj\u0119"},"content":{"rendered":"<p>W Dein Stellplatz nagradzamy planowanie z wyprzedzeniem zni\u017ck\u0105 za wczesn\u0105 rezerwacj\u0119. Ta zni\u017cka to \u015bwietny spos\u00f3b na zaoszcz\u0119dzenie na rezerwacji miejsca parkingowego na lotnisku BER, zapewniaj\u0105c jednocze\u015bnie, \u017ce zarezerwowa\u0142e\u015b miejsce parkingowe na czas podr\u00f3\u017cy.<\/p>\n<p>&nbsp;<\/p>\n<h2>Zalety wczesnej rezerwacji<\/h2>\n<p><strong>Efektywno\u015b\u0107 kosztowa:<\/strong> Im wcze\u015bniej dokonasz rezerwacji, tym ta\u0144sza b\u0119dzie rezerwacja miejsca parkingowego. Nasza zni\u017cka za wczesn\u0105 rezerwacj\u0119 zosta\u0142a specjalnie zaprojektowana, aby nagradza\u0107 klient\u00f3w, kt\u00f3rzy wcze\u015bnie sfinalizuj\u0105 swoje plany podr\u00f3\u017cy.<\/p>\n<p><strong>Unikanie cen last minute:<\/strong> Podobnie jak w przypadku wielu us\u0142ug, ceny rosn\u0105 im bli\u017cej daty rezerwacji. Wczesna rezerwacja pozwala unikn\u0105\u0107 wy\u017cszych cen w ostatniej chwili.<\/p>\n<p><strong>Zabezpiecz swoje miejsce parkingowe:<\/strong> Zw\u0142aszcza w godzinach szczytu nasze parkingi mog\u0105 by\u0107 w pe\u0142ni zarezerwowane. Korzystaj\u0105c ze zni\u017cki za wczesn\u0105 rezerwacj\u0119, zapewniasz sobie miejsce parkingowe na wybrany okres.<\/p>\n<p><a href=\"https:\/\/www.dein-stellplatz.de\/wp-content\/uploads\/2023\/12\/Dein-Stellplatz-Parken-am-Flughafen-Berlin-Fruehbucher-Rabatt.png\"><img decoding=\"async\" class=\"alignleft size-full wp-image-16105\" src=\"https:\/\/www.dein-stellplatz.de\/wp-content\/uploads\/2023\/12\/Dein-Stellplatz-Parken-am-Flughafen-Berlin-Fruehbucher-Rabatt.png\" alt=\"Dein Stellplatz - Parken am Flughafen Berlin - Fr\u00fchbucher Rabatt\" width=\"420\" height=\"250\" \/><\/a><\/p>\n<p>&nbsp;<\/p>\n<h3>Jak dzia\u0142a zni\u017cka za wczesn\u0105 rezerwacj\u0119?<\/h3>\n<p>Nasza zni\u017cka za wczesn\u0105 rezerwacj\u0119 jest automatycznie stosowana w przypadku wcze\u015bniejszej rezerwacji parkingu na lotnisku w Berlinie online. Zni\u017cka jest ju\u017c uwzgl\u0119dniona w wy\u015bwietlanych cenach, wi\u0119c mo\u017cesz od razu zobaczy\u0107, ile oszcz\u0119dzasz.<\/p>\n<p>&nbsp;<\/p>\n<h3>Planowanie jest kluczem do sukcesu<\/h3>\n<p>Zalecamy jak najwcze\u015bniejsz\u0105 rezerwacj\u0119 miejsca parkingowego, aby skorzysta\u0107 z najlepszych cen. Nie tylko zaoszcz\u0119dzisz pieni\u0105dze, ale tak\u017ce mo\u017cesz mie\u0107 pewno\u015b\u0107, \u017ce Tw\u00f3j parking na lotnisku BER jest zarezerwowany specjalnie dla Ciebie. Dzi\u0119ki naszej zni\u017cce za wczesn\u0105 rezerwacj\u0119 mo\u017cesz planowa\u0107 m\u0105drze i oszcz\u0119dza\u0107!<\/p>\n<p>&nbsp;<\/p>","protected":false},"excerpt":{"rendered":"<p>W Dein Stellplatz nagradzamy planowanie z wyprzedzeniem zni\u017ck\u0105 za wczesn\u0105 rezerwacj\u0119. Ta zni\u017cka to \u015bwietny spos\u00f3b na zaoszcz\u0119dzenie na rezerwacji miejsca parkingowego na lotnisku BER, zapewniaj\u0105c jednocze\u015bnie, \u017ce zarezerwowa\u0142e\u015b miejsce parkingowe na czas podr\u00f3\u017cy. &nbsp; Zalety wczesnej rezerwacji Efektywno\u015b\u0107 kosztowa: Im wcze\u015bniej dokonasz rezerwacji, tym ta\u0144sza b\u0119dzie rezerwacja miejsca parkingowego. Nasza zni\u017cka za wczesn\u0105 rezerwacj\u0119 [&hellip;]<\/p>\n","protected":false},"author":1,"featured_media":0,"parent":0,"menu_order":194,"comment_status":"closed","ping_status":"closed","template":"","meta":{"footnotes":""},"_links":{"self":[{"href":"https:\/\/www.dein-stellplatz.de\/pl\/wp-json\/wp\/v2\/pages\/15965"}],"collection":[{"href":"https:\/\/www.dein-stellplatz.de\/pl\/wp-json\/wp\/v2\/pages"}],"about":[{"href":"https:\/\/www.dein-stellplatz.de\/pl\/wp-json\/wp\/v2\/types\/page"}],"author":[{"embeddable":true,"href":"https:\/\/www.dein-stellplatz.de\/pl\/wp-json\/wp\/v2\/users\/1"}],"replies":[{"embeddable":true,"href":"https:\/\/www.dein-stellplatz.de\/pl\/wp-json\/wp\/v2\/comments?post=15965"}],"version-history":[{"count":1,"href":"https:\/\/www.dein-stellplatz.de\/pl\/wp-json\/wp\/v2\/pages\/15965\/revisions"}],"predecessor-version":[{"id":18367,"href":"https:\/\/www.dein-stellplatz.de\/pl\/wp-json\/wp\/v2\/pages\/15965\/revisions\/18367"}],"wp:attachment":[{"href":"https:\/\/www.dein-stellplatz.de\/pl\/wp-json\/wp\/v2\/media?parent=15965"}],"curies":[{"name":"wp","href":"https:\/\/api.w.org\/{rel}","templated":true}]}}