{"id":15963,"date":"2023-12-12T18:14:40","date_gmt":"2023-12-12T17:14:40","guid":{"rendered":"https:\/\/www.dein-stellplatz.de\/express-parken\/"},"modified":"2025-03-31T22:57:15","modified_gmt":"2025-03-31T20:57:15","slug":"express-parken","status":"publish","type":"page","link":"https:\/\/www.dein-stellplatz.de\/pl\/express-parken\/","title":{"rendered":"Express-Parkingu"},"content":{"rendered":"<p>W Dein Stellplatz rozumiemy, \u017ce czasami liczy si\u0119 ka\u017cda minuta, zw\u0142aszcza je\u015bli chodzi o dotarcie na lot. Dlatego dok\u0142adamy wszelkich stara\u0144, aby\u015b dotar\u0142 na sw\u00f3j lot na czas.<\/p>\n<p>&nbsp;<\/p>\n<h2>Elastyczno\u015b\u0107 w przypadku op\u00f3\u017anie\u0144<\/h2>\n<p>Zwykle dzia\u0142amy zgodnie z ustalonym harmonogramem naszych us\u0142ug wahad\u0142owych. Zdajemy sobie jednak spraw\u0119, \u017ce mog\u0105 wyst\u0105pi\u0107 nieprzewidziane zdarzenia, takie jak korki lub inne op\u00f3\u017anienia. W takich przypadkach staramy si\u0119 by\u0107 elastyczni: je\u015bli sp\u00f3\u017anisz si\u0119 na nasz parking, do\u0142o\u017cymy wszelkich stara\u0144, aby jak najszybciej dostarczy\u0107 Ci\u0119 na lotnisko. Mo\u017ce to oznacza\u0107, \u017ce zorganizujemy transfer bezpo\u015brednio do Ciebie.<\/p>\n<p>&nbsp;<\/p>\n<h3>Opcjonalne uaktualnienie do us\u0142ugi parkingowego<\/h3>\n<p>W niekt\u00f3rych przypadkach, gdy czas jest naprawd\u0119 kr\u00f3tki, a okoliczno\u015bci na to pozwalaj\u0105, oferujemy spontaniczn\u0105 aktualizacj\u0119 do naszej us\u0142ugi parkingowej. Oznacza to, \u017ce odbierzemy samoch\u00f3d bezpo\u015brednio z lotniska. Oznacza to, \u017ce mo\u017cesz uda\u0107 si\u0119 prosto do hali odlot\u00f3w i z\u0142apa\u0107 sw\u00f3j lot bez straty czasu.<\/p>\n<p>&nbsp;<\/p>\n<h3>Szybko i bez komplikacji<\/h3>\n<p>Naszym celem jest zapewnienie sprawnego i bezstresowego rozpocz\u0119cia podr\u00f3\u017cy. Z Dein Stellplatz jako dostawc\u0105 parkingu lotniskowego mo\u017cesz by\u0107 pewien, \u017ce zrobimy wszystko, co w naszej mocy, aby\u015b dotar\u0142 na sw\u00f3j lot na czas, nawet je\u015bli wyst\u0105pi\u0105 nieoczekiwane op\u00f3\u017anienia.<\/p>\n<p>&nbsp;<\/p>","protected":false},"excerpt":{"rendered":"<p>W Dein Stellplatz rozumiemy, \u017ce czasami liczy si\u0119 ka\u017cda minuta, zw\u0142aszcza je\u015bli chodzi o dotarcie na lot. Dlatego dok\u0142adamy wszelkich stara\u0144, aby\u015b dotar\u0142 na sw\u00f3j lot na czas. &nbsp; Elastyczno\u015b\u0107 w przypadku op\u00f3\u017anie\u0144 Zwykle dzia\u0142amy zgodnie z ustalonym harmonogramem naszych us\u0142ug wahad\u0142owych. Zdajemy sobie jednak spraw\u0119, \u017ce mog\u0105 wyst\u0105pi\u0107 nieprzewidziane zdarzenia, takie jak korki lub [&hellip;]<\/p>\n","protected":false},"author":1,"featured_media":0,"parent":0,"menu_order":179,"comment_status":"closed","ping_status":"closed","template":"","meta":{"footnotes":""},"_links":{"self":[{"href":"https:\/\/www.dein-stellplatz.de\/pl\/wp-json\/wp\/v2\/pages\/15963"}],"collection":[{"href":"https:\/\/www.dein-stellplatz.de\/pl\/wp-json\/wp\/v2\/pages"}],"about":[{"href":"https:\/\/www.dein-stellplatz.de\/pl\/wp-json\/wp\/v2\/types\/page"}],"author":[{"embeddable":true,"href":"https:\/\/www.dein-stellplatz.de\/pl\/wp-json\/wp\/v2\/users\/1"}],"replies":[{"embeddable":true,"href":"https:\/\/www.dein-stellplatz.de\/pl\/wp-json\/wp\/v2\/comments?post=15963"}],"version-history":[{"count":3,"href":"https:\/\/www.dein-stellplatz.de\/pl\/wp-json\/wp\/v2\/pages\/15963\/revisions"}],"predecessor-version":[{"id":18190,"href":"https:\/\/www.dein-stellplatz.de\/pl\/wp-json\/wp\/v2\/pages\/15963\/revisions\/18190"}],"wp:attachment":[{"href":"https:\/\/www.dein-stellplatz.de\/pl\/wp-json\/wp\/v2\/media?parent=15963"}],"curies":[{"name":"wp","href":"https:\/\/api.w.org\/{rel}","templated":true}]}}