{"id":15962,"date":"2023-12-12T18:12:39","date_gmt":"2023-12-12T17:12:39","guid":{"rendered":"https:\/\/www.dein-stellplatz.de\/e-ladestationen\/"},"modified":"2025-03-31T22:57:15","modified_gmt":"2025-03-31T20:57:15","slug":"e-ladestationen","status":"publish","type":"page","link":"https:\/\/www.dein-stellplatz.de\/pl\/e-ladestationen\/","title":{"rendered":"Stacje \u0142adowania elektrycznego"},"content":{"rendered":"<p>Na Dein Stellplatz dostosowali\u015bmy si\u0119 do potrzeb kierowc\u00f3w samochod\u00f3w elektrycznych. Wszystkie wa\u017cne informacje na temat naszych stacji \u0142adowania mo\u017cna znale\u017a\u0107 tutaj.<\/p>\n<p>&nbsp;<\/p>\n<h2>Dost\u0119pno\u015b\u0107 i kompatybilno\u015b\u0107<\/h2>\n<p>Nasze stacje \u0142adowania elektrycznego zosta\u0142y zaprojektowane tak, aby by\u0142y kompatybilne z szerok\u0105 gam\u0105 modeli samochod\u00f3w elektrycznych. Bez wzgl\u0119du na to, jakim samochodem elektrycznym je\u017adzisz, mo\u017cesz mie\u0107 pewno\u015b\u0107, \u017ce nasze stacje \u0142adowania s\u0105 odpowiednie dla Twojego pojazdu.<\/p>\n<p>&nbsp;<\/p>\n<h3>Lokalizacja stacji \u0142adowania<\/h3>\n<p>Stacje \u0142adowania elektrycznego znajduj\u0105 si\u0119 na naszym parkingu P1 na lotnisku Berlin Brandenburg (BER). Lokalizacja ta zosta\u0142a specjalnie wybrana, aby zapewni\u0107 naszym klientom maksymaln\u0105 wygod\u0119 i dost\u0119pno\u015b\u0107.<\/p>\n<p>&nbsp;<\/p>\n<h3>Liczba stacji \u0142adowania i us\u0142uga \u0142adowania<\/h3>\n<p>Unikaln\u0105 cech\u0105 naszej us\u0142ugi jest to, \u017ce zapewniamy &#8222;nieograniczon\u0105&#8221; liczb\u0119 punkt\u00f3w \u0142adowania. Jest to mo\u017cliwe dzi\u0119ki temu, \u017ce nasz zesp\u00f3\u0142 serwisowy wykonuje us\u0142ug\u0119 \u0142adowania dla naszych klient\u00f3w i ponownie parkuje pojazdy po ich pe\u0142nym na\u0142adowaniu. W ten spos\u00f3b zapewniamy, \u017ce ka\u017cdy klient, kt\u00f3ry potrzebuje naszej us\u0142ugi \u0142adowania, r\u00f3wnie\u017c j\u0105 otrzyma. Po powrocie samoch\u00f3d elektryczny jest w pe\u0142ni na\u0142adowany i gotowy do podr\u00f3\u017cy do domu. Jeste\u015bmy dumni, \u017ce mo\u017cemy zaoferowa\u0107 t\u0119 nowoczesn\u0105 i przyjazn\u0105 dla \u015brodowiska us\u0142ug\u0119.<\/p>\n<p>&nbsp;<\/p>\n<h3>Rezerwacja us\u0142ugi \u0142adowania<\/h3>\n<p>Mo\u017cesz \u0142atwo doda\u0107 nasz\u0105 us\u0142ug\u0119 \u0142adowania jako cz\u0119\u015b\u0107 rezerwacji parkingu online. Wybierz t\u0119 us\u0142ug\u0119 jako cz\u0119\u015b\u0107 rezerwacji lub dodaj j\u0105 p\u00f3\u017aniej jako aktualizacj\u0119. W przypadku jakichkolwiek pyta\u0144 lub potrzeby dalszego wsparcia prosimy o kontakt z naszym zespo\u0142em pod numerem infolinii 0049 30 66 40 40 99 lub poczt\u0105 elektroniczn\u0105 pod adresem info@dein-stellplatz.de.<\/p>\n<p><a href=\"https:\/\/www.dein-stellplatz.de\/wp-content\/uploads\/2023\/08\/Bannerbild-Parkbereich-P1-E-Ladeservice-802x521px.jpg\"><img decoding=\"async\" class=\"alignleft size-full wp-image-14684\" src=\"https:\/\/www.dein-stellplatz.de\/wp-content\/uploads\/2023\/08\/Bannerbild-Parkbereich-P1-E-Ladeservice-802x521px.jpg\" alt=\"Dein Stellplatz Parken BER - Parkbereich-P1-Ladeservice\" width=\"802\" height=\"521\" srcset=\"https:\/\/www.dein-stellplatz.de\/wp-content\/uploads\/2023\/08\/Bannerbild-Parkbereich-P1-E-Ladeservice-802x521px.jpg 802w, https:\/\/www.dein-stellplatz.de\/wp-content\/uploads\/2023\/08\/Bannerbild-Parkbereich-P1-E-Ladeservice-802x521px-300x195.jpg 300w, https:\/\/www.dein-stellplatz.de\/wp-content\/uploads\/2023\/08\/Bannerbild-Parkbereich-P1-E-Ladeservice-802x521px-768x499.jpg 768w\" sizes=\"(max-width: 802px) 100vw, 802px\" \/><\/a><\/p>","protected":false},"excerpt":{"rendered":"<p>Na Dein Stellplatz dostosowali\u015bmy si\u0119 do potrzeb kierowc\u00f3w samochod\u00f3w elektrycznych. Wszystkie wa\u017cne informacje na temat naszych stacji \u0142adowania mo\u017cna znale\u017a\u0107 tutaj. &nbsp; Dost\u0119pno\u015b\u0107 i kompatybilno\u015b\u0107 Nasze stacje \u0142adowania elektrycznego zosta\u0142y zaprojektowane tak, aby by\u0142y kompatybilne z szerok\u0105 gam\u0105 modeli samochod\u00f3w elektrycznych. Bez wzgl\u0119du na to, jakim samochodem elektrycznym je\u017adzisz, mo\u017cesz mie\u0107 pewno\u015b\u0107, \u017ce nasze stacje [&hellip;]<\/p>\n","protected":false},"author":1,"featured_media":0,"parent":0,"menu_order":176,"comment_status":"closed","ping_status":"closed","template":"","meta":{"footnotes":""},"_links":{"self":[{"href":"https:\/\/www.dein-stellplatz.de\/pl\/wp-json\/wp\/v2\/pages\/15962"}],"collection":[{"href":"https:\/\/www.dein-stellplatz.de\/pl\/wp-json\/wp\/v2\/pages"}],"about":[{"href":"https:\/\/www.dein-stellplatz.de\/pl\/wp-json\/wp\/v2\/types\/page"}],"author":[{"embeddable":true,"href":"https:\/\/www.dein-stellplatz.de\/pl\/wp-json\/wp\/v2\/users\/1"}],"replies":[{"embeddable":true,"href":"https:\/\/www.dein-stellplatz.de\/pl\/wp-json\/wp\/v2\/comments?post=15962"}],"version-history":[{"count":2,"href":"https:\/\/www.dein-stellplatz.de\/pl\/wp-json\/wp\/v2\/pages\/15962\/revisions"}],"predecessor-version":[{"id":18189,"href":"https:\/\/www.dein-stellplatz.de\/pl\/wp-json\/wp\/v2\/pages\/15962\/revisions\/18189"}],"wp:attachment":[{"href":"https:\/\/www.dein-stellplatz.de\/pl\/wp-json\/wp\/v2\/media?parent=15962"}],"curies":[{"name":"wp","href":"https:\/\/api.w.org\/{rel}","templated":true}]}}