{"id":15958,"date":"2023-12-12T18:00:19","date_gmt":"2023-12-12T17:00:19","guid":{"rendered":"https:\/\/www.dein-stellplatz.de\/check-out\/"},"modified":"2025-03-31T22:57:14","modified_gmt":"2025-03-31T20:57:14","slug":"check-out","status":"publish","type":"page","link":"https:\/\/www.dein-stellplatz.de\/pl\/check-out\/","title":{"rendered":"Check-Out"},"content":{"rendered":"<p>Proces wymeldowania w Dein Stellplatz jest tak samo nieskomplikowany i przyjazny dla klienta, jak proces zameldowania. Tutaj dowiesz si\u0119, jak szybko i \u0142atwo odebra\u0107 samoch\u00f3d po powrocie z lotniska Berlin Brandenburg (BER).<\/p>\n<p>&nbsp;<\/p>\n<h2>Powr\u00f3t z lotniska<\/h2>\n<p>Po wyl\u0105dowaniu na lotnisku BER i odebraniu baga\u017cu udaj si\u0119 do wyznaczonego punktu spotkania na parkingu autobusowym B, gdzie b\u0119dzie czeka\u0142 na Ciebie nasz transfer. Zabierze on Ciebie i Tw\u00f3j baga\u017c z powrotem na nasz parking w komfortowych warunkach.<\/p>\n<p>&nbsp;<\/p>\n<h3>Odbi\u00f3r pojazdu<\/h3>\n<p>Wymeldowanie na Dein Stellplatz przebiega szybko i sprawnie, dzi\u0119ki czemu mo\u017cesz rozpocz\u0105\u0107 podr\u00f3\u017c do domu bez \u017cadnych op\u00f3\u017anie\u0144. Jak tylko dotrzesz na parking, ponownie skontaktuj si\u0119 z naszym biurem. Gdy wszystkie formalno\u015bci zostan\u0105 wyja\u015bnione, mo\u017cesz uda\u0107 si\u0119 do swojego pojazdu. Tw\u00f3j samoch\u00f3d b\u0119dzie bezpiecznie zaparkowany na parkingu, na kt\u00f3rym go zostawi\u0142e\u015b, gotowy do podr\u00f3\u017cy do domu.<\/p>\n<p>Dzi\u0119ki Dein Stellplatz mo\u017cesz mie\u0107 pewno\u015b\u0107, \u017ce zar\u00f3wno zameldowanie, jak i wymeldowanie pojazdu jest proste, bezpieczne i zorientowane na klienta. Dzi\u0119ki temu podr\u00f3\u017c zako\u0144czy si\u0119 r\u00f3wnie relaksuj\u0105co, jak si\u0119 rozpocz\u0119\u0142a.<\/p>\n<p>&nbsp;<\/p>","protected":false},"excerpt":{"rendered":"<p>Proces wymeldowania w Dein Stellplatz jest tak samo nieskomplikowany i przyjazny dla klienta, jak proces zameldowania. Tutaj dowiesz si\u0119, jak szybko i \u0142atwo odebra\u0107 samoch\u00f3d po powrocie z lotniska Berlin Brandenburg (BER). &nbsp; Powr\u00f3t z lotniska Po wyl\u0105dowaniu na lotnisku BER i odebraniu baga\u017cu udaj si\u0119 do wyznaczonego punktu spotkania na parkingu autobusowym B, gdzie [&hellip;]<\/p>\n","protected":false},"author":1,"featured_media":0,"parent":0,"menu_order":131,"comment_status":"closed","ping_status":"closed","template":"","meta":{"footnotes":""},"_links":{"self":[{"href":"https:\/\/www.dein-stellplatz.de\/pl\/wp-json\/wp\/v2\/pages\/15958"}],"collection":[{"href":"https:\/\/www.dein-stellplatz.de\/pl\/wp-json\/wp\/v2\/pages"}],"about":[{"href":"https:\/\/www.dein-stellplatz.de\/pl\/wp-json\/wp\/v2\/types\/page"}],"author":[{"embeddable":true,"href":"https:\/\/www.dein-stellplatz.de\/pl\/wp-json\/wp\/v2\/users\/1"}],"replies":[{"embeddable":true,"href":"https:\/\/www.dein-stellplatz.de\/pl\/wp-json\/wp\/v2\/comments?post=15958"}],"version-history":[{"count":3,"href":"https:\/\/www.dein-stellplatz.de\/pl\/wp-json\/wp\/v2\/pages\/15958\/revisions"}],"predecessor-version":[{"id":18184,"href":"https:\/\/www.dein-stellplatz.de\/pl\/wp-json\/wp\/v2\/pages\/15958\/revisions\/18184"}],"wp:attachment":[{"href":"https:\/\/www.dein-stellplatz.de\/pl\/wp-json\/wp\/v2\/media?parent=15958"}],"curies":[{"name":"wp","href":"https:\/\/api.w.org\/{rel}","templated":true}]}}