{"id":15957,"date":"2023-12-12T17:58:15","date_gmt":"2023-12-12T16:58:15","guid":{"rendered":"https:\/\/www.dein-stellplatz.de\/check-in\/"},"modified":"2025-03-31T22:57:14","modified_gmt":"2025-03-31T20:57:14","slug":"check-in","status":"publish","type":"page","link":"https:\/\/www.dein-stellplatz.de\/pl\/check-in\/","title":{"rendered":"Check-In"},"content":{"rendered":"<p>Odprawa na Dein Stellplatz jest prosta i nieskomplikowana, dzi\u0119ki czemu mo\u017cesz bezstresowo rozpocz\u0105\u0107 podr\u00f3\u017c z lotniska BER. Poni\u017cej wyja\u015bniamy, jak odprawi\u0107 samoch\u00f3d na naszym parkingu.<\/p>\n<p>&nbsp;<\/p>\n<h2>Przyjazd na parking<\/h2>\n<p>Po przybyciu na jeden z naszych parking\u00f3w, P1 lub P2, w pobli\u017cu lotniska Berlin Brandenburg (BER), rozpoczyna si\u0119 proces odprawy. Samodzielnie parkujesz samoch\u00f3d na przydzielonym parkingu.<\/p>\n<p>&nbsp;<\/p>\n<h3>Odprawa w biurze<\/h3>\n<p>Po zaparkowaniu samochodu udajesz si\u0119 do naszego ca\u0142odobowego biura odpraw. Tutaj pracownik Dein Stellplatz potwierdzi Tw\u00f3j przyjazd i sprawdzi wszystkie niezb\u0119dne informacje. Prosimy o przygotowanie potwierdzenia rezerwacji i, w razie potrzeby, dokument\u00f3w pojazdu.<\/p>\n<p><a href=\"https:\/\/www.dein-stellplatz.de\/wp-content\/uploads\/2022\/06\/05-Dein-Stellplatz-Parkplatz-am-BER-P1-Der-Parkplatz-wird-persoenlich-zugeteilt-3.jpg\"><img decoding=\"async\" class=\"alignnone wp-image-10727 size-full\" src=\"https:\/\/www.dein-stellplatz.de\/wp-content\/uploads\/2022\/06\/05-Dein-Stellplatz-Parkplatz-am-BER-P1-Der-Parkplatz-wird-persoenlich-zugeteilt-3.jpg\" alt=\"Dein Stellplatz. Parkplatz am BER P1. Der Parkplatz wird pers\u00f6nlich zugeteilt. Parking Space at BER Airport P1. The Parking Space is allocated personally. Miejsce parkingowe na lotnisku BER P1. Miejsce parkingowe jest przydzielane osobi\u015bcie\" width=\"1280\" height=\"853\" srcset=\"https:\/\/www.dein-stellplatz.de\/wp-content\/uploads\/2022\/06\/05-Dein-Stellplatz-Parkplatz-am-BER-P1-Der-Parkplatz-wird-persoenlich-zugeteilt-3.jpg 1280w, https:\/\/www.dein-stellplatz.de\/wp-content\/uploads\/2022\/06\/05-Dein-Stellplatz-Parkplatz-am-BER-P1-Der-Parkplatz-wird-persoenlich-zugeteilt-3-300x200.jpg 300w, https:\/\/www.dein-stellplatz.de\/wp-content\/uploads\/2022\/06\/05-Dein-Stellplatz-Parkplatz-am-BER-P1-Der-Parkplatz-wird-persoenlich-zugeteilt-3-1024x682.jpg 1024w, https:\/\/www.dein-stellplatz.de\/wp-content\/uploads\/2022\/06\/05-Dein-Stellplatz-Parkplatz-am-BER-P1-Der-Parkplatz-wird-persoenlich-zugeteilt-3-768x512.jpg 768w\" sizes=\"(max-width: 1280px) 100vw, 1280px\" \/><\/a><\/p>\n<h3>Sprawdzanie szczeg\u00f3\u0142\u00f3w rezerwacji<\/h3>\n<p>Nasz zesp\u00f3\u0142 sprawdzi szczeg\u00f3\u0142y rezerwacji, w tym typ parkingu, czas parkowania i wszelkie dodatkowe us\u0142ugi, kt\u00f3re mo\u017cna zarezerwowa\u0107. Jest to r\u00f3wnie\u017c czas na wyja\u015bnienie wszelkich pyta\u0144 lub zarezerwowanie dodatkowych us\u0142ug, takich jak konserwacja pojazdu.<\/p>\n<p>&nbsp;<\/p>\n<h3>Transfer na lotnisko BER<\/h3>\n<p>Po zako\u0144czeniu odprawy zostaniesz skierowany do naszego transferu, kt\u00f3ry szybko i wygodnie zabierze Ci\u0119 na lotnisko BER. Us\u0142uga transferu jest ju\u017c uwzgl\u0119dniona w rezerwacji parkingu i zabierze Ci\u0119 bezpo\u015brednio do wyznaczonego punktu spotkania na lotnisku.<\/p>\n<p>&nbsp;<\/p>\n<h3>Bezpiecze\u0144stwo pojazdu<\/h3>\n<p>Po wyje\u017adzie na lotnisko pojazd jest bezpiecznie przechowywany na naszym monitorowanym parkingu. Mo\u017cesz podr\u00f3\u017cowa\u0107 spokojnie, wiedz\u0105c, \u017ce Tw\u00f3j samoch\u00f3d jest w bezpiecznych r\u0119kach na Dein Stellplatz.<\/p>\n<p>&nbsp;<\/p>","protected":false},"excerpt":{"rendered":"<p>Odprawa na Dein Stellplatz jest prosta i nieskomplikowana, dzi\u0119ki czemu mo\u017cesz bezstresowo rozpocz\u0105\u0107 podr\u00f3\u017c z lotniska BER. Poni\u017cej wyja\u015bniamy, jak odprawi\u0107 samoch\u00f3d na naszym parkingu. &nbsp; Przyjazd na parking Po przybyciu na jeden z naszych parking\u00f3w, P1 lub P2, w pobli\u017cu lotniska Berlin Brandenburg (BER), rozpoczyna si\u0119 proces odprawy. Samodzielnie parkujesz samoch\u00f3d na przydzielonym parkingu. [&hellip;]<\/p>\n","protected":false},"author":1,"featured_media":0,"parent":0,"menu_order":126,"comment_status":"closed","ping_status":"closed","template":"","meta":{"footnotes":""},"_links":{"self":[{"href":"https:\/\/www.dein-stellplatz.de\/pl\/wp-json\/wp\/v2\/pages\/15957"}],"collection":[{"href":"https:\/\/www.dein-stellplatz.de\/pl\/wp-json\/wp\/v2\/pages"}],"about":[{"href":"https:\/\/www.dein-stellplatz.de\/pl\/wp-json\/wp\/v2\/types\/page"}],"author":[{"embeddable":true,"href":"https:\/\/www.dein-stellplatz.de\/pl\/wp-json\/wp\/v2\/users\/1"}],"replies":[{"embeddable":true,"href":"https:\/\/www.dein-stellplatz.de\/pl\/wp-json\/wp\/v2\/comments?post=15957"}],"version-history":[{"count":1,"href":"https:\/\/www.dein-stellplatz.de\/pl\/wp-json\/wp\/v2\/pages\/15957\/revisions"}],"predecessor-version":[{"id":18182,"href":"https:\/\/www.dein-stellplatz.de\/pl\/wp-json\/wp\/v2\/pages\/15957\/revisions\/18182"}],"wp:attachment":[{"href":"https:\/\/www.dein-stellplatz.de\/pl\/wp-json\/wp\/v2\/media?parent=15957"}],"curies":[{"name":"wp","href":"https:\/\/api.w.org\/{rel}","templated":true}]}}