{"id":15956,"date":"2023-12-12T17:55:37","date_gmt":"2023-12-12T16:55:37","guid":{"rendered":"https:\/\/www.dein-stellplatz.de\/chat-support\/"},"modified":"2025-03-31T22:57:14","modified_gmt":"2025-03-31T20:57:14","slug":"chat-support","status":"publish","type":"page","link":"https:\/\/www.dein-stellplatz.de\/pl\/chat-support\/","title":{"rendered":"Chat-Support"},"content":{"rendered":"<p>W Dein Stellplatz przywi\u0105zujemy du\u017c\u0105 wag\u0119 do doskona\u0142ej obs\u0142ugi klienta. Wa\u017cn\u0105 cz\u0119\u015bci\u0105 tego jest nasze wsparcie na czacie na \u017cywo, kt\u00f3re jest dost\u0119pne w godzinach pracy naszego biura.<\/p>\n<p>&nbsp;<\/p>\n<h2>Dost\u0119pno\u015b\u0107 wsparcia na czacie<\/h2>\n<p>Nasz czat jest aktywny od <strong>poniedzia\u0142ku do pi\u0105tku w godzinach od 09:00 do 17:30<\/strong>. W tym czasie mo\u017cesz skontaktowa\u0107 si\u0119 z nami bezpo\u015brednio i na \u017cywo w sprawie wszelkich pyta\u0144 dotycz\u0105cych rezerwacji parkingu, us\u0142ugi transferu lub innych w\u0105tpliwo\u015bci.<\/p>\n<p>&nbsp;<\/p>\n<h3>Jak dzia\u0142a czat<\/h3>\n<p>Niezale\u017cnie od tego, czy korzystasz z naszej aplikacji, czy z naszej strony internetowej &#8211; dost\u0119p do pomocy technicznej na czacie jest \u0142atwy. Okno czatu znajduje si\u0119 w prawym dolnym rogu naszej strony internetowej lub bezpo\u015brednio w aplikacji Dein Stellplatz. Je\u015bli masz pytanie, po prostu wpisz je w oknie czatu. Jeden z naszych pracownik\u00f3w obs\u0142ugi klienta odpowie natychmiast.<\/p>\n<p>&nbsp;<\/p>\n<h3>Szybka i kompetentna pomoc<\/h3>\n<p>Naszym celem jest szybka i skuteczna pomoc. Niezale\u017cnie od tego, czy potrzebujesz informacji na temat rezerwacji, masz pytania dotycz\u0105ce podr\u00f3\u017cy, czy potrzebujesz pomocy w korzystaniu z naszych us\u0142ug &#8211; nasza obs\u0142uga czatu jest gotowa do natychmiastowej pomocy.<\/p>\n<p>&nbsp;<\/p>\n<h3>Zalety wsparcia przez czat<\/h3>\n<p><strong>Szybkie odpowiedzi:<\/strong> Bez d\u0142ugiego oczekiwania na telefon &#8211; uzyskaj szybk\u0105 i bezpo\u015bredni\u0105 odpowied\u017a na swoje pytania.<\/p>\n<p><strong>Wygoda i \u0142atwo\u015b\u0107:<\/strong> Korzystaj z czatu podczas przegl\u0105dania naszej strony internetowej lub u\u017cywania aplikacji.<\/p>\n<p><strong>Osobiste wsparcie:<\/strong> Bezpo\u015bredni kontakt z naszym personelem obs\u0142ugi klienta, kt\u00f3ry pomo\u017ce ci indywidualnie.<\/p>\n<p>Obs\u0142uga czatu Dein Stellplatz to kolejny krok w kierunku oferowania naszym klientom najlepszej mo\u017cliwej obs\u0142ugi. Jeste\u015bmy tutaj, aby Twoja podr\u00f3\u017c z i na lotnisko Berlin Brandenburg (BER) by\u0142a tak przyjemna i wygodna, jak to tylko mo\u017cliwe.<\/p>\n<p>&nbsp;<\/p>","protected":false},"excerpt":{"rendered":"<p>W Dein Stellplatz przywi\u0105zujemy du\u017c\u0105 wag\u0119 do doskona\u0142ej obs\u0142ugi klienta. Wa\u017cn\u0105 cz\u0119\u015bci\u0105 tego jest nasze wsparcie na czacie na \u017cywo, kt\u00f3re jest dost\u0119pne w godzinach pracy naszego biura. &nbsp; Dost\u0119pno\u015b\u0107 wsparcia na czacie Nasz czat jest aktywny od poniedzia\u0142ku do pi\u0105tku w godzinach od 09:00 do 17:30. W tym czasie mo\u017cesz skontaktowa\u0107 si\u0119 z nami [&hellip;]<\/p>\n","protected":false},"author":1,"featured_media":0,"parent":0,"menu_order":121,"comment_status":"closed","ping_status":"closed","template":"","meta":{"footnotes":""},"_links":{"self":[{"href":"https:\/\/www.dein-stellplatz.de\/pl\/wp-json\/wp\/v2\/pages\/15956"}],"collection":[{"href":"https:\/\/www.dein-stellplatz.de\/pl\/wp-json\/wp\/v2\/pages"}],"about":[{"href":"https:\/\/www.dein-stellplatz.de\/pl\/wp-json\/wp\/v2\/types\/page"}],"author":[{"embeddable":true,"href":"https:\/\/www.dein-stellplatz.de\/pl\/wp-json\/wp\/v2\/users\/1"}],"replies":[{"embeddable":true,"href":"https:\/\/www.dein-stellplatz.de\/pl\/wp-json\/wp\/v2\/comments?post=15956"}],"version-history":[{"count":2,"href":"https:\/\/www.dein-stellplatz.de\/pl\/wp-json\/wp\/v2\/pages\/15956\/revisions"}],"predecessor-version":[{"id":18181,"href":"https:\/\/www.dein-stellplatz.de\/pl\/wp-json\/wp\/v2\/pages\/15956\/revisions\/18181"}],"wp:attachment":[{"href":"https:\/\/www.dein-stellplatz.de\/pl\/wp-json\/wp\/v2\/media?parent=15956"}],"curies":[{"name":"wp","href":"https:\/\/api.w.org\/{rel}","templated":true}]}}