{"id":15954,"date":"2023-12-12T17:41:30","date_gmt":"2023-12-12T16:41:30","guid":{"rendered":"https:\/\/www.dein-stellplatz.de\/ber-lageplan\/"},"modified":"2025-03-31T22:57:14","modified_gmt":"2025-03-31T20:57:14","slug":"ber-lageplan","status":"publish","type":"page","link":"https:\/\/www.dein-stellplatz.de\/pl\/ber-lageplan\/","title":{"rendered":"Plan terenu BER"},"content":{"rendered":"<p>Je\u015bli odlatujesz lub przylatujesz na lotnisko Berlin Brandenburg (BER), wa\u017cne jest, aby zapozna\u0107 si\u0119 z lokalizacj\u0105 terminali i infrastruktur\u0105. Mapa lokalizacji BER pomo\u017ce Ci zorientowa\u0107 si\u0119 w podr\u00f3\u017cy.<\/p>\n<p>&nbsp;<\/p>\n<h2>Terminale na lotnisku BER<\/h2>\n<p>Na lotnisku BER znajduj\u0105 si\u0119 dwa g\u0142\u00f3wne terminale: <strong>Terminal 1 (T1) i Terminal 2 (T2)<\/strong>. Oba terminale znajduj\u0105 si\u0119 w centrum i zaledwie kilka minut spacerem od siebie. Wa\u017cne jest, aby przed przylotem sprawdzi\u0107, z kt\u00f3rego terminalu odlatuje lub do kt\u00f3rego przylatuje Tw\u00f3j lot.<\/p>\n<p>&nbsp;<\/p>\n<h3>Miejsce spotkania na lotnisku BER<\/h3>\n<p>Nasz bezp\u0142atny transfer z Dein Stellplatz zabierze Ci\u0119 do wyznaczonego miejsca spotkania na lotnisku BER, kt\u00f3re znajduje si\u0119 na <strong>parkingu autobusowym B<\/strong>. Ten centralnie po\u0142o\u017cony punkt spotka\u0144 jest u\u017cywany przez wszystkich dostawc\u00f3w parking\u00f3w i oferuje szybki dost\u0119p do terminali 1 i 2. St\u0105d mo\u017cna dotrze\u0107 do terminali w zaledwie <strong>3 minuty<\/strong> pieszo.<\/p>\n<div id=\"attachment_11303\" style=\"width: 310px\" class=\"wp-caption alignleft\"><a href=\"https:\/\/www.dein-stellplatz.de\/wp-content\/uploads\/2022\/08\/abholplan.png\" target=\"_blank\" rel=\"noopener\"><img decoding=\"async\" aria-describedby=\"caption-attachment-11303\" class=\"wp-image-11303 size-medium\" src=\"https:\/\/www.dein-stellplatz.de\/wp-content\/uploads\/2022\/08\/abholplan-300x298.png\" alt=\"Dein Stellplatz - Parken BER - Haltestelle am Busparkplatz B\" width=\"300\" height=\"298\" srcset=\"https:\/\/www.dein-stellplatz.de\/wp-content\/uploads\/2022\/08\/abholplan-300x298.png 300w, https:\/\/www.dein-stellplatz.de\/wp-content\/uploads\/2022\/08\/abholplan-150x150.png 150w, https:\/\/www.dein-stellplatz.de\/wp-content\/uploads\/2022\/08\/abholplan-768x763.png 768w, https:\/\/www.dein-stellplatz.de\/wp-content\/uploads\/2022\/08\/abholplan.png 981w\" sizes=\"(max-width: 300px) 100vw, 300px\" \/><\/a><p id=\"caption-attachment-11303\" class=\"wp-caption-text\">Unsere Haltestelle am Flughafen BER befindet sich befindet am Busparkplatz B<\/p><\/div>\n<p>&nbsp;<\/p>\n<h3><\/h3>\n<h3>Dost\u0119p do terminali<\/h3>\n<p>Niewielka odleg\u0142o\u015b\u0107 z parkingu autobusowego B do terminali umo\u017cliwia szybki i \u0142atwy dost\u0119p do strefy odlot\u00f3w. Trasy s\u0105 dobrze oznakowane i \u0142atwe do prze\u015bledzenia, co pomo\u017ce ci odnale\u017a\u0107 si\u0119 na terenie lotniska.<\/p>\n<p>&nbsp;<\/p>\n<h3>Odleg\u0142o\u015b\u0107 od parkingu Dein Stellplatz do terminali<\/h3>\n<p>Parking Dein Stellplatz znajduje si\u0119 zaledwie <strong>5-7 minut<\/strong> od lotniska BER dzi\u0119ki naszemu bezp\u0142atnemu transferowi. Ta kr\u00f3tka i wygodna podr\u00f3\u017c sprawia, \u017ce Dein Stellplatz jest idealnym wyborem na parking przy lotnisku BER. Mo\u017cesz liczy\u0107 na szybkie i bezstresowe dotarcie do terminalu.<\/p>\n<p>Aby uzyska\u0107 szczeg\u00f3\u0142owy widok lokalizacji terminalu i wi\u0119cej informacji o lotnisku BER, odwied\u017a <a href=\"https:\/\/ber.berlin-airport.de\/de\/orientierung\/lageplaene.html\">oficjaln\u0105 map\u0119 lokalizacji BER<\/a>. Znajdziesz tam wszystkie informacje potrzebne do poruszania si\u0119 po lotnisku i bezstresowego dotarcia na lot.<\/p>\n<p>&nbsp;<\/p>\n<p>&nbsp;<\/p>","protected":false},"excerpt":{"rendered":"<p>Je\u015bli odlatujesz lub przylatujesz na lotnisko Berlin Brandenburg (BER), wa\u017cne jest, aby zapozna\u0107 si\u0119 z lokalizacj\u0105 terminali i infrastruktur\u0105. Mapa lokalizacji BER pomo\u017ce Ci zorientowa\u0107 si\u0119 w podr\u00f3\u017cy. &nbsp; Terminale na lotnisku BER Na lotnisku BER znajduj\u0105 si\u0119 dwa g\u0142\u00f3wne terminale: Terminal 1 (T1) i Terminal 2 (T2). Oba terminale znajduj\u0105 si\u0119 w centrum i [&hellip;]<\/p>\n","protected":false},"author":1,"featured_media":0,"parent":0,"menu_order":109,"comment_status":"closed","ping_status":"closed","template":"","meta":{"footnotes":""},"_links":{"self":[{"href":"https:\/\/www.dein-stellplatz.de\/pl\/wp-json\/wp\/v2\/pages\/15954"}],"collection":[{"href":"https:\/\/www.dein-stellplatz.de\/pl\/wp-json\/wp\/v2\/pages"}],"about":[{"href":"https:\/\/www.dein-stellplatz.de\/pl\/wp-json\/wp\/v2\/types\/page"}],"author":[{"embeddable":true,"href":"https:\/\/www.dein-stellplatz.de\/pl\/wp-json\/wp\/v2\/users\/1"}],"replies":[{"embeddable":true,"href":"https:\/\/www.dein-stellplatz.de\/pl\/wp-json\/wp\/v2\/comments?post=15954"}],"version-history":[{"count":1,"href":"https:\/\/www.dein-stellplatz.de\/pl\/wp-json\/wp\/v2\/pages\/15954\/revisions"}],"predecessor-version":[{"id":18176,"href":"https:\/\/www.dein-stellplatz.de\/pl\/wp-json\/wp\/v2\/pages\/15954\/revisions\/18176"}],"wp:attachment":[{"href":"https:\/\/www.dein-stellplatz.de\/pl\/wp-json\/wp\/v2\/media?parent=15954"}],"curies":[{"name":"wp","href":"https:\/\/api.w.org\/{rel}","templated":true}]}}