{"id":15952,"date":"2023-12-12T17:32:25","date_gmt":"2023-12-12T16:32:25","guid":{"rendered":"https:\/\/www.dein-stellplatz.de\/autoschluessel\/"},"modified":"2025-03-31T22:57:14","modified_gmt":"2025-03-31T20:57:14","slug":"autoschluessel","status":"publish","type":"page","link":"https:\/\/www.dein-stellplatz.de\/pl\/autoschluessel\/","title":{"rendered":"Kluczyk do samochodu"},"content":{"rendered":"<p>Oferujemy elastyczne opcje obs\u0142ugi klucza podczas podr\u00f3\u017cy na lotnisku Berlin Brandenburg (BER).<\/p>\n<p>&nbsp;<\/p>\n<h2>Tw\u00f3j wyb\u00f3r: zatrzymaj kluczyk lub zdeponuj go<\/h2>\n<p>Sam parkujesz samoch\u00f3d i zwykle zatrzymujesz kluczyk przy sobie. Daje to pe\u0142n\u0105 kontrol\u0119 i pewno\u015b\u0107, \u017ce pojazd pozostanie dok\u0142adnie w takim stanie, w jakim go zaparkowa\u0142e\u015b. Dla dodatkowej wygody i bezpiecze\u0144stwa oferujemy mo\u017cliwo\u015b\u0107 zdeponowania kluczyk\u00f3w na parkingu P1 za bie\u017c\u0105c\u0105 op\u0142at\u0105 w wysoko\u015bci 4,90 \u20ac. Kluczyki b\u0119d\u0105 przechowywane w naszym chronionym alarmem sejfie, kt\u00f3ry zapobiega kradzie\u017cy lub zgubieniu.<\/p>\n<p>&nbsp;<\/p>\n<h3>Depozyt kluczy za us\u0142ugi dodatkowe<\/h3>\n<p>Je\u015bli zdecydujesz si\u0119 na dodatkowe us\u0142ugi, takie jak czyszczenie pojazdu lub us\u0142uga warsztatowa, b\u0119dziemy potrzebowa\u0107 kluczyka do samochodu, aby uzyska\u0107 dost\u0119p. Nasze profesjonalne zespo\u0142y zajm\u0105 si\u0119 czyszczeniem wewn\u0119trznym i zewn\u0119trznym samochodu lub wszelkimi niezb\u0119dnymi naprawami i konserwacj\u0105. W tym czasie kluczyk b\u0119dzie bezpiecznie przechowywany w naszym sejfie.<\/p>\n<p><a href=\"https:\/\/www.dein-stellplatz.de\/wp-content\/uploads\/2023\/12\/Dein-Stellplatz-Parken-am-BER-Upgrade-Schluesselhinterlegung.png\"><img decoding=\"async\" class=\"alignleft size-full wp-image-16071\" src=\"https:\/\/www.dein-stellplatz.de\/wp-content\/uploads\/2023\/12\/Dein-Stellplatz-Parken-am-BER-Upgrade-Schluesselhinterlegung.png\" alt=\"Dein Stellplatz - Parken am BER - Upgrade Schl\u00fcsselhinterlegung\" width=\"420\" height=\"250\" \/><\/a><\/p>\n<p>&nbsp;<\/p>\n<h3>Inne us\u0142ugi dla samochodu<\/h3>\n<p><strong>Piel\u0119gnacja samochodu:<\/strong> Wybierz mi\u0119dzy czyszczeniem wewn\u0119trznym, zewn\u0119trznym lub ca\u0142kowitym. Oferujemy r\u00f3wnie\u017c specjalne zabiegi, takie jak mycie szamponem, czyszczenie podsufitki lub ozonowanie.<\/p>\n<p><strong>Us\u0142ugi warsztatowe:<\/strong> Wykorzystaj czas nieobecno\u015bci na niezb\u0119dne przegl\u0105dy lub naprawy. Mo\u017cemy zorganizowa\u0107 dla Ciebie niezawodnych partner\u00f3w.<\/p>\n<p>Na Dein Stellplatz na lotnisku Berlin Brandenburg (BER) masz wyb\u00f3r: zachowa\u0107 kluczyki do samochodu lub skorzysta\u0107 z naszej bezpiecznej us\u0142ugi depozytu. Dbamy o to, aby Tw\u00f3j samoch\u00f3d i kluczyki by\u0142y bezpieczne i zadbane podczas podr\u00f3\u017cy.<\/p>\n<p>&nbsp;<\/p>","protected":false},"excerpt":{"rendered":"<p>Oferujemy elastyczne opcje obs\u0142ugi klucza podczas podr\u00f3\u017cy na lotnisku Berlin Brandenburg (BER). &nbsp; Tw\u00f3j wyb\u00f3r: zatrzymaj kluczyk lub zdeponuj go Sam parkujesz samoch\u00f3d i zwykle zatrzymujesz kluczyk przy sobie. Daje to pe\u0142n\u0105 kontrol\u0119 i pewno\u015b\u0107, \u017ce pojazd pozostanie dok\u0142adnie w takim stanie, w jakim go zaparkowa\u0142e\u015b. Dla dodatkowej wygody i bezpiecze\u0144stwa oferujemy mo\u017cliwo\u015b\u0107 zdeponowania kluczyk\u00f3w [&hellip;]<\/p>\n","protected":false},"author":1,"featured_media":0,"parent":0,"menu_order":99,"comment_status":"closed","ping_status":"closed","template":"","meta":{"footnotes":""},"_links":{"self":[{"href":"https:\/\/www.dein-stellplatz.de\/pl\/wp-json\/wp\/v2\/pages\/15952"}],"collection":[{"href":"https:\/\/www.dein-stellplatz.de\/pl\/wp-json\/wp\/v2\/pages"}],"about":[{"href":"https:\/\/www.dein-stellplatz.de\/pl\/wp-json\/wp\/v2\/types\/page"}],"author":[{"embeddable":true,"href":"https:\/\/www.dein-stellplatz.de\/pl\/wp-json\/wp\/v2\/users\/1"}],"replies":[{"embeddable":true,"href":"https:\/\/www.dein-stellplatz.de\/pl\/wp-json\/wp\/v2\/comments?post=15952"}],"version-history":[{"count":1,"href":"https:\/\/www.dein-stellplatz.de\/pl\/wp-json\/wp\/v2\/pages\/15952\/revisions"}],"predecessor-version":[{"id":18173,"href":"https:\/\/www.dein-stellplatz.de\/pl\/wp-json\/wp\/v2\/pages\/15952\/revisions\/18173"}],"wp:attachment":[{"href":"https:\/\/www.dein-stellplatz.de\/pl\/wp-json\/wp\/v2\/media?parent=15952"}],"curies":[{"name":"wp","href":"https:\/\/api.w.org\/{rel}","templated":true}]}}