{"id":15951,"date":"2023-12-12T17:28:07","date_gmt":"2023-12-12T16:28:07","guid":{"rendered":"https:\/\/www.dein-stellplatz.de\/auto\/"},"modified":"2025-03-31T22:57:14","modified_gmt":"2025-03-31T20:57:14","slug":"auto","status":"publish","type":"page","link":"https:\/\/www.dein-stellplatz.de\/pl\/auto\/","title":{"rendered":"Samoch\u00f3d"},"content":{"rendered":"<p>Samoch\u00f3d, Tw\u00f3j wierny towarzysz w codziennym \u017cyciu, odgrywa r\u00f3wnie\u017c kluczow\u0105 rol\u0119 podczas podr\u00f3\u017cy z lotniska Berlin Brandenburg (BER). Zanim dotrzesz na lotnisko, Tw\u00f3j samoch\u00f3d jest cz\u0119\u015bci\u0105 Twojej podr\u00f3\u017cy. W Dein Stellplatz dbamy o to, aby Tw\u00f3j samoch\u00f3d by\u0142 bezpieczny podczas Twojej nieobecno\u015bci. Dzi\u0119ki naszym spersonalizowanym rozwi\u0105zaniom parkingowym w pobli\u017cu lotniska w Berlinie gwarantujemy beztroski pocz\u0105tek podr\u00f3\u017cy.<\/p>\n<p>&nbsp;<\/p>\n<h2>Bezpiecze\u0144stwo i komfort dla Twojego samochodu<\/h2>\n<p>Z nami Tw\u00f3j samoch\u00f3d jest w najlepszych r\u0119kach. Nasze parkingi w pobli\u017cu lotniska BER oferuj\u0105 najwy\u017csze standardy bezpiecze\u0144stwa: ca\u0142odobowy monitoring, ogrodzenie i sta\u0142\u0105 obs\u0142ug\u0119. Rozpocznij wakacje lub podr\u00f3\u017c s\u0142u\u017cbow\u0105 z BER ze spokojem, \u017ce Tw\u00f3j samoch\u00f3d jest bezpiecznie zaparkowany.<\/p>\n<p>&nbsp;<\/p>\n<h3>Elastyczne opcje parkowania<\/h3>\n<p>Niezale\u017cnie od tego, czy masz kompaktowy samoch\u00f3d miejski, przestronny samoch\u00f3d rodzinny czy du\u017cy kamper &#8211; na Dein Stellplatz znajdziesz idealne miejsce parkingowe. Nasze zr\u00f3\u017cnicowane parkingi na lotnisku w Berlinie s\u0105 dostosowane do r\u00f3\u017cnych typ\u00f3w pojazd\u00f3w. Kierowcy samochod\u00f3w elektrycznych mog\u0105 korzysta\u0107 z naszych urz\u0105dze\u0144 do \u0142adowania, dzi\u0119ki czemu po powrocie pojazd elektryczny b\u0119dzie w pe\u0142ni na\u0142adowany.<\/p>\n<p><a href=\"https:\/\/www.dein-stellplatz.de\/wp-content\/uploads\/2023\/12\/Parkbereiche-animiert.gif\"><img decoding=\"async\" class=\"alignleft size-full wp-image-15913\" src=\"https:\/\/www.dein-stellplatz.de\/wp-content\/uploads\/2023\/12\/Parkbereiche-animiert.gif\" alt=\"Parkbereiche Dein Stellplatz Parkplatz BER P1\" width=\"512\" height=\"212\" \/><\/a><\/p>\n<h3><b><br \/>\nDodatkowe korzy\u015bci dla samochodu<br \/>\n<\/b><\/h3>\n<p><strong>Piel\u0119gnacja i konserwacja:<\/strong> Wykorzystaj czas nieobecno\u015bci, aby odda\u0107 samoch\u00f3d do serwisu. Oferujemy r\u00f3\u017cne us\u0142ugi, takie jak mycie zewn\u0119trzne, dzi\u0119ki czemu po powrocie zastaniesz \u015bwie\u017co wyczyszczony pojazd.<\/p>\n<p><strong>D\u0142ugoterminowe parkowanie bez zmartwie\u0144:<\/strong> Planujesz d\u0142u\u017csz\u0105 podr\u00f3\u017c? Nasze parkingi d\u0142ugoterminowe s\u0105 idealne na d\u0142u\u017csze nieobecno\u015bci, zapewniaj\u0105c spok\u00f3j i bezpiecze\u0144stwo samochodu.<\/p>\n<p><strong>Us\u0142uga parkingowego dla dodatkowej wygody:<\/strong> Do\u015bwiadcz luksusu naszej us\u0142ugi parkingowego. Przeka\u017c sw\u00f3j samoch\u00f3d bezpo\u015brednio przy terminalu, a my zajmiemy si\u0119 reszt\u0105. Gdy wr\u00f3cisz, Tw\u00f3j samoch\u00f3d b\u0119dzie ponownie gotowy &#8211; wygodnie i oszcz\u0119dnie.<\/p>\n<p>&nbsp;<\/p>\n<h3>\u0141atwy przyjazd i odjazd<\/h3>\n<p>Nasz wydajny transfer \u0142\u0105czy nasze parkingi z lotniskiem BER. Tw\u00f3j samoch\u00f3d zabierze Ci\u0119 do nas, a stamt\u0105d mo\u017cesz szybko i \u0142atwo dosta\u0107 si\u0119 do terminalu. Po powrocie nasz transfer b\u0119dzie gotowy, aby zabra\u0107 Ci\u0119 z powrotem do samochodu. Ciesz si\u0119 nieskomplikowanym przyjazdem i odjazdem z Dein Stellplatz.<\/p>\n<p>Tw\u00f3j samoch\u00f3d jest wa\u017cn\u0105 cz\u0119\u015bci\u0105 Twojej podr\u00f3\u017cy. W Dein Stellplatz dbamy o wszystko, co dotyczy Twojego samochodu. Dzi\u0119ki temu mo\u017cesz w pe\u0142ni skoncentrowa\u0107 si\u0119 na wakacjach lub spotkaniu biznesowym podczas podr\u00f3\u017cy z lotniska BER.<\/p>\n<p>&nbsp;<\/p>","protected":false},"excerpt":{"rendered":"<p>Samoch\u00f3d, Tw\u00f3j wierny towarzysz w codziennym \u017cyciu, odgrywa r\u00f3wnie\u017c kluczow\u0105 rol\u0119 podczas podr\u00f3\u017cy z lotniska Berlin Brandenburg (BER). Zanim dotrzesz na lotnisko, Tw\u00f3j samoch\u00f3d jest cz\u0119\u015bci\u0105 Twojej podr\u00f3\u017cy. W Dein Stellplatz dbamy o to, aby Tw\u00f3j samoch\u00f3d by\u0142 bezpieczny podczas Twojej nieobecno\u015bci. Dzi\u0119ki naszym spersonalizowanym rozwi\u0105zaniom parkingowym w pobli\u017cu lotniska w Berlinie gwarantujemy beztroski pocz\u0105tek [&hellip;]<\/p>\n","protected":false},"author":1,"featured_media":0,"parent":0,"menu_order":102,"comment_status":"closed","ping_status":"closed","template":"","meta":{"footnotes":""},"_links":{"self":[{"href":"https:\/\/www.dein-stellplatz.de\/pl\/wp-json\/wp\/v2\/pages\/15951"}],"collection":[{"href":"https:\/\/www.dein-stellplatz.de\/pl\/wp-json\/wp\/v2\/pages"}],"about":[{"href":"https:\/\/www.dein-stellplatz.de\/pl\/wp-json\/wp\/v2\/types\/page"}],"author":[{"embeddable":true,"href":"https:\/\/www.dein-stellplatz.de\/pl\/wp-json\/wp\/v2\/users\/1"}],"replies":[{"embeddable":true,"href":"https:\/\/www.dein-stellplatz.de\/pl\/wp-json\/wp\/v2\/comments?post=15951"}],"version-history":[{"count":1,"href":"https:\/\/www.dein-stellplatz.de\/pl\/wp-json\/wp\/v2\/pages\/15951\/revisions"}],"predecessor-version":[{"id":18172,"href":"https:\/\/www.dein-stellplatz.de\/pl\/wp-json\/wp\/v2\/pages\/15951\/revisions\/18172"}],"wp:attachment":[{"href":"https:\/\/www.dein-stellplatz.de\/pl\/wp-json\/wp\/v2\/media?parent=15951"}],"curies":[{"name":"wp","href":"https:\/\/api.w.org\/{rel}","templated":true}]}}