{"id":15948,"date":"2023-12-12T17:16:47","date_gmt":"2023-12-12T16:16:47","guid":{"rendered":"https:\/\/www.dein-stellplatz.de\/ankunftszeit\/"},"modified":"2025-03-31T22:57:13","modified_gmt":"2025-03-31T20:57:13","slug":"ankunftszeit","status":"publish","type":"page","link":"https:\/\/www.dein-stellplatz.de\/pl\/ankunftszeit\/","title":{"rendered":"Czas przybycia"},"content":{"rendered":"<p>Dzi\u0119ki dobrze zaplanowanemu czasowi przylotu do BER mo\u017cesz mie\u0107 pewno\u015b\u0107, \u017ce dotrzesz na sw\u00f3j lot bez \u017cadnych problem\u00f3w. Tutaj dowiesz si\u0119, jak zoptymalizowa\u0107 czas przylotu.<\/p>\n<p>&nbsp;<\/p>\n<h2>Zalecany czas przybycia na parking<\/h2>\n<p>Zalecamy przybycie na parking na oko\u0142o 3 godziny przed planowanym odlotem. Daje to wystarczaj\u0105co du\u017co czasu, aby bez stresu wykona\u0107 wszystkie niezb\u0119dne czynno\u015bci przed lotem. We\u017a pod uwag\u0119 czas na zaparkowanie samochodu, odpraw\u0119 w biurze, transfer na lotnisko i kontrol\u0119 bezpiecze\u0144stwa na lotnisku.<\/p>\n<p>&nbsp;<\/p>\n<h3>Dlaczego 3 godziny wcze\u015bniej?<\/h3>\n<p><strong>Odprawa i kontrola bezpiecze\u0144stwa:<\/strong> Lotniska cz\u0119sto wymagaj\u0105 d\u0142u\u017cszego czasu oczekiwania na odpraw\u0119 i kontrol\u0119 bezpiecze\u0144stwa, zw\u0142aszcza w godzinach szczytu.<\/p>\n<p><strong>Nieprzewidziane op\u00f3\u017anienia:<\/strong> Mog\u0105 wyst\u0105pi\u0107 op\u00f3\u017anienia w ruchu lub drobne op\u00f3\u017anienia na lotnisku lub w drodze do bramki. Przybywaj\u0105c 3 godziny przed lotem, masz wystarczaj\u0105cy bufor, aby z \u0142atwo\u015bci\u0105 poradzi\u0107 sobie z takimi nieprzewidzianymi sytuacjami.<\/p>\n<p><strong>Spokojny pocz\u0105tek podr\u00f3\u017cy:<\/strong> Wcze\u015bniejsze przybycie na lotnisko zmniejsza stres i zapewnia spokojny pocz\u0105tek podr\u00f3\u017cy.<\/p>\n<p>&nbsp;<\/p>\n<h3>Nasz transfer<\/h3>\n<p>Gdy tylko zaparkujesz i zameldujesz si\u0119 u nas, nasz transfer zabierze Ci\u0119 szybko i wygodnie na lotnisko BER. Nasze autobusy kursuj\u0105 regularnie, dzi\u0119ki czemu dotrzesz na lotnisko na czas.<\/p>\n<p>Starannie zaplanuj czas przyjazdu na parking, aby zapewni\u0107 sobie p\u0142ynny i bezstresowy pocz\u0105tek podr\u00f3\u017cy. W Dein Stellplatz pomo\u017cemy Ci dotrze\u0107 na lot na czas i bez stresu.<\/p>\n<p>&nbsp;<\/p>","protected":false},"excerpt":{"rendered":"<p>Dzi\u0119ki dobrze zaplanowanemu czasowi przylotu do BER mo\u017cesz mie\u0107 pewno\u015b\u0107, \u017ce dotrzesz na sw\u00f3j lot bez \u017cadnych problem\u00f3w. Tutaj dowiesz si\u0119, jak zoptymalizowa\u0107 czas przylotu. &nbsp; Zalecany czas przybycia na parking Zalecamy przybycie na parking na oko\u0142o 3 godziny przed planowanym odlotem. Daje to wystarczaj\u0105co du\u017co czasu, aby bez stresu wykona\u0107 wszystkie niezb\u0119dne czynno\u015bci przed [&hellip;]<\/p>\n","protected":false},"author":1,"featured_media":0,"parent":0,"menu_order":87,"comment_status":"closed","ping_status":"closed","template":"","meta":{"footnotes":""},"_links":{"self":[{"href":"https:\/\/www.dein-stellplatz.de\/pl\/wp-json\/wp\/v2\/pages\/15948"}],"collection":[{"href":"https:\/\/www.dein-stellplatz.de\/pl\/wp-json\/wp\/v2\/pages"}],"about":[{"href":"https:\/\/www.dein-stellplatz.de\/pl\/wp-json\/wp\/v2\/types\/page"}],"author":[{"embeddable":true,"href":"https:\/\/www.dein-stellplatz.de\/pl\/wp-json\/wp\/v2\/users\/1"}],"replies":[{"embeddable":true,"href":"https:\/\/www.dein-stellplatz.de\/pl\/wp-json\/wp\/v2\/comments?post=15948"}],"version-history":[{"count":1,"href":"https:\/\/www.dein-stellplatz.de\/pl\/wp-json\/wp\/v2\/pages\/15948\/revisions"}],"predecessor-version":[{"id":18168,"href":"https:\/\/www.dein-stellplatz.de\/pl\/wp-json\/wp\/v2\/pages\/15948\/revisions\/18168"}],"wp:attachment":[{"href":"https:\/\/www.dein-stellplatz.de\/pl\/wp-json\/wp\/v2\/media?parent=15948"}],"curies":[{"name":"wp","href":"https:\/\/api.w.org\/{rel}","templated":true}]}}