{"id":15941,"date":"2023-12-07T12:15:07","date_gmt":"2023-12-07T11:15:07","guid":{"rendered":"https:\/\/www.dein-stellplatz.de\/glossar\/"},"modified":"2025-03-31T22:57:15","modified_gmt":"2025-03-31T20:57:15","slug":"glossar","status":"publish","type":"page","link":"https:\/\/www.dein-stellplatz.de\/pl\/glossar\/","title":{"rendered":"S\u0142owniczek"},"content":{"rendered":"<p><\/p>\n<h2>Tw\u00f3j s\u0142ownik podr\u00f3\u017cniczy \u2013 klucz do bezproblemowych wakacji w Berlinie<\/h2>\n<p>Dzi\u0119ki naszemu glosariuszowi podr\u00f3\u017cniczemu wszystkie niezb\u0119dne terminy zwi\u0105zane z podr\u00f3\u017cowaniem masz zawsze pod r\u0119k\u0105. S\u0142u\u017cy jako Tw\u00f3j osobisty przewodnik po d\u017cungli terminologii podr\u00f3\u017cniczej. To praktyczne kompendium towarzyszy Ci podczas planowania wakacji i gwarantuje, \u017ce b\u0119dziesz dobrze poinformowany i unikniesz przykrych niespodzianek.<\/p>\n<p>&nbsp;<\/p>\n<div class=\"outerflexcon\">\n<p><!-- Container A --><\/p>\n<div class=\"flex-container\">\n<p><strong>A<\/strong><\/p>\n<p><a href=\"https:\/\/www.dein-stellplatz.de\/pl\/abflugterminal\/\" target=\"_blank\" rel=\"noopener\">Terminal odlot\u00f3w<\/a><\/p>\n<p><a href=\"https:\/\/www.dein-stellplatz.de\/pl\/adac-vorteilspartner\/\" target=\"_blank\" rel=\"noopener\">Partner ADAC<\/a><\/p>\n<p><a href=\"https:\/\/www.dein-stellplatz.de\/pl\/ankunftszeit\/\" target=\"_blank\" rel=\"noopener\">Ankunftszeit<\/a><\/p>\n<p><a href=\"https:\/\/www.dein-stellplatz.de\/pl\/anmeldung\/\" target=\"_blank\" rel=\"noopener\">Anmeldung<\/a><\/p>\n<p><a href=\"https:\/\/www.dein-stellplatz.de\/pl\/anreise-anfahrt-zum-parkplatz\/\" target=\"_blank\" rel=\"noopener\">Anreise\/Anfahrt zum Parkplatz<\/a><\/p>\n<p><a href=\"https:\/\/www.dein-stellplatz.de\/pl\/app-dein-stellplatz\/\" target=\"_blank\" rel=\"noopener\">App Dein Stellplatz<\/a><\/p>\n<p><a href=\"https:\/\/www.dein-stellplatz.de\/pl\/auto\/\" target=\"_blank\" rel=\"noopener\">Auto<\/a><\/p>\n<p><a href=\"https:\/\/www.dein-stellplatz.de\/pl\/autoschluessel\/\" target=\"_blank\" rel=\"noopener\">Autoschl\u00fcssel<\/a><\/p>\n<p><!-- Weitere Unterpunkte f\u00fcr A hier einf\u00fcgen --><\/p>\n<\/div>\n<p><!-- Container B --><\/p>\n<div class=\"flex-container\">\n<p><strong>B<\/strong><\/p>\n<p><a href=\"https:\/\/www.dein-stellplatz.de\/pl\/barrierefreiheit\/\" target=\"_blank\" rel=\"noopener\">Barrierefreiheit<\/a><\/p>\n<p><a href=\"https:\/\/www.dein-stellplatz.de\/pl\/ber-infos\/\" target=\"_blank\" rel=\"noopener\">BER Infos<\/a><\/p>\n<p><a href=\"https:\/\/www.dein-stellplatz.de\/pl\/ber-lageplan\/\" target=\"_blank\" rel=\"noopener\">BER Lageplan<\/a><\/p>\n<p><a href=\"https:\/\/www.dein-stellplatz.de\/pl\/bestpreisgarantie-3\/\" target=\"_blank\" rel=\"noopener\">Bestpreisgarantie<\/a><\/p>\n<p><a href=\"https:\/\/www.dein-stellplatz.de\/pl\/buchung\/\" target=\"_blank\" rel=\"noopener\">Buchung<\/a><\/p>\n<p><a href=\"https:\/\/www.dein-stellplatz.de\/pl\/bus-van\/\" target=\"_blank\" rel=\"noopener\">Bus\/Van<\/a><\/p>\n<p><a href=\"https:\/\/www.dein-stellplatz.de\/pl\/businesskunden\/\" target=\"_blank\" rel=\"noopener\">Businesskunden<\/a><\/p>\n<p><!-- Weitere Unterpunkte f\u00fcr B hier einf\u00fcgen --><\/p>\n<\/div>\n<p><!-- Container C --><\/p>\n<div class=\"flex-container\">\n<p><strong>C<\/strong><\/p>\n<p><a href=\"https:\/\/www.dein-stellplatz.de\/pl\/chat-support\/\" target=\"_blank\" rel=\"noopener\">Chat-Support<\/a><\/p>\n<p><a href=\"https:\/\/www.dein-stellplatz.de\/pl\/check-in\/\" target=\"_blank\" rel=\"noopener\">Check-In<\/a><\/p>\n<p><a href=\"https:\/\/www.dein-stellplatz.de\/pl\/check-out\/\" target=\"_blank\" rel=\"noopener\">Check-Out<\/a><\/p>\n<p><!-- Weitere Unterpunkte f\u00fcr C hier einf\u00fcgen --><\/p>\n<\/div>\n<p><!-- Container D --><\/p>\n<div class=\"flex-container\">\n<p><strong>D<\/strong><\/p>\n<p><a href=\"https:\/\/www.dein-stellplatz.de\/pl\/dauerparken\/\" target=\"_blank\" rel=\"noopener\">Dauerparken<\/a><\/p>\n<p><a href=\"https:\/\/www.dein-stellplatz.de\/pl\/durchfahrtshoehe\/\" target=\"_blank\" rel=\"noopener\">Durchfahrtsh\u00f6he<\/a><\/p>\n<p><a href=\"https:\/\/www.dein-stellplatz.de\/pl\/app-dein-stellplatz\/\" target=\"_blank\" rel=\"noopener\">Dein Stellplatz App<\/a><\/p>\n<p><!-- Weitere Unterpunkte f\u00fcr D hier einf\u00fcgen --><\/p>\n<\/div>\n<p><!-- Container E --><\/p>\n<div class=\"flex-container\">\n<p><strong>E<\/strong><\/p>\n<p><a href=\"https:\/\/www.dein-stellplatz.de\/pl\/e-autos\/\" target=\"_blank\" rel=\"noopener\">E-Autos<\/a><\/p>\n<p><a href=\"https:\/\/www.dein-stellplatz.de\/pl\/e-ladestationen\/\" target=\"_blank\" rel=\"noopener\">E-Ladestationen<\/a><\/p>\n<p><a href=\"https:\/\/www.dein-stellplatz.de\/pl\/exklusive-fahrzeugpflege\/\" target=\"_blank\" rel=\"noopener\">Exklusive Fahrzeugpflege<\/a><\/p>\n<p><a href=\"https:\/\/www.dein-stellplatz.de\/pl\/express-parken\/\" target=\"_blank\" rel=\"noopener\">Express-Parken<\/a><\/p>\n<p><!-- Weitere Unterpunkte f\u00fcr E hier einf\u00fcgen --><\/p>\n<\/div>\n<p><!-- Container F --><\/p>\n<div class=\"flex-container\">\n<p><strong>F<\/strong><\/p>\n<p><a href=\"https:\/\/www.dein-stellplatz.de\/pl\/fahrplan\/\" target=\"_blank\" rel=\"noopener\">Fahrplan<\/a><\/p>\n<p><a href=\"https:\/\/www.dein-stellplatz.de\/pl\/fahrzeugpflege-fahrzeugreinigung\/\" target=\"_blank\" rel=\"noopener\">Fahrzeugpflege &#8211; Fahrzeugreinigung<\/a><\/p>\n<p><a href=\"https:\/\/www.dein-stellplatz.de\/pl\/familien\/\" target=\"_blank\" rel=\"noopener\">Familien<\/a><\/p>\n<p><a href=\"https:\/\/www.dein-stellplatz.de\/pl\/fluggesellschaften-am-ber\/\" target=\"_blank\" rel=\"noopener\">Fluggesellschaften am BER<\/a><\/p>\n<p><a href=\"https:\/\/www.dein-stellplatz.de\/pl\/freunde-werben-bei-dein-stellplatz\/\" target=\"_blank\" rel=\"noopener\">Freunde werben<\/a><\/p>\n<p><a href=\"https:\/\/www.dein-stellplatz.de\/pl\/fruehbucherrabatt\/\" target=\"_blank\" rel=\"noopener\">Fr\u00fchbucherrabatt<\/a><\/p>\n<p><!-- Weitere Unterpunkte f\u00fcr F hier einf\u00fcgen --><\/p>\n<\/div>\n<p><!-- Container G --><\/p>\n<div class=\"flex-container\">\n<p><strong>G<\/strong><\/p>\n<p><a href=\"https:\/\/www.dein-stellplatz.de\/pl\/gepaeck\/\" target=\"_blank\" rel=\"noopener\">Gep\u00e4ck<\/a><\/p>\n<p><a href=\"https:\/\/www.dein-stellplatz.de\/pl\/geschaeftsreisende\/\" target=\"_blank\" rel=\"noopener\">Gesch\u00e4ftsreisende<\/a><\/p>\n<p><a href=\"https:\/\/www.dein-stellplatz.de\/pl\/groesse-der-parkplaetze\/\" target=\"_blank\" rel=\"noopener\">Gr\u00f6\u00dfe der Parkpl\u00e4tze<\/a><\/p>\n<p><a href=\"https:\/\/www.dein-stellplatz.de\/pl\/gutscheine-und-aktionen\/\" target=\"_blank\" rel=\"noopener\">Gutscheine und Aktionen<\/a><\/p>\n<p><!-- Weitere Unterpunkte f\u00fcr G hier einf\u00fcgen --><\/p>\n<\/div>\n<p><!-- Container H --><\/p>\n<div class=\"flex-container\">\n<p><strong>H<\/strong><\/p>\n<p><a href=\"https:\/\/www.dein-stellplatz.de\/pl\/haftung-bei-dein-stellplatz\/\" target=\"_blank\" rel=\"noopener\">Haftung bei Dein Stellplatz<\/a><\/p>\n<p><a href=\"https:\/\/www.dein-stellplatz.de\/pl\/handy-app\/\" target=\"_blank\" rel=\"noopener\">Handy-App<\/a><\/p>\n<p><a href=\"https:\/\/www.dein-stellplatz.de\/pl\/handwaesche-fuer-dein-fahrzeug\/\" target=\"_blank\" rel=\"noopener\">Handw\u00e4sche f\u00fcr dein Fahrzeug<\/a><\/p>\n<p><a href=\"https:\/\/www.dein-stellplatz.de\/pl\/hoechstparkdauer\/\" target=\"_blank\" rel=\"noopener\">H\u00f6chstparkdauer<\/a><\/p>\n<p><!-- Weitere Unterpunkte f\u00fcr H hier einf\u00fcgen --><\/p>\n<\/div>\n<p><!-- Container I --><\/p>\n<div class=\"flex-container\">\n<p><strong>I<\/strong><\/p>\n<p><a href=\"https:\/\/www.dein-stellplatz.de\/pl\/identifikation\/\" target=\"_blank\" rel=\"noopener\">Identifikation<\/a><\/p>\n<p><a href=\"https:\/\/www.dein-stellplatz.de\/pl\/impressum-bei-dein-stellplatz-wichtigkeit-und-informationen\/\" target=\"_blank\" rel=\"noopener\">Impressum<\/a><\/p>\n<p><a href=\"https:\/\/www.dein-stellplatz.de\/pl\/informationen-wichtiges-auf-einen-blick\/\" target=\"_blank\" rel=\"noopener\">Informationen &#8211; Wichtiges auf einen Blick<\/a><\/p>\n<p><!-- Weitere Unterpunkte f\u00fcr I hier einf\u00fcgen --><\/p>\n<\/div>\n<p><!-- Container J --><\/p>\n<div class=\"flex-container\">\n<p><strong>J<\/strong><\/p>\n<p><a href=\"https:\/\/www.dein-stellplatz.de\/pl\/jahreskarte\/\" target=\"_blank\" rel=\"noopener\">Jahreskarte<\/a><\/p>\n<p><a href=\"https:\/\/www.dein-stellplatz.de\/pl\/jetzt-buchen\/\" target=\"_blank\" rel=\"noopener\">Jetzt buchen<\/a><\/p>\n<p><!-- Weitere Unterpunkte f\u00fcr J hier einf\u00fcgen --><\/p>\n<\/div>\n<p><!-- Container K --><\/p>\n<div class=\"flex-container\">\n<p><strong>K<\/strong><\/p>\n<p><a href=\"https:\/\/www.dein-stellplatz.de\/pl\/kameraueberwachung\/\" target=\"_blank\" rel=\"noopener\">Kamera\u00fcberwachung<\/a><\/p>\n<p><a href=\"https:\/\/www.dein-stellplatz.de\/pl\/kennzeichenerkennung\/\" target=\"_blank\" rel=\"noopener\">Kennzeichenerkennung<\/a><\/p>\n<p><a href=\"https:\/\/www.dein-stellplatz.de\/pl\/kinderfreundlichkeit\/\" target=\"_blank\" rel=\"noopener\">Kinderfreundlichkeit<\/a><\/p>\n<p><a href=\"https:\/\/www.dein-stellplatz.de\/pl\/komfort-parkplatz\/\" target=\"_blank\" rel=\"noopener\">Komfort-Parkplatz<\/a><\/p>\n<p><a href=\"https:\/\/www.dein-stellplatz.de\/pl\/kontaktmoeglichkeiten-bei-dein-stellplatz\/\" target=\"_blank\" rel=\"noopener\">Kontakt<\/a><\/p>\n<p><a href=\"https:\/\/www.dein-stellplatz.de\/pl\/kosten-fuer-das-parken\/\" target=\"_blank\" rel=\"noopener\">Kosten f\u00fcr das Parken<\/a><\/p>\n<p><a href=\"https:\/\/www.dein-stellplatz.de\/pl\/kundenbewertungen-bei-dein-stellplatz\/\" target=\"_blank\" rel=\"noopener\">Kundenbewertungen<\/a><\/p>\n<p><a href=\"https:\/\/www.dein-stellplatz.de\/pl\/kundenlogin-2\/\" target=\"_blank\" rel=\"noopener\">Kundenlogin<\/a><\/p>\n<p><a href=\"https:\/\/www.dein-stellplatz.de\/pl\/kurzzeitparken-bei-dein-stellplatz\/\" target=\"_blank\" rel=\"noopener\">Kurzzeitparken bei Dein Stellplatz<\/a><\/p>\n<p><!-- Weitere Unterpunkte f\u00fcr K hier einf\u00fcgen --><\/p>\n<\/div>\n<p><!-- Container L --><\/p>\n<div class=\"flex-container\">\n<p><strong>L<\/strong><\/p>\n<p><a href=\"https:\/\/www.dein-stellplatz.de\/pl\/ladesaeule-ladeservice\/\" target=\"_blank\" rel=\"noopener\">Lades\u00e4ule \/ Ladeservice<\/a><\/p>\n<p><a href=\"https:\/\/www.dein-stellplatz.de\/pl\/lage-der-parkplaetze\/\" target=\"_blank\" rel=\"noopener\">Lage der Parkpl\u00e4tze<\/a><\/p>\n<p><a href=\"https:\/\/www.dein-stellplatz.de\/pl\/langzeitparken\/\" target=\"_blank\" rel=\"noopener\">Langzeitparken<\/a><\/p>\n<p><a href=\"https:\/\/www.dein-stellplatz.de\/pl\/live-chat\/\" target=\"_blank\" rel=\"noopener\">Live-Chat<\/a><\/p>\n<p><a href=\"https:\/\/www.dein-stellplatz.de\/pl\/lohnt-sich-das-parken-bei-dein-stellplatz\/\" target=\"_blank\" rel=\"noopener\">Lohnt sich das Parken bei Dein Stellplatz?<\/a><\/p>\n<p><a href=\"https:\/\/www.dein-stellplatz.de\/pl\/loyalty-programme\/\" target=\"_blank\" rel=\"noopener\">Loyalty-Programme<\/a><\/p>\n<p><!-- Weitere Unterpunkte f\u00fcr L hier einf\u00fcgen --><\/p>\n<\/div>\n<p><!-- Container M --><\/p>\n<div class=\"flex-container\">\n<p><strong>M<\/strong><\/p>\n<p><a href=\"https:\/\/www.dein-stellplatz.de\/pl\/maximum-parkdauer\/\" target=\"_blank\" rel=\"noopener\">Maximum Parkdauer<\/a><\/p>\n<p><a href=\"https:\/\/www.dein-stellplatz.de\/pl\/metro-kundenrabatt-bei-dein-stellplatz\/\" target=\"_blank\" rel=\"noopener\">METRO Kundenrabatt<\/a><\/p>\n<p><a href=\"https:\/\/www.dein-stellplatz.de\/pl\/minimum-parkdauer\/\" target=\"_blank\" rel=\"noopener\">Minimum Parkdauer<\/a><\/p>\n<p><a href=\"https:\/\/www.dein-stellplatz.de\/pl\/mitarbeiter-bei-dein-stellplatz\/\" target=\"_blank\" rel=\"noopener\">Mitarbeiter<\/a><\/p>\n<p><a href=\"https:\/\/www.dein-stellplatz.de\/pl\/motorradparkplaetze\/\" target=\"_blank\" rel=\"noopener\">Motorradparkpl\u00e4tze<\/a><\/p>\n<p><!-- Weitere Unterpunkte f\u00fcr M hier einf\u00fcgen --><\/p>\n<\/div>\n<p><!-- Container N --><\/p>\n<div class=\"flex-container\">\n<p><strong>N<\/strong><\/p>\n<p><a href=\"https:\/\/www.dein-stellplatz.de\/pl\/nachtparken-bei-dein-stellplatz\/\" target=\"_blank\" rel=\"noopener\">Nachtparken<\/a><\/p>\n<p><a href=\"https:\/\/www.dein-stellplatz.de\/pl\/navigation-zu-den-parkplaetzen-p1-und-p2-von-dein-stellplatz\/\" target=\"_blank\" rel=\"noopener\">Navigation<\/a><\/p>\n<p><a href=\"https:\/\/www.dein-stellplatz.de\/pl\/nothilfe-bei-dein-stellplatz\/\" target=\"_blank\" rel=\"noopener\">Nothilfe<\/a><\/p>\n<p><!-- Weitere Unterpunkte f\u00fcr N hier einf\u00fcgen --><\/p>\n<\/div>\n<p><!-- Container O --><\/p>\n<div class=\"flex-container\">\n<p><strong>O<\/strong><\/p>\n<p><a href=\"https:\/\/www.dein-stellplatz.de\/pl\/oeffnungszeiten-bei-dein-stellplatz\/\" target=\"_blank\" rel=\"noopener\">\u00d6ffnungszeiten<\/a><\/p>\n<p><a href=\"https:\/\/www.dein-stellplatz.de\/pl\/online-buchung-bei-dein-stellplatz\/\" target=\"_blank\" rel=\"noopener\">Online-Buchung<\/a><\/p>\n<p><a href=\"https:\/\/www.dein-stellplatz.de\/pl\/ordnung-bei-dein-stellplatz\/\" target=\"_blank\" rel=\"noopener\">Ordnung<\/a><\/p>\n<p><!-- Weitere Unterpunkte f\u00fcr O hier einf\u00fcgen --><\/p>\n<\/div>\n<p><!-- Container P --><\/p>\n<div class=\"flex-container\">\n<p><strong>P<\/strong><\/p>\n<p><a href=\"https:\/\/www.dein-stellplatz.de\/pl\/parkgebuehren\/\" target=\"_blank\" rel=\"noopener\">Parkgeb\u00fchren<\/a><\/p>\n<p><a href=\"https:\/\/www.dein-stellplatz.de\/pl\/parkhaeuser-am-flughafen-vs-aussenstellplaetze-bei-dein-stellplatz\/\" target=\"_blank\" rel=\"noopener\">Parkh\u00e4user am Flughafen vs. Stellpl\u00e4tze bei Dein Stellplatz<\/a><\/p>\n<p><a href=\"https:\/\/www.dein-stellplatz.de\/pl\/parkoptionen-bei-dein-stellplatz-waehle-den-perfekten-parkbereich\/\" target=\"_blank\" rel=\"noopener\">Parkoptionen<\/a><\/p>\n<p><a href=\"https:\/\/www.dein-stellplatz.de\/pl\/parkplatz-app\/\" target=\"_blank\" rel=\"noopener\">Parkplatz App<\/a><\/p>\n<p><a href=\"https:\/\/www.dein-stellplatz.de\/pl\/parkticket\/\" target=\"_blank\" rel=\"noopener\">Parkticket<\/a><\/p>\n<p><a href=\"https:\/\/www.dein-stellplatz.de\/pl\/partner-von-dein-stellplatz\/\" target=\"_blank\" rel=\"noopener\">Partner<\/a><\/p>\n<p><!-- Weitere Unterpunkte f\u00fcr P hier einf\u00fcgen --><\/p>\n<\/div>\n<p><!-- Container Q --><\/p>\n<div class=\"flex-container\">\n<p><strong>Q<\/strong><\/p>\n<p><a href=\"https:\/\/www.dein-stellplatz.de\/pl\/qualitaet-bei-dein-stellplatz\/\" target=\"_blank\" rel=\"noopener\">Qualit\u00e4t<\/a><\/p>\n<p><a href=\"https:\/\/www.dein-stellplatz.de\/pl\/quick-check-in\/\" target=\"_blank\" rel=\"noopener\">Quick-Check-In<\/a><\/p>\n<p><a href=\"https:\/\/www.dein-stellplatz.de\/pl\/quittung\/\" target=\"_blank\" rel=\"noopener\">Quittung<\/a><\/p>\n<p><!-- Weitere Unterpunkte f\u00fcr Q hier einf\u00fcgen --><\/p>\n<\/div>\n<p><!-- Container R --><\/p>\n<div class=\"flex-container\">\n<p><strong>R<\/strong><\/p>\n<p><a href=\"https:\/\/www.dein-stellplatz.de\/pl\/rabatte\/\" target=\"_blank\" rel=\"noopener\">Rabatte<\/a><\/p>\n<p><a href=\"https:\/\/www.dein-stellplatz.de\/pl\/reservierung\/\" target=\"_blank\" rel=\"noopener\">Reservierung<\/a><\/p>\n<p><a href=\"https:\/\/www.dein-stellplatz.de\/pl\/rueckfahrt\/\" target=\"_blank\" rel=\"noopener\">R\u00fcckfahrt<\/a><\/p>\n<p><a href=\"https:\/\/www.dein-stellplatz.de\/pl\/rundum-schutz-paket-2\/\" target=\"_blank\" rel=\"noopener\">Rundum-Schutz-Paket<\/a><\/p>\n<p><a href=\"https:\/\/www.dein-stellplatz.de\/pl\/rechnung\/\" target=\"_blank\" rel=\"noopener\">Rechnung<\/a><\/p>\n<p><!-- Weitere Unterpunkte f\u00fcr R hier einf\u00fcgen --><\/p>\n<\/div>\n<p><!-- Container S --><\/p>\n<div class=\"flex-container\">\n<p><strong>S<\/strong><\/p>\n<p><a href=\"https:\/\/www.dein-stellplatz.de\/pl\/schaeden\/\" target=\"_blank\" rel=\"noopener\">Sch\u00e4den<\/a><\/p>\n<p><a href=\"https:\/\/www.dein-stellplatz.de\/pl\/scheibentoenung\/\" target=\"_blank\" rel=\"noopener\">Scheibent\u00f6nung<\/a><\/p>\n<p><a href=\"https:\/\/www.dein-stellplatz.de\/pl\/schluesselhinterlegung\/\" target=\"_blank\" rel=\"noopener\">Schl\u00fcsselhinterlegung<\/a><\/p>\n<p><a href=\"https:\/\/www.dein-stellplatz.de\/pl\/shuttlebus\/\" target=\"_blank\" rel=\"noopener\">Shuttlebus<\/a><\/p>\n<p><a href=\"https:\/\/www.dein-stellplatz.de\/pl\/sicherheit-bei-dein-stellplatz\/\" target=\"_blank\" rel=\"noopener\">Sicherheit bei Dein Stellplatz<\/a><\/p>\n<p><a href=\"https:\/\/www.dein-stellplatz.de\/pl\/standorte-unserer-parkplaetze-am-ber\/\" target=\"_blank\" rel=\"noopener\">Standorte unserer Parkpl\u00e4tze am BER<\/a><\/p>\n<p><a href=\"https:\/\/www.dein-stellplatz.de\/pl\/starthilfe\/\" target=\"_blank\" rel=\"noopener\">Starthilfe<\/a><\/p>\n<p><a href=\"https:\/\/www.dein-stellplatz.de\/pl\/stellplaetze-bei-dein-stellplatz\/\" target=\"_blank\" rel=\"noopener\">Stellpl\u00e4tze<\/a><\/p>\n<p><a href=\"https:\/\/www.dein-stellplatz.de\/pl\/stornierung\/\" target=\"_blank\" rel=\"noopener\">Stornierung<\/a><\/p>\n<p><a href=\"https:\/\/www.dein-stellplatz.de\/pl\/support\/\" target=\"_blank\" rel=\"noopener\">Support<\/a><\/p>\n<p><a href=\"https:\/\/www.dein-stellplatz.de\/pl\/suv-parken\/\" target=\"_blank\" rel=\"noopener\">SUV-Parken<\/a><\/p>\n<p><!-- Weitere Unterpunkte f\u00fcr S hier einf\u00fcgen --><\/p>\n<\/div>\n<p><!-- Container T --><\/p>\n<div class=\"flex-container\">\n<p><strong>T<\/strong><\/p>\n<p><a href=\"https:\/\/www.dein-stellplatz.de\/pl\/tagesparken\/\" target=\"_blank\" rel=\"noopener\">Tagesparken<\/a><\/p>\n<p><a href=\"https:\/\/www.dein-stellplatz.de\/pl\/tarife\/\" target=\"_blank\" rel=\"noopener\">Tarife<\/a><\/p>\n<p><a href=\"https:\/\/www.dein-stellplatz.de\/pl\/terminals-am-flughafen-berlin-brandenburg-ber\/\" target=\"_blank\" rel=\"noopener\">Terminals am BER<\/a><\/p>\n<p><a href=\"https:\/\/www.dein-stellplatz.de\/pl\/tipps-fuer-das-parken-bei-dein-stellplatz\/\" target=\"_blank\" rel=\"noopener\">Tipps<\/a><\/p>\n<p><a href=\"https:\/\/www.dein-stellplatz.de\/pl\/transferzeit\/\" target=\"_blank\" rel=\"noopener\">Transferzeit<\/a><\/p>\n<p><!-- Weitere Unterpunkte f\u00fcr T hier einf\u00fcgen --><\/p>\n<\/div>\n<p><!-- Container U --><\/p>\n<div class=\"flex-container\">\n<p><strong>U<\/strong><\/p>\n<p><a href=\"https:\/\/www.dein-stellplatz.de\/pl\/umbuchung\/\" target=\"_blank\" rel=\"noopener\">Umbuchung<\/a><\/p>\n<p><a href=\"https:\/\/www.dein-stellplatz.de\/pl\/upgrades\/\" target=\"_blank\" rel=\"noopener\">Upgrades<\/a><\/p>\n<p><!-- Weitere Unterpunkte f\u00fcr U hier einf\u00fcgen --><\/p>\n<\/div>\n<p><!-- Container V --><\/p>\n<div class=\"flex-container\">\n<p><strong>V<\/strong><\/p>\n<p><a href=\"https:\/\/www.dein-stellplatz.de\/pl\/valet-parking\/\" target=\"_blank\" rel=\"noopener\">Valet Parking<\/a><\/p>\n<p><a href=\"https:\/\/www.dein-stellplatz.de\/pl\/verfuegbarkeit-der-parkplaetze\/\" target=\"_blank\" rel=\"noopener\">Verf\u00fcgbarkeit der Parkpl\u00e4tze<\/a><\/p>\n<p><a href=\"https:\/\/www.dein-stellplatz.de\/pl\/vergessenes-im-auto-was-nun\/\" target=\"_blank\" rel=\"noopener\">Vergessenes im Auto<\/a><\/p>\n<p><a href=\"https:\/\/www.dein-stellplatz.de\/pl\/verloren-gefunden\/\" target=\"_blank\" rel=\"noopener\">Verlorenes &amp; Gefundenes<\/a><\/p>\n<p><a href=\"https:\/\/www.dein-stellplatz.de\/pl\/versicherungsschutz-bei-dein-stellplatz\/\" target=\"_blank\" rel=\"noopener\">Versicherungsschutz bei Dein Stellplatz<\/a><\/p>\n<p><a href=\"https:\/\/www.dein-stellplatz.de\/pl\/verzoegerungen-und-flugausfaelle-was-tun\/\" target=\"_blank\" rel=\"noopener\">Verz\u00f6gerungen und Flugausf\u00e4lle: Was tun?<\/a><\/p>\n<p><a href=\"https:\/\/www.dein-stellplatz.de\/pl\/vorauszahlung-und-zahlungsoptionen\/\" target=\"_blank\" rel=\"noopener\">Vorauszahlung und Zahlungsoptionen<\/a><\/p>\n<p><a href=\"https:\/\/www.dein-stellplatz.de\/pl\/vorteile-bei-dein-stellplatz\/\" target=\"_blank\" rel=\"noopener\">Vorteile bei Dein Stellplatz<\/a><\/p>\n<p><a href=\"https:\/\/www.dein-stellplatz.de\/pl\/vielflieger\/\" target=\"_blank\" rel=\"noopener\">Vielflieger<\/a><\/p>\n<p><a href=\"https:\/\/www.dein-stellplatz.de\/pl\/videoueberwachung\/\" target=\"_blank\" rel=\"noopener\">Video\u00fcberwachung<\/a><\/p>\n<p><!-- Weitere Unterpunkte f\u00fcr V hier einf\u00fcgen --><\/p>\n<\/div>\n<p><!-- Container W --><\/p>\n<div class=\"flex-container\">\n<p><strong>W<\/strong><\/p>\n<p><a href=\"https:\/\/www.dein-stellplatz.de\/pl\/webseite-von-dein-stellplatz\/\" target=\"_blank\" rel=\"noopener\">Webseite von Dein Stellplatz<\/a><\/p>\n<p><a href=\"https:\/\/www.dein-stellplatz.de\/pl\/werkstattservice\/\" target=\"_blank\" rel=\"noopener\">Werkstattservice<\/a><\/p>\n<p><a href=\"https:\/\/www.dein-stellplatz.de\/pl\/wochenendtarife\/\" target=\"_blank\" rel=\"noopener\">Wochenendtarife<\/a><\/p>\n<p><a href=\"https:\/\/www.dein-stellplatz.de\/pl\/wohnmobil-parken\/\" target=\"_blank\" rel=\"noopener\">Wohnmobil<\/a><\/p>\n<p><!-- Weitere Unterpunkte f\u00fcr W hier einf\u00fcgen --><\/p>\n<\/div>\n<p><!-- Container X --><\/p>\n<div class=\"flex-container\">\n<p><strong>X<\/strong><\/p>\n<p><a href=\"https:\/\/www.dein-stellplatz.de\/pl\/xxl-parkplaetze\/\" target=\"_blank\" rel=\"noopener\">XXL-Parkpl\u00e4tze<\/a><\/p>\n<p><!-- Weitere Unterpunkte f\u00fcr X hier einf\u00fcgen --><\/p>\n<\/div>\n<p><!-- Container Z --><\/p>\n<div class=\"flex-container\">\n<p><strong>Z<\/strong><\/p>\n<p><a href=\"https:\/\/www.dein-stellplatz.de\/pl\/zahlungsarten\/\" target=\"_blank\" rel=\"noopener\">Zahlungsarten<\/a><\/p>\n<p><a href=\"https:\/\/www.dein-stellplatz.de\/pl\/zugangskontrolle\/\" target=\"_blank\" rel=\"noopener\">Zugangskontrolle<\/a><\/p>\n<p><!-- Weitere Unterpunkte f\u00fcr Z hier einf\u00fcgen --><\/p>\n<\/div>\n<\/div>\n<p>&nbsp;<\/p>\n<h3>TW\u00d3J S\u0141OWNIK PARKOWANIA NA LOTNIsku BER<\/h3>\n<p>Czym w\u0142a\u015bciwie jest s\u0142ownik? Generalnie jest to zbi\u00f3r termin\u00f3w wymagaj\u0105cych wyja\u015bnienia, uzupe\u0142niony definicjami dla lepszego zrozumienia. W naszym przypadku jest to lista warunk\u00f3w parkingowych i lotniskowych, kt\u00f3re szczeg\u00f3\u0142owo Pa\u0144stwu wyja\u015bniamy. Chocia\u017c staramy si\u0119, aby proces rezerwacji i wyznaczanie naszych miejsc parkingowych by\u0142 jak najbardziej przejrzysty, warunki techniczne mog\u0105 czasami budzi\u0107 w\u0105tpliwo\u015bci. Nie ka\u017cdy jest ekspertem w terminologii parkingowej i zna terminy takie jak \u201eparkowanie przez obs\u0142ug\u0119\u201d lub \u201eus\u0142uga wahad\u0142owa\u201d. Nasz s\u0142ownik parkingowy pomo\u017ce Ci szybko i zdefiniowa\u0107 najwa\u017cniejsze poj\u0119cia, kt\u00f3re mog\u0105 wyst\u0105pi\u0107 podczas Twojej rezerwacji. Jest to cz\u0119\u015b\u0107 naszej obs\u0142ugi klienta, opr\u00f3cz naszej rozmowy serwisowej.<\/p>\n<p>Dein Stellplatz zapewnia, \u017ce \u200b\u200bjeste\u015b dobrze poinformowany i \u017ce Twoje wakacje rozpoczynaj\u0105 si\u0119 od rezerwacji miejsca parkingowego. Wyja\u015bnimy r\u00f3\u017cnice mi\u0119dzy parkowaniem d\u0142ugoterminowym a parkowaniem kr\u00f3tkoterminowym oraz czym jest gara\u017c w por\u00f3wnaniu z parkingiem. Nie musisz wi\u0119c szuka\u0107 w s\u0142owniku, wa\u017cne terminy zwi\u0105zane z parkowaniem mo\u017cesz dowiedzie\u0107 si\u0119 bezpo\u015brednio od nas. Definicje w naszym glosariuszu zosta\u0142y stworzone przez do\u015bwiadczonych ekspert\u00f3w w dziedzinie parkowania i dlatego s\u0105 ca\u0142kowicie wiarygodne. Dowiedz si\u0119 od nas przed wyjazdem na lotnisko, aby unikn\u0105\u0107 nieporozumie\u0144 i przykrych niespodzianek. Dzi\u0119ki wiedzy zawartej w naszym glosariuszu dotycz\u0105cym parking\u00f3w staniesz si\u0119 ekspertem w zakresie rezerwacji miejsca parkingowego i b\u0119dziesz m\u00f3g\u0142 rozpocz\u0105\u0107 wakacje zrelaksowany.<\/p>\n<p>Dein Stellplatz z niecierpliwo\u015bci\u0105 czeka na przyjemn\u0105 podr\u00f3\u017c!<\/p>\n<p>&nbsp;<\/p>","protected":false},"excerpt":{"rendered":"<p>Tw\u00f3j s\u0142ownik podr\u00f3\u017cniczy \u2013 klucz do bezproblemowych wakacji w Berlinie Dzi\u0119ki naszemu glosariuszowi podr\u00f3\u017cniczemu wszystkie niezb\u0119dne terminy zwi\u0105zane z podr\u00f3\u017cowaniem masz zawsze pod r\u0119k\u0105. S\u0142u\u017cy jako Tw\u00f3j osobisty przewodnik po d\u017cungli terminologii podr\u00f3\u017cniczej. To praktyczne kompendium towarzyszy Ci podczas planowania wakacji i gwarantuje, \u017ce b\u0119dziesz dobrze poinformowany i unikniesz przykrych niespodzianek. &nbsp; A Terminal odlot\u00f3w [&hellip;]<\/p>\n","protected":false},"author":1,"featured_media":0,"parent":0,"menu_order":201,"comment_status":"closed","ping_status":"closed","template":"","meta":{"footnotes":""},"_links":{"self":[{"href":"https:\/\/www.dein-stellplatz.de\/pl\/wp-json\/wp\/v2\/pages\/15941"}],"collection":[{"href":"https:\/\/www.dein-stellplatz.de\/pl\/wp-json\/wp\/v2\/pages"}],"about":[{"href":"https:\/\/www.dein-stellplatz.de\/pl\/wp-json\/wp\/v2\/types\/page"}],"author":[{"embeddable":true,"href":"https:\/\/www.dein-stellplatz.de\/pl\/wp-json\/wp\/v2\/users\/1"}],"replies":[{"embeddable":true,"href":"https:\/\/www.dein-stellplatz.de\/pl\/wp-json\/wp\/v2\/comments?post=15941"}],"version-history":[{"count":40,"href":"https:\/\/www.dein-stellplatz.de\/pl\/wp-json\/wp\/v2\/pages\/15941\/revisions"}],"predecessor-version":[{"id":18963,"href":"https:\/\/www.dein-stellplatz.de\/pl\/wp-json\/wp\/v2\/pages\/15941\/revisions\/18963"}],"wp:attachment":[{"href":"https:\/\/www.dein-stellplatz.de\/pl\/wp-json\/wp\/v2\/media?parent=15941"}],"curies":[{"name":"wp","href":"https:\/\/api.w.org\/{rel}","templated":true}]}}