{"id":15940,"date":"2024-03-15T10:55:17","date_gmt":"2024-03-15T09:55:17","guid":{"rendered":"https:\/\/www.dein-stellplatz.de\/off-airport-parking-versus-flughafenparkplatz-tipps-fuer-deinen-parkplatz-am-flughafen-ber\/"},"modified":"2025-03-31T22:57:16","modified_gmt":"2025-03-31T20:57:16","slug":"off-airport-parking-versus-flughafenparkplatz-tipps-fuer-deinen-parkplatz-am-flughafen-ber","status":"publish","type":"page","link":"https:\/\/www.dein-stellplatz.de\/pl\/off-airport-parking-versus-flughafenparkplatz-tipps-fuer-deinen-parkplatz-am-flughafen-ber\/","title":{"rendered":"Parking poza lotniskiem a parking lotniskowy &#8211; wskaz\u00f3wki dotycz\u0105ce miejsca parkingowego na lotnisku BER!"},"content":{"rendered":"<p>Je\u015bli planujesz podr\u00f3\u017c, musisz r\u00f3wnie\u017c pomy\u015ble\u0107 o bezpiecznym i wygodnym miejscu parkingowym dla swojego samochodu na lotnisku BER. Do wyboru s\u0105 parkingi poza lotniskiem i bezpo\u015brednie parkingi lotniskowe. Zanim jednak zdecydujesz si\u0119 na jedn\u0105 z tych dw\u00f3ch opcji, powiniene\u015b wzi\u0105\u0107 pod uwag\u0119 kilka wa\u017cnych czynnik\u00f3w.<\/p>\n<p><strong>Cena:<\/strong> parkingi poza lotniskiem s\u0105 cz\u0119sto ta\u0144sze ni\u017c parkingi na lotnisku BER. Zaleca si\u0119 jednak dok\u0142adne por\u00f3wnanie op\u0142at parkingowych i dodatkowych koszt\u00f3w, takich jak transfer lub ubezpieczenie, aby lepiej zrozumie\u0107 ca\u0142kowity koszt.<\/p>\n<p><strong>Lokalizacja:<\/strong> parkingi poza lotniskiem znajduj\u0105 si\u0119 nieco dalej od lotniska ni\u017c parkingi bezpo\u015brednio przy lotnisku. Oznacza to, \u017ce dotarcie na lotnisko mo\u017ce zaj\u0105\u0107 wi\u0119cej czasu. Dlatego nale\u017cy wcze\u015bniej sprawdzi\u0107, jak d\u0142ugo potrwa transfer i czy mog\u0105 wyst\u0105pi\u0107 korki lub op\u00f3\u017anienia.<\/p>\n<p><strong>Bezpiecze\u0144stwo:<\/strong> Obie opcje zazwyczaj oferuj\u0105 strze\u017cony parking. Wa\u017cne jest jednak, aby sprawdzi\u0107 \u015brodki ostro\u017cno\u015bci stosowane przez dostawc\u00f3w. Do\u015bwiadczenia i opinie innych klient\u00f3w mog\u0105 by\u0107 bardzo pomocne. W niekt\u00f3rych przypadkach rodzaj zabezpiecze\u0144 r\u00f3wnie\u017c znacznie si\u0119 r\u00f3\u017cni. Nasze parkingi P1 i P2 poza lotniskiem s\u0105 obj\u0119te ca\u0142odobowym nadzorem wideo w jako\u015bci HD. Nasze parkingi s\u0105 r\u00f3wnie\u017c obs\u0142ugiwane 24\/7. Bezpiecze\u0144stwo Twojego pojazdu jest nie do pobicia.<\/p>\n<p><strong>Dodatkowe us\u0142ugi:<\/strong> Parkingi poza lotniskiem oferuj\u0105 dodatkowe us\u0142ugi, takie jak mycie samochodu lub tankowanie. Parkingi lotniskowe cz\u0119sto oferuj\u0105 us\u0142ugi parkingowe VIP lub mo\u017cliwo\u015b\u0107 pozostawienia samochodu bezpo\u015brednio przy terminalu. Zastan\u00f3w si\u0119, jakich dodatkowych us\u0142ug potrzebujesz i czy s\u0105 one wliczone w cen\u0119 wybranego parkingu.<\/p>\n<p><strong>Rezerwacja:<\/strong> Zar\u00f3wno parkingi poza lotniskiem, jak i parkingi lotniskowe umo\u017cliwiaj\u0105 rezerwacj\u0119 z wyprzedzeniem. Nale\u017cy jednak pami\u0119ta\u0107, \u017ce niekt\u00f3rzy dostawcy pobieraj\u0105 op\u0142at\u0119 za anulowanie lub nie zwracaj\u0105 koszt\u00f3w rezerwacji, je\u015bli nie wykorzystasz miejsca parkingowego.<\/p>\n<p>Obie opcje maj\u0105 zalety i wady, a to, kt\u00f3ra z nich b\u0119dzie dla Ciebie najlepszym wyborem, zale\u017cy od Twoich indywidualnych potrzeb. Por\u00f3wnaj dok\u0142adnie czynniki, a nast\u0119pnie wybierz parking, kt\u00f3ry najlepiej pasuje do Twojej podr\u00f3\u017cy.<\/p>\n<p>&nbsp;<\/p>\n<h2>Jak daleko jest z parkingu do terminalu?<\/h2>\n<p>Wa\u017cnym pytaniem podczas poszukiwania miejsca parkingowego jest cz\u0119sto: Jak daleko jest z parkingu do terminalu? Na Dein-Stellplatz.de nie musisz si\u0119 o to martwi\u0107. Oferujemy tylko parkingi, kt\u00f3re znajduj\u0105 si\u0119 w bezpo\u015brednim s\u0105siedztwie lotniska. Pozwala to zaoszcz\u0119dzi\u0107 czas i szybko dotrze\u0107 do terminalu bez konieczno\u015bci pokonywania du\u017cych odleg\u0142o\u015bci. Oferujemy r\u00f3wnie\u017c wygodny transfer, kt\u00f3ry zabierze Ci\u0119 bezpo\u015brednio do terminalu. Oznacza to, \u017ce nie musisz martwi\u0107 si\u0119 o transport baga\u017cu i mo\u017cesz spokojnie rozpocz\u0105\u0107 wakacje.<\/p>\n<p>&nbsp;<\/p>\n<h3>Czy transfer na lotnisko jest gwarantowany?<\/h3>\n<p>Tak, transfer na lotnisko jest gwarantowany przez Dein-Stellplatz.de. Oferujemy niezawodny transfer, kt\u00f3ry szybko i bezpiecznie dowiezie Ci\u0119 do terminalu. Nasze autobusy s\u0105 nowoczesne i komfortowo wyposa\u017cone, dzi\u0119ki czemu mo\u017cesz rozpocz\u0105\u0107 podr\u00f3\u017c zrelaksowany. Nasi kierowcy s\u0105 r\u00f3wnie\u017c do\u015bwiadczeni i bezpiecznie przeprowadz\u0105 Ci\u0119 przez korki. Nie musisz si\u0119 wi\u0119c martwi\u0107, \u017ce przegapisz sw\u00f3j lot. W Dein-Stellplatz.de bezpiecze\u0144stwo i komfort pasa\u017cer\u00f3w s\u0105 naszym najwy\u017cszym priorytetem.<\/p>\n<p>&nbsp;<\/p>","protected":false},"excerpt":{"rendered":"<p>Je\u015bli planujesz podr\u00f3\u017c, musisz r\u00f3wnie\u017c pomy\u015ble\u0107 o bezpiecznym i wygodnym miejscu parkingowym dla swojego samochodu na lotnisku BER. Do wyboru s\u0105 parkingi poza lotniskiem i bezpo\u015brednie parkingi lotniskowe. Zanim jednak zdecydujesz si\u0119 na jedn\u0105 z tych dw\u00f3ch opcji, powiniene\u015b wzi\u0105\u0107 pod uwag\u0119 kilka wa\u017cnych czynnik\u00f3w. Cena: parkingi poza lotniskiem s\u0105 cz\u0119sto ta\u0144sze ni\u017c parkingi na [&hellip;]<\/p>\n","protected":false},"author":1,"featured_media":0,"parent":0,"menu_order":233,"comment_status":"closed","ping_status":"closed","template":"","meta":{"footnotes":""},"_links":{"self":[{"href":"https:\/\/www.dein-stellplatz.de\/pl\/wp-json\/wp\/v2\/pages\/15940"}],"collection":[{"href":"https:\/\/www.dein-stellplatz.de\/pl\/wp-json\/wp\/v2\/pages"}],"about":[{"href":"https:\/\/www.dein-stellplatz.de\/pl\/wp-json\/wp\/v2\/types\/page"}],"author":[{"embeddable":true,"href":"https:\/\/www.dein-stellplatz.de\/pl\/wp-json\/wp\/v2\/users\/1"}],"replies":[{"embeddable":true,"href":"https:\/\/www.dein-stellplatz.de\/pl\/wp-json\/wp\/v2\/comments?post=15940"}],"version-history":[{"count":0,"href":"https:\/\/www.dein-stellplatz.de\/pl\/wp-json\/wp\/v2\/pages\/15940\/revisions"}],"wp:attachment":[{"href":"https:\/\/www.dein-stellplatz.de\/pl\/wp-json\/wp\/v2\/media?parent=15940"}],"curies":[{"name":"wp","href":"https:\/\/api.w.org\/{rel}","templated":true}]}}