{"id":1480,"date":"2018-01-17T21:22:12","date_gmt":"2018-01-17T20:22:12","guid":{"rendered":"https:\/\/www.dein-stellplatz.de\/?page_id=1480"},"modified":"2025-03-31T22:57:16","modified_gmt":"2025-03-31T20:57:16","slug":"flughafen-berlin-schoenefeld-sxf","status":"publish","type":"page","link":"https:\/\/www.dein-stellplatz.de\/pl\/flughafen-berlin-schoenefeld-sxf\/","title":{"rendered":"Parking w Sch\u00f6nefeld nie musi by\u0107 stresuj\u0105cy"},"content":{"rendered":"<p><span style=\"color: #003366;\">Odleg\u0142o\u015b\u0107 do SXF portu lotniczego nie stanowi problemu. Nasza profesjonalna obs\u0142uga pozwala na komfortowy przyjazd i wyjazd. Wi\u0119ksza odleg\u0142o\u015b\u0107 do lotniska SXF oznacza r\u00f3wnie\u017c, \u017ce parkowanie mo\u017ce by\u0107 ta\u0144sze. Bez po\u015bwi\u0119cania komfortu. Przy okazji, najbardziej zarezerwowane miejsca parkingowe nie znajduj\u0105 si\u0119 w bezpo\u015brednim s\u0105siedztwie lotnisk. Por\u00f3wnanie miejsc parkingowych szybko pokaza\u0142oby, \u017ce w takim przypadku tanie nie znaczy z\u0142e.<\/span><\/p>\n<p><span style=\"color: #003366;\">Nawet je\u015bli parking lub parking wielopoziomowy znajduje si\u0119 troch\u0119 dalej od lotniska Berlin-Sch\u00f6nefeld, z gwarantowanym miejscem parkingowym, przyjazn\u0105 i szybk\u0105 odpraw\u0105 oraz profesjonaln\u0105 us\u0142ug\u0105 transportu wahad\u0142owego, Twoje wakacje s\u0105 pewne. Mo\u017cesz polecie\u0107 zrelaksowany na wakacje, je\u015bli wiesz, \u017ce Tw\u00f3j samoch\u00f3d jest zaparkowany bezpiecznie, a us\u0142uga jest doskona\u0142a. Je\u015bli musisz czeka\u0107, jest to nieprzyjemne, dlatego oczekujesz szybkiej obs\u0142ugi z przyjemn\u0105 i relaksuj\u0105c\u0105 atmosfer\u0105, nawet je\u015bli jeste\u015b dalej od lotniska SXF.<\/span><\/p>\n<p><span style=\"color: #003366;\">Je\u015bli jeste\u015b ju\u017c w Berlinie, mo\u017cliwa jest r\u00f3wnie\u017c wycieczka do zabytk\u00f3w miasta. Czy to spacer wzd\u0142u\u017c muru berli\u0144skiego, widok Bramy Brandenburskiej, czy te\u017c siedzenie na \u0142\u0105ce przed Reichstagiem: Berlin jest zawsze wart odwiedzenia! Nie mo\u017cna r\u00f3wnie\u017c przegapi\u0107 efektu wystawy w Pergamonmuseum.<\/span><\/p>\n<p><span style=\"color: #003366;\"><strong>Bezpieczne miejsce parkingowe lub suche miejsce parkingowe na parkingu wielopoziomowym uwalnia g\u0142ow\u0119 od zmartwie\u0144. Wystarczy zarezerwowa\u0107 miejsce parkingowe w pobli\u017cu berli\u0144skiego lotniska SXF!<\/strong><\/span><\/p>\n<p><span style=\"color: #003366;\"><strong>Lotnisko Berlin Sch\u00f6nefeld<\/strong><\/span><\/p>\n<p><span style=\"color: #003366;\">Blisko 11.700 pasa\u017cer\u00f3w liczy\u0142o lotnisko w 2016 roku i pod wzgl\u0119dem liczby pasa\u017cer\u00f3w, zaj\u0119\u0142o w Niemczech miejsce 7. Stacjonuje tutaj flota Condora. Sch\u00f6nefeld znany jest jako w\u0119ze\u0142 dla dalekich podr\u00f3\u017cy takich towarzystw lotniczych, jak Ryanair, easyJet i Germania. Blisko lotniska Sch\u00f6nefeld powstaje nowe lotnisko Berlin Brandenburg.\u00a0Lotnisko znajduje si\u0119 w okr\u0119gu Dahme-Spreewald, oddalone ok. 22 km od centrum Berlina.<\/span><\/p>\n<p><span style=\"color: #003366;\">Rekord w liczbie pasa\u017cer\u00f3w w 2016<\/span><\/p>\n<p><span style=\"color: #003366;\">Obydwa berli\u0144skie lotniska przewozi\u0142y w roku 2016 nawet 33 milion\u00f3w pasa\u017cer\u00f3w. Daje to wzrost od 11,4 procent w por\u00f3wnaniu z rokiem ubieg\u0142ym. O wiele zost\u0142y przekroczone oczekiwania rynkowe. R\u00f3wnie\u017c w tym roku spodziewany jest wzrost liczby pasa\u017cer\u00f3w.<\/span><\/p>\n<p><span style=\"color: #003366;\"><strong>Kontakt lotnisko Berlin Sch\u00f6nefeld<\/strong><\/span><\/p>\n<p><span style=\"color: #003366;\">Nazwa lotniska:<\/span><br \/>\n<span style=\"color: #003366;\">&#8222;Flughafen Sch\u00f6nefeld&#8221;<\/span><br \/>\n<span style=\"color: #003366;\">12521 Berlin<\/span><br \/>\n<span style=\"color: #003366;\">Telefon: 030 60911150<\/span><br \/>\n<span style=\"color: #003366;\">Flughafencode: SXF<\/span><\/p>\n<p><span style=\"color: #003366;\"><strong>Biuro rzeczy znalezionych lotniska Berlin Sch\u00f6nefeld<\/strong><\/span><\/p>\n<p><span style=\"color: #003366;\">Zgubione baga\u017ce znajduj\u0105 si\u0119 cz\u0119sto w biurze rzeczy znalezionych, kt\u00f3re znajduje si\u0119 na parterze Terminala A. Kontakt: Biuro rzeczy znalezionych\/ Fundb\u00fcro, Beyer Sprach- &amp; Airport Service, Terminal A, parter, telefon: 030 34397533.<\/span><\/p>\n<p><span style=\"color: #003366;\">Godziny otwarcia: od poniedzia\u0142ku do niedzieli od godz. 08:00 do 22:00<\/span><\/p>\n<p><span style=\"color: #003366;\">Telefonicznie lub mailowo otrzymasz informacj\u0119, opisuj\u0105c rzecz, przypuszczalnego czasu i miejsca utraty rzeczy. W przypadku pozostawienia rzeczy osobistych w samolocie, zwykle zostaj\u0105 one odnalezione przez personel. W takim przypadku zg\u0142o\u015b si\u0119 bezpo\u015brednio do towarzystwa lotniczego. Baga\u017c, kt\u00f3ry zosta\u0142 zgubiony na dworcu, przechowywany jest w biure rzeczy znalezionych kolei niemieckiej niem. Deutsche Bahn.<\/span><\/p>\n<p><span style=\"color: #003366;\"><strong>Samochodem na lotnisko Berlin Sch\u00f6nefeld<\/strong><\/span><\/p>\n<p><span style=\"color: #003366;\">Dojazd autostrad\u0105 Sch\u00f6nefeld z po\u0142udnia A113 prowadzi bezpo\u015brednio na lotnisko. A100 \u0142\u0105czy centrum z A113. Jad\u0105c ringiem, A10, pasa\u017cerowie z obszar\u00f3w le\u017c\u0105cych pod Berlinem dojad\u0105 do A113.\u00a0Podr\u00f3\u017cuj\u0105cy z Poczdamu korzystaj\u0105 z \u00a0B96a w kierunku Sch\u00f6nefeld.<\/span><\/p>\n<p><span style=\"color: #003366;\">Adres w celu zaplanowania podr\u00f3\u017cy dla systemu nawigacji brzmi:<\/span><\/p>\n<p><span style=\"color: #003366;\">Flughafen Sch\u00f6nefeld 12521 Berlin<\/span><br \/>\n<span style=\"color: #003366;\">(orientacyjnie: Mittelstra\u00dfe \/ Am Seegraben \/ B96a)<\/span><\/p>\n<p><span style=\"color: #003366;\"><strong>Dojazd publicznymi \u015brodkami transportu Berlin Sch\u00f6nefeld<\/strong><\/span><\/p>\n<p><span style=\"color: #003366;\"><strong>Dojazd kolej\u0105<\/strong><\/span><\/p>\n<p><span style=\"color: #003366;\">Poci\u0105gi regionalne: RE7, RB14 i RB22<\/span><br \/>\n<span style=\"color: #003366;\">S-Bahn: S45 und S9<\/span><\/p>\n<p><span style=\"color: #003366;\"><strong>Dojazd autobusem<\/strong><\/span><\/p>\n<p><span style=\"color: #003366;\">Linie autobusowe: X7, 163, 164, 171, 734, 735, 736, 741, 742, N7 und N60<\/span><\/p>\n<p><span style=\"color: #003366;\"><strong>Gastronomia przy lotnisku Berlin Sch\u00f6nefeld<\/strong><\/span><\/p>\n<p><span style=\"color: #003366;\">Spr\u00f3buj r\u00f3\u017cnorodnych specja\u0142\u00f3w w jednej z restauracji. Nawet je\u015bli mia\u0142aby to by\u0107 tylko drobna przek\u0105ska, znajdziesz tu du\u017cy wyb\u00f3r specja\u0142\u00f3w do kawy, s\u0142odkich i s\u0142onych, takich jak mufinki i precle.<\/span><\/p>\n<p><span style=\"color: #003366;\"><strong>Zakupy na lotnisku Berlin Sch\u00f6nefeld<\/strong><\/span><\/p>\n<p><span style=\"color: #003366;\">Narodowe\u00a0 i mi\u0119dzynarodowe gazety, czasopisma, jak r\u00f3wnie\u017c ksi\u0105\u017cki i przewodniki, znajdziesz w tutejszych kioskach. Ponadto sklepy maj\u0105 bardzo du\u017cy wyb\u00f3r s\u0142odyczy, pami\u0105tek, Luxury Eyewear Labels. Znajduje si\u0119 tam wiele bankomat\u00f3w i kantor\u00f3w. W ma\u0142ych centrach podr\u00f3\u017cy s\u0105 mo\u017cliwo\u015bci, \u017ceby zarezerwowa\u0107<\/span><\/p>\n<p><span style=\"color: #003366;\">Nationale sowie internationale Tageszeitungen, Zeitschriften, sowie B\u00fccher und Reisef\u00fchrer findest du in den Presseshops. Dar\u00fcber hinaus bieten die Gesch\u00e4fte eine Auswahl an S\u00fc\u00dfigkeiten, Souvenirartikeln und Luxury Eyewear Labels.\u00a0Es gibt mehrere Geldautomaten und auch die M\u00f6glichkeit des W\u00e4hrungswechseln in einer Wechselstube. In den kleinen Reisecentern gibt es die M\u00f6glichkeit, eine Last-Minute-Reise zu buchen.<\/span><\/p>\n<p><span style=\"color: #003366;\"><strong>Taras dla odwiedzaj\u0105cych na lotnisku Berlin Sch\u00f6nefeld<\/strong><\/span><\/p>\n<p><span style=\"color: #003366;\">Obserwuj starty i l\u0105dowania lataj\u0105cych olbrzym\u00f3w na tarasie dla odwiedzaj\u0105cych, od kwietnia do pa\u017adziernika w godzinach od 09:00 do 22:00 i od listopada do marca od 11:00 do 16:00.<\/span><\/p>\n<p><span style=\"color: #003366;\"><strong>Extra dodatki na lotnisku Berlin Sch\u00f6nefeld<\/strong><\/span><\/p>\n<p><span style=\"color: #003366;\"><strong>W-LAN<\/strong><\/span><\/p>\n<p><span style=\"color: #003366;\">Korzystaj z mo\u017cliwo\u015bci, \u017ceby przez 60 min. surfowa\u0107 bezp\u0142atnie w internecie. Aktywujesz tutaj po prostu przez WLAN sie\u0107 \u201eFree Airport WiFi Telekom\u201c. W informacji turystycznej lotniska dowiesz si\u0119, jakie wycieczki kulturalne oraz trasy turystyczne ma Berlin do zaproponowania. Informacja turystyczna znajduje si\u0119 w Terminalu A i jest otwarta codziennie od 07:00 do 22:30.<\/span><\/p>\n<p><span style=\"color: #003366;\"><strong>Oprowadzanie po lotnisku<\/strong><\/span><\/p>\n<p><span style=\"color: #003366;\">Lotnisko oferuje tras\u0119 turystyczn\u0105 dla du\u017cego i ma\u0142ego \u201e Przygoda lotnisko\u201c. Tras\u0119 mo\u017cna zarezerwowa\u0107 od poniedzia\u0142ku do pi\u0105tku \u00a0od 10:15 Uhr pod numerem telefonu 030 6091-77770 lub mailowo na adres besucherdienst@berlin-airport.de.\u00a0Poznaj lotnisko i pozw\u00f3l si\u0119 oczarowa\u0107 lotnictwu.<\/span><\/p>\n<p><\/p>","protected":false},"excerpt":{"rendered":"<p>Odleg\u0142o\u015b\u0107 do SXF portu lotniczego nie stanowi problemu. Nasza profesjonalna obs\u0142uga pozwala na komfortowy przyjazd i wyjazd. Wi\u0119ksza odleg\u0142o\u015b\u0107 do lotniska SXF oznacza r\u00f3wnie\u017c, \u017ce parkowanie mo\u017ce by\u0107 ta\u0144sze. Bez po\u015bwi\u0119cania komfortu. Przy okazji, najbardziej zarezerwowane miejsca parkingowe nie znajduj\u0105 si\u0119 w bezpo\u015brednim s\u0105siedztwie lotnisk. Por\u00f3wnanie miejsc parkingowych szybko pokaza\u0142oby, \u017ce w takim przypadku tanie [&hellip;]<\/p>\n","protected":false},"author":1,"featured_media":2795,"parent":0,"menu_order":221,"comment_status":"closed","ping_status":"closed","template":"","meta":{"footnotes":""},"_links":{"self":[{"href":"https:\/\/www.dein-stellplatz.de\/pl\/wp-json\/wp\/v2\/pages\/1480"}],"collection":[{"href":"https:\/\/www.dein-stellplatz.de\/pl\/wp-json\/wp\/v2\/pages"}],"about":[{"href":"https:\/\/www.dein-stellplatz.de\/pl\/wp-json\/wp\/v2\/types\/page"}],"author":[{"embeddable":true,"href":"https:\/\/www.dein-stellplatz.de\/pl\/wp-json\/wp\/v2\/users\/1"}],"replies":[{"embeddable":true,"href":"https:\/\/www.dein-stellplatz.de\/pl\/wp-json\/wp\/v2\/comments?post=1480"}],"version-history":[{"count":36,"href":"https:\/\/www.dein-stellplatz.de\/pl\/wp-json\/wp\/v2\/pages\/1480\/revisions"}],"predecessor-version":[{"id":10826,"href":"https:\/\/www.dein-stellplatz.de\/pl\/wp-json\/wp\/v2\/pages\/1480\/revisions\/10826"}],"wp:featuredmedia":[{"embeddable":true,"href":"https:\/\/www.dein-stellplatz.de\/pl\/wp-json\/wp\/v2\/media\/2795"}],"wp:attachment":[{"href":"https:\/\/www.dein-stellplatz.de\/pl\/wp-json\/wp\/v2\/media?parent=1480"}],"curies":[{"name":"wp","href":"https:\/\/api.w.org\/{rel}","templated":true}]}}