{"id":14485,"date":"2023-07-24T13:29:47","date_gmt":"2023-07-24T11:29:47","guid":{"rendered":"https:\/\/www.dein-stellplatz.de\/newsletteranmeldung-erfolgreich-2\/"},"modified":"2025-03-31T22:57:16","modified_gmt":"2025-03-31T20:57:16","slug":"newsletter","status":"publish","type":"page","link":"https:\/\/www.dein-stellplatz.de\/pl\/newsletter\/","title":{"rendered":"Zapisz si\u0119 do newslettera Dein Stellplatz"},"content":{"rendered":"<p>Raz w miesi\u0105cu zapewniamy najnowsze wskaz\u00f3wki i wiadomo\u015bci na temat parkowania na lotnisku, funkcje umo\u017cliwiaj\u0105ce szybk\u0105 rezerwacj\u0119 w aplikacji i na stronie internetowej! Korzystaj z kupon\u00f3w i ofert rabatowych przed innymi.<\/p>","protected":false},"excerpt":{"rendered":"<p>Raz w miesi\u0105cu zapewniamy najnowsze wskaz\u00f3wki i wiadomo\u015bci na temat parkowania na lotnisku, funkcje umo\u017cliwiaj\u0105ce szybk\u0105 rezerwacj\u0119 w aplikacji i na stronie internetowej! Korzystaj z kupon\u00f3w i ofert rabatowych przed innymi.<\/p>\n","protected":false},"author":1,"featured_media":0,"parent":0,"menu_order":213,"comment_status":"closed","ping_status":"closed","template":"","meta":{"footnotes":""},"_links":{"self":[{"href":"https:\/\/www.dein-stellplatz.de\/pl\/wp-json\/wp\/v2\/pages\/14485"}],"collection":[{"href":"https:\/\/www.dein-stellplatz.de\/pl\/wp-json\/wp\/v2\/pages"}],"about":[{"href":"https:\/\/www.dein-stellplatz.de\/pl\/wp-json\/wp\/v2\/types\/page"}],"author":[{"embeddable":true,"href":"https:\/\/www.dein-stellplatz.de\/pl\/wp-json\/wp\/v2\/users\/1"}],"replies":[{"embeddable":true,"href":"https:\/\/www.dein-stellplatz.de\/pl\/wp-json\/wp\/v2\/comments?post=14485"}],"version-history":[{"count":6,"href":"https:\/\/www.dein-stellplatz.de\/pl\/wp-json\/wp\/v2\/pages\/14485\/revisions"}],"predecessor-version":[{"id":14491,"href":"https:\/\/www.dein-stellplatz.de\/pl\/wp-json\/wp\/v2\/pages\/14485\/revisions\/14491"}],"wp:attachment":[{"href":"https:\/\/www.dein-stellplatz.de\/pl\/wp-json\/wp\/v2\/media?parent=14485"}],"curies":[{"name":"wp","href":"https:\/\/api.w.org\/{rel}","templated":true}]}}