{"id":14359,"date":"2023-07-04T16:15:47","date_gmt":"2023-07-04T14:15:47","guid":{"rendered":"https:\/\/www.dein-stellplatz.de\/?page_id=14359"},"modified":"2025-03-31T22:57:13","modified_gmt":"2025-03-31T20:57:13","slug":"parken-flughafen-frankfurt","status":"publish","type":"page","link":"https:\/\/www.dein-stellplatz.de\/pl\/parken-flughafen-frankfurt\/","title":{"rendered":"Dein Stellplatz &#8211; Parking na lotnisku Frankfurt"},"content":{"rendered":"<p><\/p>\n<h2>Parking na lotnisku we Frankfurcie przy &#8222;Dein Stellplatz&#8221;: Wygodny i niezawodny parking na lotnisku<\/h2>\n<p>Witamy w najlepszym przewodniku po parkowaniu na lotnisku we Frankfurcie przy Dein Stellplatz! Je\u015bli planujesz podr\u00f3\u017c i potrzebujesz bezpiecznego i wygodnego rozwi\u0105zania <a href=\"https:\/\/www.dein-stellplatz.de\/pl\/parken\/berlin-brandenburg-ber\/\" target=\"_blank\" rel=\"noopener\"><strong>parkingowego na lotnisku we Frankfurcie<\/strong><\/a>, to trafi\u0142e\u015b we w\u0142a\u015bciwe miejsce. W Dein Stellplatz jeste\u015bmy profesjonalistami w dziedzinie parking\u00f3w lotniskowych. Oferujemy innowacyjne rozwi\u0105zania parkingowe od 2009 roku i obecnie cieszymy si\u0119 ponad 1,5 milionem zadowolonych klient\u00f3w.<\/p>\n<p>&nbsp;<\/p>\n<h3>Dlaczego warto wybra\u0107 parking przy lotnisku we Frankfurcie z &#8222;Dein Stellplatz&#8221;?<\/h3>\n<p>Dein Stellplatz to idealny wyb\u00f3r na <strong>parking przy lotnisku we Frankfurcie<\/strong> z kilku powod\u00f3w:<\/p>\n<p>Jeste\u015bmy profesjonalistami w dziedzinie parking\u00f3w lotniskowych od prawie 15 lat. Opr\u00f3cz naszych w\u0142asnych us\u0142ug, chcieliby\u015bmy zaoferowa\u0107 naszym klientom parkingi partnerskie, kt\u00f3re zosta\u0142y przetestowane w ca\u0142ych Niemczech. To w\u0142a\u015bnie tutaj w 2015 roku pojawi\u0142 si\u0119 ich-parke-billiger.de. Na ICH-PARKE-BILLIGER znajdziesz wyb\u00f3r dostawc\u00f3w.<\/p>\n<table class=\"responsivetable\">\n<tbody>\n<tr data-wp-editing=\"1\">\n<td class=\"mobilenopadding\" style=\"padding-left: 0px;\"><span style=\"color: #003366;\"><img decoding=\"async\" class=\"nomaxwidth alignleft\" src=\"https:\/\/www.dein-stellplatz.de\/wp-content\/uploads\/2023\/07\/Dein-Stellplatz-Parken-Flughafen-Frankfurt.png\" alt=\"Dein Stellplatz - Parken Flughafen Frankfurt\" width=\"400\" height=\"267\" \/><\/span><\/td>\n<td>\n<p class=\"mobilenopadding\" style=\"text-align: left; padding-left: 40px;\"><strong>Bezpiecze\u0144stwo:<\/strong> Bezpiecze\u0144stwo Twojego pojazdu jest naszym najwy\u017cszym priorytetem. Wi\u0119kszo\u015b\u0107 miejsc parkingowych jest monitorowana i zabezpieczona niezawodn\u0105 kontrol\u0105 dost\u0119pu. Mo\u017cesz si\u0119 zrelaksowa\u0107 i cieszy\u0107 podr\u00f3\u017c\u0105, nie martwi\u0105c si\u0119 o sw\u00f3j samoch\u00f3d.<\/p>\n<p class=\"mobilenopadding\" style=\"text-align: left; padding-left: 40px;\"><strong>Wygoda:<\/strong> <strong>Parkingi na lotnisku we Frankfurcie<\/strong> znajduj\u0105 si\u0119 w bezpo\u015brednim s\u0105siedztwie lotniska we Frankfurcie i oferuj\u0105 szybki i \u0142atwy transfer do terminali. Dzi\u0119ki regularnej us\u0142udze transportu wahad\u0142owego b\u0119dziesz na lotnisku w mgnieniu oka i zaoszcz\u0119dzisz sobie k\u0142opot\u00f3w z szukaniem miejsca parkingowego bezpo\u015brednio na terenie lotniska.<\/p>\n<p class=\"mobilenopadding\" style=\"text-align: left; padding-left: 40px;\"><strong>Elastyczno\u015b\u0107:<\/strong> Na ich-parke-billliger.de znajdziesz r\u00f3\u017cne opcje parkowania dostosowane do Twoich potrzeb. Mo\u017cesz wybiera\u0107 mi\u0119dzy kr\u00f3tkoterminowymi i d\u0142ugoterminowymi miejscami parkingowymi, a tak\u017ce skorzysta\u0107 z dodatkowych us\u0142ug, takich jak czyszczenie pojazdu lub tankowanie.<\/p>\n<\/td>\n<\/tr>\n<\/tbody>\n<\/table>\n<p>&nbsp;<\/p>\n<h3>Cz\u0119sto zadawane pytania (FAQ)<\/h3>\n<p><strong>1. Jak zarezerwowa\u0107 miejsce parkingowe na lotnisku we Frankfurcie?<\/strong><\/p>\n<p>Rezerwacja miejsca parkingowego jest prosta i \u0142atwa. Odwied\u017a nasz\u0105 stron\u0119 internetow\u0105 i wybierz lotnisko we Frankfurcie w sekcji Lotnisko. Zostaniesz przekierowany na stron\u0119 ich-parke-billiger.de, gdzie mo\u017cesz wprowadzi\u0107 szczeg\u00f3\u0142y podr\u00f3\u017cy. Podana cena obejmuje transfer z i na lotnisko.<\/p>\n<p><strong>2. Jak dzia\u0142a us\u0142uga transportu wahad\u0142owego?<\/strong><\/p>\n<p>Transfer jest zaplanowany tak, aby przyby\u0107 na parking o okre\u015blonej godzinie i zabra\u0107 Ci\u0119 szybko i wygodnie z parkingu na lotnisko i z powrotem. Prom kursuje regularnie i zapewnia sprawny transfer do terminali.<\/p>\n<table class=\"responsivetable\">\n<tbody>\n<tr data-wp-editing=\"1\">\n<td class=\"mobilenopadding\" style=\"padding-left: 0px;\"><span style=\"color: #003366;\"><img decoding=\"async\" class=\"nomaxwidth alignleft\" src=\"https:\/\/www.dein-stellplatz.de\/wp-content\/uploads\/2023\/07\/Dein-Stellplatz-Parkplatz-Flughafen-Frankfurt.png\" alt=\"Dein Stellplatz - Parkplatz Flughafen Frankfurt\" width=\"400\" height=\"267\" \/><\/span><\/td>\n<td>\n<p class=\"mobilenopadding\" style=\"text-align: left; padding-left: 40px;\"><strong>3. Czy m\u00f3j samoch\u00f3d jest bezpieczny podczas mojej nieobecno\u015bci?<\/strong><\/p>\n<p class=\"mobilenopadding\" style=\"text-align: left; padding-left: 40px;\">Tak, podczas <strong>parkowania na lotnisku<\/strong> bezpiecze\u0144stwo pojazdu jest najwa\u017cniejsze, poniewa\u017c naprawd\u0119 dobrze jest &#8222;wakowa\u0107&#8221; tylko z dobrym poczuciem bezpiecze\u0144stwa samochodu. Parkingi s\u0105 zazwyczaj monitorowane i obs\u0142ugiwane przez personel.<\/p>\n<p class=\"mobilenopadding\" style=\"text-align: left; padding-left: 40px;\"><strong>4. Czy mog\u0119 anulowa\u0107 moje miejsce parkingowe?<\/strong><\/p>\n<p class=\"mobilenopadding\" style=\"text-align: left; padding-left: 40px;\">Tak, mo\u017cesz bezp\u0142atnie anulowa\u0107 rezerwacj\u0119 miejsca parkingowego do 24 godzin przed przyjazdem. Ponadto ich-parke-billiger.de oferuje dodatkow\u0105 opcj\u0119 &#8222;Anulowanie Plus&#8221;. Zarezerwuj to ulepszenie za jedyne 4,90 \u20ac i mo\u017cesz anulowa\u0107 bezp\u0142atnie do ostatniej chwili. Bardziej elastyczny parking na lotnisku jest prawie niemo\u017cliwy.<\/p>\n<\/td>\n<\/tr>\n<\/tbody>\n<\/table>\n<p><strong>5. Czy istniej\u0105 alternatywne opcje parkowania w pobli\u017cu lotniska we Frankfurcie?<\/strong><\/p>\n<p>Tak, istniej\u0105 inne opcje parkowania w pobli\u017cu lotniska we Frankfurcie. Jednak miejsca parkingowe w por\u00f3wnaniu parking\u00f3w FRA na ich-parke-billiger.de s\u0105 pierwszorz\u0119dnym wyborem ze wzgl\u0119du na bezpiecze\u0144stwo, wygod\u0119 i elastyczno\u015b\u0107.<\/p>\n<p><strong>6. Ile kosztuje parking na lotnisku we Frankfurcie?<\/strong><\/p>\n<p>Op\u0142aty parkingowe s\u0105 zmienne i zale\u017c\u0105 od czasu podr\u00f3\u017cy i czasu parkowania. Zaleca si\u0119 sprawdzenie aktualnych cen na stronie internetowej ich-parke-billiger.de.<\/p>\n<p>&nbsp;<\/p>\n<h3>Wnioski<\/h3>\n<p>ICH-PARKE-BILLIGER oferuje wygodne i niezawodne rozwi\u0105zania parkingowe na lotnisku we Frankfurcie. Zarezerwuj miejsce parkingowe ju\u017c dzi\u015b i ciesz si\u0119 bezstresow\u0105 podr\u00f3\u017c\u0105!<\/p>\n<p>&nbsp;<\/p>","protected":false},"excerpt":{"rendered":"<p>Parking na lotnisku we Frankfurcie przy &#8222;Dein Stellplatz&#8221;: Wygodny i niezawodny parking na lotnisku Witamy w najlepszym przewodniku po parkowaniu na lotnisku we Frankfurcie przy Dein Stellplatz! Je\u015bli planujesz podr\u00f3\u017c i potrzebujesz bezpiecznego i wygodnego rozwi\u0105zania parkingowego na lotnisku we Frankfurcie, to trafi\u0142e\u015b we w\u0142a\u015bciwe miejsce. W Dein Stellplatz jeste\u015bmy profesjonalistami w dziedzinie parking\u00f3w lotniskowych. [&hellip;]<\/p>\n","protected":false},"author":1,"featured_media":0,"parent":0,"menu_order":83,"comment_status":"closed","ping_status":"closed","template":"","meta":{"footnotes":""},"_links":{"self":[{"href":"https:\/\/www.dein-stellplatz.de\/pl\/wp-json\/wp\/v2\/pages\/14359"}],"collection":[{"href":"https:\/\/www.dein-stellplatz.de\/pl\/wp-json\/wp\/v2\/pages"}],"about":[{"href":"https:\/\/www.dein-stellplatz.de\/pl\/wp-json\/wp\/v2\/types\/page"}],"author":[{"embeddable":true,"href":"https:\/\/www.dein-stellplatz.de\/pl\/wp-json\/wp\/v2\/users\/1"}],"replies":[{"embeddable":true,"href":"https:\/\/www.dein-stellplatz.de\/pl\/wp-json\/wp\/v2\/comments?post=14359"}],"version-history":[{"count":9,"href":"https:\/\/www.dein-stellplatz.de\/pl\/wp-json\/wp\/v2\/pages\/14359\/revisions"}],"predecessor-version":[{"id":14370,"href":"https:\/\/www.dein-stellplatz.de\/pl\/wp-json\/wp\/v2\/pages\/14359\/revisions\/14370"}],"wp:attachment":[{"href":"https:\/\/www.dein-stellplatz.de\/pl\/wp-json\/wp\/v2\/media?parent=14359"}],"curies":[{"name":"wp","href":"https:\/\/api.w.org\/{rel}","templated":true}]}}