{"id":14346,"date":"2023-07-04T14:32:50","date_gmt":"2023-07-04T12:32:50","guid":{"rendered":"https:\/\/www.dein-stellplatz.de\/?page_id=14346"},"modified":"2025-03-31T22:57:14","modified_gmt":"2025-03-31T20:57:14","slug":"parken-flughafen-duesseldorf","status":"publish","type":"page","link":"https:\/\/www.dein-stellplatz.de\/pl\/parken-flughafen-duesseldorf\/","title":{"rendered":"Dein Stellplatz &#8211; Parking D\u00fcsseldorf Airport"},"content":{"rendered":"<p><\/p>\n<h2><span style=\"color: #003366;\">Z Dein Stellplatz &#8211; Parking na lotnisku w D\u00fcsseldorfie<\/span><\/h2>\n<h3><span style=\"color: #003366;\">Idealny parking na podr\u00f3\u017c<\/span><\/h3>\n<p><span style=\"color: #003366;\">Witamy na Dein Stellplatz! Jeste\u015bmy niezawodnym partnerem w zakresie parkowania na lotnisku w Berlinie. Poniewa\u017c dbamy o naszych klient\u00f3w, sprawdzili\u015bmy r\u00f3wnie\u017c rozwi\u0105zania dotycz\u0105ce parkowania na lotnisku w D\u00fcsseldorfie i znale\u017ali\u015bmy portal por\u00f3wnuj\u0105cy parkingi ich-parke-billiger.de tutaj. Mo\u017cesz tam znale\u017a\u0107 idealne miejsce parkingowe, aby nie martwi\u0107 si\u0119 o sw\u00f3j pojazd podczas rozpoczynania podr\u00f3\u017cy. Us\u0142uga zosta\u0142a zaprojektowana tak, aby zapewni\u0107 bezstresowe i wygodne parkowanie.<\/span><\/p>\n<p>&nbsp;<\/p>\n<h3><span style=\"color: #003366;\">Dlaczego Dein Stellplatz?<\/span><\/h3>\n<table class=\"responsivetable\">\n<tbody>\n<tr data-wp-editing=\"1\">\n<td class=\"mobilenopadding\" style=\"padding-left: 0px;\"><span style=\"color: #003366;\"><img decoding=\"async\" class=\"nomaxwidth alignleft\" src=\"https:\/\/www.dein-stellplatz.de\/wp-content\/uploads\/2023\/07\/Dein-Stellplatz-Parken-Flughafen-Duesseldorf.png\" alt=\"Dein Stellplatz - Parken Flughafen D\u00fcsseldorf\" width=\"400\" height=\"267\" \/><\/span><\/td>\n<td>\n<p class=\"mobilenopadding\" style=\"text-align: left; padding-left: 40px;\"><span style=\"color: #003366;\"><strong>1. Komfort i bezpiecze\u0144stwo<\/strong><\/span><\/p>\n<p class=\"mobilenopadding\" style=\"text-align: left; padding-left: 40px;\"><span style=\"color: #003366;\">W Dein Stellplatz przywi\u0105zujemy najwy\u017csz\u0105 wag\u0119 do Twojego komfortu i bezpiecze\u0144stwa. To samo dotyczy naszych partner\u00f3w. Wi\u0119kszo\u015b\u0107 miejsc parkingowych jest monitorowana i regularnie sprawdzana przez personel. Mo\u017cesz podr\u00f3\u017cowa\u0107 ze spokojem, poniewa\u017c Tw\u00f3j pojazd jest w bezpiecznych r\u0119kach.<\/span><\/p>\n<p class=\"mobilenopadding\" style=\"text-align: left; padding-left: 40px;\"><span style=\"color: #003366;\"><strong>2. Blisko\u015b\u0107 lotniska<\/strong><\/span><\/p>\n<p class=\"mobilenopadding\" style=\"text-align: left; padding-left: 40px;\"><span style=\"color: #003366;\">Miejsca parkingowe znajduj\u0105 si\u0119 w bezpo\u015brednim s\u0105siedztwie lotniska w D\u00fcsseldorfie. Do obszaru terminalu mo\u017cna dotrze\u0107 w zaledwie kilka minut. Oszcz\u0119dza to cenny czas i umo\u017cliwia sprawny proces przed i po podr\u00f3\u017cy.<\/span><\/p>\n<\/td>\n<\/tr>\n<\/tbody>\n<\/table>\n<p><span style=\"color: #003366;\"><strong>3. Shuttle-Service<\/strong><\/span><\/p>\n<p><span style=\"color: #003366;\">W cen\u0119 wliczony jest zawsze niezawodny transfer z parkingu na lotnisko i z powrotem. Przyjazny personel parkingu jest pod r\u0119k\u0105, aby transfer by\u0142 jak najbardziej przyjemny. Mo\u017cesz si\u0119 zrelaksowa\u0107 i mie\u0107 pewno\u015b\u0107, \u017ce dotrzesz do terminalu na czas.<\/span><\/p>\n<p><span style=\"color: #003366;\"><strong>4. Elastyczno\u015b\u0107 i dost\u0119pno\u015b\u0107<\/strong><\/span><\/p>\n<p><span style=\"color: #003366;\">Ich-parke-billiger.de oferuje elastyczne opcje rezerwacji. Mo\u017cesz wygodnie zarezerwowa\u0107 miejsce parkingowe online i mie\u0107 mo\u017cliwo\u015b\u0107 bezp\u0142atnej zmiany lub anulowania rezerwacji do 24 godzin przed przyjazdem. Dzi\u0119ki dodatkowej us\u0142udze &#8222;Anulowanie Plus&#8221; mo\u017cesz nawet anulowa\u0107 bezp\u0142atnie do ostatniej chwili.<\/span><\/p>\n<p>&nbsp;<\/p>\n<h3><span style=\"color: #003366;\">The range of services offered by ICH-PARKE-BILLIGER<\/span><\/h3>\n<h4><span style=\"color: #003366;\">1. Parking d\u0142ugoterminowy<\/span><\/h4>\n<p><span style=\"color: #003366;\">Je\u015bli planujesz d\u0142u\u017cszy wyjazd, mo\u017cesz skorzysta\u0107 z atrakcyjnych stawek za parking d\u0142ugoterminowy. Mo\u017cesz bezpiecznie zostawi\u0107 u nas sw\u00f3j pojazd na czas nieobecno\u015bci i liczy\u0107 na profesjonaln\u0105 obs\u0142ug\u0119.<\/span><\/p>\n<h4><span style=\"color: #003366;\">2. Parking kr\u00f3tkoterminowy<\/span><\/h4>\n<p><span style=\"color: #003366;\">Ich-parke-billiger.de ma r\u00f3wnie\u017c odpowiednie opcje parkowania dla podr\u00f3\u017cy kr\u00f3tkoterminowych. Mo\u017cesz zaparkowa\u0107 samoch\u00f3d na kr\u00f3tszy okres i skorzysta\u0107 z najwy\u017cszej jako\u015bci us\u0142ug.<\/span><\/p>\n<h4><span style=\"color: #003366;\">3. Us\u0142ugi dodatkowe<\/span><\/h4>\n<p><span style=\"color: #003366;\">Zarezerwuj miejsce parkingowe i skorzystaj z jednej z dodatkowych us\u0142ug. Obejmuj\u0105 one na przyk\u0142ad mycie pojazd\u00f3w, tankowanie lub us\u0142ugi warsztatowe. Zesp\u00f3\u0142 ich-parke-billiger.de s\u0142u\u017cy pomoc\u0105 i rad\u0105.<\/span><\/p>\n<p>&nbsp;<\/p>\n<h3><span style=\"color: #003366;\">Fakty o lotnisku w D\u00fcsseldorfie<\/span><\/h3>\n<p><span style=\"color: #003366;\">Port lotniczy D\u00fcsseldorf jest jednym z najwi\u0119kszych lotnisk w Niemczech. W 2022 roku odnotowa\u0142o imponuj\u0105c\u0105 liczb\u0119 ponad 25 milion\u00f3w pasa\u017cer\u00f3w. Tak du\u017ca liczba pasa\u017cer\u00f3w \u015bwiadczy o popularno\u015bci i znaczeniu lotniska dla podr\u00f3\u017cnych z ca\u0142ego \u015bwiata.<\/span><\/p>\n<table class=\"responsivetable\">\n<tbody>\n<tr data-wp-editing=\"1\">\n<td class=\"mobilenopadding\" style=\"padding-left: 0px;\"><span style=\"color: #003366;\"><img decoding=\"async\" class=\"nomaxwidth alignleft\" src=\"https:\/\/www.dein-stellplatz.de\/wp-content\/uploads\/2023\/07\/Dein-Stellplatz-Parkplatz-Flughafen-Duesseldorf.png\" alt=\"Dein Stellplatz - Parkplatz Flughafen D\u00fcsseldorf\" width=\"400\" height=\"267\" \/><\/span><\/td>\n<td>\n<p class=\"mobilenopadding\" style=\"text-align: left; padding-left: 40px;\"><span style=\"color: #003366;\"><strong>Przyloty i odloty:<\/strong> Port lotniczy D\u00fcsseldorf oferuje szerok\u0105 gam\u0119 po\u0142\u0105cze\u0144 mi\u0119dzynarodowych i krajowych. Rocznie lotnisko obs\u0142uguje ponad 220 000 przylot\u00f3w i odlot\u00f3w, zabieraj\u0105c pasa\u017cer\u00f3w do wielu r\u00f3\u017cnych miejsc na ca\u0142ym \u015bwiecie. Niezale\u017cnie od tego, czy podr\u00f3\u017cujesz s\u0142u\u017cbowo, czy dla przyjemno\u015bci, lotnisko w D\u00fcsseldorfie oferuje szeroki wyb\u00f3r po\u0142\u0105cze\u0144 lotniczych.<\/span><\/p>\n<p class=\"mobilenopadding\" style=\"text-align: left; padding-left: 40px;\"><span style=\"color: #003366;\"><span style=\"font-family: inherit; font-size: inherit;\"><strong>Obs\u0142uga i udogodnienia:<\/strong> Lotnisko w D\u00fcsseldorfie charakteryzuje si\u0119 nowoczesnymi udogodnieniami i doskona\u0142\u0105 obs\u0142ug\u0105. Pasa\u017cerowie maj\u0105 dost\u0119p do wielu restauracji, sklep\u00f3w i salon\u00f3w, aby umili\u0107 sobie czas oczekiwania.<\/span><\/span><\/p>\n<\/td>\n<\/tr>\n<\/tbody>\n<\/table>\n<p>&nbsp;<\/p>","protected":false},"excerpt":{"rendered":"<p>Z Dein Stellplatz &#8211; Parking na lotnisku w D\u00fcsseldorfie Idealny parking na podr\u00f3\u017c Witamy na Dein Stellplatz! Jeste\u015bmy niezawodnym partnerem w zakresie parkowania na lotnisku w Berlinie. Poniewa\u017c dbamy o naszych klient\u00f3w, sprawdzili\u015bmy r\u00f3wnie\u017c rozwi\u0105zania dotycz\u0105ce parkowania na lotnisku w D\u00fcsseldorfie i znale\u017ali\u015bmy portal por\u00f3wnuj\u0105cy parkingi ich-parke-billiger.de tutaj. Mo\u017cesz tam znale\u017a\u0107 idealne miejsce parkingowe, aby [&hellip;]<\/p>\n","protected":false},"author":1,"featured_media":0,"parent":0,"menu_order":132,"comment_status":"closed","ping_status":"closed","template":"","meta":{"footnotes":""},"_links":{"self":[{"href":"https:\/\/www.dein-stellplatz.de\/pl\/wp-json\/wp\/v2\/pages\/14346"}],"collection":[{"href":"https:\/\/www.dein-stellplatz.de\/pl\/wp-json\/wp\/v2\/pages"}],"about":[{"href":"https:\/\/www.dein-stellplatz.de\/pl\/wp-json\/wp\/v2\/types\/page"}],"author":[{"embeddable":true,"href":"https:\/\/www.dein-stellplatz.de\/pl\/wp-json\/wp\/v2\/users\/1"}],"replies":[{"embeddable":true,"href":"https:\/\/www.dein-stellplatz.de\/pl\/wp-json\/wp\/v2\/comments?post=14346"}],"version-history":[{"count":10,"href":"https:\/\/www.dein-stellplatz.de\/pl\/wp-json\/wp\/v2\/pages\/14346\/revisions"}],"predecessor-version":[{"id":14358,"href":"https:\/\/www.dein-stellplatz.de\/pl\/wp-json\/wp\/v2\/pages\/14346\/revisions\/14358"}],"wp:attachment":[{"href":"https:\/\/www.dein-stellplatz.de\/pl\/wp-json\/wp\/v2\/media?parent=14346"}],"curies":[{"name":"wp","href":"https:\/\/api.w.org\/{rel}","templated":true}]}}