{"id":13101,"date":"2023-03-27T19:06:40","date_gmt":"2023-03-27T17:06:40","guid":{"rendered":"https:\/\/www.dein-stellplatz.de\/?page_id=13101"},"modified":"2025-03-31T22:57:14","modified_gmt":"2025-03-31T20:57:14","slug":"app","status":"publish","type":"page","link":"https:\/\/www.dein-stellplatz.de\/pl\/app\/","title":{"rendered":"Dein Stellplatz. Sprytny Parking na lotnisku BER z nasz\u0105 aplikacj\u0105"},"content":{"rendered":"<p><\/p>\n<h2>PARKOWANIE NA LOTNISKU W BERLINIE NA SWOIM MIEJSCU PARKINGOWYM <span style=\"color: #ff0000;\"><strong>PO PROSTU SUPER<\/strong><\/span>!<\/h2>\n<p>&nbsp;<br \/>\nRezerwacja miejsca <strong>parkingowego na lotnisku BER<\/strong> nigdy nie by\u0142a \u0142atwiejsza. Dzi\u0119ki us\u0142udze Dein Stellplatz mo\u017cesz w kilku krokach wynaj\u0105\u0107 miejsce parkingowe przy lotnisku w Berlinie. Wystarczy otworzy\u0107 aplikacj\u0119 Dein Stellplatz, znale\u017a\u0107 odpowiadaj\u0105ce Ci miejsce parkingowe i zarezerwowa\u0107 je. Twoje miejsce parkingowe jest teraz zarezerwowane dla Ciebie. W cenie oczywi\u015bcie wliczony jest zawsze bezp\u0142atny transfer na i z lotniska BER.<\/p>\n<p>W wiadomo\u015bciach zobaczysz swoje potwierdzenie, kt\u00f3re otrzymasz r\u00f3wnie\u017c drog\u0105 mailow\u0105. W dniu przyjazdu niech APP poprowadzi Ci\u0119 do naszego parkingu przy BER. Wystarczy otworzy\u0107 aplikacj\u0119 Dein Stellplatz APP, klikn\u0105\u0107 &#8222;\u201eStartuj tras\u0119&#8221; w rezerwacji na stronie g\u0142\u00f3wnej i gotowe.<\/p>\n<p><strong>Co najlepsze:<\/strong> jako u\u017cytkownik APP ZAWSZE korzystasz z ofert specjalnych. Lepiej wi\u0119c przed rezerwacj\u0105 poszuka\u0107 odpowiedniego rabatu w zak\u0142adce &#8222;Moje kupony&#8221; i aktywowa\u0107 bon!<br \/>\n&nbsp;<\/p>\n<p>&nbsp;<\/p>\n<div class=\"flexthreeperrow responsive\">\n<div style=\"width: 360px\" class=\"wp-caption alignnone\"><img src=https:\/\/www.dein-stellplatz.de\/wp-content\/uploads\/2023\/04\/Dein-Stellplatz-Parking-przy-lotnisku-BER-latwy-dzieki-naszej-aplikacji.png alt=\"Dein Stellplatz - Smartes Parken am BER mit der APP\" width=\"350\" height=\"525\" \/><p class=\"wp-caption-text\"><br \/><strong>TANI PARKING PRZY BER<\/strong> <\/p>\n<p>Dzi\u0119ki aplikacji Dein Stellplatz<br \/>jeszcze sprytniej zarezerwuj swoje <br \/>miejsce parkingowe przy BER!<\/p><\/div>\n<div style=\"width: 360px\" class=\"wp-caption alignnone\"><img src=https:\/\/www.dein-stellplatz.de\/wp-content\/uploads\/2023\/04\/Dein-Stellplatz-APP-Shuttletracker-polnisch.png alt=\"Dein Stellplatz - Smartes Parken Flughafen Berlin mit der APP\" width=\"350\" height=\"525\" \/><p class=\"wp-caption-text\"><br \/><strong>SHUTTLETRACKER<\/strong><\/p>\n<p>Zawsze wiesz, gdzie jest tw\u00f3j autobus<br \/>wahad\u0142owy. Zapomnia\u0142e\u015b o miejscu <br \/>spotkania? Pozw\u00f3l naszej APP nawigowa\u0107<br \/>tam i zg\u0142o\u015b gotowo\u015b\u0107 do odbioru!<\/p><\/div>\n<div style=\"width: 360px\" class=\"wp-caption alignnone\"><img src=https:\/\/www.dein-stellplatz.de\/wp-content\/uploads\/2023\/04\/Dein-Stellplatz-APP-Buchung-QR-Code-polnisch.png alt=\"Dein Stellplatz - G\u00fcnstig Parken am Flughafen Berlin mit der APP\" width=\"350\" height=\"525\" \/><p class=\"wp-caption-text\"><br \/><strong>NAWIGACJA NA PARKING<\/strong><\/p>\n<p>Bezpo\u015brednio do zarezerwowanego<br \/>miejsca parkingowego. U\u0142atw sobie<br \/>zadanie i pozw\u00f3l nam poprowadzi\u0107 Ci\u0119.<br \/>Tw\u00f3j Kod QR zawsze pod r\u0119k\u0105!<\/p><\/div>\n<\/div>\n<div class=\"flexthreeperrow responsive\">\n<p>&nbsp;<\/p>\n<\/div>\n<h2>B\u0105d\u017a inteligentny i ciesz si\u0119 korzy\u015bciami z naszym APP!<\/h2>\n<p>&nbsp;<\/p>\n<p>Skorzystaj z fajnych funkcji naszej aplikacji. Pobierz j\u0105 teraz za darmo i zarezerwuj <strong>tanie miejsce parkingowe na lotnisku BER w Berlinie<\/strong>. <strong>I nie zapomnij: Aktywuj voucher przed rezerwacj\u0105!<\/strong><\/p>\n<p>&nbsp;<\/p>\n<div class=\"flexthreeperrow responsive\">\n<div style=\"width: 360px\" class=\"wp-caption alignnone\"><img src=https:\/\/www.dein-stellplatz.de\/wp-content\/uploads\/2023\/04\/Dein-Stellplatz-APP-Gutscheine-polnisch.png alt=\"Dein Stellplatz - Smartes Parken am BER mit der APP\" width=\"350\" height=\"525\" \/><p class=\"wp-caption-text\"><br \/><strong>EXTRA-GOODIES<\/strong><\/p>\n<p>Skorzystaj z ofert specjalnych<br \/>tylko dla u\u017cytkownik\u00f3w APP!<br \/>Otrzymujesz ekskluzywne kupony<br \/>i rabaty, kt\u00f3re maj\u0105 wszystko!<\/p><\/div>\n<div style=\"width: 360px\" class=\"wp-caption alignnone\"><img src=https:\/\/www.dein-stellplatz.de\/wp-content\/uploads\/2023\/04\/Dein-Stellplatz-APP-Buchungsuebersicht-polnisch.png alt=\"Dein Stellplatz - Smartes Parken Flughafen Berlin mit der APP\" width=\"350\" height=\"525\" \/><p class=\"wp-caption-text\"><br \/><strong>WSZYSTKO W ZASI\u0118GU WZROKU<\/strong><\/p>\n<p>\u0141atwa rezerwacja i zarz\u0105dzanie.<br \/>Zmie\u0144 lub anuluj swoj\u0105 rezerwacj\u0119,<br \/>pobierz faktur\u0119 lub zap\u0142a\u0107<br \/>za swoje miejsce parkingowe!<\/p><\/div>\n<div style=\"width: 360px\" class=\"wp-caption alignnone\"><img src=https:\/\/www.dein-stellplatz.de\/wp-content\/uploads\/2023\/03\/Dein-Stellplatz-Parkplatz-BER-Immer-up-to-date.png alt=\"Dein Stellplatz - G\u00fcnstig Parken am Flughafen Berlin mit der APP\" width=\"350\" height=\"525\" \/><p class=\"wp-caption-text\"><br \/><strong>PCHAMY CI\u0118<\/strong> <\/p>\n<p>Otrzymuj wszystkie wa\u017cne<br \/>informacje na temat rezerwacji<br \/>i ca\u0142ego procesu bezpo\u015brednio<br \/>na kom\u00f3rk\u0119!<\/p><\/div>\n<\/div>\n<div align=\"center\">\n<div class=\"cms-component content-module flex flex-col max-w-600 w-full items-center\">\n<div class=\"mb-24 last:mb-0 text-center mx-auto\" style=\"text-align: left;\"><\/div>\n<\/div>\n<\/div>\n<p>&nbsp;<\/p>\n<p>&nbsp;<\/p>\n<div align=\"center\">\n<h2 style=\"text-align: left;\">Pobierz nasz Dein Stellplatz APP za darmo!<\/h2>\n<p style=\"text-align: left;\">Od pa\u017adziernika 2022 roku nasza aplikacja Dein Stellplatz APP jest dost\u0119pna do bezp\u0142atnego pobrania w sklepach APP. Zaprogramowana specjalnie dla Ciebie jako klienta, aby jeszcze bardziej u\u0142atwi\u0107 Ci rezerwacj\u0119 i obs\u0142ug\u0119 miejsc parkingowych. <strong>Wszystko czego potrzebujesz to smartfon.<\/strong> Korzystaj z zalet, jakie daje Dein Stellplatz APP:<\/p>\n<p style=\"text-align: left;\">\u2714 Uproszczony proces rezerwacji<br \/>\n\u2714 Ekskluzywne kupony i rabaty<br \/>\n\u2714 Pozw\u00f3l nam wygodnie poprowadzi\u0107 Ci\u0119 do naszego parkingu<br \/>\n\u2714 Odbi\u00f3r za pomoc\u0105 przycisku &#8222;Gotowy do odbioru&#8221;.<br \/>\n\u2714 ShuttleTracker &#8222;Gdzie jest m\u00f3j bus?&#8221;<br \/>\n\u2714 Zawsze aktualny<\/p>\n<p style=\"text-align: left;\">Oto jak to zrobi\u0107:<\/p>\n<p style=\"text-align: left;\">\ud83d\udc49\ud83c\udffc Wystarczy zeskanowa\u0107 kod QR i pobra\u0107 APP za darmo!<br \/>\n\ud83d\udc49\ud83c\udffc Jeste\u015b ju\u017c klientem? W takim razie zaloguj si\u0119 do naszego APP za pomoc\u0105 swoich danych logowania. Zapomnia\u0142e\u015b has\u0142a? Nie ma problemu: wpisz adres e-mail swojego konta klienta i kliknij na &#8222;Zapomniane has\u0142o&#8221;. Otrzymasz bezpo\u015brednio nowe dane dost\u0119pu.<br \/>\n\ud83d\udc49\ud83c\udffc Jeste\u015bcie Pa\u0144stwo nowym klientem? Po prostu zarezerwuj jako go\u015b\u0107. Twoje dane do logowania zostan\u0105 utworzone i otrzymasz je poczt\u0105 po dokonaniu rezerwacji.<\/p>\n<p>&nbsp;<\/p>\n<p class=\"mobilenopadding\" style=\"text-align: left; padding-left: 40px;\"><img class=\"hideonmobile alignnone\" src=https:\/\/www.dein-stellplatz.de\/wp-content\/uploads\/2023\/04\/Dein-Stellplatz-Parkplatz-Flughafen-Berlin-APP-QR-Code.png alt=\"Dein Stellplatz - QR Code f\u00fcr die Dein Stellplatz APP\" width=\"113\" height=\"113\" \/>          <a href=\"https:\/\/apps.apple.com\/de\/app\/dein-stellplatz\/id6443694921?ign-itscg=30200&amp;ign-itsct=apps_box_link\" target=\"_blank\" rel=\"noopener\"><img class=\"alignnone\" src=https:\/\/www.dein-stellplatz.de\/wp-content\/uploads\/2022\/11\/Dein-Stellplatz-Parkplatz-Flughafen-BER-Button-App-Store-e1668086090236.png alt=\"Dein Stellplatz - Dein Stellplatz APP gratis Download im App Store\" width=\"136\" height=\"77\" \/><\/a>         <a style=\"font-family: inherit; font-size: inherit;\" href=\"https:\/\/play.google.com\/store\/apps\/details?id=de.deinstellplatz.app&amp;pli=1\" target=\"_blank\" rel=\"noopener\"><img class=\"alignnone\" src=https:\/\/www.dein-stellplatz.de\/wp-content\/uploads\/2022\/11\/Dein-Stellplatz-Parkplatz-Flughafen-BER-Button-Play-Store-e1668086439954.png alt=\"Dein Stellplatz - Dein Stellplatz APP gratis Download im Play Store\" width=\"136\" height=\"77\" \/><\/a><\/p>\n<p>&nbsp;<\/p>\n<style>\n@media screen and (max-width: 45em) \n{\n            .responsivetable tr, \n            .responsivetable th,\n            .responsivetable td \n            {\n                       display: block;\n            }\n            .responsivetable tr \n            {\n                        border-top: 0 none;\n            }\n            .responsivetable th\n            {\n                        padding: 0;\n            }\n            .responsivetable td \n            {\n                        padding: 1em 0 0;\n            }\n            .responsivetable td img\n            {\n                        max-width:100%;\n            }\n            .mobilenopadding \n            {\n              padding-left: 0 !important;\n            }\n            .hideonmobile\n            {\n                        display:none;\n            }\n}\n<\/style>\n<p>&nbsp;<\/p>\n<div align=\"center\"><\/div>\n<p><\/p>","protected":false},"excerpt":{"rendered":"<p>PARKOWANIE NA LOTNISKU W BERLINIE NA SWOIM MIEJSCU PARKINGOWYM PO PROSTU SUPER! &nbsp; Rezerwacja miejsca parkingowego na lotnisku BER nigdy nie by\u0142a \u0142atwiejsza. Dzi\u0119ki us\u0142udze Dein Stellplatz mo\u017cesz w kilku krokach wynaj\u0105\u0107 miejsce parkingowe przy lotnisku w Berlinie. Wystarczy otworzy\u0107 aplikacj\u0119 Dein Stellplatz, znale\u017a\u0107 odpowiadaj\u0105ce Ci miejsce parkingowe i zarezerwowa\u0107 je. Twoje miejsce parkingowe jest [&hellip;]<\/p>\n","protected":false},"author":1,"featured_media":0,"parent":0,"menu_order":140,"comment_status":"closed","ping_status":"closed","template":"","meta":{"footnotes":""},"_links":{"self":[{"href":"https:\/\/www.dein-stellplatz.de\/pl\/wp-json\/wp\/v2\/pages\/13101"}],"collection":[{"href":"https:\/\/www.dein-stellplatz.de\/pl\/wp-json\/wp\/v2\/pages"}],"about":[{"href":"https:\/\/www.dein-stellplatz.de\/pl\/wp-json\/wp\/v2\/types\/page"}],"author":[{"embeddable":true,"href":"https:\/\/www.dein-stellplatz.de\/pl\/wp-json\/wp\/v2\/users\/1"}],"replies":[{"embeddable":true,"href":"https:\/\/www.dein-stellplatz.de\/pl\/wp-json\/wp\/v2\/comments?post=13101"}],"version-history":[{"count":227,"href":"https:\/\/www.dein-stellplatz.de\/pl\/wp-json\/wp\/v2\/pages\/13101\/revisions"}],"predecessor-version":[{"id":14113,"href":"https:\/\/www.dein-stellplatz.de\/pl\/wp-json\/wp\/v2\/pages\/13101\/revisions\/14113"}],"wp:attachment":[{"href":"https:\/\/www.dein-stellplatz.de\/pl\/wp-json\/wp\/v2\/media?parent=13101"}],"curies":[{"name":"wp","href":"https:\/\/api.w.org\/{rel}","templated":true}]}}