{"id":1262,"date":"2017-11-02T13:03:24","date_gmt":"2017-11-02T12:03:24","guid":{"rendered":"https:\/\/www.dein-stellplatz.de\/?page_id=1262"},"modified":"2026-04-17T14:29:22","modified_gmt":"2026-04-17T12:29:22","slug":"freunde-werben","status":"publish","type":"page","link":"https:\/\/www.dein-stellplatz.de\/pl\/freunde-werben\/","title":{"rendered":"Freunde werben f\u00fcr das Parken am Flughafen Berlin Brandenburg"},"content":{"rendered":"<p><span style=\"color: #003366;\"><\/span><\/p>\r\n<h2 data-start=\"45\" data-end=\"116\"><span style=\"color: #003366;\"><strong data-start=\"45\" data-end=\"116\">Pole\u0107 znajomych i parkuj za darmo z \u201eDein Stellplatz\u201d \u2013 parking BER<\/strong><\/span><\/h2>\r\n<p><span style=\"color: #003366;\">Witamy w \u201eDein Stellplatz\u201d, Twoim niezawodnym partnerze w zakresie bezpiecznego parkowania <strong>przy lotnisku BER<\/strong>! W tym artykule chcemy pokaza\u0107 Ci, jak mo\u017cesz nie tylko korzysta\u0107 z naszych najwy\u017cszej jako\u015bci us\u0142ug parkingowych, ale tak\u017ce parkowa\u0107 za darmo, polecaj\u0105c nas swoim znajomym. Czytaj dalej i dowiedz si\u0119 wi\u0119cej o tej atrakcyjnej mo\u017cliwo\u015bci!<\/span><\/p>\r\n<p>&nbsp;<\/p>\r\n<h3><span style=\"color: #003366;\">Dlaczego warto parkowa\u0107 z \u201eDein Stellplatz\u201d?<\/span><\/h3>\r\n<p><span style=\"color: #003366;\">Jako do\u015bwiadczeni eksperci w dziedzinie parking\u00f3w lotniskowych doskonale wiemy, \u017ce szukasz komfortu, bezpiecze\u0144stwa i atrakcyjnych cen. W \u201eDein Stellplatz\u201d oferujemy to wszystko i jeszcze wi\u0119cej! Oto kilka powod\u00f3w, dla kt\u00f3rych warto wybra\u0107 w\u0142a\u015bnie nas:<\/span><\/p>\r\n<h4><span style=\"color: #003366;\">1. Dogodna lokalizacja<\/span><\/h4>\r\n<p><span style=\"color: #003366;\">Nasz <strong>parking BER<\/strong> znajduje si\u0119 w bezpo\u015brednim s\u0105siedztwie lotniska BER. Nie musisz pokonywa\u0107 d\u0142ugich tras ani martwi\u0107 si\u0119 o transport. Bezp\u0142atny transfer shuttle jest do Twojej dyspozycji zawsze, gdy go potrzebujesz.<\/span><\/p>\r\n<h4><span style=\"color: #003366;\">2. Najwy\u017csze standardy bezpiecze\u0144stwa<\/span><\/h4>\r\n<p><span style=\"color: #003366;\">Bezpiecze\u0144stwo Twojego samochodu jest dla nas priorytetem. Nasz parking jest wyposa\u017cony w monitoring i obs\u0142ugiwany przez personel przez ca\u0142\u0105 dob\u0119. Nasz przeszkolony zesp\u00f3\u0142 dba o to, aby Tw\u00f3j pojazd by\u0142 bezpieczny i odpowiednio chroniony. Dzi\u0119ki temu mo\u017cesz rozpocz\u0105\u0107 podr\u00f3\u017c s\u0142u\u017cbow\u0105 lub wakacyjn\u0105 bez \u017cadnych obaw.<\/span><\/p>\r\n<h4><span style=\"color: #003366;\">3. Konkurencyjne ceny<\/span><\/h4>\r\n<p><span style=\"color: #003366;\">Oferujemy przyst\u0119pne ceny parkowania, dopasowane do Twojego bud\u017cetu. Por\u00f3wnaj nasze ceny z innymi dostawcami, a przekonasz si\u0119, \u017ce oferujemy korzystne rozwi\u0105zanie dla Twoich potrzeb parkingowych przy lotnisku BER.<\/span><\/p>\r\n<h4><span style=\"color: #003366;\">4. Doskona\u0142a obs\u0142uga klienta<\/span><\/h4>\r\n<p><span style=\"color: #003366;\">Nasz zesp\u00f3\u0142 jest zawsze do Twojej dyspozycji i ch\u0119tnie pomo\u017ce w razie pyta\u0144 lub w\u0105tpliwo\u015bci. Przywi\u0105zujemy du\u017c\u0105 wag\u0119 do wysokiego poziomu obs\u0142ugi klienta i chcemy mie\u0107 pewno\u015b\u0107, \u017ce ca\u0142y proces parkowania przebiegnie sprawnie i komfortowo.<\/span><\/p>\r\n<p>&nbsp;<\/p>\r\n<h3><span style=\"color: #003366;\">Jak dzia\u0142a program polece\u0144?<\/span><\/h3>\r\n<p><span style=\"color: #003366;\">Nasz program polece\u0144 daje Ci mo\u017cliwo\u015b\u0107 darmowego parkowania z \u201eDein Stellplatz\u201d. To proste i wygodne! Oto jak to dzia\u0142a:<\/span><\/p>\r\n<table class=\"responsivetable\">\r\n<tbody>\r\n<tr data-wp-editing=\"1\">\r\n<td class=\"mobilenopadding\" style=\"padding-left: 0px;\">\r\n<p><a href=\"https:\/\/www.dein-stellplatz.de\/wp-content\/uploads\/2026\/04\/Freunde_Werben_PL_5.webp\"><img decoding=\"async\" class=\"size-full wp-image-22847\" src=\"https:\/\/www.dein-stellplatz.de\/wp-content\/uploads\/2026\/04\/Freunde_Werben_PL_5.webp\" alt=\"Werbebanner f\u00fcr Freunde-werben-Programm mit lachendem Mann und Frau, die ins Ohr fl\u00fcstert, dazu der Text \u201eJetzt Freunde werben &amp; Guthaben sichern\u201c und 5 Euro je Geworbenen.\" width=\"1000\" height=\"599\" srcset=\"https:\/\/www.dein-stellplatz.de\/wp-content\/uploads\/2026\/04\/Freunde_Werben_PL_5.webp 1000w, https:\/\/www.dein-stellplatz.de\/wp-content\/uploads\/2026\/04\/Freunde_Werben_PL_5-300x180.webp 300w, https:\/\/www.dein-stellplatz.de\/wp-content\/uploads\/2026\/04\/Freunde_Werben_PL_5-768x460.webp 768w\" sizes=\"(max-width: 1000px) 100vw, 1000px\" \/><\/a><\/p>\r\n<\/td>\r\n<td>\r\n<p class=\"mobilenopadding\" style=\"text-align: left; padding-left: 40px;\"><span style=\"color: #003366;\">Pole\u0107 \u201eDein Stellplatz\u201d swoim znajomym, rodzinie lub wsp\u00f3\u0142pracownikom.<\/span><\/p>\r\n<p class=\"mobilenopadding\" style=\"text-align: left; padding-left: 40px;\"><span style=\"color: #003366;\">W swoim panelu klienta mo\u017cesz wys\u0142a\u0107 znajomym rekomendacj\u0119. Gdy Tw\u00f3j znajomy zarezerwuje parking i faktycznie przyjedzie, otrzymasz 5 \u20ac salda na swoj\u0105 nast\u0119pn\u0105 rezerwacj\u0119. Mo\u017cesz wykorzysta\u0107 swoje saldo od razu po jego otrzymaniu albo dalej je zbiera\u0107 \u2014 decyzja nale\u017cy do Ciebie.<\/span><\/p>\r\n<p class=\"mobilenopadding\" style=\"text-align: left; padding-left: 40px;\"><span style=\"color: #003366;\">To naprawd\u0119 takie proste! Mo\u017cesz nie tylko poleci\u0107 swoim znajomym nasz\u0105 wysok\u0105 jako\u015b\u0107 us\u0142ug, ale tak\u017ce samemu na tym skorzysta\u0107.<\/span><\/p>\r\n<\/td>\r\n<\/tr>\r\n<\/tbody>\r\n<\/table>\r\n<p>&nbsp;<\/p>\r\n<h3><span style=\"color: #003366;\">Dodatkowe korzy\u015bci w \u201eDein Stellplatz\u201d<\/span><\/h3>\r\n<p><span style=\"color: #003366;\">Poza programem polece\u0144 oferujemy Ci jeszcze wi\u0119cej korzy\u015bci, gdy parkujesz z nami. Oto niekt\u00f3re z nich:<\/span><\/p>\r\n<h4><span style=\"color: #003366;\">1. Bezp\u0142atna anulacja<\/span><\/h4>\r\n<p data-start=\"2700\" data-end=\"2953\"><span style=\"color: #003366;\">Wiemy, \u017ce plany podr\u00f3\u017cy mog\u0105 si\u0119 zmieni\u0107. U nas mo\u017cesz bezp\u0142atnie anulowa\u0107 rezerwacj\u0119 do 24 godzin przed przyjazdem, je\u015bli Twoje plany si\u0119 zmieni\u0105 lub zostan\u0105 przesuni\u0119te. Chcemy, aby\u015b zachowa\u0142 elastyczno\u015b\u0107 i nie musia\u0142 martwi\u0107 si\u0119 dodatkowymi kosztami.<\/span><\/p>\r\n<p data-start=\"2955\" data-end=\"3058\"><span style=\"color: #003366;\">Dzi\u0119ki naszemu pakietowi Rundum-Schutz mo\u017cesz anulowa\u0107 rezerwacj\u0119 bezp\u0142atnie nawet do ostatniej chwili.<\/span><\/p>\r\n<h4><span style=\"color: #003366;\">2. Dodatkowe us\u0142ugi<\/span><\/h4>\r\n<p><span style=\"color: #003366;\">\u201eDein Stellplatz\u201d oferuje r\u00f3wnie\u017c dodatkowe us\u0142ugi, kt\u00f3re sprawi\u0105, \u017ce parkowanie b\u0119dzie jeszcze wygodniejsze. Nale\u017c\u0105 do nich na przyk\u0142ad mycie auta, czyszczenie wn\u0119trza, przechowanie kluczyk\u00f3w, \u0142adowanie samochodu elektrycznego i wiele wi\u0119cej. Wszystkie te us\u0142ugi mo\u017cesz \u0142atwo doda\u0107 podczas rezerwacji.<\/span><\/p>\r\n<h4><span style=\"color: #003366;\">3. Rezerwacja online i obs\u0142uga klienta<\/span><\/h4>\r\n<p><span style=\"color: #003366;\">Oferujemy Ci mo\u017cliwo\u015b\u0107 wygodnej rezerwacji miejsca parkingowego online. Nasz formularz rezerwacyjny jest dost\u0119pny 24\/7 przez 365 dni w roku. Nasz przyjazny system rezerwacji pozwala Ci szybko wprowadzi\u0107 dane i wybra\u0107 odpowiedni parking. W razie pyta\u0144 lub problem\u00f3w nasz dzia\u0142 obs\u0142ugi klienta z przyjemno\u015bci\u0105 Ci pomo\u017ce.<\/span><\/p>\r\n<p>&nbsp;<\/p>\r\n<h3><span style=\"color: #003366;\">Podsumowanie<\/span><\/h3>\r\n<p><span style=\"color: #003366;\">\u201eDein Stellplatz\u201d to najlepszy wyb\u00f3r, je\u015bli chodzi o parkowanie przy lotnisku BER. Dzi\u0119ki dogodnej lokalizacji, najwy\u017cszym standardom bezpiecze\u0144stwa, konkurencyjnym cenom i doskona\u0142ej obs\u0142udze klienta mo\u017cesz rozpocz\u0105\u0107 podr\u00f3\u017c bez stresu. Skorzystaj z naszego programu polece\u0144, aby parkowa\u0107 u nas za darmo, i ciesz si\u0119 dodatkowymi korzy\u015bciami, takimi jak bezp\u0142atna anulacja oraz dodatkowe us\u0142ugi. Zarezerwuj swoje miejsce parkingowe ju\u017c dzi\u015b i rozpocznij podr\u00f3\u017c z \u201eDein Stellplatz\u201d!<\/span><\/p>\r\n<p><span style=\"color: #003366;\"><\/span><\/p>","protected":false},"excerpt":{"rendered":"<p>Pole\u0107 znajomych i parkuj za darmo z \u201eDein Stellplatz\u201d \u2013 parking BER Witamy w \u201eDein Stellplatz\u201d, Twoim niezawodnym partnerze w zakresie bezpiecznego parkowania przy lotnisku BER! W tym artykule chcemy pokaza\u0107 Ci, jak mo\u017cesz nie tylko korzysta\u0107 z naszych najwy\u017cszej jako\u015bci us\u0142ug parkingowych, ale tak\u017ce parkowa\u0107 za darmo, polecaj\u0105c nas swoim znajomym. Czytaj dalej i [&hellip;]<\/p>\n","protected":false},"author":1,"featured_media":0,"parent":0,"menu_order":148,"comment_status":"closed","ping_status":"closed","template":"kundenwerbenkunden.php","meta":{"footnotes":""},"_links":{"self":[{"href":"https:\/\/www.dein-stellplatz.de\/pl\/wp-json\/wp\/v2\/pages\/1262"}],"collection":[{"href":"https:\/\/www.dein-stellplatz.de\/pl\/wp-json\/wp\/v2\/pages"}],"about":[{"href":"https:\/\/www.dein-stellplatz.de\/pl\/wp-json\/wp\/v2\/types\/page"}],"author":[{"embeddable":true,"href":"https:\/\/www.dein-stellplatz.de\/pl\/wp-json\/wp\/v2\/users\/1"}],"replies":[{"embeddable":true,"href":"https:\/\/www.dein-stellplatz.de\/pl\/wp-json\/wp\/v2\/comments?post=1262"}],"version-history":[{"count":85,"href":"https:\/\/www.dein-stellplatz.de\/pl\/wp-json\/wp\/v2\/pages\/1262\/revisions"}],"predecessor-version":[{"id":22872,"href":"https:\/\/www.dein-stellplatz.de\/pl\/wp-json\/wp\/v2\/pages\/1262\/revisions\/22872"}],"wp:attachment":[{"href":"https:\/\/www.dein-stellplatz.de\/pl\/wp-json\/wp\/v2\/media?parent=1262"}],"curies":[{"name":"wp","href":"https:\/\/api.w.org\/{rel}","templated":true}]}}