{"id":11059,"date":"2022-08-03T11:47:27","date_gmt":"2022-08-03T09:47:27","guid":{"rendered":"https:\/\/www.dein-stellplatz.de\/?page_id=11059"},"modified":"2025-03-31T22:57:15","modified_gmt":"2025-03-31T20:57:15","slug":"abreiseinformationen-ber-p2-terminal1","status":"publish","type":"page","link":"https:\/\/www.dein-stellplatz.de\/pl\/abreiseinformationen-ber-p2-terminal1\/","title":{"rendered":"INFORMACJE DOTYCZ\u0104CE PRZYJAZDU  &#8211; Wyjazd Terminal 1+2 &#8211; P2"},"content":{"rendered":"<!-- wp:paragraph -->\r\n<p><strong><strong>Poinformujemy Ci\u0119 o wszystkim, co musisz wiedzie\u0107 o wyje\u017adzie, procedurze na miejscu, miejscu zbi\u00f3rki i na co powiniene\u015b zwr\u00f3ci\u0107 uwag\u0119!<\/strong><\/strong><\/p>\r\n<!-- \/wp:paragraph -->\r\n\r\n<!-- wp:paragraph -->\r\n<p>Kontakt z kierowc\u0105 wahad\u0142owca: +49 151 271 08 633<br \/>Infolinia: +49 30 66 40 40 99<br \/>Kontakt mailowy: <a href=\"mailto:info@dein-stellplatz.de\">info@dein-stellplatz.de<\/a><\/p>\r\n<!-- \/wp:paragraph -->\r\n\r\n<!-- wp:paragraph --><!-- \/wp:paragraph -->\r\n\r\n<!-- wp:paragraph --><!-- \/wp:paragraph -->\r\n<p>&nbsp;<\/p>\r\n<!-- wp:heading {\"level\":3} -->\r\n<h3><strong>L\u0104DOWANIE NA LOTNISKU BER TERMINAL 1<\/strong>+2 &#8211; miejsce parkingowe P2 <br \/>Gr\u00fcnauer Str. 5, 12526 Berlin<\/h3>\r\n<!-- \/wp:heading -->\r\n\r\n<!-- wp:paragraph -->\r\n<p><span style=\"color: #ff0000;\"><strong>Odbierzemy Ci\u0119 z lotniska w tym samym miejscu, w kt\u00f3rym zosta\u0142e\u015b wysadzony w dniu przyjazdu.<\/strong><\/span><\/p>\r\n<!-- \/wp:paragraph -->\r\n\r\n<!-- wp:paragraph -->\r\n<p><strong><strong><strong>Miejsce spotkania Terminal 1+2: Parking autobusowy B<\/strong><\/strong><\/strong><\/p>\r\n<!-- \/wp:paragraph -->\r\n\r\n<!-- wp:list -->\r\n<ul>\r\n<li>Na lotnisku nale\u017cy kierowa\u0107 si\u0119 znakami <strong>Parking autobusowy B Fernbus<\/strong> i <strong>wyj\u015b\u0107 z budynku na poziomie U1<\/strong>.<\/li>\r\n<li>Przejd\u017a przez <strong>Willy-Brandt-Platz<\/strong>, przejd\u017a ulic\u0119 <strong>Hugo-Junkers-Ring<\/strong>, pomi\u0119dzy parkingami P6 i P4 znajdziesz <strong>parking autobusowy B<\/strong> (dost\u0119pne w\u00f3zki baga\u017cowe).<\/li>\r\n<li><strong>U\u017cyj naszej aplikacji, aby powiadomi\u0107 nas, \u017ce jeste\u015b gotowy do odbioru. W ten spos\u00f3b mo\u017cesz mie\u0107 pewno\u015b\u0107, \u017ce zostaniesz odebrany bezpo\u015brednio z nast\u0119pnej wycieczki.\u00a0<\/strong>Alternatywnie zadzwo\u0144 do kierowcy Shuttle i powiedz mu, \u017ce jeste\u015b gotowy do odbioru w miejscu spotkania.<\/li>\r\n<li><strong>Kontakt z kierowc\u0105:<\/strong> +49 151 271 08 633<\/li>\r\n<\/ul>\r\n<!-- \/wp:list -->\r\n\r\n<!-- wp:paragraph -->\r\n<p>&nbsp;<\/p>\r\n<p>Tak znajdziesz miejsce spotkania na odbi\u00f3r z lotniska:<\/p>\r\n<!-- \/wp:paragraph -->\r\n\r\n<!-- wp:image {\"id\":9431,\"sizeSlug\":\"large\",\"linkDestination\":\"none\"} -->\r\n<figure class=\"wp-block-image size-large\">\r\n<div id=\"attachment_11184\" style=\"width: 534px\" class=\"wp-caption alignleft\"><a href=\"https:\/\/www.dein-stellplatz.de\/wp-content\/uploads\/2022\/08\/Plan-Abholpunkt-BER.jpg\"><img decoding=\"async\" aria-describedby=\"caption-attachment-11184\" class=\"wp-image-11184 size-full\" src=\"https:\/\/www.dein-stellplatz.de\/wp-content\/uploads\/2022\/08\/Plan-Abholpunkt-BER.jpg\" alt=\"\" width=\"524\" height=\"595\" srcset=\"https:\/\/www.dein-stellplatz.de\/wp-content\/uploads\/2022\/08\/Plan-Abholpunkt-BER.jpg 524w, https:\/\/www.dein-stellplatz.de\/wp-content\/uploads\/2022\/08\/Plan-Abholpunkt-BER-264x300.jpg 264w\" sizes=\"(max-width: 524px) 100vw, 524px\" \/><\/a><p id=\"caption-attachment-11184\" class=\"wp-caption-text\">Dein Stellplatz \u2013 punkt spotkania na lotnisku Berlin BER Terminal 1+2<\/p><\/div>\r\n<figcaption><br \/><br \/>Skorzystaj z wyszukiwarki GoogleMaps, kt\u00f3ra zaprowadzi Ci\u0119 bezpo\u015brednio do naszego punktu spotka\u0144 na Lotnisko BER <strong>Terminal 1<\/strong>+2:<\/figcaption>\r\n<\/figure>\r\n<!-- \/wp:image --><!-- \/wp:paragraph -->\r\n\r\n<!-- wp:html -->\r\n<p><iframe style=\"border: 0;\" src=\"https:\/\/www.google.com\/maps\/embed?pb=!1m18!1m12!1m3!1d2436.3196410196947!2d13.512566715690923!3d52.3646238797851!2m3!1f0!2f0!3f0!3m2!1i1024!2i768!4f13.1!3m3!1m2!1s0x47a847551ee96937%3A0x2b1f0a70ded2581d!2sBusparkplatz%20B%20BER!5e0!3m2!1sde!2sde!4v1659519602110!5m2!1sde!2sde\" width=\"600\" height=\"450\" allowfullscreen=\"allowfullscreen\"><\/iframe><\/p>\r\n<!-- \/wp:html -->\r\n<p>&nbsp;<\/p>\r\n<!-- wp:heading {\"level\":3} -->\r\n<h3><strong>OG\u00d3LNE INFORMACJE<\/strong><\/h3>\r\n<!-- \/wp:heading -->\r\n\r\n<!-- wp:paragraph -->\r\n<p>Aby\u015b m\u00f3g\u0142 wr\u00f3ci\u0107 wypocz\u0119ty, przygotowali\u015bmy dla Ciebie zestawienie najwa\u017cniejszych informacji.<br \/>Prosimy o sprawdzenie, czy czas i numer lotu w podr\u00f3\u017cy powrotnej jest nadal aktualny. Je\u015bli nie, mo\u017cesz wygodnie odpowiedzie\u0107 nam poprzez e-mail, a my dostosujemy Tw\u00f3j odbi\u00f3r. Zmiany w czasie l\u0105dowania s\u0105 sygnalizowane numerem lotu na wy\u015bwietlaczu statusu lotniska.<\/p>\r\n<!-- \/wp:paragraph -->\r\n\r\n<!-- wp:paragraph --><!-- \/wp:paragraph -->\r\n\r\n<!-- wp:paragraph --><!-- \/wp:paragraph -->\r\n\r\n<!-- wp:paragraph -->\r\n<p><strong>W przypadku zmian z kr\u00f3tkim wyprzedzeniem, w przypadku odwo\u0142ania lotu lub zmiany rezerwacji lotu, prosimy o kontakt z kierowc\u0105 z odpowiednim wyprzedzeniem na numer telefonu kom\u00f3rkowego podany w e-mailu wyjazdowym.<\/strong><\/p>\r\n<p>&nbsp;<\/p>\r\n<!-- \/wp:paragraph -->\r\n<div class=\"wp-block-columns\">\r\n<div class=\"wp-block-column\" style=\"flex-basis: 100%;\">\r\n<h3><strong><strong>PO L\u0104DOWANIU<\/strong><\/strong><\/h3>\r\n<!-- \/wp:heading -->\r\n\r\n<!-- wp:list {\"ordered\":true,\"type\":\"1\"} -->\r\n<ol type=\"1\">\r\n<li>Prosimy o w\u0142\u0105czenie telefonu kom\u00f3rkowego zaraz po wyl\u0105dowaniu, aby\u015bmy mogli si\u0119 z Pa\u0144stwem skontaktowa\u0107 w razie jakichkolwiek pyta\u0144.<\/li>\r\n<\/ol>\r\n<!-- \/wp:list -->\r\n\r\n<!-- wp:list {\"ordered\":true,\"type\":\"1\",\"start\":2} -->\r\n<ol start=\"2\" type=\"1\">\r\n<li>Po odebraniu baga\u017cy z karuzeli baga\u017cowej, prosimy uda\u0107 si\u0119 do miejsca spotkania, sk\u0105d odbierze Pa\u0144stwa nasz autobus wahad\u0142owy.<\/li>\r\n<\/ol>\r\n<!-- \/wp:list -->\r\n\r\n<!-- wp:list {\"ordered\":true,\"type\":\"1\",\"start\":3} -->\r\n<ol start=\"3\" type=\"1\">\r\n<li><strong>Po przybyciu na miejsce spotkania<\/strong>, poszukaj naszego autobusu. Je\u015bli nie widzisz busa, <strong>zadzwo\u0144 do kierowcy pod podany numer telefonu kom\u00f3rkowego<\/strong> <strong>+49 151 271 08 633<\/strong>. Odbi\u00f3r zostanie zorganizowany natychmiast.<\/li>\r\n<\/ol>\r\n<!-- \/wp:list -->\r\n\r\n<!-- wp:list {\"ordered\":true,\"type\":\"1\",\"start\":4} -->\r\n<ol start=\"4\" type=\"1\">\r\n<li>Po przybyciu do autobusu, powiedz kierowcy swoje imi\u0119, on znajdzie Ci\u0119 na swojej li\u015bcie i zostaniesz zawieziony na parking.<\/li>\r\n<\/ol>\r\n<!-- \/wp:list --><\/div>\r\n<!-- \/wp:column --><\/div>\r\n<!-- \/wp:columns -->\r\n<h3>\u00a0<\/h3>\r\n<h3>AUTOBUS KURSUJE W NAST\u0118PUJ\u0104CYCH GODZINACH:<\/h3>\r\n<h3><a href=\"https:\/\/www.dein-stellplatz.de\/wp-content\/uploads\/2022\/05\/Shuttlezeiten-P2.jpg\"><img decoding=\"async\" class=\"alignnone size-full wp-image-10066\" src=\"https:\/\/www.dein-stellplatz.de\/wp-content\/uploads\/2022\/05\/Shuttlezeiten-P2.jpg\" sizes=\"(max-width: 1084px) 100vw, 1084px\" srcset=\"https:\/\/www.dein-stellplatz.de\/wp-content\/uploads\/2022\/05\/Shuttlezeiten-P2.jpg 1084w, https:\/\/www.dein-stellplatz.de\/wp-content\/uploads\/2022\/05\/Shuttlezeiten-P2-300x106.jpg 300w, https:\/\/www.dein-stellplatz.de\/wp-content\/uploads\/2022\/05\/Shuttlezeiten-P2-1024x361.jpg 1024w, https:\/\/www.dein-stellplatz.de\/wp-content\/uploads\/2022\/05\/Shuttlezeiten-P2-768x271.jpg 768w\" alt=\"\" width=\"1084\" height=\"382\" \/><\/a><\/h3>\r\n<!-- wp:heading {\"level\":3} -->\r\n<h3><strong>DALSZE INFORMACJE<\/strong><\/h3>\r\n<!-- \/wp:heading -->\r\n\r\n<!-- wp:paragraph -->\r\n<p><strong><strong>P\u0142atno\u015b\u0107 na miejscu:<\/strong><\/strong><br \/>Prosimy pami\u0119ta\u0107, \u017ce w dniu wyjazdu mo\u017cliwa jest tylko p\u0142atno\u015b\u0107 got\u00f3wk\u0105!<\/p>\r\n<!-- \/wp:paragraph -->\r\n\r\n<!-- wp:paragraph --><!-- \/wp:paragraph -->\r\n\r\n<!-- wp:paragraph -->\r\n<p><strong><strong>Obowi\u0105zek maski<\/strong>:<\/strong><sup><br \/><\/sup>Zgodnie z obowi\u0105zuj\u0105cymi przepisami na terenie obiektu oraz w autobusie obowi\u0105zuje maska.<\/p>\r\n<!-- \/wp:paragraph -->\r\n\r\n<!-- wp:paragraph --><!-- \/wp:paragraph -->\r\n\r\n<!-- wp:paragraph --><!-- \/wp:paragraph --><!-- \/wp:paragraph -->","protected":false},"excerpt":{"rendered":"<p>Poinformujemy Ci\u0119 o wszystkim, co musisz wiedzie\u0107 o wyje\u017adzie, procedurze na miejscu, miejscu zbi\u00f3rki i na co powiniene\u015b zwr\u00f3ci\u0107 uwag\u0119! Kontakt z kierowc\u0105 wahad\u0142owca: +49 151 271 08 633Infolinia: +49 30 66 40 40 99Kontakt mailowy: info@dein-stellplatz.de &nbsp; L\u0104DOWANIE NA LOTNISKU BER TERMINAL 1+2 &#8211; miejsce parkingowe P2 Gr\u00fcnauer Str. 5, 12526 Berlin Odbierzemy Ci\u0119 [&hellip;]<\/p>\n","protected":false},"author":1,"featured_media":6155,"parent":0,"menu_order":191,"comment_status":"closed","ping_status":"closed","template":"","meta":{"footnotes":""},"_links":{"self":[{"href":"https:\/\/www.dein-stellplatz.de\/pl\/wp-json\/wp\/v2\/pages\/11059"}],"collection":[{"href":"https:\/\/www.dein-stellplatz.de\/pl\/wp-json\/wp\/v2\/pages"}],"about":[{"href":"https:\/\/www.dein-stellplatz.de\/pl\/wp-json\/wp\/v2\/types\/page"}],"author":[{"embeddable":true,"href":"https:\/\/www.dein-stellplatz.de\/pl\/wp-json\/wp\/v2\/users\/1"}],"replies":[{"embeddable":true,"href":"https:\/\/www.dein-stellplatz.de\/pl\/wp-json\/wp\/v2\/comments?post=11059"}],"version-history":[{"count":28,"href":"https:\/\/www.dein-stellplatz.de\/pl\/wp-json\/wp\/v2\/pages\/11059\/revisions"}],"predecessor-version":[{"id":12927,"href":"https:\/\/www.dein-stellplatz.de\/pl\/wp-json\/wp\/v2\/pages\/11059\/revisions\/12927"}],"wp:featuredmedia":[{"embeddable":true,"href":"https:\/\/www.dein-stellplatz.de\/pl\/wp-json\/wp\/v2\/media\/6155"}],"wp:attachment":[{"href":"https:\/\/www.dein-stellplatz.de\/pl\/wp-json\/wp\/v2\/media?parent=11059"}],"curies":[{"name":"wp","href":"https:\/\/api.w.org\/{rel}","templated":true}]}}