{"id":7737,"date":"2021-10-22T14:39:45","date_gmt":"2021-10-22T12:39:45","guid":{"rendered":"https:\/\/www.dein-stellplatz.de\/?page_id=7737"},"modified":"2025-03-31T22:57:15","modified_gmt":"2025-03-31T20:57:15","slug":"anreiseinformationen-ber-p2","status":"publish","type":"page","link":"https:\/\/www.dein-stellplatz.de\/en\/anreiseinformationen-ber-p2\/","title":{"rendered":"Travel information for your arrival &#8211; Parking P2"},"content":{"rendered":"<p>&nbsp;<\/p>\r\n<p><!-- \/wp:paragraph --><\/p>\r\n<p><span style=\"color: #ff0000;\"><strong>We will inform you about everything you need to know about your journey, the procedure on site and what you should look out for!<\/strong><\/span><\/p>\r\n<!-- \/wp:paragraph -->\r\n\r\n<!-- wp:heading -->\r\n<h3>Parking BER Airport Berlin Brandenburg<\/h3>\r\n<!-- \/wp:heading -->\r\n\r\n<!-- wp:paragraph -->\r\n<p>Address: <a href=\"https:\/\/www.google.com\/maps\/place\/Dein+Stellplatz+-+Parkplatz+2+Flughafen+Berlin+Brandenburg+BER\/@52.3752275,13.5625858,17z\/data=!3m1!4b1!4m5!3m4!1s0x47a84768fbd05235:0x19ede2bea4eb98d!8m2!3d52.3752275!4d13.5647745\" target=\"_blank\" rel=\"noreferrer noopener\">Gr\u00fcnauer Stra\u00dfe 5, 12529 Sch\u00f6nefeld (OT Waltersdorf)<\/a><br \/>Contact Shuttlefahrer: +49 151 271 08 633<br \/>ServiceCall: +49 30 &#8211; 66 40 40 99<br \/>Contact E-Mail: info@dein-stellplatz.de<\/p>\r\n<!-- \/wp:paragraph -->\r\n\r\n<!-- wp:paragraph --><!-- \/wp:paragraph -->\r\n\r\n<!-- wp:paragraph -->\r\n<p>Use the GoogleMaps route planner, which will take you directly to our car park at Berlin Airport:<\/p>\r\n<p><iframe style=\"border: 0;\" src=\"https:\/\/www.google.com\/maps\/embed?pb=!1m18!1m12!1m3!1d2435.7348614990447!2d13.562585815802054!3d52.375227479787014!2m3!1f0!2f0!3f0!3m2!1i1024!2i768!4f13.1!3m3!1m2!1s0x47a84768fbd05235%3A0x19ede2bea4eb98d!2sDein%20Stellplatz%20-%20Parkplatz%202%20Flughafen%20Berlin%20Brandenburg%20BER!5e0!3m2!1sde!2sde!4v1615911794625!5m2!1sde!2sde\" width=\"350\" height=\"300\" allowfullscreen=\"allowfullscreen\"><\/iframe><\/p>\r\n<!-- \/wp:html -->\r\n\r\n<!-- wp:paragraph --><!-- \/wp:paragraph -->\r\n<p>&nbsp;<\/p>\r\n<!-- wp:heading {\"level\":3} -->\r\n<h3>Driving directions<\/h3>\r\n<p><strong>Coming from south:<\/strong><\/p>\r\n<p>Leave the A113 at the interchange A117 direction Berlin-Gr\u00fcnau \/ Waltersdorf. Always keep to the right! Take the exit Waltersdorf \/ Berlin Gr\u00fcnau. At the traffic light continue straight on Gr\u00fcnauer Str. direction Berlin-Gr\u00fcnau (IKEA on the left) After approx. 1.4km (past H\u00f6ffner), the car park is on the left (entrance to Metro).<\/p>\r\n<!-- \/wp:heading -->\r\n\r\n<!-- wp:paragraph -->\r\n<p><strong>Coming from north:<\/strong><\/p>\r\n<p>Leave the A113 motorway at exit 8 direction Waltersdorf. Follow the K6162 for about 1.5km. At the traffic roundabout, take the second exit towards Waltersdorf (IKEA). At the second set of traffic lights, turn left onto Gr\u00fcnauer Str. towards Berlin-Gr\u00fcnau. After about 1.4km (past H\u00f6ffner), the car park is on the left (entrance Metro).<\/p>\r\n<!-- \/wp:paragraph -->\r\n\r\n<!-- wp:paragraph -->\r\n<p><strong>ATTENTION:<\/strong>\u00a0<\/p>\r\n<p>Some navigation devices do not know our address and the house number 5! The parking lot is located directly on Gr\u00fcnauer Str. (On the left), on the site of the warehouse METRO (behind the warehouse h\u00f6ffner!). Please take the entrance to the METRO parking lot!<\/p>\r\n<!-- \/wp:paragraph -->\r\n<h3>\u00a0<\/h3>\r\n<h3><strong>Arrived at the car park<\/strong> &#8211; Check-In and transfer to the airport<\/h3>\r\n<!-- \/wp:paragraph -->\r\n\r\n<!-- wp:paragraph -->\r\n<p>Please enter the parking lot and stop next to the office container in the check-in parking spaces.<\/p>\r\n<p>Unpack your luggage at the check-in parking lots.<\/p>\r\n<!-- \/wp:paragraph -->\r\n\r\n<!-- wp:paragraph --><!-- \/wp:paragraph -->\r\n\r\n<!-- wp:paragraph -->\r\n<p>Choose a parking space and park your car. Call the shuttle driver on the shuttle bus mobile phone number +49 151 271 08 633 and stand next to the office container with your luggage. The shuttle bus will pick you and your fellow travelers up and take you to the airport.<\/p>\r\n<p>Here is a view of what the check-in area in our car park looks like:<\/p>\r\n<p><img decoding=\"async\" class=\"wp-image-10742\" src=\"https:\/\/www.dein-stellplatz.de\/wp-content\/uploads\/2022\/06\/01-Dein-Stellplatz-Parken-am-BER-P2-1-300x200.jpg\" alt=\"Dein Stellplatz. Parken am BER P2. Parking at BER Airport P2. Parking na lotnisku BER P2\" width=\"767\" height=\"511\" srcset=\"https:\/\/www.dein-stellplatz.de\/wp-content\/uploads\/2022\/06\/01-Dein-Stellplatz-Parken-am-BER-P2-1-300x200.jpg 300w, https:\/\/www.dein-stellplatz.de\/wp-content\/uploads\/2022\/06\/01-Dein-Stellplatz-Parken-am-BER-P2-1-1024x682.jpg 1024w, https:\/\/www.dein-stellplatz.de\/wp-content\/uploads\/2022\/06\/01-Dein-Stellplatz-Parken-am-BER-P2-1-768x512.jpg 768w, https:\/\/www.dein-stellplatz.de\/wp-content\/uploads\/2022\/06\/01-Dein-Stellplatz-Parken-am-BER-P2-1.jpg 1280w\" sizes=\"(max-width: 767px) 100vw, 767px\" \/><\/p>\r\n<p>Parking at BER &#8211; Dein Stellplatz P2<\/p>\r\n<p><img decoding=\"async\" class=\"wp-image-10741\" src=\"https:\/\/www.dein-stellplatz.de\/wp-content\/uploads\/2022\/06\/02-Dein-Stellplatz-Parken-Flughafen-Berlin-Ankunft-am-Parkplatz-P2-Gepaeck-ausladen-im-Checkin-Bereich-1-300x200.jpg\" alt=\"Dein Stellplatz. Parken Flughafen Berlin. Ankunft am Parkplatz P2. Gep\u00e4ck ausladen im Checkin-Bereich. Parking Berlin Airport. Arrival at Car Park P2. Unloading Luggage in the Check-in Area. Parking Berlin Airport. Przyjazd na Parking P2. Wy\u0142adunek baga\u017cu w strefie odpraw\" width=\"767\" height=\"511\" srcset=\"https:\/\/www.dein-stellplatz.de\/wp-content\/uploads\/2022\/06\/02-Dein-Stellplatz-Parken-Flughafen-Berlin-Ankunft-am-Parkplatz-P2-Gepaeck-ausladen-im-Checkin-Bereich-1-300x200.jpg 300w, https:\/\/www.dein-stellplatz.de\/wp-content\/uploads\/2022\/06\/02-Dein-Stellplatz-Parken-Flughafen-Berlin-Ankunft-am-Parkplatz-P2-Gepaeck-ausladen-im-Checkin-Bereich-1-1024x682.jpg 1024w, https:\/\/www.dein-stellplatz.de\/wp-content\/uploads\/2022\/06\/02-Dein-Stellplatz-Parken-Flughafen-Berlin-Ankunft-am-Parkplatz-P2-Gepaeck-ausladen-im-Checkin-Bereich-1-768x512.jpg 768w, https:\/\/www.dein-stellplatz.de\/wp-content\/uploads\/2022\/06\/02-Dein-Stellplatz-Parken-Flughafen-Berlin-Ankunft-am-Parkplatz-P2-Gepaeck-ausladen-im-Checkin-Bereich-1.jpg 1280w\" sizes=\"(max-width: 767px) 100vw, 767px\" \/><\/p>\r\n<p>Arrival at Car Park Dein Stellplatz P2 &#8211; Unloading luggage in the Check-In Area<\/p>\r\n<p><img decoding=\"async\" class=\"wp-image-9007\" src=\"https:\/\/www.dein-stellplatz.de\/wp-content\/uploads\/2022\/01\/Dein-Stellplatz-Parken-am-Flughafen-BER-Berlin-300x200.jpg\" alt=\"Dein Stellplatz \u2013 Parken am Flughafen BER Berlin\" width=\"767\" height=\"511\" srcset=\"https:\/\/www.dein-stellplatz.de\/wp-content\/uploads\/2022\/01\/Dein-Stellplatz-Parken-am-Flughafen-BER-Berlin-300x200.jpg 300w, https:\/\/www.dein-stellplatz.de\/wp-content\/uploads\/2022\/01\/Dein-Stellplatz-Parken-am-Flughafen-BER-Berlin-1024x683.jpg 1024w, https:\/\/www.dein-stellplatz.de\/wp-content\/uploads\/2022\/01\/Dein-Stellplatz-Parken-am-Flughafen-BER-Berlin-768x512.jpg 768w, https:\/\/www.dein-stellplatz.de\/wp-content\/uploads\/2022\/01\/Dein-Stellplatz-Parken-am-Flughafen-BER-Berlin-1536x1024.jpg 1536w, https:\/\/www.dein-stellplatz.de\/wp-content\/uploads\/2022\/01\/Dein-Stellplatz-Parken-am-Flughafen-BER-Berlin-2048x1365.jpg 2048w, https:\/\/www.dein-stellplatz.de\/wp-content\/uploads\/2022\/01\/Dein-Stellplatz-Parken-am-Flughafen-BER-Berlin-scaled.jpg 1920w\" sizes=\"(max-width: 767px) 100vw, 767px\" \/><\/p>\r\n<div>\r\n<p>Dein Stellplatz \u2013 Parking at BER Airport\u00a0<\/p>\r\n<p>&nbsp;<\/p>\r\n<\/div>\r\n<h3>Your shuttle bus goes at the following times:<\/h3>\r\n<!-- wp:heading {\"level\":3} -->\r\n<h3>\u00a0<\/h3>\r\n<h3><a href=\"https:\/\/www.dein-stellplatz.de\/wp-content\/uploads\/2022\/05\/Shuttlezeiten-P2.jpg\"><img decoding=\"async\" class=\"alignnone size-full wp-image-10066\" src=\"https:\/\/www.dein-stellplatz.de\/wp-content\/uploads\/2022\/05\/Shuttlezeiten-P2.jpg\" alt=\"\" width=\"1084\" height=\"382\" srcset=\"https:\/\/www.dein-stellplatz.de\/wp-content\/uploads\/2022\/05\/Shuttlezeiten-P2.jpg 1084w, https:\/\/www.dein-stellplatz.de\/wp-content\/uploads\/2022\/05\/Shuttlezeiten-P2-300x106.jpg 300w, https:\/\/www.dein-stellplatz.de\/wp-content\/uploads\/2022\/05\/Shuttlezeiten-P2-1024x361.jpg 1024w, https:\/\/www.dein-stellplatz.de\/wp-content\/uploads\/2022\/05\/Shuttlezeiten-P2-768x271.jpg 768w\" sizes=\"(max-width: 1084px) 100vw, 1084px\" \/><\/a><\/h3>\r\n<h3><strong>More information<\/strong><\/h3>\r\n<!-- \/wp:heading -->\r\n\r\n<!-- wp:paragraph -->\r\n<p><strong>Punctual arrival:<\/strong><br \/>The arrival time at the car park you have given is binding! We kindly ask you to inform us of any delays in good time, otherwise we cannot guarantee a smooth transfer. For the case of delay we refer to our <a href=\"http:\/\/www.dein-stellplatz.de\/en\/agb\/\" target=\"_blank\" rel=\"noreferrer noopener\">general terms and conditions<\/a>.<\/p>\r\n<p><b>Parking Regulations:<br \/><\/b>Note our parking regulations. Please park straight &#8211; in the middle &#8211; backwards. If you park wrong, you will be charged for second place!<\/p>\r\n<p><a href=\"https:\/\/www.dein-stellplatz.de\/wp-content\/uploads\/2023\/03\/Download-1.jpg\"><img decoding=\"async\" class=\" wp-image-12979\" src=\"https:\/\/www.dein-stellplatz.de\/wp-content\/uploads\/2023\/03\/Download-1.jpg\" alt=\"Parkplatzordnung\" width=\"594\" height=\"329\" srcset=\"https:\/\/www.dein-stellplatz.de\/wp-content\/uploads\/2023\/03\/Download-1.jpg 482w, https:\/\/www.dein-stellplatz.de\/wp-content\/uploads\/2023\/03\/Download-1-300x166.jpg 300w\" sizes=\"(max-width: 594px) 100vw, 594px\" \/><\/a><\/p>\r\n<p><strong>Parking lot plan:<\/strong><\/p>\r\n<p><a href=\"https:\/\/www.dein-stellplatz.de\/wp-content\/uploads\/2024\/05\/Parkplan-P2.png\"><img decoding=\"async\" class=\"wp-image-17637 \" src=\"https:\/\/www.dein-stellplatz.de\/wp-content\/uploads\/2024\/05\/Parkplan-P2.png\" alt=\"Parkplatzplan mit Reihennummern Parkplatz P2\" width=\"601\" height=\"420\" srcset=\"https:\/\/www.dein-stellplatz.de\/wp-content\/uploads\/2024\/05\/Parkplan-P2.png 786w, https:\/\/www.dein-stellplatz.de\/wp-content\/uploads\/2024\/05\/Parkplan-P2-300x210.png 300w, https:\/\/www.dein-stellplatz.de\/wp-content\/uploads\/2024\/05\/Parkplan-P2-768x536.png 768w\" sizes=\"(max-width: 601px) 100vw, 601px\" \/><\/a><\/p>\r\n<!-- \/wp:paragraph -->\r\n\r\n<!-- wp:paragraph --><!-- \/wp:paragraph -->\r\n\r\n<!-- wp:paragraph -->\r\n<p><strong>Congestion and traffic:<\/strong><br \/>CAUTION: Due to several construction works on the roads of Berlin, traffic disruptions are to be expected. You can find the latest traffic reports here: <a href=\"https:\/\/viz.berlin.de\/\">https:\/\/viz.berlin.de\/<\/a><\/p>\r\n<!-- \/wp:paragraph -->\r\n\r\n<!-- wp:paragraph --><!-- \/wp:paragraph -->\r\n\r\n<!-- wp:paragraph -->\r\n<p><strong>Payment at Arrival:<\/strong><br \/>If you have chosen to pay on the day of arrival, you can pay in cash or by credit\/EC card. Paying on site means more work for us, so we charge a fee of \u20ac3.50 for this payment method. It is therefore better to pay in the app via Paypal\/credit card and save at the same time.<\/p>\r\n<!-- \/wp:paragraph -->\r\n\r\n<!-- wp:paragraph -->\r\n<h3><span class=\"has-inline-color has-black-color\"><strong><br \/>INFORMATION FOR YOUR RETURN DAY AIRPORT PICK-UP FROM TERMINAL 1+2<br \/>FOR GUESTS OF OUR PARKING LOT P2 Gr\u00fcnauer Stra\u00dfe 5, 12529 Sch\u00f6nefeld<\/strong><\/span><\/h3>\r\n<p><!-- \/wp:heading -->\r\n\r\n<!-- wp:paragraph --><\/p>\r\n<p><span style=\"color: #ff0000;\"><strong>We will pick you up from the airport at the same location where you we dropp you off on arrival.<\/strong><\/span><\/p>\r\n<p><!-- \/wp:paragraph -->\r\n\r\n<!-- wp:paragraph --><\/p>\r\n<p><strong>Meeting point Terminal 1+2:<\/strong> <strong>Bus Car Park B<\/strong><\/p>\r\n<p><!-- \/wp:paragraph -->\r\n\r\n<!-- wp:list --><\/p>\r\n<ul id=\"block-efaf48bb-b436-4d8d-8661-a77f4b29b1f4\">\r\n<li>Follow the <strong>signs \u201cFernbus B<\/strong>\u201d and<strong> leave the building on level U1<\/strong>.<\/li>\r\n<li>Cross <strong>Willy-Brandt-Platz, <\/strong>cross the street<strong> Hugo-Junkers-Ring, <\/strong>between car parks P6 and P4 you will find <strong>Bus Car Park B (luggage trolleys available).<\/strong><\/li>\r\n<li><strong>Call the shuttle driver to tell him, <\/strong>that you are ready to be picked up at the meeting point<\/li>\r\n<li><strong>Contact Shuttledriver: +49 151 271 08 633<\/strong><\/li>\r\n<\/ul>\r\n<p><!-- \/wp:list -->\r\n\r\n<!-- wp:paragraph --><\/p>\r\n<p>How to find the meeting point for the airport pick-up:<\/p>\r\n<div class=\"wp-block-image\">\r\n<figure class=\"alignleft size-large\">\r\n<div id=\"attachment_11184\" class=\"wp-caption alignleft\"><a href=\"https:\/\/www.dein-stellplatz.de\/wp-content\/uploads\/2022\/08\/Plan-Abholpunkt-BER.jpg\"><img decoding=\"async\" class=\"wp-image-11184 size-full\" src=\"https:\/\/www.dein-stellplatz.de\/wp-content\/uploads\/2022\/08\/Plan-Abholpunkt-BER.jpg\" sizes=\"(max-width: 524px) 100vw, 524px\" srcset=\"https:\/\/www.dein-stellplatz.de\/wp-content\/uploads\/2022\/08\/Plan-Abholpunkt-BER.jpg 524w, https:\/\/www.dein-stellplatz.de\/wp-content\/uploads\/2022\/08\/Plan-Abholpunkt-BER-264x300.jpg 264w\" alt=\"\" width=\"524\" height=\"595\" aria-describedby=\"caption-attachment-11184\" \/><\/a>\r\n<p id=\"caption-attachment-11184\" class=\"wp-caption-text\">Dein Stellplatz \u2013 Meeting point Berlin BER Terminal 1+2<\/p>\r\n<\/div>\r\n<\/figure>\r\n<\/div>\r\n<!-- wp:paragraph --><!-- \/wp:paragraph -->\r\n<p><!-- \/wp:columns --><\/p>\r\n<p><!-- wp:paragraph --><\/p>\r\n<p><!-- \/wp:paragraph --><\/p>\r\n<p>&nbsp;<\/p>","protected":false},"excerpt":{"rendered":"<p>&nbsp; We will inform you about everything you need to know about your journey, the procedure on site and what you should look out for! Parking BER Airport Berlin Brandenburg Address: Gr\u00fcnauer Stra\u00dfe 5, 12529 Sch\u00f6nefeld (OT Waltersdorf)Contact Shuttlefahrer: +49 151 271 08 633ServiceCall: +49 30 &#8211; 66 40 40 99Contact E-Mail: info@dein-stellplatz.de Use the [&hellip;]<\/p>\n","protected":false},"author":1,"featured_media":6155,"parent":0,"menu_order":198,"comment_status":"closed","ping_status":"closed","template":"","meta":{"footnotes":""},"_links":{"self":[{"href":"https:\/\/www.dein-stellplatz.de\/en\/wp-json\/wp\/v2\/pages\/7737"}],"collection":[{"href":"https:\/\/www.dein-stellplatz.de\/en\/wp-json\/wp\/v2\/pages"}],"about":[{"href":"https:\/\/www.dein-stellplatz.de\/en\/wp-json\/wp\/v2\/types\/page"}],"author":[{"embeddable":true,"href":"https:\/\/www.dein-stellplatz.de\/en\/wp-json\/wp\/v2\/users\/1"}],"replies":[{"embeddable":true,"href":"https:\/\/www.dein-stellplatz.de\/en\/wp-json\/wp\/v2\/comments?post=7737"}],"version-history":[{"count":118,"href":"https:\/\/www.dein-stellplatz.de\/en\/wp-json\/wp\/v2\/pages\/7737\/revisions"}],"predecessor-version":[{"id":17676,"href":"https:\/\/www.dein-stellplatz.de\/en\/wp-json\/wp\/v2\/pages\/7737\/revisions\/17676"}],"wp:featuredmedia":[{"embeddable":true,"href":"https:\/\/www.dein-stellplatz.de\/en\/wp-json\/wp\/v2\/media\/6155"}],"wp:attachment":[{"href":"https:\/\/www.dein-stellplatz.de\/en\/wp-json\/wp\/v2\/media?parent=7737"}],"curies":[{"name":"wp","href":"https:\/\/api.w.org\/{rel}","templated":true}]}}