{"id":17164,"date":"2024-04-23T22:33:45","date_gmt":"2024-04-23T20:33:45","guid":{"rendered":"https:\/\/www.dein-stellplatz.de\/?page_id=17164"},"modified":"2025-03-31T22:57:15","modified_gmt":"2025-03-31T20:57:15","slug":"stellplaetze-bei-dein-stellplatz","status":"publish","type":"page","link":"https:\/\/www.dein-stellplatz.de\/en\/stellplaetze-bei-dein-stellplatz\/","title":{"rendered":"Parking spaces at Dein Stellplatz"},"content":{"rendered":"<p><\/p>\n<h2>Your secure car park at BER<\/h2>\n<p>At Dein Stellplatz, we offer you a variety of parking options to keep your vehicle safe during your journey. With a total of 2,100 parking spaces at our two locations, P1 and P2, we guarantee you a flexible and convenient parking solution near Berlin Brandenburg Airport (BER).<\/p>\n<p>&nbsp;<\/p>\n<h3>Our locations:<\/h3>\n<p><strong>Car park P1:<\/strong> With around <strong>1,600 parking spaces<\/strong>, this car park is located at Hufenweg 16, 12526 Berlin. It is ideal for travellers who value security, convenience and quick access to the airport.<\/p>\n<p><strong>Car park P2:<\/strong> This location offers around <strong>500 parking spaces<\/strong> and is located at Gr\u00fcnauer Stra\u00dfe 5, 12529 Sch\u00f6nefeld. It is an excellent choice for travellers looking for an inexpensive parking option without having to compromise on service and security.<\/p>\n<p>&nbsp;<\/p>\n<h3>Why it makes sense to book early:<\/h3>\n<p>Especially during peak holiday periods or peak times, there can be a high demand for parking spaces. Booking early not only secures your parking space, but also allows you to benefit from better prices. Planning is the key to a stress-free start to your holiday.<\/p>\n<p>&nbsp;<\/p>\n<h3>Parking space types for every need:<\/h3>\n<p>We offer different types of parking spaces to meet the different needs and preferences of our customers:<\/p>\n<p><strong>XXL parking spaces:<\/strong> For larger vehicles such as SUVs or vans, we offer extra-large parking spaces that leave enough room to get in and out.<\/p>\n<p><strong>Comfort and security area:<\/strong> Our top-selling parking spaces offer additional security and comfort, including HD video surveillance and positioning in the immediate vicinity of the shuttle bus and check-in area.<\/p>\n<p><strong>Standard area:<\/strong> These pitches offer the best value for money and guarantee you a safe and reliable parking space during your absence.<\/p>\n<p><strong>E-Car parking spaces:<\/strong> For owners of electric cars, we offer special parking spaces with a charging service so that your vehicle is fully charged when you return.<\/p>\n<p>&nbsp;<\/p>\n<p>&nbsp;<\/p>","protected":false},"excerpt":{"rendered":"<p>Your secure car park at BER At Dein Stellplatz, we offer you a variety of parking options to keep your vehicle safe during your journey. With a total of 2,100 parking spaces at our two locations, P1 and P2, we guarantee you a flexible and convenient parking solution near Berlin Brandenburg Airport (BER). &nbsp; Our [&hellip;]<\/p>\n","protected":false},"author":1,"featured_media":0,"parent":0,"menu_order":175,"comment_status":"closed","ping_status":"closed","template":"","meta":{"footnotes":""},"_links":{"self":[{"href":"https:\/\/www.dein-stellplatz.de\/en\/wp-json\/wp\/v2\/pages\/17164"}],"collection":[{"href":"https:\/\/www.dein-stellplatz.de\/en\/wp-json\/wp\/v2\/pages"}],"about":[{"href":"https:\/\/www.dein-stellplatz.de\/en\/wp-json\/wp\/v2\/types\/page"}],"author":[{"embeddable":true,"href":"https:\/\/www.dein-stellplatz.de\/en\/wp-json\/wp\/v2\/users\/1"}],"replies":[{"embeddable":true,"href":"https:\/\/www.dein-stellplatz.de\/en\/wp-json\/wp\/v2\/comments?post=17164"}],"version-history":[{"count":1,"href":"https:\/\/www.dein-stellplatz.de\/en\/wp-json\/wp\/v2\/pages\/17164\/revisions"}],"predecessor-version":[{"id":17165,"href":"https:\/\/www.dein-stellplatz.de\/en\/wp-json\/wp\/v2\/pages\/17164\/revisions\/17165"}],"wp:attachment":[{"href":"https:\/\/www.dein-stellplatz.de\/en\/wp-json\/wp\/v2\/media?parent=17164"}],"curies":[{"name":"wp","href":"https:\/\/api.w.org\/{rel}","templated":true}]}}