{"id":15941,"date":"2023-12-07T12:15:07","date_gmt":"2023-12-07T11:15:07","guid":{"rendered":"https:\/\/www.dein-stellplatz.de\/glossar\/"},"modified":"2025-03-31T22:57:15","modified_gmt":"2025-03-31T20:57:15","slug":"glossar","status":"publish","type":"page","link":"https:\/\/www.dein-stellplatz.de\/en\/glossar\/","title":{"rendered":"Glossary"},"content":{"rendered":"<p><\/p>\n<h2>Your travel glossary \u2013 the key to a worry-free holiday from Berlin<\/h2>\n<p>With our travel glossary you always have all the essential terms about traveling at hand. It serves as your personal guide in the jungle of travel terminology. This practical compendium accompanies you when planning your vacation and ensures that you are well informed and that unpleasant surprises are avoided.<\/p>\n<p>&nbsp;<\/p>\n<div class=\"outerflexcon\">\n<p><!-- Container A --><\/p>\n<div class=\"flex-container\">\n<p><strong>A<\/strong><\/p>\n<p><a href=\"https:\/\/www.dein-stellplatz.de\/en\/abflugterminal\/\" target=\"_blank\" rel=\"noopener\">Departure terminal<\/a><\/p>\n<p><a href=\"https:\/\/www.dein-stellplatz.de\/en\/adac-vorteilspartner\/\" target=\"_blank\" rel=\"noopener\">ADAC benefit partner<\/a><\/p>\n<p><a href=\"https:\/\/www.dein-stellplatz.de\/en\/ankunftszeit\/\" target=\"_blank\" rel=\"noopener\">Ankunftszeit<\/a><\/p>\n<p><a href=\"https:\/\/www.dein-stellplatz.de\/en\/anmeldung\/\" target=\"_blank\" rel=\"noopener\">Anmeldung<\/a><\/p>\n<p><a href=\"https:\/\/www.dein-stellplatz.de\/en\/anreise-anfahrt-zum-parkplatz\/\" target=\"_blank\" rel=\"noopener\">Anreise\/Anfahrt zum Parkplatz<\/a><\/p>\n<p><a href=\"https:\/\/www.dein-stellplatz.de\/en\/app-dein-stellplatz\/\" target=\"_blank\" rel=\"noopener\">App Dein Stellplatz<\/a><\/p>\n<p><a href=\"https:\/\/www.dein-stellplatz.de\/en\/auto\/\" target=\"_blank\" rel=\"noopener\">Auto<\/a><\/p>\n<p><a href=\"https:\/\/www.dein-stellplatz.de\/en\/autoschluessel\/\" target=\"_blank\" rel=\"noopener\">Autoschl\u00fcssel<\/a><\/p>\n<p><!-- Weitere Unterpunkte f\u00fcr A hier einf\u00fcgen --><\/p>\n<\/div>\n<p><!-- Container B --><\/p>\n<div class=\"flex-container\">\n<p><strong>B<\/strong><\/p>\n<p><a href=\"https:\/\/www.dein-stellplatz.de\/en\/barrierefreiheit\/\" target=\"_blank\" rel=\"noopener\">Barrierefreiheit<\/a><\/p>\n<p><a href=\"https:\/\/www.dein-stellplatz.de\/en\/ber-infos\/\" target=\"_blank\" rel=\"noopener\">BER Infos<\/a><\/p>\n<p><a href=\"https:\/\/www.dein-stellplatz.de\/en\/ber-lageplan\/\" target=\"_blank\" rel=\"noopener\">BER Lageplan<\/a><\/p>\n<p><a href=\"https:\/\/www.dein-stellplatz.de\/en\/bestpreisgarantie-3\/\" target=\"_blank\" rel=\"noopener\">Bestpreisgarantie<\/a><\/p>\n<p><a href=\"https:\/\/www.dein-stellplatz.de\/en\/buchung\/\" target=\"_blank\" rel=\"noopener\">Buchung<\/a><\/p>\n<p><a href=\"https:\/\/www.dein-stellplatz.de\/en\/bus-van\/\" target=\"_blank\" rel=\"noopener\">Bus\/Van<\/a><\/p>\n<p><a href=\"https:\/\/www.dein-stellplatz.de\/en\/businesskunden\/\" target=\"_blank\" rel=\"noopener\">Businesskunden<\/a><\/p>\n<p><!-- Weitere Unterpunkte f\u00fcr B hier einf\u00fcgen --><\/p>\n<\/div>\n<p><!-- Container C --><\/p>\n<div class=\"flex-container\">\n<p><strong>C<\/strong><\/p>\n<p><a href=\"https:\/\/www.dein-stellplatz.de\/en\/chat-support\/\" target=\"_blank\" rel=\"noopener\">Chat-Support<\/a><\/p>\n<p><a href=\"https:\/\/www.dein-stellplatz.de\/en\/check-in\/\" target=\"_blank\" rel=\"noopener\">Check-In<\/a><\/p>\n<p><a href=\"https:\/\/www.dein-stellplatz.de\/en\/check-out\/\" target=\"_blank\" rel=\"noopener\">Check-Out<\/a><\/p>\n<p><!-- Weitere Unterpunkte f\u00fcr C hier einf\u00fcgen --><\/p>\n<\/div>\n<p><!-- Container D --><\/p>\n<div class=\"flex-container\">\n<p><strong>D<\/strong><\/p>\n<p><a href=\"https:\/\/www.dein-stellplatz.de\/en\/dauerparken\/\" target=\"_blank\" rel=\"noopener\">Dauerparken<\/a><\/p>\n<p><a href=\"https:\/\/www.dein-stellplatz.de\/en\/durchfahrtshoehe\/\" target=\"_blank\" rel=\"noopener\">Durchfahrtsh\u00f6he<\/a><\/p>\n<p><a href=\"https:\/\/www.dein-stellplatz.de\/en\/app-dein-stellplatz\/\" target=\"_blank\" rel=\"noopener\">Dein Stellplatz App<\/a><\/p>\n<p><!-- Weitere Unterpunkte f\u00fcr D hier einf\u00fcgen --><\/p>\n<\/div>\n<p><!-- Container E --><\/p>\n<div class=\"flex-container\">\n<p><strong>E<\/strong><\/p>\n<p><a href=\"https:\/\/www.dein-stellplatz.de\/en\/e-autos\/\" target=\"_blank\" rel=\"noopener\">E-Autos<\/a><\/p>\n<p><a href=\"https:\/\/www.dein-stellplatz.de\/en\/e-ladestationen\/\" target=\"_blank\" rel=\"noopener\">E-Ladestationen<\/a><\/p>\n<p><a href=\"https:\/\/www.dein-stellplatz.de\/en\/exklusive-fahrzeugpflege\/\" target=\"_blank\" rel=\"noopener\">Exklusive Fahrzeugpflege<\/a><\/p>\n<p><a href=\"https:\/\/www.dein-stellplatz.de\/en\/express-parken\/\" target=\"_blank\" rel=\"noopener\">Express-Parken<\/a><\/p>\n<p><!-- Weitere Unterpunkte f\u00fcr E hier einf\u00fcgen --><\/p>\n<\/div>\n<p><!-- Container F --><\/p>\n<div class=\"flex-container\">\n<p><strong>F<\/strong><\/p>\n<p><a href=\"https:\/\/www.dein-stellplatz.de\/en\/fahrplan\/\" target=\"_blank\" rel=\"noopener\">Fahrplan<\/a><\/p>\n<p><a href=\"https:\/\/www.dein-stellplatz.de\/en\/fahrzeugpflege-fahrzeugreinigung\/\" target=\"_blank\" rel=\"noopener\">Fahrzeugpflege &#8211; Fahrzeugreinigung<\/a><\/p>\n<p><a href=\"https:\/\/www.dein-stellplatz.de\/en\/familien\/\" target=\"_blank\" rel=\"noopener\">Familien<\/a><\/p>\n<p><a href=\"https:\/\/www.dein-stellplatz.de\/en\/fluggesellschaften-am-ber\/\" target=\"_blank\" rel=\"noopener\">Fluggesellschaften am BER<\/a><\/p>\n<p><a href=\"https:\/\/www.dein-stellplatz.de\/en\/freunde-werben-bei-dein-stellplatz\/\" target=\"_blank\" rel=\"noopener\">Freunde werben<\/a><\/p>\n<p><a href=\"https:\/\/www.dein-stellplatz.de\/en\/fruehbucherrabatt\/\" target=\"_blank\" rel=\"noopener\">Fr\u00fchbucherrabatt<\/a><\/p>\n<p><!-- Weitere Unterpunkte f\u00fcr F hier einf\u00fcgen --><\/p>\n<\/div>\n<p><!-- Container G --><\/p>\n<div class=\"flex-container\">\n<p><strong>G<\/strong><\/p>\n<p><a href=\"https:\/\/www.dein-stellplatz.de\/en\/gepaeck\/\" target=\"_blank\" rel=\"noopener\">Gep\u00e4ck<\/a><\/p>\n<p><a href=\"https:\/\/www.dein-stellplatz.de\/en\/geschaeftsreisende\/\" target=\"_blank\" rel=\"noopener\">Gesch\u00e4ftsreisende<\/a><\/p>\n<p><a href=\"https:\/\/www.dein-stellplatz.de\/en\/groesse-der-parkplaetze\/\" target=\"_blank\" rel=\"noopener\">Gr\u00f6\u00dfe der Parkpl\u00e4tze<\/a><\/p>\n<p><a href=\"https:\/\/www.dein-stellplatz.de\/en\/gutscheine-und-aktionen\/\" target=\"_blank\" rel=\"noopener\">Gutscheine und Aktionen<\/a><\/p>\n<p><!-- Weitere Unterpunkte f\u00fcr G hier einf\u00fcgen --><\/p>\n<\/div>\n<p><!-- Container H --><\/p>\n<div class=\"flex-container\">\n<p><strong>H<\/strong><\/p>\n<p><a href=\"https:\/\/www.dein-stellplatz.de\/en\/haftung-bei-dein-stellplatz\/\" target=\"_blank\" rel=\"noopener\">Haftung bei Dein Stellplatz<\/a><\/p>\n<p><a href=\"https:\/\/www.dein-stellplatz.de\/en\/handy-app\/\" target=\"_blank\" rel=\"noopener\">Handy-App<\/a><\/p>\n<p><a href=\"https:\/\/www.dein-stellplatz.de\/en\/handwaesche-fuer-dein-fahrzeug\/\" target=\"_blank\" rel=\"noopener\">Handw\u00e4sche f\u00fcr dein Fahrzeug<\/a><\/p>\n<p><a href=\"https:\/\/www.dein-stellplatz.de\/en\/hoechstparkdauer\/\" target=\"_blank\" rel=\"noopener\">H\u00f6chstparkdauer<\/a><\/p>\n<p><!-- Weitere Unterpunkte f\u00fcr H hier einf\u00fcgen --><\/p>\n<\/div>\n<p><!-- Container I --><\/p>\n<div class=\"flex-container\">\n<p><strong>I<\/strong><\/p>\n<p><a href=\"https:\/\/www.dein-stellplatz.de\/en\/identifikation\/\" target=\"_blank\" rel=\"noopener\">Identifikation<\/a><\/p>\n<p><a href=\"https:\/\/www.dein-stellplatz.de\/en\/impressum-bei-dein-stellplatz-wichtigkeit-und-informationen\/\" target=\"_blank\" rel=\"noopener\">Impressum<\/a><\/p>\n<p><a href=\"https:\/\/www.dein-stellplatz.de\/en\/informationen-wichtiges-auf-einen-blick\/\" target=\"_blank\" rel=\"noopener\">Informationen &#8211; Wichtiges auf einen Blick<\/a><\/p>\n<p><!-- Weitere Unterpunkte f\u00fcr I hier einf\u00fcgen --><\/p>\n<\/div>\n<p><!-- Container J --><\/p>\n<div class=\"flex-container\">\n<p><strong>J<\/strong><\/p>\n<p><a href=\"https:\/\/www.dein-stellplatz.de\/en\/jahreskarte\/\" target=\"_blank\" rel=\"noopener\">Jahreskarte<\/a><\/p>\n<p><a href=\"https:\/\/www.dein-stellplatz.de\/en\/jetzt-buchen\/\" target=\"_blank\" rel=\"noopener\">Jetzt buchen<\/a><\/p>\n<p><!-- Weitere Unterpunkte f\u00fcr J hier einf\u00fcgen --><\/p>\n<\/div>\n<p><!-- Container K --><\/p>\n<div class=\"flex-container\">\n<p><strong>K<\/strong><\/p>\n<p><a href=\"https:\/\/www.dein-stellplatz.de\/en\/kameraueberwachung\/\" target=\"_blank\" rel=\"noopener\">Kamera\u00fcberwachung<\/a><\/p>\n<p><a href=\"https:\/\/www.dein-stellplatz.de\/en\/kennzeichenerkennung\/\" target=\"_blank\" rel=\"noopener\">Kennzeichenerkennung<\/a><\/p>\n<p><a href=\"https:\/\/www.dein-stellplatz.de\/en\/kinderfreundlichkeit\/\" target=\"_blank\" rel=\"noopener\">Kinderfreundlichkeit<\/a><\/p>\n<p><a href=\"https:\/\/www.dein-stellplatz.de\/en\/komfort-parkplatz\/\" target=\"_blank\" rel=\"noopener\">Komfort-Parkplatz<\/a><\/p>\n<p><a href=\"https:\/\/www.dein-stellplatz.de\/en\/kontaktmoeglichkeiten-bei-dein-stellplatz\/\" target=\"_blank\" rel=\"noopener\">Kontakt<\/a><\/p>\n<p><a href=\"https:\/\/www.dein-stellplatz.de\/en\/kosten-fuer-das-parken\/\" target=\"_blank\" rel=\"noopener\">Kosten f\u00fcr das Parken<\/a><\/p>\n<p><a href=\"https:\/\/www.dein-stellplatz.de\/en\/kundenbewertungen-bei-dein-stellplatz\/\" target=\"_blank\" rel=\"noopener\">Kundenbewertungen<\/a><\/p>\n<p><a href=\"https:\/\/www.dein-stellplatz.de\/en\/kundenlogin-2\/\" target=\"_blank\" rel=\"noopener\">Kundenlogin<\/a><\/p>\n<p><a href=\"https:\/\/www.dein-stellplatz.de\/en\/kurzzeitparken-bei-dein-stellplatz\/\" target=\"_blank\" rel=\"noopener\">Kurzzeitparken bei Dein Stellplatz<\/a><\/p>\n<p><!-- Weitere Unterpunkte f\u00fcr K hier einf\u00fcgen --><\/p>\n<\/div>\n<p><!-- Container L --><\/p>\n<div class=\"flex-container\">\n<p><strong>L<\/strong><\/p>\n<p><a href=\"https:\/\/www.dein-stellplatz.de\/en\/ladesaeule-ladeservice\/\" target=\"_blank\" rel=\"noopener\">Lades\u00e4ule \/ Ladeservice<\/a><\/p>\n<p><a href=\"https:\/\/www.dein-stellplatz.de\/en\/lage-der-parkplaetze\/\" target=\"_blank\" rel=\"noopener\">Lage der Parkpl\u00e4tze<\/a><\/p>\n<p><a href=\"https:\/\/www.dein-stellplatz.de\/en\/langzeitparken\/\" target=\"_blank\" rel=\"noopener\">Langzeitparken<\/a><\/p>\n<p><a href=\"https:\/\/www.dein-stellplatz.de\/en\/live-chat\/\" target=\"_blank\" rel=\"noopener\">Live-Chat<\/a><\/p>\n<p><a href=\"https:\/\/www.dein-stellplatz.de\/en\/lohnt-sich-das-parken-bei-dein-stellplatz\/\" target=\"_blank\" rel=\"noopener\">Lohnt sich das Parken bei Dein Stellplatz?<\/a><\/p>\n<p><a href=\"https:\/\/www.dein-stellplatz.de\/en\/loyalty-programme\/\" target=\"_blank\" rel=\"noopener\">Loyalty-Programme<\/a><\/p>\n<p><!-- Weitere Unterpunkte f\u00fcr L hier einf\u00fcgen --><\/p>\n<\/div>\n<p><!-- Container M --><\/p>\n<div class=\"flex-container\">\n<p><strong>M<\/strong><\/p>\n<p><a href=\"https:\/\/www.dein-stellplatz.de\/en\/maximum-parkdauer\/\" target=\"_blank\" rel=\"noopener\">Maximum Parkdauer<\/a><\/p>\n<p><a href=\"https:\/\/www.dein-stellplatz.de\/en\/metro-kundenrabatt-bei-dein-stellplatz\/\" target=\"_blank\" rel=\"noopener\">METRO Kundenrabatt<\/a><\/p>\n<p><a href=\"https:\/\/www.dein-stellplatz.de\/en\/minimum-parkdauer\/\" target=\"_blank\" rel=\"noopener\">Minimum Parkdauer<\/a><\/p>\n<p><a href=\"https:\/\/www.dein-stellplatz.de\/en\/mitarbeiter-bei-dein-stellplatz\/\" target=\"_blank\" rel=\"noopener\">Mitarbeiter<\/a><\/p>\n<p><a href=\"https:\/\/www.dein-stellplatz.de\/en\/motorradparkplaetze\/\" target=\"_blank\" rel=\"noopener\">Motorradparkpl\u00e4tze<\/a><\/p>\n<p><!-- Weitere Unterpunkte f\u00fcr M hier einf\u00fcgen --><\/p>\n<\/div>\n<p><!-- Container N --><\/p>\n<div class=\"flex-container\">\n<p><strong>N<\/strong><\/p>\n<p><a href=\"https:\/\/www.dein-stellplatz.de\/en\/nachtparken-bei-dein-stellplatz\/\" target=\"_blank\" rel=\"noopener\">Nachtparken<\/a><\/p>\n<p><a href=\"https:\/\/www.dein-stellplatz.de\/en\/navigation-zu-den-parkplaetzen-p1-und-p2-von-dein-stellplatz\/\" target=\"_blank\" rel=\"noopener\">Navigation<\/a><\/p>\n<p><a href=\"https:\/\/www.dein-stellplatz.de\/en\/nothilfe-bei-dein-stellplatz\/\" target=\"_blank\" rel=\"noopener\">Nothilfe<\/a><\/p>\n<p><!-- Weitere Unterpunkte f\u00fcr N hier einf\u00fcgen --><\/p>\n<\/div>\n<p><!-- Container O --><\/p>\n<div class=\"flex-container\">\n<p><strong>O<\/strong><\/p>\n<p><a href=\"https:\/\/www.dein-stellplatz.de\/en\/oeffnungszeiten-bei-dein-stellplatz\/\" target=\"_blank\" rel=\"noopener\">\u00d6ffnungszeiten<\/a><\/p>\n<p><a href=\"https:\/\/www.dein-stellplatz.de\/en\/online-buchung-bei-dein-stellplatz\/\" target=\"_blank\" rel=\"noopener\">Online-Buchung<\/a><\/p>\n<p><a href=\"https:\/\/www.dein-stellplatz.de\/en\/ordnung-bei-dein-stellplatz\/\" target=\"_blank\" rel=\"noopener\">Ordnung<\/a><\/p>\n<p><!-- Weitere Unterpunkte f\u00fcr O hier einf\u00fcgen --><\/p>\n<\/div>\n<p><!-- Container P --><\/p>\n<div class=\"flex-container\">\n<p><strong>P<\/strong><\/p>\n<p><a href=\"https:\/\/www.dein-stellplatz.de\/en\/parkgebuehren\/\" target=\"_blank\" rel=\"noopener\">Parkgeb\u00fchren<\/a><\/p>\n<p><a href=\"https:\/\/www.dein-stellplatz.de\/en\/parkhaeuser-am-flughafen-vs-aussenstellplaetze-bei-dein-stellplatz\/\" target=\"_blank\" rel=\"noopener\">Parkh\u00e4user am Flughafen vs. Stellpl\u00e4tze bei Dein Stellplatz<\/a><\/p>\n<p><a href=\"https:\/\/www.dein-stellplatz.de\/en\/parkoptionen-bei-dein-stellplatz-waehle-den-perfekten-parkbereich\/\" target=\"_blank\" rel=\"noopener\">Parkoptionen<\/a><\/p>\n<p><a href=\"https:\/\/www.dein-stellplatz.de\/en\/parkplatz-app\/\" target=\"_blank\" rel=\"noopener\">Parkplatz App<\/a><\/p>\n<p><a href=\"https:\/\/www.dein-stellplatz.de\/en\/parkticket\/\" target=\"_blank\" rel=\"noopener\">Parkticket<\/a><\/p>\n<p><a href=\"https:\/\/www.dein-stellplatz.de\/en\/partner-von-dein-stellplatz\/\" target=\"_blank\" rel=\"noopener\">Partner<\/a><\/p>\n<p><!-- Weitere Unterpunkte f\u00fcr P hier einf\u00fcgen --><\/p>\n<\/div>\n<p><!-- Container Q --><\/p>\n<div class=\"flex-container\">\n<p><strong>Q<\/strong><\/p>\n<p><a href=\"https:\/\/www.dein-stellplatz.de\/en\/qualitaet-bei-dein-stellplatz\/\" target=\"_blank\" rel=\"noopener\">Qualit\u00e4t<\/a><\/p>\n<p><a href=\"https:\/\/www.dein-stellplatz.de\/en\/quick-check-in\/\" target=\"_blank\" rel=\"noopener\">Quick-Check-In<\/a><\/p>\n<p><a href=\"https:\/\/www.dein-stellplatz.de\/en\/quittung\/\" target=\"_blank\" rel=\"noopener\">Quittung<\/a><\/p>\n<p><!-- Weitere Unterpunkte f\u00fcr Q hier einf\u00fcgen --><\/p>\n<\/div>\n<p><!-- Container R --><\/p>\n<div class=\"flex-container\">\n<p><strong>R<\/strong><\/p>\n<p><a href=\"https:\/\/www.dein-stellplatz.de\/en\/rabatte\/\" target=\"_blank\" rel=\"noopener\">Rabatte<\/a><\/p>\n<p><a href=\"https:\/\/www.dein-stellplatz.de\/en\/reservierung\/\" target=\"_blank\" rel=\"noopener\">Reservierung<\/a><\/p>\n<p><a href=\"https:\/\/www.dein-stellplatz.de\/en\/rueckfahrt\/\" target=\"_blank\" rel=\"noopener\">R\u00fcckfahrt<\/a><\/p>\n<p><a href=\"https:\/\/www.dein-stellplatz.de\/en\/rundum-schutz-paket-2\/\" target=\"_blank\" rel=\"noopener\">Rundum-Schutz-Paket<\/a><\/p>\n<p><a href=\"https:\/\/www.dein-stellplatz.de\/en\/rechnung\/\" target=\"_blank\" rel=\"noopener\">Rechnung<\/a><\/p>\n<p><!-- Weitere Unterpunkte f\u00fcr R hier einf\u00fcgen --><\/p>\n<\/div>\n<p><!-- Container S --><\/p>\n<div class=\"flex-container\">\n<p><strong>S<\/strong><\/p>\n<p><a href=\"https:\/\/www.dein-stellplatz.de\/en\/schaeden\/\" target=\"_blank\" rel=\"noopener\">Sch\u00e4den<\/a><\/p>\n<p><a href=\"https:\/\/www.dein-stellplatz.de\/en\/scheibentoenung\/\" target=\"_blank\" rel=\"noopener\">Scheibent\u00f6nung<\/a><\/p>\n<p><a href=\"https:\/\/www.dein-stellplatz.de\/en\/schluesselhinterlegung\/\" target=\"_blank\" rel=\"noopener\">Schl\u00fcsselhinterlegung<\/a><\/p>\n<p><a href=\"https:\/\/www.dein-stellplatz.de\/en\/shuttlebus\/\" target=\"_blank\" rel=\"noopener\">Shuttlebus<\/a><\/p>\n<p><a href=\"https:\/\/www.dein-stellplatz.de\/en\/sicherheit-bei-dein-stellplatz\/\" target=\"_blank\" rel=\"noopener\">Sicherheit bei Dein Stellplatz<\/a><\/p>\n<p><a href=\"https:\/\/www.dein-stellplatz.de\/en\/standorte-unserer-parkplaetze-am-ber\/\" target=\"_blank\" rel=\"noopener\">Standorte unserer Parkpl\u00e4tze am BER<\/a><\/p>\n<p><a href=\"https:\/\/www.dein-stellplatz.de\/en\/starthilfe\/\" target=\"_blank\" rel=\"noopener\">Starthilfe<\/a><\/p>\n<p><a href=\"https:\/\/www.dein-stellplatz.de\/en\/stellplaetze-bei-dein-stellplatz\/\" target=\"_blank\" rel=\"noopener\">Stellpl\u00e4tze<\/a><\/p>\n<p><a href=\"https:\/\/www.dein-stellplatz.de\/en\/stornierung\/\" target=\"_blank\" rel=\"noopener\">Stornierung<\/a><\/p>\n<p><a href=\"https:\/\/www.dein-stellplatz.de\/en\/support\/\" target=\"_blank\" rel=\"noopener\">Support<\/a><\/p>\n<p><a href=\"https:\/\/www.dein-stellplatz.de\/en\/suv-parken\/\" target=\"_blank\" rel=\"noopener\">SUV-Parken<\/a><\/p>\n<p><!-- Weitere Unterpunkte f\u00fcr S hier einf\u00fcgen --><\/p>\n<\/div>\n<p><!-- Container T --><\/p>\n<div class=\"flex-container\">\n<p><strong>T<\/strong><\/p>\n<p><a href=\"https:\/\/www.dein-stellplatz.de\/en\/tagesparken\/\" target=\"_blank\" rel=\"noopener\">Tagesparken<\/a><\/p>\n<p><a href=\"https:\/\/www.dein-stellplatz.de\/en\/tarife\/\" target=\"_blank\" rel=\"noopener\">Tarife<\/a><\/p>\n<p><a href=\"https:\/\/www.dein-stellplatz.de\/en\/terminals-am-flughafen-berlin-brandenburg-ber\/\" target=\"_blank\" rel=\"noopener\">Terminals am BER<\/a><\/p>\n<p><a href=\"https:\/\/www.dein-stellplatz.de\/en\/tipps-fuer-das-parken-bei-dein-stellplatz\/\" target=\"_blank\" rel=\"noopener\">Tipps<\/a><\/p>\n<p><a href=\"https:\/\/www.dein-stellplatz.de\/en\/transferzeit\/\" target=\"_blank\" rel=\"noopener\">Transferzeit<\/a><\/p>\n<p><!-- Weitere Unterpunkte f\u00fcr T hier einf\u00fcgen --><\/p>\n<\/div>\n<p><!-- Container U --><\/p>\n<div class=\"flex-container\">\n<p><strong>U<\/strong><\/p>\n<p><a href=\"https:\/\/www.dein-stellplatz.de\/en\/umbuchung\/\" target=\"_blank\" rel=\"noopener\">Umbuchung<\/a><\/p>\n<p><a href=\"https:\/\/www.dein-stellplatz.de\/en\/upgrades\/\" target=\"_blank\" rel=\"noopener\">Upgrades<\/a><\/p>\n<p><!-- Weitere Unterpunkte f\u00fcr U hier einf\u00fcgen --><\/p>\n<\/div>\n<p><!-- Container V --><\/p>\n<div class=\"flex-container\">\n<p><strong>V<\/strong><\/p>\n<p><a href=\"https:\/\/www.dein-stellplatz.de\/en\/valet-parking\/\" target=\"_blank\" rel=\"noopener\">Valet Parking<\/a><\/p>\n<p><a href=\"https:\/\/www.dein-stellplatz.de\/en\/verfuegbarkeit-der-parkplaetze\/\" target=\"_blank\" rel=\"noopener\">Verf\u00fcgbarkeit der Parkpl\u00e4tze<\/a><\/p>\n<p><a href=\"https:\/\/www.dein-stellplatz.de\/en\/vergessenes-im-auto-was-nun\/\" target=\"_blank\" rel=\"noopener\">Vergessenes im Auto<\/a><\/p>\n<p><a href=\"https:\/\/www.dein-stellplatz.de\/en\/verloren-gefunden\/\" target=\"_blank\" rel=\"noopener\">Verlorenes &amp; Gefundenes<\/a><\/p>\n<p><a href=\"https:\/\/www.dein-stellplatz.de\/en\/versicherungsschutz-bei-dein-stellplatz\/\" target=\"_blank\" rel=\"noopener\">Versicherungsschutz bei Dein Stellplatz<\/a><\/p>\n<p><a href=\"https:\/\/www.dein-stellplatz.de\/en\/verzoegerungen-und-flugausfaelle-was-tun\/\" target=\"_blank\" rel=\"noopener\">Verz\u00f6gerungen und Flugausf\u00e4lle: Was tun?<\/a><\/p>\n<p><a href=\"https:\/\/www.dein-stellplatz.de\/en\/vorauszahlung-und-zahlungsoptionen\/\" target=\"_blank\" rel=\"noopener\">Vorauszahlung und Zahlungsoptionen<\/a><\/p>\n<p><a href=\"https:\/\/www.dein-stellplatz.de\/en\/vorteile-bei-dein-stellplatz\/\" target=\"_blank\" rel=\"noopener\">Vorteile bei Dein Stellplatz<\/a><\/p>\n<p><a href=\"https:\/\/www.dein-stellplatz.de\/en\/vielflieger\/\" target=\"_blank\" rel=\"noopener\">Vielflieger<\/a><\/p>\n<p><a href=\"https:\/\/www.dein-stellplatz.de\/en\/videoueberwachung\/\" target=\"_blank\" rel=\"noopener\">Video\u00fcberwachung<\/a><\/p>\n<p><!-- Weitere Unterpunkte f\u00fcr V hier einf\u00fcgen --><\/p>\n<\/div>\n<p><!-- Container W --><\/p>\n<div class=\"flex-container\">\n<p><strong>W<\/strong><\/p>\n<p><a href=\"https:\/\/www.dein-stellplatz.de\/en\/webseite-von-dein-stellplatz\/\" target=\"_blank\" rel=\"noopener\">Webseite von Dein Stellplatz<\/a><\/p>\n<p><a href=\"https:\/\/www.dein-stellplatz.de\/en\/werkstattservice\/\" target=\"_blank\" rel=\"noopener\">Werkstattservice<\/a><\/p>\n<p><a href=\"https:\/\/www.dein-stellplatz.de\/en\/wochenendtarife\/\" target=\"_blank\" rel=\"noopener\">Wochenendtarife<\/a><\/p>\n<p><a href=\"https:\/\/www.dein-stellplatz.de\/en\/wohnmobil-parken\/\" target=\"_blank\" rel=\"noopener\">Wohnmobil<\/a><\/p>\n<p><!-- Weitere Unterpunkte f\u00fcr W hier einf\u00fcgen --><\/p>\n<\/div>\n<p><!-- Container X --><\/p>\n<div class=\"flex-container\">\n<p><strong>X<\/strong><\/p>\n<p><a href=\"https:\/\/www.dein-stellplatz.de\/en\/xxl-parkplaetze\/\" target=\"_blank\" rel=\"noopener\">XXL-Parkpl\u00e4tze<\/a><\/p>\n<p><!-- Weitere Unterpunkte f\u00fcr X hier einf\u00fcgen --><\/p>\n<\/div>\n<p><!-- Container Z --><\/p>\n<div class=\"flex-container\">\n<p><strong>Z<\/strong><\/p>\n<p><a href=\"https:\/\/www.dein-stellplatz.de\/en\/zahlungsarten\/\" target=\"_blank\" rel=\"noopener\">Zahlungsarten<\/a><\/p>\n<p><a href=\"https:\/\/www.dein-stellplatz.de\/en\/zugangskontrolle\/\" target=\"_blank\" rel=\"noopener\">Zugangskontrolle<\/a><\/p>\n<p><!-- Weitere Unterpunkte f\u00fcr Z hier einf\u00fcgen --><\/p>\n<\/div>\n<\/div>\n<p>&nbsp;<\/p>\n<h3>YOUR PARKING GLOSSARY AT BER AIRPORT<\/h3>\n<p>What exactly is a glossary? Generally, it is a collection of terms that require explanation, supplemented with definitions for better understanding. In our case it&#8217;s a list of parking and airport terms, which we explain in detail for you. Although we strive to keep the booking process and the designation of our parking spaces as clear as possible, technical terms can sometimes raise questions. Not everyone is an expert in parking terminology and is familiar with terms like \u201cvalet parking\u201d or \u201cshuttle service\u201d. Our parking glossary will help you quickly and define the most important terms that may occur during your booking. This is part of our customer service, in addition to our ServiceCall.<\/p>\n<p>Dein Stellplatz ensures that you are well informed and your vacation begins as soon as you book a parking space. We&#8217;ll explain the differences between long-term parking and short-term parking or what a parking garage is compared to a parking lot. So you don&#8217;t have to look it up in the dictionary, you can find out about important parking terms directly from us. The definitions in our glossary were created by experienced parking experts and are therefore completely reliable. Find out from us before you go to the airport to avoid misunderstandings and avoid unpleasant surprises. With the knowledge from our parking glossary, you will become an expert for your parking space booking and can start your vacation relaxed.<\/p>\n<p>Dein Stellplatz looks forward to providing you with a pleasant trip!<\/p>\n<p>&nbsp;<\/p>","protected":false},"excerpt":{"rendered":"<p>Your travel glossary \u2013 the key to a worry-free holiday from Berlin With our travel glossary you always have all the essential terms about traveling at hand. It serves as your personal guide in the jungle of travel terminology. This practical compendium accompanies you when planning your vacation and ensures that you are well informed [&hellip;]<\/p>\n","protected":false},"author":1,"featured_media":0,"parent":0,"menu_order":201,"comment_status":"closed","ping_status":"closed","template":"","meta":{"footnotes":""},"_links":{"self":[{"href":"https:\/\/www.dein-stellplatz.de\/en\/wp-json\/wp\/v2\/pages\/15941"}],"collection":[{"href":"https:\/\/www.dein-stellplatz.de\/en\/wp-json\/wp\/v2\/pages"}],"about":[{"href":"https:\/\/www.dein-stellplatz.de\/en\/wp-json\/wp\/v2\/types\/page"}],"author":[{"embeddable":true,"href":"https:\/\/www.dein-stellplatz.de\/en\/wp-json\/wp\/v2\/users\/1"}],"replies":[{"embeddable":true,"href":"https:\/\/www.dein-stellplatz.de\/en\/wp-json\/wp\/v2\/comments?post=15941"}],"version-history":[{"count":40,"href":"https:\/\/www.dein-stellplatz.de\/en\/wp-json\/wp\/v2\/pages\/15941\/revisions"}],"predecessor-version":[{"id":18963,"href":"https:\/\/www.dein-stellplatz.de\/en\/wp-json\/wp\/v2\/pages\/15941\/revisions\/18963"}],"wp:attachment":[{"href":"https:\/\/www.dein-stellplatz.de\/en\/wp-json\/wp\/v2\/media?parent=15941"}],"curies":[{"name":"wp","href":"https:\/\/api.w.org\/{rel}","templated":true}]}}